{"id":8863,"date":"2025-08-20T12:29:35","date_gmt":"2025-08-20T04:29:35","guid":{"rendered":"https:\/\/www.sikortex.com\/?post_type=product&#038;p=8863"},"modified":"2025-08-21T13:57:14","modified_gmt":"2025-08-21T05:57:14","slug":"vai-polyester-oxford-nhuom-soi-400d-phu-pvc","status":"publish","type":"product","link":"https:\/\/www.sikortex.com\/vi\/san-pham\/vai-polyester-oxford-nhuom-soi-400d-phu-pvc\/","title":{"rendered":"V\u1ea3i Oxford Polyester ph\u1ee7 PVC nhu\u1ed9m s\u1ee3i 400D d\u00f9ng cho l\u1ec1u"},"content":{"rendered":"<p class=\"ds-markdown-paragraph\">V\u1ea3i Oxford nhu\u1ed9m s\u1ee3i 400D v\u1edbi l\u1edbp ph\u1ee7 PVC c\u1ee7a ch\u00fang t\u00f4i mang l\u1ea1i hi\u1ec7u su\u1ea5t v\u01b0\u1ee3t tr\u1ed9i cho c\u00e1c \u1ee9ng d\u1ee5ng l\u1ec1u, v\u1edbi \u0111\u1ed9 b\u1ec1n x\u00e9 tuy\u1ec7t v\u1eddi, kh\u1ea3 n\u0103ng ch\u1ed1ng ch\u1ecbu th\u1eddi ti\u1ebft v\u00e0 m\u00e0u s\u1eafc r\u1ef1c r\u1ee1, kh\u00f4ng phai m\u00e0u. K\u1ebft c\u1ea5u 400 denier ch\u1eafc ch\u1eafn v\u00e0 l\u1edbp n\u1ec1n PVC gia c\u1ed1 \u0111\u1ea3m b\u1ea3o kh\u1ea3 n\u0103ng ch\u1ed1ng th\u1ea5m n\u01b0\u1edbc ho\u00e0n to\u00e0n v\u00e0 kh\u1ea3 n\u0103ng ch\u1ed1ng tia UV \u0111\u00e1ng tin c\u1eady, khi\u1ebfn \u0111\u00e2y tr\u1edf th\u00e0nh l\u1ef1a ch\u1ecdn l\u00fd t\u01b0\u1edfng cho l\u1ec1u b\u1ea1t ngo\u00e0i tr\u1eddi v\u00e0 l\u1ec1u ch\u1ecbu l\u1ef1c n\u1eb7ng.<\/p>\n<p class=\"ds-markdown-paragraph\">Ch\u00fang t\u00f4i h\u1ed7 tr\u1ee3 c\u00e1c \u0111\u01a1n h\u00e0ng kh\u1ed1i l\u01b0\u1ee3ng l\u1edbn v\u1edbi d\u00e2y chuy\u1ec1n s\u1ea3n xu\u1ea5t t\u1ed1c \u0111\u1ed9 cao ti\u00ean ti\u1ebfn v\u00e0 duy tr\u00ec kho h\u00e0ng b\u00e1n th\u00e0nh ph\u1ea9m \u0111\u1ec3 \u0111\u00e1p \u1ee9ng nhanh ch\u00f3ng c\u00e1c nhu c\u1ea7u kh\u1ea9n c\u1ea5p. L\u1edbp ph\u1ee7 PVC c\u1ee7a ch\u00fang t\u00f4i \u0111\u00e1p \u1ee9ng c\u00e1c ti\u00eau chu\u1ea9n m\u00f4i tr\u01b0\u1eddng nghi\u00eam ng\u1eb7t, bao g\u1ed3m c\u1ea3 EU REACH, v\u00e0 tu\u00e2n th\u1ee7 c\u00e1c quy \u0111\u1ecbnh c\u1ee7a Hoa K\u1ef3 v\u00e0 Nh\u1eadt B\u1ea3n. Ki\u1ec3m tra ch\u1ea5t l\u01b0\u1ee3ng \u0111\u01b0\u1ee3c m\u1eb7c \u0111\u1ecbnh theo ti\u00eau chu\u1ea9n ASTM, v\u1edbi ph\u00e2n lo\u1ea1i t\u00f9y ch\u1ec9nh theo y\u00eau c\u1ea7u. Ch\u00fang t\u00f4i c\u0169ng cung c\u1ea5p d\u1ecbch v\u1ee5 v\u1eadn chuy\u1ec3n to\u00e0n c\u1ea7u cho c\u1ea3 \u0111\u01a1n h\u00e0ng s\u1ed1 l\u01b0\u1ee3ng l\u1edbn v\u00e0 nh\u1ecf.<\/p>\n<p><a href=\"https:\/\/www.sikortex.com\/vi\/lien-he-chung-toi-2\/\"><span style=\"color: #0000ff;\">H\u00e3y li\u00ean h\u1ec7 v\u1edbi ch\u00fang t\u00f4i ngay h\u00f4m nay \u0111\u1ec3 y\u00eau c\u1ea7u m\u1eabu.<\/span><\/a><\/p>","protected":false},"excerpt":{"rendered":"<p>3000 m\u00e9t (\u0110\u01a1n h\u00e0ng t\u1ed1i thi\u1ec3u)<\/p>","protected":false},"featured_media":8904,"comment_status":"closed","ping_status":"closed","template":"","meta":{"_uag_custom_page_level_css":"","site-sidebar-layout":"default","site-content-layout":"","ast-site-content-layout":"default","site-content-style":"default","site-sidebar-style":"default","ast-global-header-display":"","ast-banner-title-visibility":"","ast-main-header-display":"","ast-hfb-above-header-display":"","ast-hfb-below-header-display":"","ast-hfb-mobile-header-display":"","site-post-title":"","ast-breadcrumbs-content":"","ast-featured-img":"","footer-sml-layout":"","theme-transparent-header-meta":"default","adv-header-id-meta":"","stick-header-meta":"default","header-above-stick-meta":"","header-main-stick-meta":"","header-below-stick-meta":"","astra-migrate-meta-layouts":"set","ast-page-background-enabled":"default","ast-page-background-meta":{"desktop":{"background-color":"","background-image":"","background-repeat":"repeat","background-position":"center center","background-size":"auto","background-attachment":"scroll","background-type":"","background-media":"","overlay-type":"","overlay-color":"","overlay-opacity":"","overlay-gradient":""},"tablet":{"background-color":"","background-image":"","background-repeat":"repeat","background-position":"center center","background-size":"auto","background-attachment":"scroll","background-type":"","background-media":"","overlay-type":"","overlay-color":"","overlay-opacity":"","overlay-gradient":""},"mobile":{"background-color":"","background-image":"","background-repeat":"repeat","background-position":"center center","background-size":"auto","background-attachment":"scroll","background-type":"","background-media":"","overlay-type":"","overlay-color":"","overlay-opacity":"","overlay-gradient":""}},"ast-content-background-meta":{"desktop":{"background-color":"var(--ast-global-color-5)","background-image":"","background-repeat":"repeat","background-position":"center center","background-size":"auto","background-attachment":"scroll","background-type":"","background-media":"","overlay-type":"","overlay-color":"","overlay-opacity":"","overlay-gradient":""},"tablet":{"background-color":"var(--ast-global-color-5)","background-image":"","background-repeat":"repeat","background-position":"center center","background-size":"auto","background-attachment":"scroll","background-type":"","background-media":"","overlay-type":"","overlay-color":"","overlay-opacity":"","overlay-gradient":""},"mobile":{"background-color":"var(--ast-global-color-5)","background-image":"","background-repeat":"repeat","background-position":"center center","background-size":"auto","background-attachment":"scroll","background-type":"","background-media":"","overlay-type":"","overlay-color":"","overlay-opacity":"","overlay-gradient":""}}},"product_brand":[],"product_cat":[432,1218,1185,433,1697],"product_tag":[],"class_list":{"0":"post-8863","1":"product","2":"type-product","3":"status-publish","4":"has-post-thumbnail","6":"product_cat-fabric-for-tent","7":"product_cat-marine-fabrics","8":"product_cat-solution-dyed-polyester-fabrics","9":"product_cat-textile-for-industrial","10":"product_cat-uv-protection-fabric","11":"desktop-align-left","12":"tablet-align-left","13":"mobile-align-left","14":"ast-product-gallery-layout-vertical-slider","15":"ast-product-tabs-layout-horizontal","17":"first","18":"instock","19":"shipping-taxable","20":"product-type-simple"},"uagb_featured_image_src":{"full":["https:\/\/www.sikortex.com\/wp-content\/uploads\/2025\/08\/Yarn-dyed-Oxford-2.jpg",1920,1920,false],"thumbnail":["https:\/\/www.sikortex.com\/wp-content\/uploads\/2025\/08\/Yarn-dyed-Oxford-2-150x150.jpg",150,150,true],"medium":["https:\/\/www.sikortex.com\/wp-content\/uploads\/2025\/08\/Yarn-dyed-Oxford-2-300x300.jpg",300,300,true],"medium_large":["https:\/\/www.sikortex.com\/wp-content\/uploads\/2025\/08\/Yarn-dyed-Oxford-2-768x768.jpg",768,768,true],"large":["https:\/\/www.sikortex.com\/wp-content\/uploads\/2025\/08\/Yarn-dyed-Oxford-2-1024x1024.jpg",1024,1024,true],"1536x1536":["https:\/\/www.sikortex.com\/wp-content\/uploads\/2025\/08\/Yarn-dyed-Oxford-2-1536x1536.jpg",1536,1536,true],"2048x2048":["https:\/\/www.sikortex.com\/wp-content\/uploads\/2025\/08\/Yarn-dyed-Oxford-2.jpg",1920,1920,false],"trp-custom-language-flag":["https:\/\/www.sikortex.com\/wp-content\/uploads\/2025\/08\/Yarn-dyed-Oxford-2-12x12.jpg",12,12,true],"woocommerce_thumbnail":["https:\/\/www.sikortex.com\/wp-content\/uploads\/2025\/08\/Yarn-dyed-Oxford-2-300x300.jpg",300,300,true],"woocommerce_single":["https:\/\/www.sikortex.com\/wp-content\/uploads\/2025\/08\/Yarn-dyed-Oxford-2-600x600.jpg",600,600,true],"woocommerce_gallery_thumbnail":["https:\/\/www.sikortex.com\/wp-content\/uploads\/2025\/08\/Yarn-dyed-Oxford-2-100x100.jpg",100,100,true]},"uagb_author_info":{"display_name":"Sandy","author_link":"https:\/\/www.sikortex.com\/vi\/author\/"},"uagb_comment_info":0,"uagb_excerpt":"3000 Meters(Min.Order)","_links":{"self":[{"href":"https:\/\/www.sikortex.com\/vi\/wp-json\/wp\/v2\/product\/8863","targetHints":{"allow":["GET"]}}],"collection":[{"href":"https:\/\/www.sikortex.com\/vi\/wp-json\/wp\/v2\/product"}],"about":[{"href":"https:\/\/www.sikortex.com\/vi\/wp-json\/wp\/v2\/types\/product"}],"replies":[{"embeddable":true,"href":"https:\/\/www.sikortex.com\/vi\/wp-json\/wp\/v2\/comments?post=8863"}],"wp:featuredmedia":[{"embeddable":true,"href":"https:\/\/www.sikortex.com\/vi\/wp-json\/wp\/v2\/media\/8904"}],"wp:attachment":[{"href":"https:\/\/www.sikortex.com\/vi\/wp-json\/wp\/v2\/media?parent=8863"}],"wp:term":[{"taxonomy":"product_brand","embeddable":true,"href":"https:\/\/www.sikortex.com\/vi\/wp-json\/wp\/v2\/product_brand?post=8863"},{"taxonomy":"product_cat","embeddable":true,"href":"https:\/\/www.sikortex.com\/vi\/wp-json\/wp\/v2\/product_cat?post=8863"},{"taxonomy":"product_tag","embeddable":true,"href":"https:\/\/www.sikortex.com\/vi\/wp-json\/wp\/v2\/product_tag?post=8863"}],"curies":[{"name":"wp","href":"https:\/\/api.w.org\/{rel}","templated":true}]}}