{"id":8849,"date":"2025-08-20T09:47:01","date_gmt":"2025-08-20T01:47:01","guid":{"rendered":"https:\/\/www.sikortex.com\/?post_type=product&#038;p=8849"},"modified":"2025-08-21T12:41:56","modified_gmt":"2025-08-21T04:41:56","slug":"vai-chong-nang-pvc-polyester-600d","status":"publish","type":"product","link":"https:\/\/www.sikortex.com\/vi\/san-pham\/vai-chong-nang-pvc-polyester-600d\/","title":{"rendered":"V\u1ea3i ch\u1ed1ng n\u1eafng PVC Polyester 600D cho \u0111\u1ed3 n\u1ed9i th\u1ea5t ngo\u00e0i tr\u1eddi"},"content":{"rendered":"<p>Gi\u1edbi thi\u1ec7u<br \/>\nV\u1ea3i ch\u1ed1ng n\u1eafng Polyester PVC 600D ch\u1ed1ng m\u00e0i m\u00f2n v\u00e0 ch\u1ed1ng r\u00e1ch, trong khi l\u1edbp ph\u1ee7 PVC mang l\u1ea1i kh\u1ea3 n\u0103ng ch\u1ed1ng th\u1ea5m n\u01b0\u1edbc ho\u00e0n to\u00e0n. Kh\u1ea3 n\u0103ng ch\u1ed1ng n\u1eafng chuy\u00ean nghi\u1ec7p UPF50+ ng\u0103n ch\u1eb7n hi\u1ec7u qu\u1ea3 h\u01a1n 98% tia UV. Th\u00edch h\u1ee3p cho \u0111\u1ed3 n\u1ed9i th\u1ea5t ngo\u00e0i tr\u1eddi, m\u00e1i hi\u00ean, l\u1ec1u tr\u1ea1i, v.v., v\u1eadt li\u1ec7u ch\u1ed1ng n\u1eafng ngo\u00e0i tr\u1eddi b\u1ec1n b\u1ec9 n\u00e0y l\u00e0 l\u1ef1a ch\u1ecdn l\u00fd t\u01b0\u1edfng.<\/p>\n<p>C\u00e1c t\u00ednh n\u0103ng ch\u00ednh<br \/>\n1. D\u00e2y chuy\u1ec1n s\u1ea3n xu\u1ea5t c\u1ee7a ch\u00fang t\u00f4i s\u1eed d\u1ee5ng thi\u1ebft b\u1ecb ti\u00ean ti\u1ebfn t\u1ed1c \u0111\u1ed9 cao, \u0111\u1ea3m b\u1ea3o n\u0103ng l\u1ef1c s\u1ea3n xu\u1ea5t hi\u1ec7u qu\u1ea3 v\u00e0 \u1ed5n \u0111\u1ecbnh \u0111\u1ec3 \u0111\u00e1p \u1ee9ng nhu c\u1ea7u c\u1ee7a c\u00e1c \u0111\u01a1n h\u00e0ng s\u1ed1 l\u01b0\u1ee3ng l\u1edbn.<br \/>\n2. S\u1ea3n ph\u1ea9m c\u1ee7a ch\u00fang t\u00f4i c\u00f3 hi\u1ec7u su\u1ea5t th\u00e2n thi\u1ec7n v\u1edbi m\u00f4i tr\u01b0\u1eddng v\u01b0\u1ee3t tr\u1ed9i. L\u1edbp ph\u1ee7 PVC tu\u00e2n th\u1ee7 \u0111\u1ea7y \u0111\u1ee7 c\u00e1c ti\u00eau chu\u1ea9n m\u00f4i tr\u01b0\u1eddng cao nh\u1ea5t, bao g\u1ed3m c\u1ea3 EU REACH, v\u00e0 \u0111\u00e1p \u1ee9ng nghi\u00eam ng\u1eb7t c\u00e1c y\u00eau c\u1ea7u quy \u0111\u1ecbnh li\u00ean quan c\u1ee7a Hoa K\u1ef3 v\u00e0 Nh\u1eadt B\u1ea3n.<br \/>\n3. Ch\u00fang t\u00f4i c\u0169ng duy tr\u00ec m\u1ed9t l\u01b0\u1ee3ng h\u00e0ng t\u1ed3n kho c\u00e1c s\u1ea3n ph\u1ea9m \u0111ang ho\u00e0n thi\u1ec7n, gi\u00fap ch\u00fang t\u00f4i c\u00f3 th\u1ec3 linh ho\u1ea1t \u0111\u00e1p \u1ee9ng c\u00e1c nhu c\u1ea7u c\u1ea5p b\u00e1ch v\u00e0 r\u00fat ng\u1eafn \u0111\u00e1ng k\u1ec3 th\u1eddi gian giao h\u00e0ng.<br \/>\n4. V\u1ec1 ki\u1ec3m so\u00e1t ch\u1ea5t l\u01b0\u1ee3ng, ch\u00fang t\u00f4i m\u1eb7c \u0111\u1ecbnh s\u1eed d\u1ee5ng ti\u00eau chu\u1ea9n ASTM c\u1ee7a Hoa K\u1ef3 v\u1ec1 m\u1eb7t h\u00ecnh th\u1ee9c v\u00e0 ph\u00e2n lo\u1ea1i ch\u1ea5t l\u01b0\u1ee3ng, nh\u01b0ng ch\u00fang t\u00f4i c\u0169ng h\u1ed7 tr\u1ee3 ki\u1ec3m tra t\u00f9y ch\u1ec9nh d\u1ef1a tr\u00ean c\u00e1c ti\u00eau chu\u1ea9n c\u1ee5 th\u1ec3 c\u1ee7a kh\u00e1ch h\u00e0ng.<br \/>\n5. V\u1ec1 h\u1eadu c\u1ea7n, ch\u00fang t\u00f4i cung c\u1ea5p d\u1ecbch v\u1ee5 giao h\u00e0ng to\u00e0n c\u1ea7u, \u0111\u1ea3m b\u1ea3o giao h\u00e0ng an to\u00e0n v\u00e0 hi\u1ec7u qu\u1ea3 \u0111\u1ebfn h\u1ea7u h\u1ebft c\u00e1c \u0111\u1ecba \u0111i\u1ec3m tr\u00ean to\u00e0n th\u1ebf gi\u1edbi cho c\u1ea3 \u0111\u01a1n h\u00e0ng b\u00e1n bu\u00f4n l\u1edbn v\u00e0 \u0111\u01a1n h\u00e0ng nh\u1ecf, gi\u00fap kh\u00e1ch h\u00e0ng t\u1ed1i \u01b0u h\u00f3a hi\u1ec7u qu\u1ea3 chu\u1ed7i cung \u1ee9ng.<\/p>\n<p><a href=\"https:\/\/www.sikortex.com\/vi\/lien-he-chung-toi-2\/\"><span style=\"color: #0000ff;\">H\u00e3y li\u00ean h\u1ec7 v\u1edbi ch\u00fang t\u00f4i ngay h\u00f4m nay \u0111\u1ec3 y\u00eau c\u1ea7u m\u1eabu.<\/span><\/a><\/p>","protected":false},"excerpt":{"rendered":"<p>3000 m\u00e9t (\u0110\u01a1n h\u00e0ng t\u1ed1i thi\u1ec3u)<\/p>","protected":false},"featured_media":8887,"comment_status":"closed","ping_status":"closed","template":"","meta":{"_uag_custom_page_level_css":"","site-sidebar-layout":"default","site-content-layout":"","ast-site-content-layout":"default","site-content-style":"default","site-sidebar-style":"default","ast-global-header-display":"","ast-banner-title-visibility":"","ast-main-header-display":"","ast-hfb-above-header-display":"","ast-hfb-below-header-display":"","ast-hfb-mobile-header-display":"","site-post-title":"","ast-breadcrumbs-content":"","ast-featured-img":"","footer-sml-layout":"","theme-transparent-header-meta":"default","adv-header-id-meta":"","stick-header-meta":"default","header-above-stick-meta":"","header-main-stick-meta":"","header-below-stick-meta":"","astra-migrate-meta-layouts":"set","ast-page-background-enabled":"default","ast-page-background-meta":{"desktop":{"background-color":"","background-image":"","background-repeat":"repeat","background-position":"center center","background-size":"auto","background-attachment":"scroll","background-type":"","background-media":"","overlay-type":"","overlay-color":"","overlay-opacity":"","overlay-gradient":""},"tablet":{"background-color":"","background-image":"","background-repeat":"repeat","background-position":"center center","background-size":"auto","background-attachment":"scroll","background-type":"","background-media":"","overlay-type":"","overlay-color":"","overlay-opacity":"","overlay-gradient":""},"mobile":{"background-color":"","background-image":"","background-repeat":"repeat","background-position":"center center","background-size":"auto","background-attachment":"scroll","background-type":"","background-media":"","overlay-type":"","overlay-color":"","overlay-opacity":"","overlay-gradient":""}},"ast-content-background-meta":{"desktop":{"background-color":"var(--ast-global-color-5)","background-image":"","background-repeat":"repeat","background-position":"center center","background-size":"auto","background-attachment":"scroll","background-type":"","background-media":"","overlay-type":"","overlay-color":"","overlay-opacity":"","overlay-gradient":""},"tablet":{"background-color":"var(--ast-global-color-5)","background-image":"","background-repeat":"repeat","background-position":"center center","background-size":"auto","background-attachment":"scroll","background-type":"","background-media":"","overlay-type":"","overlay-color":"","overlay-opacity":"","overlay-gradient":""},"mobile":{"background-color":"var(--ast-global-color-5)","background-image":"","background-repeat":"repeat","background-position":"center center","background-size":"auto","background-attachment":"scroll","background-type":"","background-media":"","overlay-type":"","overlay-color":"","overlay-opacity":"","overlay-gradient":""}}},"product_brand":[],"product_cat":[432,1218,1185,433,1697],"product_tag":[],"class_list":{"0":"post-8849","1":"product","2":"type-product","3":"status-publish","4":"has-post-thumbnail","6":"product_cat-fabric-for-tent","7":"product_cat-marine-fabrics","8":"product_cat-solution-dyed-polyester-fabrics","9":"product_cat-textile-for-industrial","10":"product_cat-uv-protection-fabric","11":"desktop-align-left","12":"tablet-align-left","13":"mobile-align-left","14":"ast-product-gallery-layout-vertical-slider","15":"ast-product-tabs-layout-horizontal","17":"first","18":"instock","19":"shipping-taxable","20":"product-type-simple"},"uagb_featured_image_src":{"full":["https:\/\/www.sikortex.com\/wp-content\/uploads\/2025\/08\/600Dpolyester-fabric.jpg",800,800,false],"thumbnail":["https:\/\/www.sikortex.com\/wp-content\/uploads\/2025\/08\/600Dpolyester-fabric-150x150.jpg",150,150,true],"medium":["https:\/\/www.sikortex.com\/wp-content\/uploads\/2025\/08\/600Dpolyester-fabric-300x300.jpg",300,300,true],"medium_large":["https:\/\/www.sikortex.com\/wp-content\/uploads\/2025\/08\/600Dpolyester-fabric-768x768.jpg",768,768,true],"large":["https:\/\/www.sikortex.com\/wp-content\/uploads\/2025\/08\/600Dpolyester-fabric.jpg",800,800,false],"1536x1536":["https:\/\/www.sikortex.com\/wp-content\/uploads\/2025\/08\/600Dpolyester-fabric.jpg",800,800,false],"2048x2048":["https:\/\/www.sikortex.com\/wp-content\/uploads\/2025\/08\/600Dpolyester-fabric.jpg",800,800,false],"trp-custom-language-flag":["https:\/\/www.sikortex.com\/wp-content\/uploads\/2025\/08\/600Dpolyester-fabric-12x12.jpg",12,12,true],"woocommerce_thumbnail":["https:\/\/www.sikortex.com\/wp-content\/uploads\/2025\/08\/600Dpolyester-fabric-300x300.jpg",300,300,true],"woocommerce_single":["https:\/\/www.sikortex.com\/wp-content\/uploads\/2025\/08\/600Dpolyester-fabric-600x600.jpg",600,600,true],"woocommerce_gallery_thumbnail":["https:\/\/www.sikortex.com\/wp-content\/uploads\/2025\/08\/600Dpolyester-fabric-100x100.jpg",100,100,true]},"uagb_author_info":{"display_name":"Perry","author_link":"https:\/\/www.sikortex.com\/vi\/author\/"},"uagb_comment_info":0,"uagb_excerpt":"3000 Meters(Min.Order)","_links":{"self":[{"href":"https:\/\/www.sikortex.com\/vi\/wp-json\/wp\/v2\/product\/8849","targetHints":{"allow":["GET"]}}],"collection":[{"href":"https:\/\/www.sikortex.com\/vi\/wp-json\/wp\/v2\/product"}],"about":[{"href":"https:\/\/www.sikortex.com\/vi\/wp-json\/wp\/v2\/types\/product"}],"replies":[{"embeddable":true,"href":"https:\/\/www.sikortex.com\/vi\/wp-json\/wp\/v2\/comments?post=8849"}],"wp:featuredmedia":[{"embeddable":true,"href":"https:\/\/www.sikortex.com\/vi\/wp-json\/wp\/v2\/media\/8887"}],"wp:attachment":[{"href":"https:\/\/www.sikortex.com\/vi\/wp-json\/wp\/v2\/media?parent=8849"}],"wp:term":[{"taxonomy":"product_brand","embeddable":true,"href":"https:\/\/www.sikortex.com\/vi\/wp-json\/wp\/v2\/product_brand?post=8849"},{"taxonomy":"product_cat","embeddable":true,"href":"https:\/\/www.sikortex.com\/vi\/wp-json\/wp\/v2\/product_cat?post=8849"},{"taxonomy":"product_tag","embeddable":true,"href":"https:\/\/www.sikortex.com\/vi\/wp-json\/wp\/v2\/product_tag?post=8849"}],"curies":[{"name":"wp","href":"https:\/\/api.w.org\/{rel}","templated":true}]}}