{"id":8642,"date":"2025-04-26T12:54:41","date_gmt":"2025-04-26T04:54:41","guid":{"rendered":"https:\/\/www.sikortex.com\/?post_type=product&#038;p=8642"},"modified":"2025-04-27T11:22:25","modified_gmt":"2025-04-27T03:22:25","slug":"vai-vo-polyester-nhe","status":"publish","type":"product","link":"https:\/\/www.sikortex.com\/vi\/san-pham\/vai-vo-polyester-nhe\/","title":{"rendered":"V\u1ea3i v\u1ecf Polyester nh\u1eb9 ch\u1ed1ng th\u1ea5m n\u01b0\u1edbc v\u00e0 tho\u00e1ng kh\u00ed"},"content":{"rendered":"<p>&nbsp;<\/p>\n<h2>V\u1ea3i Polyester Shell nh\u1eb9 ch\u1ed1ng th\u1ea5m n\u01b0\u1edbc v\u00e0 tho\u00e1ng kh\u00ed: S\u1ef1 l\u1ef1a ch\u1ecdn th\u00f4ng minh cho trang ph\u1ee5c bi\u1ec3u di\u1ec5n<\/h2>\n<p>Nh\u1eefng ng\u01b0\u1eddi \u0111am m\u00ea ho\u1ea1t \u0111\u1ed9ng ngo\u00e0i tr\u1eddi hi\u1ec7n \u0111\u1ea1i \u0111\u00f2i h\u1ecfi lo\u1ea1i v\u1ea3i k\u1ebft h\u1ee3p gi\u1eefa kh\u1ea3 n\u0103ng b\u1ea3o v\u1ec7 v\u00e0 s\u1ef1 tho\u1ea3i m\u00e1i. <strong>v\u1ea3i v\u1ecf polyester<\/strong> mang l\u1ea1i hi\u1ec7u su\u1ea5t v\u01b0\u1ee3t tr\u1ed9i v\u1edbi c\u1ea5u tr\u00fac nh\u1eb9 v\u00e0 t\u00ednh th\u1ea9m m\u1ef9 cao c\u1ea5p, l\u00fd t\u01b0\u1edfng cho trang ph\u1ee5c th\u1ec3 thao v\u00e0 ho\u1ea1t \u0111\u1ed9ng ngo\u00e0i tr\u1eddi cao c\u1ea5p.<\/p>\n<h3>C\u00e1c t\u00ednh n\u0103ng n\u1ed5i b\u1eadt c\u1ee7a v\u1ea3i v\u1ecf Polyester c\u1ee7a ch\u00fang t\u00f4i<\/h3>\n<p>\u0110\u01b0\u1ee3c thi\u1ebft k\u1ebf \u0111\u1ec3 \u0111\u1ea1t \u0111\u1ebfn s\u1ef1 ho\u00e0n h\u1ea3o, v\u1eadt li\u1ec7u c\u1ea3i ti\u1ebfn n\u00e0y mang l\u1ea1i:<\/p>\n<ul>\n<li><strong>Si\u00eau nh\u1eb9<\/strong> \u2013 K\u1ebft c\u1ea5u m\u1ecbn cao c\u1ea5p v\u1edbi v\u1ebb ngo\u00e0i tinh t\u1ebf<\/li>\n<li><strong>C\u00e1ch nhi\u1ec7t<\/strong> \u2013 Cung c\u1ea5p s\u1ef1 \u1ea5m \u00e1p m\u00e0 kh\u00f4ng c\u1ed3ng k\u1ec1nh<\/li>\n<li><strong>Ch\u1ed1ng gi\u00f3<\/strong> \u2013 R\u00e0o c\u1ea3n hi\u1ec7u qu\u1ea3 ch\u1ed1ng l\u1ea1i gi\u00f3 m\u1ea1nh<\/li>\n<li><strong>Kh\u00f4ng th\u1ea5m n\u01b0\u1edbc nh\u01b0ng v\u1eabn tho\u00e1ng kh\u00ed<\/strong> \u2013 Ng\u0103n m\u01b0a nh\u01b0ng v\u1eabn cho ph\u00e9p h\u01a1i n\u01b0\u1edbc tho\u00e1t ra ngo\u00e0i<\/li>\n<li><strong>C\u00f3 th\u1ec3 k\u00e9o gi\u00e3n<\/strong> \u2013 T\u0103ng c\u01b0\u1eddng kh\u1ea3 n\u0103ng di chuy\u1ec3n khi m\u1eb7c \u0111\u1ed3 n\u0103ng \u0111\u1ed9ng<\/li>\n<\/ul>\n<h3>\u1ee8ng d\u1ee5ng ho\u00e0n h\u1ea3o cho hi\u1ec7u su\u1ea5t \u0111a n\u0103ng<\/h3>\n<p>Ch\u1ea5t l\u01b0\u1ee3ng cao n\u00e0y <strong>v\u1ea3i v\u1ecf polyester<\/strong> xu\u1ea5t s\u1eafc trong nhi\u1ec1u \u1ee9ng d\u1ee5ng:<\/p>\n<ul>\n<li>\u00c1o kho\u00e1c th\u1ec3 thao hi\u1ec7u su\u1ea5t<\/li>\n<li>Qu\u1ea7n \u00e1o ngo\u00e0i tr\u1eddi k\u1ef9 thu\u1eadt<\/li>\n<li>\u00c1o kho\u00e1c gi\u1ea3n d\u1ecb th\u1eddi trang<\/li>\n<li>Qu\u1ea7n \u00e1o th\u1ec3 thao m\u1ecdi m\u00f9a<\/li>\n<\/ul>\n<h4>T\u1ea1i sao lo\u1ea1i v\u1ea3i n\u00e0y n\u1ed5i b\u1eadt<\/h4>\n<p>C\u1ea5u tr\u00fac \u0111\u1ed9c \u0111\u00e1o c\u1ee7a ch\u00fang t\u00f4i <strong>v\u1ea3i v\u1ecf polyester<\/strong> k\u1ebft h\u1ee3p m\u00e0ng ch\u1ed1ng th\u1ea5m ti\u00ean ti\u1ebfn v\u1edbi c\u00f4ng ngh\u1ec7 tho\u00e1ng kh\u00ed, t\u1ea1o ra v\u1eadt li\u1ec7u ho\u1ea1t \u0111\u1ed9ng trong \u0111i\u1ec1u ki\u1ec7n kh\u1eafc nghi\u1ec7t nh\u01b0ng v\u1eabn tho\u1ea3i m\u00e1i. K\u1ebft c\u1ea5u b\u1ec1 m\u1eb7t tinh t\u1ebf mang \u0111\u1ebfn cho trang ph\u1ee5c v\u1ebb ngo\u00e0i cao c\u1ea5p, chuy\u1ec3n \u0111\u1ed5i li\u1ec1n m\u1ea1ch t\u1eeb cu\u1ed9c phi\u00eau l\u01b0u ngo\u00e0i tr\u1eddi sang m\u00f4i tr\u01b0\u1eddng \u0111\u00f4 th\u1ecb.<\/p>\n<p>&nbsp;<\/p>","protected":false},"excerpt":{"rendered":"<p>1000 m\u00e9t (\u0110\u01a1n h\u00e0ng t\u1ed1i thi\u1ec3u)<\/p>","protected":false},"featured_media":8643,"comment_status":"closed","ping_status":"closed","template":"","meta":{"_uag_custom_page_level_css":"","site-sidebar-layout":"default","site-content-layout":"default","ast-site-content-layout":"default","site-content-style":"default","site-sidebar-style":"default","ast-global-header-display":"","ast-banner-title-visibility":"","ast-main-header-display":"","ast-hfb-above-header-display":"","ast-hfb-below-header-display":"","ast-hfb-mobile-header-display":"","site-post-title":"","ast-breadcrumbs-content":"","ast-featured-img":"","footer-sml-layout":"","theme-transparent-header-meta":"default","adv-header-id-meta":"","stick-header-meta":"default","header-above-stick-meta":"","header-main-stick-meta":"","header-below-stick-meta":"","astra-migrate-meta-layouts":"set","ast-page-background-enabled":"default","ast-page-background-meta":{"desktop":{"background-color":"","background-image":"","background-repeat":"repeat","background-position":"center center","background-size":"auto","background-attachment":"scroll","background-type":"","background-media":"","overlay-type":"","overlay-color":"","overlay-opacity":"","overlay-gradient":""},"tablet":{"background-color":"","background-image":"","background-repeat":"repeat","background-position":"center center","background-size":"auto","background-attachment":"scroll","background-type":"","background-media":"","overlay-type":"","overlay-color":"","overlay-opacity":"","overlay-gradient":""},"mobile":{"background-color":"","background-image":"","background-repeat":"repeat","background-position":"center center","background-size":"auto","background-attachment":"scroll","background-type":"","background-media":"","overlay-type":"","overlay-color":"","overlay-opacity":"","overlay-gradient":""}},"ast-content-background-meta":{"desktop":{"background-color":"var(--ast-global-color-5)","background-image":"","background-repeat":"repeat","background-position":"center center","background-size":"auto","background-attachment":"scroll","background-type":"","background-media":"","overlay-type":"","overlay-color":"","overlay-opacity":"","overlay-gradient":""},"tablet":{"background-color":"var(--ast-global-color-5)","background-image":"","background-repeat":"repeat","background-position":"center center","background-size":"auto","background-attachment":"scroll","background-type":"","background-media":"","overlay-type":"","overlay-color":"","overlay-opacity":"","overlay-gradient":""},"mobile":{"background-color":"var(--ast-global-color-5)","background-image":"","background-repeat":"repeat","background-position":"center center","background-size":"auto","background-attachment":"scroll","background-type":"","background-media":"","overlay-type":"","overlay-color":"","overlay-opacity":"","overlay-gradient":""}}},"product_brand":[],"product_cat":[431,428,429,421,403,420],"product_tag":[],"class_list":{"0":"post-8642","1":"product","2":"type-product","3":"status-publish","4":"has-post-thumbnail","6":"product_cat-fabric-for-commuting-clothing","7":"product_cat-fabric-for-outdoor-sports","8":"product_cat-fabric-for-sportswear","9":"product_cat-foul-weather-fabrics","10":"product_cat-polyester-fabrics","11":"product_cat-stretch-fabrics","12":"desktop-align-left","13":"tablet-align-left","14":"mobile-align-left","15":"ast-product-gallery-layout-vertical-slider","16":"ast-product-tabs-layout-horizontal","18":"first","19":"instock","20":"shipping-taxable","21":"product-type-simple"},"uagb_featured_image_src":{"full":["https:\/\/www.sikortex.com\/wp-content\/uploads\/2025\/04\/1-10.jpg",800,800,false],"thumbnail":["https:\/\/www.sikortex.com\/wp-content\/uploads\/2025\/04\/1-10-150x150.jpg",150,150,true],"medium":["https:\/\/www.sikortex.com\/wp-content\/uploads\/2025\/04\/1-10-300x300.jpg",300,300,true],"medium_large":["https:\/\/www.sikortex.com\/wp-content\/uploads\/2025\/04\/1-10-768x768.jpg",768,768,true],"large":["https:\/\/www.sikortex.com\/wp-content\/uploads\/2025\/04\/1-10.jpg",800,800,false],"1536x1536":["https:\/\/www.sikortex.com\/wp-content\/uploads\/2025\/04\/1-10.jpg",800,800,false],"2048x2048":["https:\/\/www.sikortex.com\/wp-content\/uploads\/2025\/04\/1-10.jpg",800,800,false],"trp-custom-language-flag":["https:\/\/www.sikortex.com\/wp-content\/uploads\/2025\/04\/1-10-12x12.jpg",12,12,true],"woocommerce_thumbnail":["https:\/\/www.sikortex.com\/wp-content\/uploads\/2025\/04\/1-10-300x300.jpg",300,300,true],"woocommerce_single":["https:\/\/www.sikortex.com\/wp-content\/uploads\/2025\/04\/1-10-600x600.jpg",600,600,true],"woocommerce_gallery_thumbnail":["https:\/\/www.sikortex.com\/wp-content\/uploads\/2025\/04\/1-10-100x100.jpg",100,100,true]},"uagb_author_info":{"display_name":"Sandy","author_link":"https:\/\/www.sikortex.com\/vi\/author\/"},"uagb_comment_info":0,"uagb_excerpt":"1000 Meters(Min.Order)","_links":{"self":[{"href":"https:\/\/www.sikortex.com\/vi\/wp-json\/wp\/v2\/product\/8642","targetHints":{"allow":["GET"]}}],"collection":[{"href":"https:\/\/www.sikortex.com\/vi\/wp-json\/wp\/v2\/product"}],"about":[{"href":"https:\/\/www.sikortex.com\/vi\/wp-json\/wp\/v2\/types\/product"}],"replies":[{"embeddable":true,"href":"https:\/\/www.sikortex.com\/vi\/wp-json\/wp\/v2\/comments?post=8642"}],"wp:featuredmedia":[{"embeddable":true,"href":"https:\/\/www.sikortex.com\/vi\/wp-json\/wp\/v2\/media\/8643"}],"wp:attachment":[{"href":"https:\/\/www.sikortex.com\/vi\/wp-json\/wp\/v2\/media?parent=8642"}],"wp:term":[{"taxonomy":"product_brand","embeddable":true,"href":"https:\/\/www.sikortex.com\/vi\/wp-json\/wp\/v2\/product_brand?post=8642"},{"taxonomy":"product_cat","embeddable":true,"href":"https:\/\/www.sikortex.com\/vi\/wp-json\/wp\/v2\/product_cat?post=8642"},{"taxonomy":"product_tag","embeddable":true,"href":"https:\/\/www.sikortex.com\/vi\/wp-json\/wp\/v2\/product_tag?post=8642"}],"curies":[{"name":"wp","href":"https:\/\/api.w.org\/{rel}","templated":true}]}}