{"id":8636,"date":"2025-04-26T12:46:09","date_gmt":"2025-04-26T04:46:09","guid":{"rendered":"https:\/\/www.sikortex.com\/?post_type=product&#038;p=8636"},"modified":"2025-04-27T11:06:09","modified_gmt":"2025-04-27T03:06:09","slug":"vai-can-mang-in","status":"publish","type":"product","link":"https:\/\/www.sikortex.com\/vi\/san-pham\/vai-can-mang-in\/","title":{"rendered":"V\u1ea3i in m\u00e0ng m\u1ecfng cho \u00e1o kho\u00e1c th\u1ec3 thao"},"content":{"rendered":"<p>&nbsp;<\/p>\n<h2>V\u1ea3i c\u00e1n m\u00e0ng in: S\u1ef1 l\u1ef1a ch\u1ecdn t\u1ed1i \u01b0u cho \u00e1o kho\u00e1c th\u1ec3 thao<\/h2>\n<p>Khi n\u00f3i \u0111\u1ebfn trang ph\u1ee5c ngo\u00e0i tr\u1eddi hi\u1ec7u su\u1ea5t cao, <strong>V\u1ea3i c\u00e1n m\u00e0ng in<\/strong> n\u1ed5i b\u1eadt nh\u01b0 m\u1ed9t gi\u1ea3i ph\u00e1p s\u00e1ng t\u1ea1o cho \u00e1o kho\u00e1c th\u1ec3 thao hi\u1ec7n \u0111\u1ea1i. Ch\u1ea5t li\u1ec7u ti\u00ean ti\u1ebfn n\u00e0y k\u1ebft h\u1ee3p ch\u1ee9c n\u0103ng v\u1edbi phong c\u00e1ch, l\u00fd t\u01b0\u1edfng cho c\u00e1c v\u1eadn \u0111\u1ed9ng vi\u00ean v\u00e0 ng\u01b0\u1eddi \u0111am m\u00ea ho\u1ea1t \u0111\u1ed9ng ngo\u00e0i tr\u1eddi.<\/p>\n<h3>C\u00e1c t\u00ednh n\u0103ng ch\u00ednh c\u1ee7a v\u1ea3i c\u1ee7a ch\u00fang t\u00f4i cho \u00e1o kho\u00e1c th\u1ec3 thao<\/h3>\n<p>C\u00e1c <strong>v\u1ea3i c\u00e1n m\u00e0ng in<\/strong> cung c\u1ea5p c\u00e1c \u0111\u1eb7c \u0111i\u1ec3m hi\u1ec7u su\u1ea5t \u0111\u1eb7c bi\u1ec7t:<\/p>\n<ul>\n<li><strong>Ch\u1ed1ng gi\u00f3<\/strong> \u2013 Ng\u0103n gi\u00f3 l\u1ea1nh khi tham gia c\u00e1c ho\u1ea1t \u0111\u1ed9ng ngo\u00e0i tr\u1eddi<\/li>\n<li><strong>Kh\u00f4ng th\u1ea5m n\u01b0\u1edbc<\/strong> \u2013 Gi\u1eef b\u1ea1n kh\u00f4 r\u00e1o trong \u0111i\u1ec1u ki\u1ec7n \u1ea9m \u01b0\u1edbt<\/li>\n<li><strong>tho\u00e1ng kh\u00ed<\/strong> \u2013 Cho ph\u00e9p h\u01a1i \u1ea9m tho\u00e1t ra ngo\u00e0i, ng\u0103n ng\u1eeba t\u00ecnh tr\u1ea1ng qu\u00e1 nhi\u1ec7t<\/li>\n<li><strong>Co gi\u00e3n nh\u1eb9<\/strong> \u2013 Mang l\u1ea1i s\u1ef1 tho\u1ea3i m\u00e1i t\u1ef1 do di chuy\u1ec3n<\/li>\n<\/ul>\n<h3>\u1ee8ng d\u1ee5ng l\u00fd t\u01b0\u1edfng cho v\u1ea3i c\u00e1n m\u00e0ng in<\/h3>\n<p>\u0110a n\u0103ng n\u00e0y <strong>v\u1ea3i cho \u00e1o kho\u00e1c th\u1ec3 thao<\/strong> ho\u00e0n h\u1ea3o cho nhi\u1ec1u \u1ee9ng d\u1ee5ng ngo\u00e0i tr\u1eddi:<\/p>\n<ul>\n<li>\u00c1o kho\u00e1c th\u1ec3 thao ngo\u00e0i tr\u1eddi hi\u1ec7u su\u1ea5t cao<\/li>\n<li>Qu\u1ea7n \u00e1o ngo\u00e0i tr\u1eddi cao c\u1ea5p<\/li>\n<li>\u00c1o kho\u00e1c l\u00f4ng v\u0169 v\u00e0 \u00e1o parka cao c\u1ea5p<\/li>\n<li>Qu\u1ea7n \u00e1o th\u1ec3 thao m\u1ecdi th\u1eddi ti\u1ebft<\/li>\n<\/ul>\n<h4>T\u1ea1i sao n\u00ean ch\u1ecdn v\u1ea3i c\u1ee7a ch\u00fang t\u00f4i?<\/h4>\n<p>C\u00e1c <strong>v\u1ea3i c\u00e1n m\u00e0ng in<\/strong> k\u1ebft h\u1ee3p c\u00f4ng ngh\u1ec7 ti\u00ean ti\u1ebfn v\u1edbi thi\u1ebft k\u1ebf th\u1ef1c t\u1ebf. Qu\u00e1 tr\u00ecnh c\u00e1n m\u00e0ng t\u1ea1o ra b\u1ec1 m\u1eb7t b\u1ec1n, ch\u1ed1ng ch\u1ecbu th\u1eddi ti\u1ebft trong khi v\u1eabn duy tr\u00ec \u0111\u01b0\u1ee3c \u0111\u1ed9 \u0111\u00e0n h\u1ed3i t\u1ef1 nhi\u00ean c\u1ee7a v\u1ea3i. C\u00e1c h\u1ecda ti\u1ebft s\u1ed1ng \u0111\u1ed9ng v\u1eabn s\u1eafc n\u00e9t ngay c\u1ea3 sau nhi\u1ec1u l\u1ea7n s\u1eed d\u1ee5ng v\u00e0 gi\u1eb7t, gi\u00fap b\u1ea1n <strong>\u00e1o kho\u00e1c th\u1ec3 thao<\/strong> tr\u00f4ng ho\u00e0n to\u00e0n m\u1edbi qua t\u1eebng m\u00f9a.<\/p>\n<p>&nbsp;<\/p>","protected":false},"excerpt":{"rendered":"<p>1000 m\u00e9t (\u0110\u01a1n h\u00e0ng t\u1ed1i thi\u1ec3u)<\/p>","protected":false},"featured_media":8641,"comment_status":"closed","ping_status":"closed","template":"","meta":{"_uag_custom_page_level_css":"","site-sidebar-layout":"default","site-content-layout":"default","ast-site-content-layout":"default","site-content-style":"default","site-sidebar-style":"default","ast-global-header-display":"","ast-banner-title-visibility":"","ast-main-header-display":"","ast-hfb-above-header-display":"","ast-hfb-below-header-display":"","ast-hfb-mobile-header-display":"","site-post-title":"","ast-breadcrumbs-content":"","ast-featured-img":"","footer-sml-layout":"","theme-transparent-header-meta":"default","adv-header-id-meta":"","stick-header-meta":"default","header-above-stick-meta":"","header-main-stick-meta":"","header-below-stick-meta":"","astra-migrate-meta-layouts":"set","ast-page-background-enabled":"default","ast-page-background-meta":{"desktop":{"background-color":"","background-image":"","background-repeat":"repeat","background-position":"center center","background-size":"auto","background-attachment":"scroll","background-type":"","background-media":"","overlay-type":"","overlay-color":"","overlay-opacity":"","overlay-gradient":""},"tablet":{"background-color":"","background-image":"","background-repeat":"repeat","background-position":"center center","background-size":"auto","background-attachment":"scroll","background-type":"","background-media":"","overlay-type":"","overlay-color":"","overlay-opacity":"","overlay-gradient":""},"mobile":{"background-color":"","background-image":"","background-repeat":"repeat","background-position":"center center","background-size":"auto","background-attachment":"scroll","background-type":"","background-media":"","overlay-type":"","overlay-color":"","overlay-opacity":"","overlay-gradient":""}},"ast-content-background-meta":{"desktop":{"background-color":"var(--ast-global-color-5)","background-image":"","background-repeat":"repeat","background-position":"center center","background-size":"auto","background-attachment":"scroll","background-type":"","background-media":"","overlay-type":"","overlay-color":"","overlay-opacity":"","overlay-gradient":""},"tablet":{"background-color":"var(--ast-global-color-5)","background-image":"","background-repeat":"repeat","background-position":"center center","background-size":"auto","background-attachment":"scroll","background-type":"","background-media":"","overlay-type":"","overlay-color":"","overlay-opacity":"","overlay-gradient":""},"mobile":{"background-color":"var(--ast-global-color-5)","background-image":"","background-repeat":"repeat","background-position":"center center","background-size":"auto","background-attachment":"scroll","background-type":"","background-media":"","overlay-type":"","overlay-color":"","overlay-opacity":"","overlay-gradient":""}}},"product_brand":[],"product_cat":[431,428,429,421,403,414],"product_tag":[],"class_list":{"0":"post-8636","1":"product","2":"type-product","3":"status-publish","4":"has-post-thumbnail","6":"product_cat-fabric-for-commuting-clothing","7":"product_cat-fabric-for-outdoor-sports","8":"product_cat-fabric-for-sportswear","9":"product_cat-foul-weather-fabrics","10":"product_cat-polyester-fabrics","11":"product_cat-waterproof-fabrics","12":"desktop-align-left","13":"tablet-align-left","14":"mobile-align-left","15":"ast-product-gallery-layout-vertical-slider","16":"ast-product-tabs-layout-horizontal","18":"first","19":"instock","20":"shipping-taxable","21":"product-type-simple"},"uagb_featured_image_src":{"full":["https:\/\/www.sikortex.com\/wp-content\/uploads\/2025\/04\/5-8.jpg",800,800,false],"thumbnail":["https:\/\/www.sikortex.com\/wp-content\/uploads\/2025\/04\/5-8-150x150.jpg",150,150,true],"medium":["https:\/\/www.sikortex.com\/wp-content\/uploads\/2025\/04\/5-8-300x300.jpg",300,300,true],"medium_large":["https:\/\/www.sikortex.com\/wp-content\/uploads\/2025\/04\/5-8-768x768.jpg",768,768,true],"large":["https:\/\/www.sikortex.com\/wp-content\/uploads\/2025\/04\/5-8.jpg",800,800,false],"1536x1536":["https:\/\/www.sikortex.com\/wp-content\/uploads\/2025\/04\/5-8.jpg",800,800,false],"2048x2048":["https:\/\/www.sikortex.com\/wp-content\/uploads\/2025\/04\/5-8.jpg",800,800,false],"trp-custom-language-flag":["https:\/\/www.sikortex.com\/wp-content\/uploads\/2025\/04\/5-8-12x12.jpg",12,12,true],"woocommerce_thumbnail":["https:\/\/www.sikortex.com\/wp-content\/uploads\/2025\/04\/5-8-300x300.jpg",300,300,true],"woocommerce_single":["https:\/\/www.sikortex.com\/wp-content\/uploads\/2025\/04\/5-8-600x600.jpg",600,600,true],"woocommerce_gallery_thumbnail":["https:\/\/www.sikortex.com\/wp-content\/uploads\/2025\/04\/5-8-100x100.jpg",100,100,true]},"uagb_author_info":{"display_name":"Sandy","author_link":"https:\/\/www.sikortex.com\/vi\/author\/"},"uagb_comment_info":0,"uagb_excerpt":"1000 Meters(Min.Order)","_links":{"self":[{"href":"https:\/\/www.sikortex.com\/vi\/wp-json\/wp\/v2\/product\/8636","targetHints":{"allow":["GET"]}}],"collection":[{"href":"https:\/\/www.sikortex.com\/vi\/wp-json\/wp\/v2\/product"}],"about":[{"href":"https:\/\/www.sikortex.com\/vi\/wp-json\/wp\/v2\/types\/product"}],"replies":[{"embeddable":true,"href":"https:\/\/www.sikortex.com\/vi\/wp-json\/wp\/v2\/comments?post=8636"}],"wp:featuredmedia":[{"embeddable":true,"href":"https:\/\/www.sikortex.com\/vi\/wp-json\/wp\/v2\/media\/8641"}],"wp:attachment":[{"href":"https:\/\/www.sikortex.com\/vi\/wp-json\/wp\/v2\/media?parent=8636"}],"wp:term":[{"taxonomy":"product_brand","embeddable":true,"href":"https:\/\/www.sikortex.com\/vi\/wp-json\/wp\/v2\/product_brand?post=8636"},{"taxonomy":"product_cat","embeddable":true,"href":"https:\/\/www.sikortex.com\/vi\/wp-json\/wp\/v2\/product_cat?post=8636"},{"taxonomy":"product_tag","embeddable":true,"href":"https:\/\/www.sikortex.com\/vi\/wp-json\/wp\/v2\/product_tag?post=8636"}],"curies":[{"name":"wp","href":"https:\/\/api.w.org\/{rel}","templated":true}]}}