{"id":8630,"date":"2025-04-26T12:30:10","date_gmt":"2025-04-26T04:30:10","guid":{"rendered":"https:\/\/www.sikortex.com\/?post_type=product&#038;p=8630"},"modified":"2025-04-27T10:23:02","modified_gmt":"2025-04-27T02:23:02","slug":"vai-3-lop-cho-trang-phuc-ngoai-troi","status":"publish","type":"product","link":"https:\/\/www.sikortex.com\/vi\/san-pham\/vai-3-lop-cho-trang-phuc-ngoai-troi\/","title":{"rendered":"V\u1ea3i Tricot 3 l\u1edbp in h\u1ecda ti\u1ebft cho trang ph\u1ee5c ngo\u00e0i tr\u1eddi"},"content":{"rendered":"<p>C\u1ea5u tr\u00fac c\u1ea3i ti\u1ebfn cho hi\u1ec7u su\u1ea5t v\u01b0\u1ee3t tr\u1ed9i<\/p>\n<p>V\u1ea3i 3 l\u1edbp ti\u00ean ti\u1ebfn c\u1ee7a SIKOR-TEX d\u00e0nh cho trang ph\u1ee5c ngo\u00e0i tr\u1eddi c\u00f3 l\u1edbp v\u1ea3i tricot in, lo\u1ea1i b\u1ecf nhu c\u1ea7u v\u1ec1 l\u1edbp l\u00f3t ri\u00eang. H\u1ecda ti\u1ebft l\u01b0\u1edbi \u0111\u1ed9c \u0111\u00e1o t\u1ea1o hi\u1ec7u \u1ee9ng l\u00f3t th\u1eddi trang \u0111\u1ed3ng th\u1eddi gi\u1ea3m t\u1ed5ng tr\u1ecdng l\u01b0\u1ee3ng c\u1ee7a trang ph\u1ee5c l\u00ean \u0111\u1ebfn 25% so v\u1edbi c\u00e1c c\u1ea5u tr\u00fac truy\u1ec1n th\u1ed1ng.<\/p>\n<p>\u1ee8ng d\u1ee5ng cao c\u1ea5p<\/p>\n<p>Lo\u1ea1i v\u1ea3i k\u1ef9 thu\u1eadt n\u00e0y ph\u00e1t huy t\u00e1c d\u1ee5ng v\u01b0\u1ee3t tr\u1ed9i trong nh\u1eefng m\u00f4i tr\u01b0\u1eddng kh\u1eafc nghi\u1ec7t: qu\u1ea7n \u00e1o b\u1ea3o h\u1ed9 lao \u0111\u1ed9ng th\u1eddi ti\u1ebft x\u1ea5u gi\u00fap b\u1ea3o v\u1ec7 trong th\u1eddi gian d\u00e0i ti\u1ebfp x\u00fac v\u1edbi \u00e1nh n\u1eafng; trang ph\u1ee5c ngo\u00e0i tr\u1eddi th\u1eddi trang k\u1ebft h\u1ee3p hi\u1ec7u su\u1ea5t v\u1edbi c\u00e1c chi ti\u1ebft tr\u00ean s\u00e0n di\u1ec5n; v\u00e0 \u00e1o kho\u00e1c c\u1ee9ng c\u00f3 kh\u1ea3 n\u0103ng ch\u1ed1ng gi\u00f3 t\u1ed1i \u01b0u m\u00e0 kh\u00f4ng c\u1ed3ng k\u1ec1nh.<\/p>\n<p>\u01afu \u0111i\u1ec3m k\u1ef9 thu\u1eadt<\/p>\n<p>M\u1eb7t sau d\u1ec7t kim in \u0111\u01b0\u1ee3c in k\u1ef9 thu\u1eadt s\u1ed1 \u0111\u1ec3 cho ph\u00e9p b\u1ea1n t\u00f9y ch\u1ec9nh nhi\u1ec1u lo\u1ea1i h\u1ecda ti\u1ebft kh\u00e1c nhau v\u00e0 ch\u00fang t\u00f4i c\u00f3 th\u1ec3 ph\u1ea3n h\u1ed3i nhanh ch\u00f3ng \u0111\u1ec3 gi\u00fap b\u1ea1n thi\u1ebft k\u1ebf trang ph\u1ee5c h\u1ee3p th\u1eddi trang<\/p>\n<p>&nbsp;<\/p>","protected":false},"excerpt":{"rendered":"<p>1000 m\u00e9t (\u0110\u01a1n h\u00e0ng t\u1ed1i thi\u1ec3u)<\/p>","protected":false},"featured_media":8634,"comment_status":"closed","ping_status":"closed","template":"","meta":{"_uag_custom_page_level_css":"","site-sidebar-layout":"default","site-content-layout":"default","ast-site-content-layout":"default","site-content-style":"default","site-sidebar-style":"default","ast-global-header-display":"","ast-banner-title-visibility":"","ast-main-header-display":"","ast-hfb-above-header-display":"","ast-hfb-below-header-display":"","ast-hfb-mobile-header-display":"","site-post-title":"","ast-breadcrumbs-content":"","ast-featured-img":"","footer-sml-layout":"","theme-transparent-header-meta":"default","adv-header-id-meta":"","stick-header-meta":"default","header-above-stick-meta":"","header-main-stick-meta":"","header-below-stick-meta":"","astra-migrate-meta-layouts":"set","ast-page-background-enabled":"default","ast-page-background-meta":{"desktop":{"background-color":"","background-image":"","background-repeat":"repeat","background-position":"center center","background-size":"auto","background-attachment":"scroll","background-type":"","background-media":"","overlay-type":"","overlay-color":"","overlay-opacity":"","overlay-gradient":""},"tablet":{"background-color":"","background-image":"","background-repeat":"repeat","background-position":"center center","background-size":"auto","background-attachment":"scroll","background-type":"","background-media":"","overlay-type":"","overlay-color":"","overlay-opacity":"","overlay-gradient":""},"mobile":{"background-color":"","background-image":"","background-repeat":"repeat","background-position":"center center","background-size":"auto","background-attachment":"scroll","background-type":"","background-media":"","overlay-type":"","overlay-color":"","overlay-opacity":"","overlay-gradient":""}},"ast-content-background-meta":{"desktop":{"background-color":"var(--ast-global-color-5)","background-image":"","background-repeat":"repeat","background-position":"center center","background-size":"auto","background-attachment":"scroll","background-type":"","background-media":"","overlay-type":"","overlay-color":"","overlay-opacity":"","overlay-gradient":""},"tablet":{"background-color":"var(--ast-global-color-5)","background-image":"","background-repeat":"repeat","background-position":"center center","background-size":"auto","background-attachment":"scroll","background-type":"","background-media":"","overlay-type":"","overlay-color":"","overlay-opacity":"","overlay-gradient":""},"mobile":{"background-color":"var(--ast-global-color-5)","background-image":"","background-repeat":"repeat","background-position":"center center","background-size":"auto","background-attachment":"scroll","background-type":"","background-media":"","overlay-type":"","overlay-color":"","overlay-opacity":"","overlay-gradient":""}}},"product_brand":[],"product_cat":[1145,1041],"product_tag":[],"class_list":{"0":"post-8630","1":"product","2":"type-product","3":"status-publish","4":"has-post-thumbnail","6":"product_cat-lightweight-fabric","7":"product_cat-polyester-nylon","8":"desktop-align-left","9":"tablet-align-left","10":"mobile-align-left","11":"ast-product-gallery-layout-vertical-slider","12":"ast-product-tabs-layout-horizontal","14":"first","15":"instock","16":"shipping-taxable","17":"product-type-simple"},"uagb_featured_image_src":{"full":["https:\/\/www.sikortex.com\/wp-content\/uploads\/2025\/04\/4-9.jpg",800,800,false],"thumbnail":["https:\/\/www.sikortex.com\/wp-content\/uploads\/2025\/04\/4-9-150x150.jpg",150,150,true],"medium":["https:\/\/www.sikortex.com\/wp-content\/uploads\/2025\/04\/4-9-300x300.jpg",300,300,true],"medium_large":["https:\/\/www.sikortex.com\/wp-content\/uploads\/2025\/04\/4-9-768x768.jpg",768,768,true],"large":["https:\/\/www.sikortex.com\/wp-content\/uploads\/2025\/04\/4-9.jpg",800,800,false],"1536x1536":["https:\/\/www.sikortex.com\/wp-content\/uploads\/2025\/04\/4-9.jpg",800,800,false],"2048x2048":["https:\/\/www.sikortex.com\/wp-content\/uploads\/2025\/04\/4-9.jpg",800,800,false],"trp-custom-language-flag":["https:\/\/www.sikortex.com\/wp-content\/uploads\/2025\/04\/4-9-12x12.jpg",12,12,true],"woocommerce_thumbnail":["https:\/\/www.sikortex.com\/wp-content\/uploads\/2025\/04\/4-9-300x300.jpg",300,300,true],"woocommerce_single":["https:\/\/www.sikortex.com\/wp-content\/uploads\/2025\/04\/4-9-600x600.jpg",600,600,true],"woocommerce_gallery_thumbnail":["https:\/\/www.sikortex.com\/wp-content\/uploads\/2025\/04\/4-9-100x100.jpg",100,100,true]},"uagb_author_info":{"display_name":"Sandy","author_link":"https:\/\/www.sikortex.com\/vi\/author\/"},"uagb_comment_info":0,"uagb_excerpt":"1000 Meters(Min.Order)","_links":{"self":[{"href":"https:\/\/www.sikortex.com\/vi\/wp-json\/wp\/v2\/product\/8630","targetHints":{"allow":["GET"]}}],"collection":[{"href":"https:\/\/www.sikortex.com\/vi\/wp-json\/wp\/v2\/product"}],"about":[{"href":"https:\/\/www.sikortex.com\/vi\/wp-json\/wp\/v2\/types\/product"}],"replies":[{"embeddable":true,"href":"https:\/\/www.sikortex.com\/vi\/wp-json\/wp\/v2\/comments?post=8630"}],"wp:featuredmedia":[{"embeddable":true,"href":"https:\/\/www.sikortex.com\/vi\/wp-json\/wp\/v2\/media\/8634"}],"wp:attachment":[{"href":"https:\/\/www.sikortex.com\/vi\/wp-json\/wp\/v2\/media?parent=8630"}],"wp:term":[{"taxonomy":"product_brand","embeddable":true,"href":"https:\/\/www.sikortex.com\/vi\/wp-json\/wp\/v2\/product_brand?post=8630"},{"taxonomy":"product_cat","embeddable":true,"href":"https:\/\/www.sikortex.com\/vi\/wp-json\/wp\/v2\/product_cat?post=8630"},{"taxonomy":"product_tag","embeddable":true,"href":"https:\/\/www.sikortex.com\/vi\/wp-json\/wp\/v2\/product_tag?post=8630"}],"curies":[{"name":"wp","href":"https:\/\/api.w.org\/{rel}","templated":true}]}}