{"id":8624,"date":"2025-04-26T12:23:22","date_gmt":"2025-04-26T04:23:22","guid":{"rendered":"https:\/\/www.sikortex.com\/?post_type=product&#038;p=8624"},"modified":"2025-04-27T09:59:23","modified_gmt":"2025-04-27T01:59:23","slug":"da-pu-phu-nylon-nhe","status":"publish","type":"product","link":"https:\/\/www.sikortex.com\/vi\/san-pham\/da-pu-phu-nylon-nhe\/","title":{"rendered":"Da PU ph\u1ee7 Nylon nh\u1eb9 cho \u00e1o kho\u00e1c ngo\u00e0i tr\u1eddi"},"content":{"rendered":"<p>Da PU ph\u1ee7 nylon c\u1ee7a SIKOR-TEX k\u1ebft h\u1ee3p v\u1ebb ngo\u00e0i sang tr\u1ecdng c\u1ee7a da th\u1eadt v\u1edbi hi\u1ec7u su\u1ea5t ti\u00ean ti\u1ebfn. L\u1edbp gia c\u1ed1 b\u1eb1ng nylon l\u00e0m t\u0103ng \u0111\u1ed9 b\u1ec1n trong khi v\u1eabn duy tr\u00ec \u0111\u1ed9 \u0111\u00e0n h\u1ed3i \u0111\u1eb7c bi\u1ec7t, l\u00fd t\u01b0\u1edfng cho trang ph\u1ee5c ngo\u00e0i tr\u1eddi gi\u00fap b\u1ea3o v\u1ec7 kh\u1ecfi c\u00e1c y\u1ebfu t\u1ed1 th\u1eddi ti\u1ebft.<\/p>\n<p>C\u00e1c t\u00ednh n\u0103ng ch\u00ednh c\u1ee7a v\u1eadt li\u1ec7u hi\u1ec7u su\u1ea5t cao c\u1ee7a ch\u00fang t\u00f4i<\/p>\n<p>Si\u00eau nh\u1eb9: Ch\u1ec9 75\/m\u00b2, v\u1eadt li\u1ec7u n\u00e0y b\u1ea3o v\u1ec7 m\u00e0 kh\u00f4ng c\u1ed3ng k\u1ec1nh. Ch\u1ed1ng r\u00e1ch: L\u1edbp n\u1ec1n b\u1eb1ng nylon ng\u0103n ng\u1eeba r\u00e1ch v\u00e0 tr\u1ea7y x\u01b0\u1edbc. Ch\u1ed1ng ch\u1ecbu th\u1eddi ti\u1ebft: L\u1edbp ph\u1ee7 \u0111\u1eb7c bi\u1ec7t t\u1ea1o ra l\u1edbp ch\u1eafn gi\u00f3 c\u00f3 kh\u1ea3 n\u0103ng ch\u1ed1ng th\u1ea5m n\u01b0\u1edbc \u1edf \u0111\u1ed9 s\u00e2u 10.000 mm.<\/p>\n<p>\u1ee8ng d\u1ee5ng l\u00fd t\u01b0\u1edfng cho vi\u1ec7c m\u1eb7c \u0111a n\u0103ng<\/p>\n<p>Ch\u1ea5t li\u1ec7u ti\u00ean ti\u1ebfn n\u00e0y n\u1ed5i tr\u1ed9i trong nhi\u1ec1u lo\u1ea1i \u00e1o kho\u00e1c ngo\u00e0i: \u00e1o kho\u00e1c ngo\u00e0i c\u00f3 kh\u1ea3 n\u0103ng ch\u1ed1ng ch\u1ecbu th\u1eddi ti\u1ebft, c\u00f2n \u00e1o kho\u00e1c ngo\u00e0i th\u1eddi trang c\u00f3 c\u1ea5u tr\u00fac r\u1ee7 m\u00e0 kh\u00f4ng l\u00e0m gi\u1ea3m tr\u1ecdng l\u01b0\u1ee3ng.<\/p>","protected":false},"excerpt":{"rendered":"<p>1000 m\u00e9t (\u0110\u01a1n h\u00e0ng t\u1ed1i thi\u1ec3u)<\/p>","protected":false},"featured_media":8625,"comment_status":"closed","ping_status":"closed","template":"","meta":{"_uag_custom_page_level_css":"","site-sidebar-layout":"default","site-content-layout":"default","ast-site-content-layout":"default","site-content-style":"default","site-sidebar-style":"default","ast-global-header-display":"","ast-banner-title-visibility":"","ast-main-header-display":"","ast-hfb-above-header-display":"","ast-hfb-below-header-display":"","ast-hfb-mobile-header-display":"","site-post-title":"","ast-breadcrumbs-content":"","ast-featured-img":"","footer-sml-layout":"","theme-transparent-header-meta":"default","adv-header-id-meta":"","stick-header-meta":"default","header-above-stick-meta":"","header-main-stick-meta":"","header-below-stick-meta":"","astra-migrate-meta-layouts":"set","ast-page-background-enabled":"default","ast-page-background-meta":{"desktop":{"background-color":"","background-image":"","background-repeat":"repeat","background-position":"center center","background-size":"auto","background-attachment":"scroll","background-type":"","background-media":"","overlay-type":"","overlay-color":"","overlay-opacity":"","overlay-gradient":""},"tablet":{"background-color":"","background-image":"","background-repeat":"repeat","background-position":"center center","background-size":"auto","background-attachment":"scroll","background-type":"","background-media":"","overlay-type":"","overlay-color":"","overlay-opacity":"","overlay-gradient":""},"mobile":{"background-color":"","background-image":"","background-repeat":"repeat","background-position":"center center","background-size":"auto","background-attachment":"scroll","background-type":"","background-media":"","overlay-type":"","overlay-color":"","overlay-opacity":"","overlay-gradient":""}},"ast-content-background-meta":{"desktop":{"background-color":"var(--ast-global-color-5)","background-image":"","background-repeat":"repeat","background-position":"center center","background-size":"auto","background-attachment":"scroll","background-type":"","background-media":"","overlay-type":"","overlay-color":"","overlay-opacity":"","overlay-gradient":""},"tablet":{"background-color":"var(--ast-global-color-5)","background-image":"","background-repeat":"repeat","background-position":"center center","background-size":"auto","background-attachment":"scroll","background-type":"","background-media":"","overlay-type":"","overlay-color":"","overlay-opacity":"","overlay-gradient":""},"mobile":{"background-color":"var(--ast-global-color-5)","background-image":"","background-repeat":"repeat","background-position":"center center","background-size":"auto","background-attachment":"scroll","background-type":"","background-media":"","overlay-type":"","overlay-color":"","overlay-opacity":"","overlay-gradient":""}}},"product_brand":[],"product_cat":[1145,431,428,429,404],"product_tag":[],"class_list":{"0":"post-8624","1":"product","2":"type-product","3":"status-publish","4":"has-post-thumbnail","6":"product_cat-lightweight-fabric","7":"product_cat-fabric-for-commuting-clothing","8":"product_cat-fabric-for-outdoor-sports","9":"product_cat-fabric-for-sportswear","10":"product_cat-nylon-fabrics","11":"desktop-align-left","12":"tablet-align-left","13":"mobile-align-left","14":"ast-product-gallery-layout-vertical-slider","15":"ast-product-tabs-layout-horizontal","17":"first","18":"instock","19":"shipping-taxable","20":"product-type-simple"},"uagb_featured_image_src":{"full":["https:\/\/www.sikortex.com\/wp-content\/uploads\/2025\/04\/1-7.jpg",800,800,false],"thumbnail":["https:\/\/www.sikortex.com\/wp-content\/uploads\/2025\/04\/1-7-150x150.jpg",150,150,true],"medium":["https:\/\/www.sikortex.com\/wp-content\/uploads\/2025\/04\/1-7-300x300.jpg",300,300,true],"medium_large":["https:\/\/www.sikortex.com\/wp-content\/uploads\/2025\/04\/1-7-768x768.jpg",768,768,true],"large":["https:\/\/www.sikortex.com\/wp-content\/uploads\/2025\/04\/1-7.jpg",800,800,false],"1536x1536":["https:\/\/www.sikortex.com\/wp-content\/uploads\/2025\/04\/1-7.jpg",800,800,false],"2048x2048":["https:\/\/www.sikortex.com\/wp-content\/uploads\/2025\/04\/1-7.jpg",800,800,false],"trp-custom-language-flag":["https:\/\/www.sikortex.com\/wp-content\/uploads\/2025\/04\/1-7-12x12.jpg",12,12,true],"woocommerce_thumbnail":["https:\/\/www.sikortex.com\/wp-content\/uploads\/2025\/04\/1-7-300x300.jpg",300,300,true],"woocommerce_single":["https:\/\/www.sikortex.com\/wp-content\/uploads\/2025\/04\/1-7-600x600.jpg",600,600,true],"woocommerce_gallery_thumbnail":["https:\/\/www.sikortex.com\/wp-content\/uploads\/2025\/04\/1-7-100x100.jpg",100,100,true]},"uagb_author_info":{"display_name":"Sandy","author_link":"https:\/\/www.sikortex.com\/vi\/author\/"},"uagb_comment_info":0,"uagb_excerpt":"1000 Meters(Min.Order)","_links":{"self":[{"href":"https:\/\/www.sikortex.com\/vi\/wp-json\/wp\/v2\/product\/8624","targetHints":{"allow":["GET"]}}],"collection":[{"href":"https:\/\/www.sikortex.com\/vi\/wp-json\/wp\/v2\/product"}],"about":[{"href":"https:\/\/www.sikortex.com\/vi\/wp-json\/wp\/v2\/types\/product"}],"replies":[{"embeddable":true,"href":"https:\/\/www.sikortex.com\/vi\/wp-json\/wp\/v2\/comments?post=8624"}],"wp:featuredmedia":[{"embeddable":true,"href":"https:\/\/www.sikortex.com\/vi\/wp-json\/wp\/v2\/media\/8625"}],"wp:attachment":[{"href":"https:\/\/www.sikortex.com\/vi\/wp-json\/wp\/v2\/media?parent=8624"}],"wp:term":[{"taxonomy":"product_brand","embeddable":true,"href":"https:\/\/www.sikortex.com\/vi\/wp-json\/wp\/v2\/product_brand?post=8624"},{"taxonomy":"product_cat","embeddable":true,"href":"https:\/\/www.sikortex.com\/vi\/wp-json\/wp\/v2\/product_cat?post=8624"},{"taxonomy":"product_tag","embeddable":true,"href":"https:\/\/www.sikortex.com\/vi\/wp-json\/wp\/v2\/product_tag?post=8624"}],"curies":[{"name":"wp","href":"https:\/\/api.w.org\/{rel}","templated":true}]}}