{"id":8612,"date":"2025-04-23T13:08:19","date_gmt":"2025-04-23T05:08:19","guid":{"rendered":"https:\/\/www.sikortex.com\/?post_type=product&#038;p=8612"},"modified":"2025-04-25T14:31:38","modified_gmt":"2025-04-25T06:31:38","slug":"vai-tong-hop-tpu-cho-ao-khoac-chong-tham-nuoc","status":"publish","type":"product","link":"https:\/\/www.sikortex.com\/vi\/san-pham\/vai-tong-hop-tpu-cho-ao-khoac-chong-tham-nuoc\/","title":{"rendered":"V\u1ea3i thun T800 V\u1ea3i t\u1ed5ng h\u1ee3p TPU cho \u00e1o kho\u00e1c ch\u1ed1ng th\u1ea5m n\u01b0\u1edbc"},"content":{"rendered":"<div class=\"waterproof-fabric-article\">\n<p>\u0110\u01b0\u1ee3c thi\u1ebft k\u1ebf \u0111\u1ec3 c\u00f3 hi\u1ec7u su\u1ea5t v\u01b0\u1ee3t tr\u1ed9i, v\u1ea3i t\u1ed5ng h\u1ee3p TPU c\u1ee7a ch\u00fang t\u00f4i k\u1ebft h\u1ee3p \u0111\u1ed9 b\u1ec1n v\u1edbi s\u1ef1 tho\u1ea3i m\u00e1i \u0111\u1eb7c bi\u1ec7t, khi\u1ebfn n\u00f3 tr\u1edf th\u00e0nh lo\u1ea1i v\u1ea3i ho\u00e0n h\u1ea3o cho c\u00e1c \u1ee9ng d\u1ee5ng \u00e1o kho\u00e1c ch\u1ed1ng th\u1ea5m n\u01b0\u1edbc. V\u1eadt li\u1ec7u ti\u00ean ti\u1ebfn n\u00e0y mang l\u1ea1i kh\u1ea3 n\u0103ng b\u1ea3o v\u1ec7 cao c\u1ea5p m\u00e0 kh\u00f4ng \u1ea3nh h\u01b0\u1edfng \u0111\u1ebfn phong c\u00e1ch ho\u1eb7c kh\u1ea3 n\u0103ng di chuy\u1ec3n.<\/p>\n<h3>T\u00ednh ch\u1ea5t v\u1ea3i n\u1ed5i b\u1eadt<\/h3>\n<ul class=\"fabric-properties\">\n<li><strong>C\u00f3 c\u1ea5u tr\u00fac nh\u01b0ng m\u1ec1m m\u1ea1i<\/strong> \u2013 Gi\u1eef nguy\u00ean form d\u00e1ng nh\u01b0ng v\u1eabn tho\u1ea3i m\u00e1i khi m\u1eb7c<\/li>\n<li><strong>B\u1ea3o v\u1ec7 gi\u00f3 to\u00e0n di\u1ec7n<\/strong> \u2013 Ng\u0103n ch\u1eb7n gi\u00f3 m\u1ea1nh hi\u1ec7u qu\u1ea3<\/li>\n<li><strong>Kh\u00f4ng th\u1ea5m n\u01b0\u1edbc v\u00e0 tho\u00e1ng kh\u00ed<\/strong> \u2013 L\u1edbp TPU \u0111\u1ea9y n\u01b0\u1edbc nh\u01b0ng v\u1eabn cho ph\u00e9p h\u01a1i n\u01b0\u1edbc tho\u00e1t ra ngo\u00e0i<\/li>\n<li><strong>\u0110\u1ed9 \u0111\u00e0n h\u1ed3i tuy\u1ec7t v\u1eddi<\/strong> \u2013 \u0110\u1ed9 gi\u00e3n d\u00e0i 20-25% cho s\u1ef1 di chuy\u1ec3n t\u1ef1 do<\/li>\n<\/ul>\n<h3>\u1ee8ng d\u1ee5ng cao c\u1ea5p<\/h3>\n<div class=\"applications-grid\">\n<div class=\"application-item\">\n<h4>Qu\u1ea7n \u00e1o b\u1ea3o h\u1ed9 lao \u0111\u1ed9ng th\u1eddi ti\u1ebft kh\u1eafc nghi\u1ec7t<\/h4>\n<p>L\u00fd t\u01b0\u1edfng cho qu\u1ea7n \u00e1o b\u1ea3o h\u1ed9 trong ng\u00e0nh x\u00e2y d\u1ef1ng v\u00e0 ti\u1ec7n \u00edch<\/p>\n<\/div>\n<div class=\"application-item\">\n<h4>Trang ph\u1ee5c ngo\u00e0i tr\u1eddi k\u1ef9 thu\u1eadt<\/h4>\n<p>Ho\u00e0n h\u1ea3o cho \u00e1o kho\u00e1c \u0111i b\u1ed9 \u0111\u01b0\u1eddng d\u00e0i v\u00e0 \u0111\u1ed3 d\u00f9ng th\u00e1m hi\u1ec3m<\/p>\n<\/div>\n<div class=\"application-item\">\n<h4>Th\u1eddi trang \u00e1o kho\u00e1c ngo\u00e0i<\/h4>\n<p>\u00c1o kho\u00e1c parka th\u1eddi trang v\u00e0 \u00e1o kho\u00e1c hi\u1ec7n \u0111\u1ea1i<\/p>\n<\/div>\n<div class=\"application-item\">\n<h4>Thi\u1ebft b\u1ecb c\u01b0\u1ee1i ng\u1ef1a<\/h4>\n<p>Ch\u0103n b\u1ec1n b\u1ec9 b\u1ea3o v\u1ec7 trong m\u1ecdi th\u1eddi ti\u1ebft<\/p>\n<\/div>\n<\/div>\n<h3>T\u1ea1i sao n\u00ean ch\u1ecdn v\u1ea3i t\u1ed5ng h\u1ee3p TPU c\u1ee7a ch\u00fang t\u00f4i?<\/h3>\n<p>V\u1ea3i t\u1ed5ng h\u1ee3p TPU \u0111\u00e0n h\u1ed3i T800 n\u1ed5i b\u1eadt v\u1edbi s\u1ef1 k\u1ebft h\u1ee3p \u0111\u1ed9c \u0111\u00e1o gi\u1eefa hi\u1ec7u su\u1ea5t k\u1ef9 thu\u1eadt v\u00e0 s\u1ef1 tho\u1ea3i m\u00e1i c\u1ee7a ng\u01b0\u1eddi m\u1eb7c. L\u00e0 lo\u1ea1i v\u1ea3i cao c\u1ea5p d\u00f9ng \u0111\u1ec3 s\u1ea3n xu\u1ea5t \u00e1o kho\u00e1c ch\u1ed1ng th\u1ea5m n\u01b0\u1edbc, n\u00f3 c\u00f3 \u0111\u1ed9 b\u1ec1n v\u01b0\u1ee3t tr\u1ed9i so v\u1edbi c\u00e1c v\u1eadt li\u1ec7u ti\u00eau chu\u1ea9n trong khi v\u1eabn duy tr\u00ec \u0111\u01b0\u1ee3c \u0111\u1eb7c t\u00ednh co gi\u00e3n tuy\u1ec7t v\u1eddi.<\/p>\n<div class=\"technical-benefits\">\n<p><strong>\u01afu \u0111i\u1ec3m k\u1ef9 thu\u1eadt:<\/strong> Kh\u1ea3 n\u0103ng ch\u1ed1ng r\u00e1ch \u2022 Th\u00edch \u1ee9ng v\u1edbi nhi\u1ec7t \u0111\u1ed9 \u2022 Ki\u1ec3m so\u00e1t \u0111\u1ed9 \u1ea9m \u2022 Gi\u1eef nguy\u00ean h\u00ecnh d\u1ea1ng \u2022 Hi\u1ec7u su\u1ea5t ch\u1ed1ng th\u1ea5m n\u01b0\u1edbc l\u00e2u d\u00e0i<\/p>\n<\/div>\n<\/div>","protected":false},"excerpt":{"rendered":"<p>1000 m\u00e9t (\u0110\u01a1n h\u00e0ng t\u1ed1i thi\u1ec3u)<\/p>","protected":false},"featured_media":8616,"comment_status":"closed","ping_status":"closed","template":"","meta":{"_uag_custom_page_level_css":"","site-sidebar-layout":"default","site-content-layout":"default","ast-site-content-layout":"default","site-content-style":"default","site-sidebar-style":"default","ast-global-header-display":"","ast-banner-title-visibility":"","ast-main-header-display":"","ast-hfb-above-header-display":"","ast-hfb-below-header-display":"","ast-hfb-mobile-header-display":"","site-post-title":"","ast-breadcrumbs-content":"","ast-featured-img":"","footer-sml-layout":"","theme-transparent-header-meta":"default","adv-header-id-meta":"","stick-header-meta":"default","header-above-stick-meta":"","header-main-stick-meta":"","header-below-stick-meta":"","astra-migrate-meta-layouts":"set","ast-page-background-enabled":"default","ast-page-background-meta":{"desktop":{"background-color":"","background-image":"","background-repeat":"repeat","background-position":"center center","background-size":"auto","background-attachment":"scroll","background-type":"","background-media":"","overlay-type":"","overlay-color":"","overlay-opacity":"","overlay-gradient":""},"tablet":{"background-color":"","background-image":"","background-repeat":"repeat","background-position":"center center","background-size":"auto","background-attachment":"scroll","background-type":"","background-media":"","overlay-type":"","overlay-color":"","overlay-opacity":"","overlay-gradient":""},"mobile":{"background-color":"","background-image":"","background-repeat":"repeat","background-position":"center center","background-size":"auto","background-attachment":"scroll","background-type":"","background-media":"","overlay-type":"","overlay-color":"","overlay-opacity":"","overlay-gradient":""}},"ast-content-background-meta":{"desktop":{"background-color":"var(--ast-global-color-5)","background-image":"","background-repeat":"repeat","background-position":"center center","background-size":"auto","background-attachment":"scroll","background-type":"","background-media":"","overlay-type":"","overlay-color":"","overlay-opacity":"","overlay-gradient":""},"tablet":{"background-color":"var(--ast-global-color-5)","background-image":"","background-repeat":"repeat","background-position":"center center","background-size":"auto","background-attachment":"scroll","background-type":"","background-media":"","overlay-type":"","overlay-color":"","overlay-opacity":"","overlay-gradient":""},"mobile":{"background-color":"var(--ast-global-color-5)","background-image":"","background-repeat":"repeat","background-position":"center center","background-size":"auto","background-attachment":"scroll","background-type":"","background-media":"","overlay-type":"","overlay-color":"","overlay-opacity":"","overlay-gradient":""}}},"product_brand":[],"product_cat":[403,431,1183,428,429,421,420,414],"product_tag":[],"class_list":{"0":"post-8612","1":"product","2":"type-product","3":"status-publish","4":"has-post-thumbnail","6":"product_cat-polyester-fabrics","7":"product_cat-fabric-for-commuting-clothing","8":"product_cat-fabric-for-horse-blankets","9":"product_cat-fabric-for-outdoor-sports","10":"product_cat-fabric-for-sportswear","11":"product_cat-foul-weather-fabrics","12":"product_cat-stretch-fabrics","13":"product_cat-waterproof-fabrics","14":"pa_available_colors-911052-spc","15":"desktop-align-left","16":"tablet-align-left","17":"mobile-align-left","18":"ast-product-gallery-layout-vertical-slider","19":"ast-product-tabs-layout-horizontal","21":"first","22":"instock","23":"shipping-taxable","24":"product-type-simple"},"uagb_featured_image_src":{"full":["https:\/\/www.sikortex.com\/wp-content\/uploads\/2025\/04\/IMG_0746-scaled.jpg",2560,2560,false],"thumbnail":["https:\/\/www.sikortex.com\/wp-content\/uploads\/2025\/04\/IMG_0746-150x150.jpg",150,150,true],"medium":["https:\/\/www.sikortex.com\/wp-content\/uploads\/2025\/04\/IMG_0746-300x300.jpg",300,300,true],"medium_large":["https:\/\/www.sikortex.com\/wp-content\/uploads\/2025\/04\/IMG_0746-768x768.jpg",768,768,true],"large":["https:\/\/www.sikortex.com\/wp-content\/uploads\/2025\/04\/IMG_0746-1024x1024.jpg",1024,1024,true],"1536x1536":["https:\/\/www.sikortex.com\/wp-content\/uploads\/2025\/04\/IMG_0746-1536x1536.jpg",1536,1536,true],"2048x2048":["https:\/\/www.sikortex.com\/wp-content\/uploads\/2025\/04\/IMG_0746-2048x2048.jpg",2048,2048,true],"trp-custom-language-flag":["https:\/\/www.sikortex.com\/wp-content\/uploads\/2025\/04\/IMG_0746-12x12.jpg",12,12,true],"woocommerce_thumbnail":["https:\/\/www.sikortex.com\/wp-content\/uploads\/2025\/04\/IMG_0746-300x300.jpg",300,300,true],"woocommerce_single":["https:\/\/www.sikortex.com\/wp-content\/uploads\/2025\/04\/IMG_0746-600x600.jpg",600,600,true],"woocommerce_gallery_thumbnail":["https:\/\/www.sikortex.com\/wp-content\/uploads\/2025\/04\/IMG_0746-100x100.jpg",100,100,true]},"uagb_author_info":{"display_name":"Sandy","author_link":"https:\/\/www.sikortex.com\/vi\/author\/"},"uagb_comment_info":0,"uagb_excerpt":"1000 Meters(Min.Order)","_links":{"self":[{"href":"https:\/\/www.sikortex.com\/vi\/wp-json\/wp\/v2\/product\/8612","targetHints":{"allow":["GET"]}}],"collection":[{"href":"https:\/\/www.sikortex.com\/vi\/wp-json\/wp\/v2\/product"}],"about":[{"href":"https:\/\/www.sikortex.com\/vi\/wp-json\/wp\/v2\/types\/product"}],"replies":[{"embeddable":true,"href":"https:\/\/www.sikortex.com\/vi\/wp-json\/wp\/v2\/comments?post=8612"}],"wp:featuredmedia":[{"embeddable":true,"href":"https:\/\/www.sikortex.com\/vi\/wp-json\/wp\/v2\/media\/8616"}],"wp:attachment":[{"href":"https:\/\/www.sikortex.com\/vi\/wp-json\/wp\/v2\/media?parent=8612"}],"wp:term":[{"taxonomy":"product_brand","embeddable":true,"href":"https:\/\/www.sikortex.com\/vi\/wp-json\/wp\/v2\/product_brand?post=8612"},{"taxonomy":"product_cat","embeddable":true,"href":"https:\/\/www.sikortex.com\/vi\/wp-json\/wp\/v2\/product_cat?post=8612"},{"taxonomy":"product_tag","embeddable":true,"href":"https:\/\/www.sikortex.com\/vi\/wp-json\/wp\/v2\/product_tag?post=8612"}],"curies":[{"name":"wp","href":"https:\/\/api.w.org\/{rel}","templated":true}]}}