{"id":8577,"date":"2025-04-23T12:32:26","date_gmt":"2025-04-23T04:32:26","guid":{"rendered":"https:\/\/www.sikortex.com\/?post_type=product&#038;p=8577"},"modified":"2025-04-23T13:51:29","modified_gmt":"2025-04-23T05:51:29","slug":"vai-thun-nylon-cho-quan-the-thao","status":"publish","type":"product","link":"https:\/\/www.sikortex.com\/vi\/san-pham\/vai-thun-nylon-cho-quan-the-thao\/","title":{"rendered":"V\u1ea3i thun nylon cho qu\u1ea7n v\u00e0 \u00e1o kho\u00e1c th\u1ec3 thao"},"content":{"rendered":"<p>&nbsp;<\/p>\n<style>\n        body {<br \/>            font-family: 'Segoe UI', Roboto, sans-serif;<br \/>            line-height: 1.6;<br \/>            color: #333;<br \/>            max-width: 900px;<br \/>            margin: 0 auto;<br \/>            padding: 25px;<br \/>            background-color: #f8f9fa;<br \/>        }<br \/>        h2 {<br \/>            color: #2c3e50;<br \/>            font-size: 24px;<br \/>            margin-bottom: 20px;<br \/>            padding-bottom: 10px;<br \/>            border-bottom: 2px solid #3498db;<br \/>        }<br \/>        .intro-text {<br \/>            font-size: 16px;<br \/>            margin-bottom: 25px;<br \/>        }<br \/>        .feature-container {<br \/>            background: white;<br \/>            border-radius: 8px;<br \/>            padding: 20px;<br \/>            box-shadow: 0 2px 10px rgba(0,0,0,0.05);<br \/>            margin-bottom: 25px;<br \/>        }<br \/>        .feature-item {<br \/>            margin-bottom: 15px;<br \/>            padding-left: 25px;<br \/>            position: relative;<br \/>            line-height: 1.5;<br \/>        }<br \/>        .feature-item:before {<br \/>            content: \"\u2192\";<br \/>            color: #3498db;<br \/>            position: absolute;<br \/>            left: 5px;<br \/>        }<br \/>        .highlight {<br \/>            color: #2980b9;<br \/>            font-weight: 600;<br \/>        }<br \/>        .conclusion {<br \/>            background-color: #eaf2f8;<br \/>            padding: 15px;<br \/>            border-left: 4px solid #3498db;<br \/>            font-size: 15px;<br \/>        }<br \/>    <\/style>\n<p>&nbsp;<\/p>\n<h2>V\u1ea3i thun nylon cho qu\u1ea7n v\u00e0 \u00e1o kho\u00e1c th\u1ec3 thao<\/h2>\n<p class=\"intro-text\">\u0110\u01b0\u1ee3c thi\u1ebft k\u1ebf cho hi\u1ec7u su\u1ea5t v\u00e0 phong c\u00e1ch, <span class=\"highlight\">v\u1ea3i thun nylon<\/span> l\u00e0 s\u1ef1 l\u1ef1a ch\u1ecdn ho\u00e0n h\u1ea3o cho trang ph\u1ee5c th\u1ec3 thao hi\u1ec7n \u0111\u1ea1i. \u0110\u01b0\u1ee3c thi\u1ebft k\u1ebf \u0111\u1eb7c bi\u1ec7t cho <span class=\"highlight\">qu\u1ea7n v\u00e0 \u00e1o kho\u00e1c th\u1ec3 thao<\/span>V\u1eadt li\u1ec7u c\u1ea3i ti\u1ebfn n\u00e0y k\u1ebft h\u1ee3p ch\u1ee9c n\u0103ng k\u1ef9 thu\u1eadt v\u1edbi t\u00ednh th\u1ea9m m\u1ef9 \u0111\u01b0\u01a1ng \u0111\u1ea1i \u0111\u1ec3 \u0111\u00e1p \u1ee9ng nhu c\u1ea7u c\u1ee7a l\u1ed1i s\u1ed1ng n\u0103ng \u0111\u1ed9ng.<\/p>\n<div class=\"feature-container\">\n<div class=\"feature-item\"><strong>K\u1ebft c\u1ea5u th\u1eddi trang, h\u01a1i nh\u0103n:<\/strong> Thi\u1ebft k\u1ebf c\u00f3 k\u1ebft c\u1ea5u c\u1ed1 \u00fd c\u00f9ng nh\u1eefng n\u1ebfp nh\u0103n tinh t\u1ebf c\u1ee7a v\u1ea3i t\u1ea1o n\u00ean v\u1ebb ngo\u00e0i hi\u1ec7n \u0111\u1ea1i, s\u1ed1ng \u0111\u1ed9ng \u0111ang l\u00e0 xu h\u01b0\u1edbng trong th\u1eddi trang th\u1ec3 thao.<\/div>\n<div class=\"feature-item\"><strong>C\u1ea3m gi\u00e1c m\u1ec1m m\u1ea1i v\u1edbi ch\u1ee9c n\u0103ng k\u00e9p:<\/strong> C\u1ea3m gi\u00e1c m\u1ec1m m\u1ea1i, ch\u1ee9c n\u0103ng k\u00e9p: Sau khi x\u1eed l\u00fd \u0111\u1eb7c bi\u1ec7t, s\u1ea3n ph\u1ea9m c\u00f3 ch\u1ee9c n\u0103ng ch\u1ed1ng th\u1ea5m n\u01b0\u1edbc c\u1ea7n thi\u1ebft cho c\u00e1c m\u00f4n th\u1ec3 thao ngo\u00e0i tr\u1eddi v\u00e0 ch\u00fang ta c\u0169ng c\u00f3 th\u1ec3 t\u00f9y ch\u1ec9nh ch\u1ee9c n\u0103ng th\u1ea5m h\u00fat \u0111\u1ed9 \u1ea9m v\u00e0 tho\u00e1t m\u1ed3 h\u00f4i \u0111\u1ec3 b\u1ea1n lu\u00f4n kh\u00f4 r\u00e1o khi t\u1eadp th\u1ec3 d\u1ee5c c\u01b0\u1eddng \u0111\u1ed9 cao.<\/div>\n<div class=\"feature-item\"><strong>C\u1ea5u tr\u00fac \u0111\u00e0n h\u1ed3i s\u1ee3i ngang:<\/strong> Cung c\u1ea5p \u0111\u1ed9 co gi\u00e3n v\u00e0 ph\u1ee5c h\u1ed3i tuy\u1ec7t v\u1eddi theo h\u01b0\u1edbng ngang, \u0111\u1ea3m b\u1ea3o s\u1ef1 t\u1ef1 do chuy\u1ec3n \u0111\u1ed9ng t\u1ed1i \u01b0u cho ho\u1ea1t \u0111\u1ed9ng th\u1ec3 thao trong khi v\u1eabn duy tr\u00ec \u0111\u01b0\u1ee3c h\u00ecnh d\u00e1ng.<\/div>\n<\/div>\n<div class=\"conclusion\">L\u00fd t\u01b0\u1edfng cho trang ph\u1ee5c hi\u1ec7u su\u1ea5t, <span class=\"highlight\">v\u1ea3i thun nylon<\/span> mang l\u1ea1i s\u1ef1 c\u00e2n b\u1eb1ng ho\u00e0n h\u1ea3o gi\u1eefa s\u1ef1 tho\u1ea3i m\u00e1i, ch\u1ee9c n\u0103ng v\u00e0 phong c\u00e1ch. Cho d\u00f9 t\u1ea1o ra qu\u1ea7n ch\u1ea1y b\u1ed9 nh\u1eb9 hay \u00e1o kho\u00e1c t\u1eadp luy\u1ec7n tho\u00e1ng kh\u00ed, n\u00f3 \u0111\u1ec1u cung c\u1ea5p cho c\u00e1c nh\u00e0 thi\u1ebft k\u1ebf nh\u1eefng gi\u1ea3i ph\u00e1p \u0111a n\u0103ng cho th\u1ecb tr\u01b0\u1eddng \u0111\u1ed3 th\u1ec3 thao ng\u00e0y nay.<\/div>\n<p>&nbsp;<\/p>","protected":false},"excerpt":{"rendered":"<p>1000 m\u00e9t (\u0110\u01a1n h\u00e0ng t\u1ed1i thi\u1ec3u)<\/p>","protected":false},"featured_media":8583,"comment_status":"closed","ping_status":"closed","template":"","meta":{"_uag_custom_page_level_css":"","site-sidebar-layout":"default","site-content-layout":"default","ast-site-content-layout":"default","site-content-style":"default","site-sidebar-style":"default","ast-global-header-display":"","ast-banner-title-visibility":"","ast-main-header-display":"","ast-hfb-above-header-display":"","ast-hfb-below-header-display":"","ast-hfb-mobile-header-display":"","site-post-title":"","ast-breadcrumbs-content":"","ast-featured-img":"","footer-sml-layout":"","theme-transparent-header-meta":"default","adv-header-id-meta":"","stick-header-meta":"default","header-above-stick-meta":"","header-main-stick-meta":"","header-below-stick-meta":"","astra-migrate-meta-layouts":"set","ast-page-background-enabled":"default","ast-page-background-meta":{"desktop":{"background-color":"","background-image":"","background-repeat":"repeat","background-position":"center center","background-size":"auto","background-attachment":"scroll","background-type":"","background-media":"","overlay-type":"","overlay-color":"","overlay-opacity":"","overlay-gradient":""},"tablet":{"background-color":"","background-image":"","background-repeat":"repeat","background-position":"center center","background-size":"auto","background-attachment":"scroll","background-type":"","background-media":"","overlay-type":"","overlay-color":"","overlay-opacity":"","overlay-gradient":""},"mobile":{"background-color":"","background-image":"","background-repeat":"repeat","background-position":"center center","background-size":"auto","background-attachment":"scroll","background-type":"","background-media":"","overlay-type":"","overlay-color":"","overlay-opacity":"","overlay-gradient":""}},"ast-content-background-meta":{"desktop":{"background-color":"var(--ast-global-color-5)","background-image":"","background-repeat":"repeat","background-position":"center center","background-size":"auto","background-attachment":"scroll","background-type":"","background-media":"","overlay-type":"","overlay-color":"","overlay-opacity":"","overlay-gradient":""},"tablet":{"background-color":"var(--ast-global-color-5)","background-image":"","background-repeat":"repeat","background-position":"center center","background-size":"auto","background-attachment":"scroll","background-type":"","background-media":"","overlay-type":"","overlay-color":"","overlay-opacity":"","overlay-gradient":""},"mobile":{"background-color":"var(--ast-global-color-5)","background-image":"","background-repeat":"repeat","background-position":"center center","background-size":"auto","background-attachment":"scroll","background-type":"","background-media":"","overlay-type":"","overlay-color":"","overlay-opacity":"","overlay-gradient":""}}},"product_brand":[],"product_cat":[404,431,423,428,429,420],"product_tag":[],"class_list":{"0":"post-8577","1":"product","2":"type-product","3":"status-publish","4":"has-post-thumbnail","6":"product_cat-nylon-fabrics","7":"product_cat-fabric-for-commuting-clothing","8":"product_cat-fabric-for-military-police","9":"product_cat-fabric-for-outdoor-sports","10":"product_cat-fabric-for-sportswear","11":"product_cat-stretch-fabrics","12":"pa_available_colors-911052-spc","13":"desktop-align-left","14":"tablet-align-left","15":"mobile-align-left","16":"ast-product-gallery-layout-vertical-slider","17":"ast-product-tabs-layout-horizontal","19":"first","20":"instock","21":"shipping-taxable","22":"product-type-simple"},"uagb_featured_image_src":{"full":["https:\/\/www.sikortex.com\/wp-content\/uploads\/2025\/04\/5-2.jpg",800,800,false],"thumbnail":["https:\/\/www.sikortex.com\/wp-content\/uploads\/2025\/04\/5-2-150x150.jpg",150,150,true],"medium":["https:\/\/www.sikortex.com\/wp-content\/uploads\/2025\/04\/5-2-300x300.jpg",300,300,true],"medium_large":["https:\/\/www.sikortex.com\/wp-content\/uploads\/2025\/04\/5-2-768x768.jpg",768,768,true],"large":["https:\/\/www.sikortex.com\/wp-content\/uploads\/2025\/04\/5-2.jpg",800,800,false],"1536x1536":["https:\/\/www.sikortex.com\/wp-content\/uploads\/2025\/04\/5-2.jpg",800,800,false],"2048x2048":["https:\/\/www.sikortex.com\/wp-content\/uploads\/2025\/04\/5-2.jpg",800,800,false],"trp-custom-language-flag":["https:\/\/www.sikortex.com\/wp-content\/uploads\/2025\/04\/5-2-12x12.jpg",12,12,true],"woocommerce_thumbnail":["https:\/\/www.sikortex.com\/wp-content\/uploads\/2025\/04\/5-2-300x300.jpg",300,300,true],"woocommerce_single":["https:\/\/www.sikortex.com\/wp-content\/uploads\/2025\/04\/5-2-600x600.jpg",600,600,true],"woocommerce_gallery_thumbnail":["https:\/\/www.sikortex.com\/wp-content\/uploads\/2025\/04\/5-2-100x100.jpg",100,100,true]},"uagb_author_info":{"display_name":"Sandy","author_link":"https:\/\/www.sikortex.com\/vi\/author\/"},"uagb_comment_info":0,"uagb_excerpt":"1000 Meters(Min.Order)","_links":{"self":[{"href":"https:\/\/www.sikortex.com\/vi\/wp-json\/wp\/v2\/product\/8577","targetHints":{"allow":["GET"]}}],"collection":[{"href":"https:\/\/www.sikortex.com\/vi\/wp-json\/wp\/v2\/product"}],"about":[{"href":"https:\/\/www.sikortex.com\/vi\/wp-json\/wp\/v2\/types\/product"}],"replies":[{"embeddable":true,"href":"https:\/\/www.sikortex.com\/vi\/wp-json\/wp\/v2\/comments?post=8577"}],"wp:featuredmedia":[{"embeddable":true,"href":"https:\/\/www.sikortex.com\/vi\/wp-json\/wp\/v2\/media\/8583"}],"wp:attachment":[{"href":"https:\/\/www.sikortex.com\/vi\/wp-json\/wp\/v2\/media?parent=8577"}],"wp:term":[{"taxonomy":"product_brand","embeddable":true,"href":"https:\/\/www.sikortex.com\/vi\/wp-json\/wp\/v2\/product_brand?post=8577"},{"taxonomy":"product_cat","embeddable":true,"href":"https:\/\/www.sikortex.com\/vi\/wp-json\/wp\/v2\/product_cat?post=8577"},{"taxonomy":"product_tag","embeddable":true,"href":"https:\/\/www.sikortex.com\/vi\/wp-json\/wp\/v2\/product_tag?post=8577"}],"curies":[{"name":"wp","href":"https:\/\/api.w.org\/{rel}","templated":true}]}}