{"id":8563,"date":"2025-04-23T11:15:38","date_gmt":"2025-04-23T03:15:38","guid":{"rendered":"https:\/\/www.sikortex.com\/?post_type=product&#038;p=8563"},"modified":"2025-04-23T12:46:39","modified_gmt":"2025-04-23T04:46:39","slug":"vai-tricot-tpu-nhieu-lop-nguy-trang","status":"publish","type":"product","link":"https:\/\/www.sikortex.com\/vi\/san-pham\/vai-tricot-tpu-nhieu-lop-nguy-trang\/","title":{"rendered":"V\u1ea3i Tricot TPU nhi\u1ec1u l\u1edbp ng\u1ee5y trang Polyester cho qu\u00e2n ph\u1ee5c"},"content":{"rendered":"<h2>V\u1ea3i Tricot TPU nhi\u1ec1u l\u1edbp ng\u1ee5y trang Polyester hi\u1ec7u su\u1ea5t cao d\u00e0nh cho qu\u00e2n ph\u1ee5c<\/h2>\n<p>V\u1ea3i tricot TPU nhi\u1ec1u l\u1edbp ng\u1ee5y trang polyester ti\u00ean ti\u1ebfn c\u1ee7a ch\u00fang t\u00f4i \u0111\u01b0\u1ee3c thi\u1ebft k\u1ebf \u0111\u1ec3 \u0111\u00e1p \u1ee9ng nhu c\u1ea7u kh\u1eaft khe c\u1ee7a c\u00e1c \u1ee9ng d\u1ee5ng qu\u00e2n s\u1ef1 hi\u1ec7n \u0111\u1ea1i. Lo\u1ea1i v\u1ea3i cao c\u1ea5p n\u00e0y k\u1ebft h\u1ee3p \u0111\u1ed9 b\u1ec1n v\u01b0\u1ee3t tr\u1ed9i v\u1edbi \u0111\u1eb7c t\u00ednh ch\u1ed1ng th\u1ea5m n\u01b0\u1edbc v\u00e0 tho\u00e1ng kh\u00ed v\u01b0\u1ee3t tr\u1ed9i, l\u00fd t\u01b0\u1edfng cho \u0111\u1ed3ng ph\u1ee5c chi\u1ebfn thu\u1eadt v\u00e0 thi\u1ebft b\u1ecb ngo\u00e0i tr\u1eddi chuy\u00ean d\u1ee5ng.<\/p>\n<h3>C\u00e1c t\u00ednh n\u0103ng ch\u00ednh:<\/h3>\n<ul>\n<li><strong>\u0110\u1ed9 b\u1ec1n \u0111\u1ea1t chu\u1ea9n qu\u00e2n \u0111\u1ed9i:<\/strong> K\u1ebft c\u1ea5u gia c\u1ed1 ch\u1ecbu \u0111\u01b0\u1ee3c \u0111i\u1ec1u ki\u1ec7n kh\u1eafc nghi\u1ec7t v\u00e0 s\u1eed d\u1ee5ng nhi\u1ec1u l\u1ea7n<\/li>\n<li><strong>Hi\u1ec7u su\u1ea5t ch\u1ed1ng th\u1ea5m n\u01b0\u1edbc\/tho\u00e1ng kh\u00ed ti\u00ean ti\u1ebfn:<\/strong> \u0110\u00e1p \u1ee9ng c\u00e1c ti\u00eau chu\u1ea9n c\u00f4ng nghi\u1ec7p nghi\u00eam ng\u1eb7t c\u1ee7a Nh\u1eadt B\u1ea3n<\/li>\n<li><strong>Thi\u1ebft k\u1ebf c\u00f3 th\u1ec3 t\u00f9y ch\u1ec9nh:<\/strong> C\u00f3 s\u1eb5n v\u1edbi k\u1ef9 thu\u1eadt s\u1ed1 ho\u1eb7c in l\u1ee5a \u0111\u1ec3 c\u00f3 c\u00e1c m\u1eabu ng\u1ee5y trang ho\u00e0n h\u1ea3o<\/li>\n<li><strong>Ch\u1ee9c n\u0103ng chi\u1ebfn thu\u1eadt:<\/strong> \u0110\u01b0\u1ee3c t\u1ed1i \u01b0u h\u00f3a cho t\u00ednh di \u0111\u1ed9ng v\u00e0 s\u1ef1 tho\u1ea3i m\u00e1i trong c\u00e1c ho\u1ea1t \u0111\u1ed9ng th\u1ef1c \u0111\u1ecba<\/li>\n<\/ul>\n<div class=\"specs-table\">\n<table>\n<tbody>\n<tr>\n<th>\u0110\u1eb7c \u0111i\u1ec3m k\u1ef9 thu\u1eadt<\/th>\n<th>\u0110o l\u01b0\u1eddng hi\u1ec7u su\u1ea5t<\/th>\n<th>Ti\u00eau chu\u1ea9n th\u1eed nghi\u1ec7m<\/th>\n<\/tr>\n<tr>\n<td>S\u1ee9c c\u1ea3n th\u1ee7y t\u0129nh<\/td>\n<td>15.000 mmH\u2082O<\/td>\n<td>Ti\u00eau chu\u1ea9n c\u00f4ng nghi\u1ec7p Nh\u1eadt B\u1ea3n<\/td>\n<\/tr>\n<tr>\n<td>Truy\u1ec1n h\u01a1i \u1ea9m<\/td>\n<td>15.000 g\/m\u00b2\/24 gi\u1edd<\/td>\n<td>Ti\u00eau chu\u1ea9n c\u00f4ng nghi\u1ec7p Nh\u1eadt B\u1ea3n<\/td>\n<\/tr>\n<\/tbody>\n<\/table>\n<\/div>\n<h3>T\u00f9y ch\u1ecdn in t\u00f9y ch\u1ec9nh<\/h3>\n<p>Ch\u00fang t\u00f4i cung c\u1ea5p d\u1ecbch v\u1ee5 t\u00f9y ch\u1ec9nh ho\u00e0n to\u00e0n c\u00e1c m\u1eabu ng\u1ee5y trang th\u00f4ng qua:<\/p>\n<ul>\n<li><strong>In k\u1ef9 thu\u1eadt s\u1ed1:<\/strong> C\u00e1c m\u1eabu c\u00f3 \u0111\u1ed9 ph\u00e2n gi\u1ea3i cao v\u1edbi c\u00e1c t\u00f9y ch\u1ecdn m\u00e0u s\u1eafc kh\u00f4ng gi\u1edbi h\u1ea1n v\u00e0 c\u00e1c chi ti\u1ebft ph\u1ee9c t\u1ea1p<\/li>\n<li><strong>In l\u1ee5a:<\/strong> Ph\u01b0\u01a1ng ph\u00e1p truy\u1ec1n th\u1ed1ng cho c\u00e1c \u0111\u01a1n h\u00e0ng s\u1ed1 l\u01b0\u1ee3ng l\u1edbn v\u1edbi m\u00e0u s\u1eafc \u0111\u1ed3ng nh\u1ea5t<\/li>\n<\/ul>\n<p>V\u1ea3i polyester\/TPU nhi\u1ec1u l\u1edbp n\u00e0y l\u00e0 l\u1ef1a ch\u1ecdn t\u1ed1i \u01b0u cho c\u00e1c nh\u00e0 th\u1ea7u qu\u00e2n s\u1ef1, nh\u00e0 s\u1ea3n xu\u1ea5t \u0111\u1ed3ng ph\u1ee5c v\u00e0 nh\u00e0 s\u1ea3n xu\u1ea5t thi\u1ebft b\u1ecb chi\u1ebfn thu\u1eadt \u0111\u00f2i h\u1ecfi hi\u1ec7u su\u1ea5t \u0111\u00e1ng tin c\u1eady trong m\u00f4i tr\u01b0\u1eddng \u0111\u1ea7y th\u00e1ch th\u1ee9c. L\u1edbp v\u1ea3i l\u00f3t tricot mang l\u1ea1i s\u1ef1 tho\u1ea3i m\u00e1i \u0111\u1eb7c bi\u1ec7t trong khi v\u1eabn duy tr\u00ec t\u00ednh to\u00e0n v\u1eb9n v\u1ec1 m\u1eb7t c\u1ea5u tr\u00fac c\u1ea7n thi\u1ebft cho vi\u1ec7c s\u1eed d\u1ee5ng ngo\u00e0i tr\u1eddi trong th\u1eddi gian d\u00e0i.<\/p>\n<p>H\u00e3y li\u00ean h\u1ec7 v\u1edbi ch\u00fang t\u00f4i ngay h\u00f4m nay \u0111\u1ec3 th\u1ea3o lu\u1eadn v\u1ec1 c\u00e1c y\u00eau c\u1ea7u c\u1ee5 th\u1ec3 c\u1ee7a b\u1ea1n \u0111\u1ed1i v\u1edbi c\u00e1c gi\u1ea3i ph\u00e1p v\u1ea3i ng\u1ee5y trang t\u00f9y ch\u1ec9nh. \u0110\u1ed9i ng\u0169 k\u1ef9 thu\u1eadt c\u1ee7a ch\u00fang t\u00f4i c\u00f3 th\u1ec3 h\u1ed7 tr\u1ee3 ph\u00e1t tri\u1ec3n m\u1eabu, th\u00f4ng s\u1ed1 k\u1ef9 thu\u1eadt hi\u1ec7u su\u1ea5t v\u00e0 s\u1ea3n xu\u1ea5t s\u1ed1 l\u01b0\u1ee3ng l\u1edbn \u0111\u1ec3 \u0111\u00e1p \u1ee9ng ch\u00ednh x\u00e1c nhu c\u1ea7u c\u1ee7a b\u1ea1n.<\/p>\n<p>&nbsp;<\/p>","protected":false},"excerpt":{"rendered":"<p>1000 m\u00e9t (\u0110\u01a1n h\u00e0ng t\u1ed1i thi\u1ec3u)<\/p>","protected":false},"featured_media":8540,"comment_status":"closed","ping_status":"closed","template":"","meta":{"_uag_custom_page_level_css":"","site-sidebar-layout":"default","site-content-layout":"default","ast-site-content-layout":"default","site-content-style":"default","site-sidebar-style":"default","ast-global-header-display":"","ast-banner-title-visibility":"","ast-main-header-display":"","ast-hfb-above-header-display":"","ast-hfb-below-header-display":"","ast-hfb-mobile-header-display":"","site-post-title":"","ast-breadcrumbs-content":"","ast-featured-img":"","footer-sml-layout":"","theme-transparent-header-meta":"default","adv-header-id-meta":"","stick-header-meta":"default","header-above-stick-meta":"","header-main-stick-meta":"","header-below-stick-meta":"","astra-migrate-meta-layouts":"set","ast-page-background-enabled":"default","ast-page-background-meta":{"desktop":{"background-color":"","background-image":"","background-repeat":"repeat","background-position":"center center","background-size":"auto","background-attachment":"scroll","background-type":"","background-media":"","overlay-type":"","overlay-color":"","overlay-opacity":"","overlay-gradient":""},"tablet":{"background-color":"","background-image":"","background-repeat":"repeat","background-position":"center center","background-size":"auto","background-attachment":"scroll","background-type":"","background-media":"","overlay-type":"","overlay-color":"","overlay-opacity":"","overlay-gradient":""},"mobile":{"background-color":"","background-image":"","background-repeat":"repeat","background-position":"center center","background-size":"auto","background-attachment":"scroll","background-type":"","background-media":"","overlay-type":"","overlay-color":"","overlay-opacity":"","overlay-gradient":""}},"ast-content-background-meta":{"desktop":{"background-color":"var(--ast-global-color-5)","background-image":"","background-repeat":"repeat","background-position":"center center","background-size":"auto","background-attachment":"scroll","background-type":"","background-media":"","overlay-type":"","overlay-color":"","overlay-opacity":"","overlay-gradient":""},"tablet":{"background-color":"var(--ast-global-color-5)","background-image":"","background-repeat":"repeat","background-position":"center center","background-size":"auto","background-attachment":"scroll","background-type":"","background-media":"","overlay-type":"","overlay-color":"","overlay-opacity":"","overlay-gradient":""},"mobile":{"background-color":"var(--ast-global-color-5)","background-image":"","background-repeat":"repeat","background-position":"center center","background-size":"auto","background-attachment":"scroll","background-type":"","background-media":"","overlay-type":"","overlay-color":"","overlay-opacity":"","overlay-gradient":""}}},"product_brand":[],"product_cat":[423,421,403,414],"product_tag":[],"class_list":{"0":"post-8563","1":"product","2":"type-product","3":"status-publish","4":"has-post-thumbnail","6":"product_cat-fabric-for-military-police","7":"product_cat-foul-weather-fabrics","8":"product_cat-polyester-fabrics","9":"product_cat-waterproof-fabrics","10":"pa_available_colors-911052-spc","11":"desktop-align-left","12":"tablet-align-left","13":"mobile-align-left","14":"ast-product-gallery-layout-vertical-slider","15":"ast-product-tabs-layout-horizontal","17":"first","18":"instock","19":"shipping-taxable","20":"product-type-simple"},"uagb_featured_image_src":{"full":["https:\/\/www.sikortex.com\/wp-content\/uploads\/2025\/04\/3-1.jpg",800,800,false],"thumbnail":["https:\/\/www.sikortex.com\/wp-content\/uploads\/2025\/04\/3-1-150x150.jpg",150,150,true],"medium":["https:\/\/www.sikortex.com\/wp-content\/uploads\/2025\/04\/3-1-300x300.jpg",300,300,true],"medium_large":["https:\/\/www.sikortex.com\/wp-content\/uploads\/2025\/04\/3-1-768x768.jpg",768,768,true],"large":["https:\/\/www.sikortex.com\/wp-content\/uploads\/2025\/04\/3-1.jpg",800,800,false],"1536x1536":["https:\/\/www.sikortex.com\/wp-content\/uploads\/2025\/04\/3-1.jpg",800,800,false],"2048x2048":["https:\/\/www.sikortex.com\/wp-content\/uploads\/2025\/04\/3-1.jpg",800,800,false],"trp-custom-language-flag":["https:\/\/www.sikortex.com\/wp-content\/uploads\/2025\/04\/3-1-12x12.jpg",12,12,true],"woocommerce_thumbnail":["https:\/\/www.sikortex.com\/wp-content\/uploads\/2025\/04\/3-1-300x300.jpg",300,300,true],"woocommerce_single":["https:\/\/www.sikortex.com\/wp-content\/uploads\/2025\/04\/3-1-600x600.jpg",600,600,true],"woocommerce_gallery_thumbnail":["https:\/\/www.sikortex.com\/wp-content\/uploads\/2025\/04\/3-1-100x100.jpg",100,100,true]},"uagb_author_info":{"display_name":"Sandy","author_link":"https:\/\/www.sikortex.com\/vi\/author\/"},"uagb_comment_info":0,"uagb_excerpt":"1000 Meters(Min.Order)","_links":{"self":[{"href":"https:\/\/www.sikortex.com\/vi\/wp-json\/wp\/v2\/product\/8563","targetHints":{"allow":["GET"]}}],"collection":[{"href":"https:\/\/www.sikortex.com\/vi\/wp-json\/wp\/v2\/product"}],"about":[{"href":"https:\/\/www.sikortex.com\/vi\/wp-json\/wp\/v2\/types\/product"}],"replies":[{"embeddable":true,"href":"https:\/\/www.sikortex.com\/vi\/wp-json\/wp\/v2\/comments?post=8563"}],"wp:featuredmedia":[{"embeddable":true,"href":"https:\/\/www.sikortex.com\/vi\/wp-json\/wp\/v2\/media\/8540"}],"wp:attachment":[{"href":"https:\/\/www.sikortex.com\/vi\/wp-json\/wp\/v2\/media?parent=8563"}],"wp:term":[{"taxonomy":"product_brand","embeddable":true,"href":"https:\/\/www.sikortex.com\/vi\/wp-json\/wp\/v2\/product_brand?post=8563"},{"taxonomy":"product_cat","embeddable":true,"href":"https:\/\/www.sikortex.com\/vi\/wp-json\/wp\/v2\/product_cat?post=8563"},{"taxonomy":"product_tag","embeddable":true,"href":"https:\/\/www.sikortex.com\/vi\/wp-json\/wp\/v2\/product_tag?post=8563"}],"curies":[{"name":"wp","href":"https:\/\/api.w.org\/{rel}","templated":true}]}}