{"id":8559,"date":"2025-04-23T10:33:58","date_gmt":"2025-04-23T02:33:58","guid":{"rendered":"https:\/\/www.sikortex.com\/?post_type=product&#038;p=8559"},"modified":"2025-04-23T12:48:28","modified_gmt":"2025-04-23T04:48:28","slug":"vai-chai-co-gian-det-cho-quan","status":"publish","type":"product","link":"https:\/\/www.sikortex.com\/vi\/san-pham\/vai-chai-co-gian-det-cho-quan\/","title":{"rendered":"V\u1ea3i polyester d\u1ec7t co gi\u00e3n ch\u1ea3i k\u1ef9 cho qu\u1ea7n"},"content":{"rendered":"<div class=\"fabric-description\">\n<div class=\"fabric-description\">\n<h2>V\u1ea3i ch\u1ea3i k\u1ef9 d\u1ec7t co gi\u00e3n Polyester hi\u1ec7u su\u1ea5t cao cho qu\u1ea7n<\/h2>\n<div class=\"intro-section\">\n<p>V\u1ea3i ch\u1ea3i k\u1ef9 polyester co gi\u00e3n cao c\u1ea5p c\u1ee7a ch\u00fang t\u00f4i k\u1ebft h\u1ee3p \u0111\u1ed9 b\u1ec1n v\u01b0\u1ee3t tr\u1ed9i v\u1edbi s\u1ef1 tho\u1ea3i m\u00e1i v\u01b0\u1ee3t tr\u1ed9i, khi\u1ebfn n\u00f3 tr\u1edf th\u00e0nh l\u1ef1a ch\u1ecdn l\u00fd t\u01b0\u1edfng cho qu\u1ea7n \u00e1o th\u1ec3 thao, qu\u1ea7n l\u00e0m vi\u1ec7c v\u00e0 qu\u1ea7n d\u00e0i ngo\u00e0i tr\u1eddi. \u0110\u01b0\u1ee3c thi\u1ebft k\u1ebf \u0111\u1ec3 c\u00f3 hi\u1ec7u su\u1ea5t t\u1ed1i \u01b0u, lo\u1ea1i v\u1ea3i c\u1ea3i ti\u1ebfn n\u00e0y mang l\u1ea1i s\u1ef1 c\u00e2n b\u1eb1ng ho\u00e0n h\u1ea3o gi\u1eefa \u0111\u1ed9 co gi\u00e3n, \u0111\u1ed9 \u1ea5m v\u00e0 kh\u1ea3 n\u0103ng tho\u00e1ng kh\u00ed.<\/p>\n<\/div>\n<div class=\"key-benefits\">\n<h3>L\u1ee3i \u00edch ch\u00ednh<\/h3>\n<ul class=\"benefits-list\">\n<li><strong>C\u00f4ng ngh\u1ec7 k\u00e9o gi\u00e3n th\u00f4ng minh:<\/strong> Duy tr\u00ec s\u1ef1 \u1ed5n \u0111\u1ecbnh v\u1ec1 k\u00edch th\u01b0\u1edbc trong khi v\u1eabn mang l\u1ea1i s\u1ef1 co gi\u00e3n 4 chi\u1ec1u tho\u1ea3i m\u00e1i<\/li>\n<li><strong>\u0110\u1ed9 b\u1ec1n \u0111\u01b0\u1ee3c gia c\u1ed1:<\/strong> D\u1ec7t d\u00e0y, ch\u1ed1ng m\u00e0i m\u00f2n ch\u1ecbu \u0111\u01b0\u1ee3c qu\u00e1 tr\u00ecnh s\u1eed d\u1ee5ng kh\u1eafc nghi\u1ec7t<\/li>\n<li><strong>Ki\u1ec3m so\u00e1t kh\u00ed h\u1eadu:<\/strong> L\u1edbp l\u00f3t b\u00ean trong \u0111\u01b0\u1ee3c ch\u1ea3i k\u1ef9 mang l\u1ea1i s\u1ef1 \u1ea5m \u00e1p nh\u01b0ng v\u1eabn \u0111\u1ea3m b\u1ea3o kh\u1ea3 n\u0103ng tho\u00e1ng kh\u00ed<\/li>\n<li><strong>S\u1ef1 tho\u1ea3i m\u00e1i ch\u1ee7 \u0111\u1ed9ng:<\/strong> \u0110\u01b0\u1ee3c t\u1ed1i \u01b0u h\u00f3a cho ph\u1ea1m vi chuy\u1ec3n \u0111\u1ed9ng \u0111\u1ea7y \u0111\u1ee7 trong c\u00e1c \u1ee9ng d\u1ee5ng th\u1ec3 thao v\u00e0 chi\u1ebfn thu\u1eadt<\/li>\n<\/ul>\n<\/div>\n<div class=\"performance-features\">\n<h3>T\u00ednh n\u0103ng hi\u1ec7u su\u1ea5t<\/h3>\n<div class=\"features-grid\">\n<div class=\"feature-item\">\n<h4>T\u00ednh linh ho\u1ea1t \u0111\u1ed9ng<\/h4>\n<p>C\u1ea5u tr\u00fac v\u1ea3i ch\u1ea3i k\u1ef9 d\u1ec7t co gi\u00e3n 4 chi\u1ec1u chuy\u1ec3n \u0111\u1ed9ng theo c\u01a1 th\u1ec3 b\u1ea1n \u0111\u1ed3ng th\u1eddi ch\u1ed1ng bi\u1ebfn d\u1ea1ng<\/p>\n<\/div>\n<div class=\"feature-item\"><span style=\"font-size: 1.5em; font-weight: bold;\">B\u1ea3o tr\u00ec d\u1ec5 d\u00e0ng<\/span><\/div>\n<div class=\"feature-item\">\n<p>T\u00ednh n\u0103ng ch\u1ed1ng nh\u0103n gi\u00fap gi\u1ea3m nhu c\u1ea7u \u1ee7i<\/p>\n<\/div>\n<div class=\"feature-item\">\n<h3>Kh\u00f4 nhanh<\/h3>\n<p>C\u1ea5u tr\u00fac d\u1ec7t \u0111\u1eb7c bi\u1ec7t gi\u00fap t\u0103ng th\u1eddi gian s\u1ea5y kh\u00f4<\/p>\n<\/div>\n<\/div>\n<\/div>\n<div class=\"applications\">\n<h4>\u1ee8ng d\u1ee5ng l\u00fd t\u01b0\u1edfng<\/h4>\n<ul class=\"application-list\">\n<li>Qu\u1ea7n \u00e1o b\u1ea3o h\u1ed9 lao \u0111\u1ed9ng v\u00e0 \u0111\u1ed3ng ph\u1ee5c<\/li>\n<li>Qu\u1ea7n chi\u1ebfn thu\u1eadt v\u00e0 qu\u00e2n s\u1ef1<\/li>\n<li>Qu\u1ea7n \u0111i b\u1ed9 \u0111\u01b0\u1eddng d\u00e0i v\u00e0 ngo\u00e0i tr\u1eddi<\/li>\n<li>Qu\u1ea7n \u00e1o th\u1ec3 thao v\u00e0 t\u1eadp luy\u1ec7n<\/li>\n<li>Qu\u1ea7n phong c\u00e1ch th\u01b0\u1eddng ng\u00e0y<\/li>\n<\/ul>\n<\/div>\n<div class=\"cta-section\">\n<p>C\u00f3 s\u1eb5n nhi\u1ec1u tr\u1ecdng l\u01b0\u1ee3ng v\u00e0 m\u1ee9c \u0111\u1ed9 co gi\u00e3n kh\u00e1c nhau \u0111\u1ec3 \u0111\u00e1p \u1ee9ng c\u00e1c y\u00eau c\u1ea7u c\u1ee5 th\u1ec3 c\u1ee7a b\u1ea1n. Li\u00ean h\u1ec7 v\u1edbi c\u00e1c chuy\u00ean gia v\u1ea3i c\u1ee7a ch\u00fang t\u00f4i ngay h\u00f4m nay \u0111\u1ec3 y\u00eau c\u1ea7u m\u1eabu ho\u1eb7c th\u1ea3o lu\u1eadn v\u1ec1 c\u00e1c t\u00f9y ch\u1ecdn t\u00f9y ch\u1ec9nh.<\/p>\n<p><a class=\"cta-button\" href=\"\/vi\/contact\/\">Y\u00eau c\u1ea7u m\u1eabu Swatches<\/a><\/p>\n<\/div>\n<\/div>\n<p>&nbsp;<\/p>\n<\/div>","protected":false},"excerpt":{"rendered":"<p>1000 m\u00e9t (\u0110\u01a1n h\u00e0ng t\u1ed1i thi\u1ec3u)<\/p>","protected":false},"featured_media":8551,"comment_status":"closed","ping_status":"closed","template":"","meta":{"_uag_custom_page_level_css":"","site-sidebar-layout":"default","site-content-layout":"default","ast-site-content-layout":"default","site-content-style":"default","site-sidebar-style":"default","ast-global-header-display":"","ast-banner-title-visibility":"","ast-main-header-display":"","ast-hfb-above-header-display":"","ast-hfb-below-header-display":"","ast-hfb-mobile-header-display":"","site-post-title":"","ast-breadcrumbs-content":"","ast-featured-img":"","footer-sml-layout":"","theme-transparent-header-meta":"default","adv-header-id-meta":"","stick-header-meta":"default","header-above-stick-meta":"","header-main-stick-meta":"","header-below-stick-meta":"","astra-migrate-meta-layouts":"set","ast-page-background-enabled":"default","ast-page-background-meta":{"desktop":{"background-color":"","background-image":"","background-repeat":"repeat","background-position":"center center","background-size":"auto","background-attachment":"scroll","background-type":"","background-media":"","overlay-type":"","overlay-color":"","overlay-opacity":"","overlay-gradient":""},"tablet":{"background-color":"","background-image":"","background-repeat":"repeat","background-position":"center center","background-size":"auto","background-attachment":"scroll","background-type":"","background-media":"","overlay-type":"","overlay-color":"","overlay-opacity":"","overlay-gradient":""},"mobile":{"background-color":"","background-image":"","background-repeat":"repeat","background-position":"center center","background-size":"auto","background-attachment":"scroll","background-type":"","background-media":"","overlay-type":"","overlay-color":"","overlay-opacity":"","overlay-gradient":""}},"ast-content-background-meta":{"desktop":{"background-color":"var(--ast-global-color-5)","background-image":"","background-repeat":"repeat","background-position":"center center","background-size":"auto","background-attachment":"scroll","background-type":"","background-media":"","overlay-type":"","overlay-color":"","overlay-opacity":"","overlay-gradient":""},"tablet":{"background-color":"var(--ast-global-color-5)","background-image":"","background-repeat":"repeat","background-position":"center center","background-size":"auto","background-attachment":"scroll","background-type":"","background-media":"","overlay-type":"","overlay-color":"","overlay-opacity":"","overlay-gradient":""},"mobile":{"background-color":"var(--ast-global-color-5)","background-image":"","background-repeat":"repeat","background-position":"center center","background-size":"auto","background-attachment":"scroll","background-type":"","background-media":"","overlay-type":"","overlay-color":"","overlay-opacity":"","overlay-gradient":""}}},"product_brand":[],"product_cat":[403],"product_tag":[],"class_list":{"0":"post-8559","1":"product","2":"type-product","3":"status-publish","4":"has-post-thumbnail","6":"product_cat-polyester-fabrics","7":"desktop-align-left","8":"tablet-align-left","9":"mobile-align-left","10":"ast-product-gallery-layout-vertical-slider","11":"ast-product-tabs-layout-horizontal","13":"first","14":"instock","15":"shipping-taxable","16":"product-type-simple"},"uagb_featured_image_src":{"full":["https:\/\/www.sikortex.com\/wp-content\/uploads\/2025\/04\/4-2.jpg",800,800,false],"thumbnail":["https:\/\/www.sikortex.com\/wp-content\/uploads\/2025\/04\/4-2-150x150.jpg",150,150,true],"medium":["https:\/\/www.sikortex.com\/wp-content\/uploads\/2025\/04\/4-2-300x300.jpg",300,300,true],"medium_large":["https:\/\/www.sikortex.com\/wp-content\/uploads\/2025\/04\/4-2-768x768.jpg",768,768,true],"large":["https:\/\/www.sikortex.com\/wp-content\/uploads\/2025\/04\/4-2.jpg",800,800,false],"1536x1536":["https:\/\/www.sikortex.com\/wp-content\/uploads\/2025\/04\/4-2.jpg",800,800,false],"2048x2048":["https:\/\/www.sikortex.com\/wp-content\/uploads\/2025\/04\/4-2.jpg",800,800,false],"trp-custom-language-flag":["https:\/\/www.sikortex.com\/wp-content\/uploads\/2025\/04\/4-2-12x12.jpg",12,12,true],"woocommerce_thumbnail":["https:\/\/www.sikortex.com\/wp-content\/uploads\/2025\/04\/4-2-300x300.jpg",300,300,true],"woocommerce_single":["https:\/\/www.sikortex.com\/wp-content\/uploads\/2025\/04\/4-2-600x600.jpg",600,600,true],"woocommerce_gallery_thumbnail":["https:\/\/www.sikortex.com\/wp-content\/uploads\/2025\/04\/4-2-100x100.jpg",100,100,true]},"uagb_author_info":{"display_name":"Sandy","author_link":"https:\/\/www.sikortex.com\/vi\/author\/"},"uagb_comment_info":0,"uagb_excerpt":"1000 Meters(Min.Order)","_links":{"self":[{"href":"https:\/\/www.sikortex.com\/vi\/wp-json\/wp\/v2\/product\/8559","targetHints":{"allow":["GET"]}}],"collection":[{"href":"https:\/\/www.sikortex.com\/vi\/wp-json\/wp\/v2\/product"}],"about":[{"href":"https:\/\/www.sikortex.com\/vi\/wp-json\/wp\/v2\/types\/product"}],"replies":[{"embeddable":true,"href":"https:\/\/www.sikortex.com\/vi\/wp-json\/wp\/v2\/comments?post=8559"}],"wp:featuredmedia":[{"embeddable":true,"href":"https:\/\/www.sikortex.com\/vi\/wp-json\/wp\/v2\/media\/8551"}],"wp:attachment":[{"href":"https:\/\/www.sikortex.com\/vi\/wp-json\/wp\/v2\/media?parent=8559"}],"wp:term":[{"taxonomy":"product_brand","embeddable":true,"href":"https:\/\/www.sikortex.com\/vi\/wp-json\/wp\/v2\/product_brand?post=8559"},{"taxonomy":"product_cat","embeddable":true,"href":"https:\/\/www.sikortex.com\/vi\/wp-json\/wp\/v2\/product_cat?post=8559"},{"taxonomy":"product_tag","embeddable":true,"href":"https:\/\/www.sikortex.com\/vi\/wp-json\/wp\/v2\/product_tag?post=8559"}],"curies":[{"name":"wp","href":"https:\/\/api.w.org\/{rel}","templated":true}]}}