{"id":8065,"date":"2025-03-05T17:04:53","date_gmt":"2025-03-05T09:04:53","guid":{"rendered":"https:\/\/www.sikortex.com\/?post_type=product&#038;p=8065"},"modified":"2025-03-17T16:22:08","modified_gmt":"2025-03-17T08:22:08","slug":"vai-nylon-70-denier-duoc-lot-bang-pvc","status":"publish","type":"product","link":"https:\/\/www.sikortex.com\/vi\/san-pham\/vai-nylon-70-denier-duoc-lot-bang-pvc\/","title":{"rendered":"V\u1ea3i Nylon 70 Denier c\u00f3 l\u1edbp l\u00f3t PVC"},"content":{"rendered":"<p>C\u1ee7a ch\u00fang t\u00f4i\u00a0<strong>V\u1ea3i Nylon 70 Denier c\u00f3 l\u1edbp l\u00f3t PVC<\/strong>\u00a0l\u00e0 v\u1eadt li\u1ec7u hi\u1ec7u su\u1ea5t cao \u0111\u01b0\u1ee3c thi\u1ebft k\u1ebf cho c\u00e1c \u1ee9ng d\u1ee5ng nh\u1eb9 nh\u01b0ng b\u1ec1n. K\u1ebft h\u1ee3p s\u1ee9c m\u1ea1nh c\u1ee7a nylon 70D v\u1edbi l\u1edbp l\u00f3t PVC b\u1ea3o v\u1ec7, lo\u1ea1i v\u1ea3i n\u00e0y mang l\u1ea1i \u0111\u1ed9 b\u1ec1n, kh\u1ea3 n\u0103ng ch\u1ed1ng n\u01b0\u1edbc v\u00e0 t\u00ednh linh ho\u1ea1t \u0111\u1eb7c bi\u1ec7t. Cho d\u00f9 b\u1ea1n \u0111ang ch\u1ebf t\u1ea1o t\u00fai x\u00e1ch, v\u00ed, h\u1ed9p \u0111\u1ef1ng hay v\u1ecf ch\u1ed1ng b\u1ee5i v\u00e0 l\u01b0u tr\u1eef, lo\u1ea1i v\u1ea3i n\u00e0y \u0111\u1ea3m b\u1ea3o hi\u1ec7u su\u1ea5t \u0111\u00e1ng tin c\u1eady v\u00e0 l\u1edbp ho\u00e0n thi\u1ec7n b\u00f3ng b\u1ea9y.<\/p>\n<hr \/>\n<h3><strong>C\u00e1c t\u00ednh n\u0103ng ch\u00ednh<\/strong><\/h3>\n<ol start=\"1\">\n<li><strong>Nh\u1eb9 v\u00e0 M\u1ea1nh<\/strong>:<br \/>\n\u0110\u1ebf nylon 70D c\u00f3 t\u1ef7 l\u1ec7 \u0111\u1ed9 b\u1ec1n tr\u00ean tr\u1ecdng l\u01b0\u1ee3ng tuy\u1ec7t v\u1eddi, l\u00fd t\u01b0\u1edfng cho c\u00e1c s\u1ea3n ph\u1ea9m nh\u1eb9 nh\u01b0ng b\u1ec1n.<\/li>\n<li><strong>Ch\u1ed1ng th\u1ea5m n\u01b0\u1edbc v\u00e0 ch\u1ed1ng r\u00e1ch<\/strong>:<br \/>\nL\u1edbp l\u00f3t PVC \u0111\u1ea3m b\u1ea3o kh\u1ea3 n\u0103ng ch\u1ed1ng th\u1ea5m n\u01b0\u1edbc ho\u00e0n to\u00e0n v\u00e0 t\u0103ng c\u01b0\u1eddng kh\u1ea3 n\u0103ng ch\u1ed1ng r\u00e1ch, b\u1ea3o v\u1ec7 \u0111\u1ed3 d\u00f9ng c\u1ee7a b\u1ea1n kh\u1ecfi \u0111\u1ed9 \u1ea9m v\u00e0 h\u01b0 h\u1ecfng.<\/li>\n<li><strong>Linh ho\u1ea1t v\u00e0 d\u1ec5 x\u1eed l\u00fd<\/strong>:<br \/>\nM\u1eb7c d\u00f9 c\u00f3 \u0111\u1ed9 b\u1ec1n cao, lo\u1ea1i v\u1ea3i n\u00e0y v\u1eabn m\u1ec1m d\u1ebbo v\u00e0 d\u1ec5 gia c\u00f4ng, \u0111\u1ea3m b\u1ea3o qu\u00e1 tr\u00ecnh s\u1ea3n xu\u1ea5t di\u1ec5n ra su\u00f4n s\u1ebb.<\/li>\n<li><strong>S\u1ef1 h\u1ea5p d\u1eabn v\u1ec1 m\u1eb7t th\u1ea9m m\u1ef9<\/strong>:<br \/>\nC\u00f3 nhi\u1ec1u m\u00e0u s\u1eafc v\u00e0 l\u1edbp ho\u00e0n thi\u1ec7n kh\u00e1c nhau, lo\u1ea1i v\u1ea3i n\u00e0y mang \u0111\u1ebfn v\u1ebb ngo\u00e0i b\u00f3ng b\u1ea9y v\u00e0 chuy\u00ean nghi\u1ec7p cho s\u1ea3n ph\u1ea9m c\u1ee7a b\u1ea1n.<\/li>\n<li><strong>D\u1ec5 d\u00e0ng v\u1ec7 sinh<\/strong>:<br \/>\nB\u1ec1 m\u1eb7t PVC m\u1ecbn gi\u00fap d\u1ec5 d\u00e0ng v\u1ec7 sinh v\u00e0 b\u1ea3o d\u01b0\u1ee1ng, r\u1ea5t l\u00fd t\u01b0\u1edfng \u0111\u1ec3 l\u00e0m v\u1ecf v\u00e0 h\u1ed9p \u0111\u1ef1ng \u0111\u1ed3.<\/li>\n<\/ol>\n<hr \/>\n<h3><strong>\u1ee8ng d\u1ee5ng<\/strong><\/h3>\n<p>C\u1ee7a ch\u00fang t\u00f4i\u00a0<strong>V\u1ea3i Nylon 70 Denier c\u00f3 l\u1edbp l\u00f3t PVC<\/strong>\u00a0l\u00e0 ho\u00e0n h\u1ea3o cho:<\/p>\n<ul>\n<li><strong>T\u00fai x\u00e1ch<\/strong>: Ch\u1ea5t li\u1ec7u nh\u1eb9 v\u00e0 b\u1ec1n cho ba l\u00f4, t\u00fai tote v\u00e0 t\u00fai du l\u1ecbch.<\/li>\n<li><strong>V\u00ed<\/strong>: V\u1ea3i th\u1eddi trang v\u00e0 b\u1ec1n ch\u1eafc d\u00f9ng cho t\u00fai x\u00e1ch v\u00e0 v\u00ed c\u1ea7m tay.<\/li>\n<li><strong>C\u00e1c tr\u01b0\u1eddng h\u1ee3p<\/strong>: V\u1eadt li\u1ec7u b\u1ea3o v\u1ec7 v\u00e0 ch\u1ed1ng n\u01b0\u1edbc cho h\u1ed9p \u0111\u1ef1ng m\u00e1y t\u00ednh x\u00e1ch tay, h\u1ed9p \u0111\u1ef1ng m\u00e1y t\u00ednh b\u1ea3ng v\u00e0 h\u1ed9p \u0111\u1ef1ng d\u1ee5ng c\u1ee5.<\/li>\n<li><strong>V\u1ecf ch\u1ed1ng b\u1ee5i v\u00e0 l\u01b0u tr\u1eef<\/strong>:V\u1ea3i b\u1ec1n v\u00e0 d\u1ec5 v\u1ec7 sinh d\u00f9ng l\u00e0m v\u1ecf b\u1ecdc \u0111\u1ed3 n\u1ed9i th\u1ea5t, b\u1ea3o v\u1ec7 thi\u1ebft b\u1ecb v\u00e0 gi\u1ea3i ph\u00e1p l\u01b0u tr\u1eef.<\/li>\n<\/ul>\n<hr \/>\n<h3><strong>T\u1ea1i sao n\u00ean ch\u1ecdn v\u1ea3i c\u1ee7a ch\u00fang t\u00f4i?<\/strong><\/h3>\n<ol start=\"1\">\n<li><strong>Hi\u1ec7u su\u1ea5t \u0111\u00e3 \u0111\u01b0\u1ee3c ch\u1ee9ng minh<\/strong>:<br \/>\n\u0110\u01b0\u1ee3c c\u00e1c nh\u00e0 s\u1ea3n xu\u1ea5t tin d\u00f9ng v\u00ec \u0111\u1ed9 b\u1ec1n v\u00e0 t\u00ednh linh ho\u1ea1t trong nhi\u1ec1u \u1ee9ng d\u1ee5ng kh\u00e1c nhau.<\/li>\n<li><strong>T\u00f9y ch\u1ec9nh<\/strong>:<br \/>\nC\u00f3 nhi\u1ec1u m\u00e0u s\u1eafc v\u00e0 ki\u1ec3u ho\u00e0n thi\u1ec7n kh\u00e1c nhau \u0111\u1ec3 \u0111\u00e1p \u1ee9ng nhu c\u1ea7u thi\u1ebft k\u1ebf c\u1ee7a b\u1ea1n.<\/li>\n<li><strong>T\u00f9y ch\u1ecdn th\u00e2n thi\u1ec7n v\u1edbi m\u00f4i tr\u01b0\u1eddng<\/strong>:<br \/>\nCh\u00fang t\u00f4i cung c\u1ea5p c\u00e1c c\u00f4ng th\u1ee9c c\u00f3 th\u1ec3 t\u00e1i ch\u1ebf v\u00e0 kh\u00f4ng \u0111\u1ed9c h\u1ea1i \u0111\u1ec3 ph\u00f9 h\u1ee3p v\u1edbi c\u00e1c m\u1ee5c ti\u00eau ph\u00e1t tri\u1ec3n b\u1ec1n v\u1eefng.<\/li>\n<\/ol>\n<hr \/>\n<h3><strong>Ph\u1ea7n k\u1ebft lu\u1eadn<\/strong><\/h3>\n<p>C\u1ee7a ch\u00fang t\u00f4i\u00a0<strong>V\u1ea3i Nylon 70 Denier c\u00f3 l\u1edbp l\u00f3t PVC<\/strong>\u00a0l\u00e0 s\u1ef1 l\u1ef1a ch\u1ecdn l\u00fd t\u01b0\u1edfng \u0111\u1ec3 t\u1ea1o ra c\u00e1c s\u1ea3n ph\u1ea9m nh\u1eb9, b\u1ec1n v\u00e0 th\u1eddi trang. Cho d\u00f9 b\u1ea1n \u0111ang thi\u1ebft k\u1ebf t\u00fai x\u00e1ch, v\u00ed, h\u1ed9p \u0111\u1ef1ng hay v\u1ecf \u0111\u1ef1ng \u0111\u1ed3, lo\u1ea1i v\u1ea3i n\u00e0y \u0111\u1ec1u mang l\u1ea1i hi\u1ec7u su\u1ea5t v\u00e0 \u0111\u1ed9 tin c\u1eady v\u01b0\u1ee3t tr\u1ed9i.<\/p>\n<p>H\u00e3y li\u00ean h\u1ec7 v\u1edbi ch\u00fang t\u00f4i ngay h\u00f4m nay \u0111\u1ec3 y\u00eau c\u1ea7u m\u1eabu ho\u1eb7c th\u1ea3o lu\u1eadn v\u1ec1 y\u00eau c\u1ea7u d\u1ef1 \u00e1n c\u1ee7a b\u1ea1n. H\u00e3y c\u00f9ng nhau t\u1ea1o ra nh\u1eefng s\u1ea3n ph\u1ea9m ch\u1ea5t l\u01b0\u1ee3ng cao!<\/p>","protected":false},"excerpt":{"rendered":"<p>600 m\u00e9t (\u0110\u01a1n h\u00e0ng t\u1ed1i thi\u1ec3u)<\/p>","protected":false},"featured_media":8067,"comment_status":"closed","ping_status":"closed","template":"","meta":{"_uag_custom_page_level_css":"","site-sidebar-layout":"default","site-content-layout":"default","ast-site-content-layout":"default","site-content-style":"default","site-sidebar-style":"default","ast-global-header-display":"","ast-banner-title-visibility":"","ast-main-header-display":"","ast-hfb-above-header-display":"","ast-hfb-below-header-display":"","ast-hfb-mobile-header-display":"","site-post-title":"","ast-breadcrumbs-content":"","ast-featured-img":"","footer-sml-layout":"","theme-transparent-header-meta":"default","adv-header-id-meta":"","stick-header-meta":"default","header-above-stick-meta":"","header-main-stick-meta":"","header-below-stick-meta":"","astra-migrate-meta-layouts":"set","ast-page-background-enabled":"default","ast-page-background-meta":{"desktop":{"background-color":"","background-image":"","background-repeat":"repeat","background-position":"center center","background-size":"auto","background-attachment":"scroll","background-type":"","background-media":"","overlay-type":"","overlay-color":"","overlay-opacity":"","overlay-gradient":""},"tablet":{"background-color":"","background-image":"","background-repeat":"repeat","background-position":"center center","background-size":"auto","background-attachment":"scroll","background-type":"","background-media":"","overlay-type":"","overlay-color":"","overlay-opacity":"","overlay-gradient":""},"mobile":{"background-color":"","background-image":"","background-repeat":"repeat","background-position":"center center","background-size":"auto","background-attachment":"scroll","background-type":"","background-media":"","overlay-type":"","overlay-color":"","overlay-opacity":"","overlay-gradient":""}},"ast-content-background-meta":{"desktop":{"background-color":"var(--ast-global-color-5)","background-image":"","background-repeat":"repeat","background-position":"center center","background-size":"auto","background-attachment":"scroll","background-type":"","background-media":"","overlay-type":"","overlay-color":"","overlay-opacity":"","overlay-gradient":""},"tablet":{"background-color":"var(--ast-global-color-5)","background-image":"","background-repeat":"repeat","background-position":"center center","background-size":"auto","background-attachment":"scroll","background-type":"","background-media":"","overlay-type":"","overlay-color":"","overlay-opacity":"","overlay-gradient":""},"mobile":{"background-color":"var(--ast-global-color-5)","background-image":"","background-repeat":"repeat","background-position":"center center","background-size":"auto","background-attachment":"scroll","background-type":"","background-media":"","overlay-type":"","overlay-color":"","overlay-opacity":"","overlay-gradient":""}}},"product_brand":[],"product_cat":[404,407,433,414],"product_tag":[],"class_list":{"0":"post-8065","1":"product","2":"type-product","3":"status-publish","4":"has-post-thumbnail","6":"product_cat-nylon-fabrics","7":"product_cat-recycled-fabric","8":"product_cat-textile-for-industrial","9":"product_cat-waterproof-fabrics","10":"pa_available_colors-h-black","11":"desktop-align-left","12":"tablet-align-left","13":"mobile-align-left","14":"ast-product-gallery-layout-vertical-slider","15":"ast-product-tabs-layout-horizontal","17":"first","18":"instock","19":"shipping-taxable","20":"product-type-simple"},"uagb_featured_image_src":{"full":["https:\/\/www.sikortex.com\/wp-content\/uploads\/2025\/03\/70-Denier-Nylon-fabric-PVC-Backed.jpg",1000,1000,false],"thumbnail":["https:\/\/www.sikortex.com\/wp-content\/uploads\/2025\/03\/70-Denier-Nylon-fabric-PVC-Backed-150x150.jpg",150,150,true],"medium":["https:\/\/www.sikortex.com\/wp-content\/uploads\/2025\/03\/70-Denier-Nylon-fabric-PVC-Backed-300x300.jpg",300,300,true],"medium_large":["https:\/\/www.sikortex.com\/wp-content\/uploads\/2025\/03\/70-Denier-Nylon-fabric-PVC-Backed-768x768.jpg",768,768,true],"large":["https:\/\/www.sikortex.com\/wp-content\/uploads\/2025\/03\/70-Denier-Nylon-fabric-PVC-Backed.jpg",1000,1000,false],"1536x1536":["https:\/\/www.sikortex.com\/wp-content\/uploads\/2025\/03\/70-Denier-Nylon-fabric-PVC-Backed.jpg",1000,1000,false],"2048x2048":["https:\/\/www.sikortex.com\/wp-content\/uploads\/2025\/03\/70-Denier-Nylon-fabric-PVC-Backed.jpg",1000,1000,false],"trp-custom-language-flag":["https:\/\/www.sikortex.com\/wp-content\/uploads\/2025\/03\/70-Denier-Nylon-fabric-PVC-Backed-12x12.jpg",12,12,true],"woocommerce_thumbnail":["https:\/\/www.sikortex.com\/wp-content\/uploads\/2025\/03\/70-Denier-Nylon-fabric-PVC-Backed-300x300.jpg",300,300,true],"woocommerce_single":["https:\/\/www.sikortex.com\/wp-content\/uploads\/2025\/03\/70-Denier-Nylon-fabric-PVC-Backed-600x600.jpg",600,600,true],"woocommerce_gallery_thumbnail":["https:\/\/www.sikortex.com\/wp-content\/uploads\/2025\/03\/70-Denier-Nylon-fabric-PVC-Backed-100x100.jpg",100,100,true]},"uagb_author_info":{"display_name":"Perry","author_link":"https:\/\/www.sikortex.com\/vi\/author\/"},"uagb_comment_info":0,"uagb_excerpt":"600 Meters(Min.Order)","_links":{"self":[{"href":"https:\/\/www.sikortex.com\/vi\/wp-json\/wp\/v2\/product\/8065","targetHints":{"allow":["GET"]}}],"collection":[{"href":"https:\/\/www.sikortex.com\/vi\/wp-json\/wp\/v2\/product"}],"about":[{"href":"https:\/\/www.sikortex.com\/vi\/wp-json\/wp\/v2\/types\/product"}],"replies":[{"embeddable":true,"href":"https:\/\/www.sikortex.com\/vi\/wp-json\/wp\/v2\/comments?post=8065"}],"wp:featuredmedia":[{"embeddable":true,"href":"https:\/\/www.sikortex.com\/vi\/wp-json\/wp\/v2\/media\/8067"}],"wp:attachment":[{"href":"https:\/\/www.sikortex.com\/vi\/wp-json\/wp\/v2\/media?parent=8065"}],"wp:term":[{"taxonomy":"product_brand","embeddable":true,"href":"https:\/\/www.sikortex.com\/vi\/wp-json\/wp\/v2\/product_brand?post=8065"},{"taxonomy":"product_cat","embeddable":true,"href":"https:\/\/www.sikortex.com\/vi\/wp-json\/wp\/v2\/product_cat?post=8065"},{"taxonomy":"product_tag","embeddable":true,"href":"https:\/\/www.sikortex.com\/vi\/wp-json\/wp\/v2\/product_tag?post=8065"}],"curies":[{"name":"wp","href":"https:\/\/api.w.org\/{rel}","templated":true}]}}