{"id":8021,"date":"2025-03-03T15:10:59","date_gmt":"2025-03-03T07:10:59","guid":{"rendered":"https:\/\/www.sikortex.com\/?post_type=product&#038;p=8021"},"modified":"2025-03-04T11:07:21","modified_gmt":"2025-03-04T03:07:21","slug":"vai-polyester-tpu-trang-hai-mat","status":"publish","type":"product","link":"https:\/\/www.sikortex.com\/vi\/san-pham\/vai-polyester-tpu-trang-hai-mat\/","title":{"rendered":"V\u1ea3i ph\u1ee7 hai m\u1eb7t Polyester TPU 600D \u2013 B\u1ec1n, Ch\u1ed1ng th\u1ea5m n\u01b0\u1edbc v\u00e0 C\u00f3 th\u1ec3 t\u00f9y ch\u1ec9nh"},"content":{"rendered":"<p>V\u1ea3i ph\u1ee7 hai m\u1eb7t Polyester TPU 600D c\u1ee7a ch\u00fang t\u00f4i l\u00e0 v\u1eadt li\u1ec7u hi\u1ec7u su\u1ea5t cao \u0111\u01b0\u1ee3c thi\u1ebft k\u1ebf cho c\u00e1c \u1ee9ng d\u1ee5ng \u0111\u00f2i h\u1ecfi kh\u1eaft khe. V\u1edbi l\u1edbp ph\u1ee7 TPU \u1edf c\u1ea3 hai m\u1eb7t, lo\u1ea1i v\u1ea3i n\u00e0y mang l\u1ea1i \u0111\u1ed9 b\u1ec1n v\u01b0\u1ee3t tr\u1ed9i, <a href=\"\/vi\/vai-nhuom-dung-dich\/\"><span style=\"color: #3366ff;\">Ch\u1ed1ng tia UV<\/span><\/a>, ch\u1ed1ng th\u1ea5m n\u01b0\u1edbc v\u00e0 c\u00e1c t\u00f9y ch\u1ecdn t\u00f9y ch\u1ec9nh. Cho d\u00f9 b\u1ea1n c\u1ea7n n\u00f3 cho thi\u1ebft b\u1ecb ngo\u00e0i tr\u1eddi, <a href=\"https:\/\/www.sikortex.com\/vi\/quan-ao-lam-van-chuyen-va\/\"><span style=\"color: #3366ff;\">b\u00eca c\u00f4ng nghi\u1ec7p<\/span><\/a>ho\u1eb7c t\u00fai x\u00e1ch ch\u1ecbu l\u1ef1c n\u1eb7ng, lo\u1ea1i v\u1ea3i n\u00e0y mang l\u1ea1i hi\u1ec7u su\u1ea5t v\u00e0 \u0111\u1ed9 tin c\u1eady v\u00f4 song.<\/p>\n<p>C\u00e1c t\u00ednh n\u0103ng ch\u00ednh<br \/>\n1. L\u1edbp ph\u1ee7 TPU hai m\u1eb7t:<br \/>\nCung c\u1ea5p kh\u1ea3 n\u0103ng ch\u1ed1ng th\u1ea5m n\u01b0\u1edbc ho\u00e0n to\u00e0n v\u00e0 t\u0103ng c\u01b0\u1eddng \u0111\u1ed9 b\u1ec1n \u0111\u1ec3 s\u1eed d\u1ee5ng l\u00e2u d\u00e0i.<\/p>\n<p>2. Kh\u1ea3 n\u0103ng ch\u1ed1ng tia UV v\u00e0 \u0103n m\u00f2n:<br \/>\nCh\u1ecbu \u0111\u01b0\u1ee3c th\u1eddi gian ti\u1ebfp x\u00fac l\u00e2u v\u1edbi \u00e1nh s\u00e1ng m\u1eb7t tr\u1eddi v\u00e0 m\u00f4i tr\u01b0\u1eddng kh\u1eafc nghi\u1ec7t, l\u00fd t\u01b0\u1edfng cho c\u00e1c \u1ee9ng d\u1ee5ng ngo\u00e0i tr\u1eddi v\u00e0 tr\u00ean bi\u1ec3n.<\/p>\n<p>3. T\u00f9y ch\u1ecdn c\u00f3 th\u1ec3 t\u00f9y ch\u1ec9nh:<br \/>\nC\u00f3 s\u1eb5n l\u1edbp ph\u1ee7 trong su\u1ed1t, m\u1edd ho\u1eb7c nhu\u1ed9m \u0111\u1ec3 \u0111\u00e1p \u1ee9ng nhu c\u1ea7u thi\u1ebft k\u1ebf c\u1ee5 th\u1ec3 c\u1ee7a b\u1ea1n.<\/p>\n<p>4. V\u1eadt li\u1ec7u th\u00e2n thi\u1ec7n v\u1edbi m\u00f4i tr\u01b0\u1eddng:<br \/>\nTPU c\u00f3 th\u1ec3 t\u00e1i ch\u1ebf v\u00e0 kh\u00f4ng ch\u1ee9a c\u00e1c h\u00f3a ch\u1ea5t \u0111\u1ed9c h\u1ea1i nh\u01b0 phthalate v\u00e0 clo, khi\u1ebfn n\u00f3 tr\u1edf th\u00e0nh s\u1ef1 l\u1ef1a ch\u1ecdn b\u1ec1n v\u1eefng.<\/p>\n<p>&nbsp;<\/p>\n<p>\u1ee8ng d\u1ee5ng<br \/>\nV\u1ea3i ph\u1ee7 hai m\u1eb7t Polyester TPU 600D c\u1ee7a ch\u00fang t\u00f4i ho\u00e0n h\u1ea3o cho:<br \/>\n\u00c1o l\u1eb7n: V\u1eadt li\u1ec7u ch\u1ed1ng \u0103n m\u00f2n v\u00e0 ch\u1ed1ng th\u1ea5m n\u01b0\u1edbc cho thi\u1ebft b\u1ecb l\u1eb7n.<br \/>\n\u0110\u1ed3 d\u00f9ng ngo\u00e0i tr\u1eddi: L\u1ec1u, ba l\u00f4 v\u00e0 b\u1ea1t che \u0111\u00f2i h\u1ecfi \u0111\u1ed9 b\u1ec1n v\u00e0 kh\u1ea3 n\u0103ng ch\u1ed1ng ch\u1ecbu th\u1eddi ti\u1ebft.<br \/>\n<a href=\"https:\/\/www.sikortex.com\/vi\/quan-ao-lam-van-chuyen-va\/\"><span style=\"color: #3366ff;\">B\u00eca c\u00f4ng nghi\u1ec7p<\/span><\/a>: V\u1ecf b\u1ea3o v\u1ec7 cho m\u00e1y m\u00f3c v\u00e0 xe c\u1ed9.<br \/>\nT\u00fai \u0111\u1ef1ng \u0111\u1ed3 n\u1eb7ng: H\u00e0nh l\u00fd, b\u1ed9 d\u1ee5ng c\u1ee5 v\u00e0 thi\u1ebft b\u1ecb chi\u1ebfn thu\u1eadt.<br \/>\nThi\u1ebft b\u1ecb h\u00e0ng h\u1ea3i: V\u1ecf thuy\u1ec1n v\u00e0 n\u1ed9i th\u1ea5t t\u00e0u.<\/p>\n<p>&nbsp;<\/p>\n<p>&nbsp;<\/p>","protected":false},"excerpt":{"rendered":"<p>600 m\u00e9t (\u0110\u01a1n h\u00e0ng t\u1ed1i thi\u1ec3u)<\/p>","protected":false},"featured_media":8023,"comment_status":"closed","ping_status":"closed","template":"","meta":{"_uag_custom_page_level_css":"","site-sidebar-layout":"default","site-content-layout":"default","ast-site-content-layout":"default","site-content-style":"default","site-sidebar-style":"default","ast-global-header-display":"","ast-banner-title-visibility":"","ast-main-header-display":"","ast-hfb-above-header-display":"","ast-hfb-below-header-display":"","ast-hfb-mobile-header-display":"","site-post-title":"","ast-breadcrumbs-content":"","ast-featured-img":"","footer-sml-layout":"","theme-transparent-header-meta":"default","adv-header-id-meta":"","stick-header-meta":"default","header-above-stick-meta":"","header-main-stick-meta":"","header-below-stick-meta":"","astra-migrate-meta-layouts":"set","ast-page-background-enabled":"default","ast-page-background-meta":{"desktop":{"background-color":"","background-image":"","background-repeat":"repeat","background-position":"center center","background-size":"auto","background-attachment":"scroll","background-type":"","background-media":"","overlay-type":"","overlay-color":"","overlay-opacity":"","overlay-gradient":""},"tablet":{"background-color":"","background-image":"","background-repeat":"repeat","background-position":"center center","background-size":"auto","background-attachment":"scroll","background-type":"","background-media":"","overlay-type":"","overlay-color":"","overlay-opacity":"","overlay-gradient":""},"mobile":{"background-color":"","background-image":"","background-repeat":"repeat","background-position":"center center","background-size":"auto","background-attachment":"scroll","background-type":"","background-media":"","overlay-type":"","overlay-color":"","overlay-opacity":"","overlay-gradient":""}},"ast-content-background-meta":{"desktop":{"background-color":"var(--ast-global-color-5)","background-image":"","background-repeat":"repeat","background-position":"center center","background-size":"auto","background-attachment":"scroll","background-type":"","background-media":"","overlay-type":"","overlay-color":"","overlay-opacity":"","overlay-gradient":""},"tablet":{"background-color":"var(--ast-global-color-5)","background-image":"","background-repeat":"repeat","background-position":"center center","background-size":"auto","background-attachment":"scroll","background-type":"","background-media":"","overlay-type":"","overlay-color":"","overlay-opacity":"","overlay-gradient":""},"mobile":{"background-color":"var(--ast-global-color-5)","background-image":"","background-repeat":"repeat","background-position":"center center","background-size":"auto","background-attachment":"scroll","background-type":"","background-media":"","overlay-type":"","overlay-color":"","overlay-opacity":"","overlay-gradient":""}}},"product_brand":[],"product_cat":[1206,432,1184,403,433,414],"product_tag":[],"class_list":{"0":"post-8021","1":"product","2":"type-product","3":"status-publish","4":"has-post-thumbnail","6":"product_cat-fabric-for-bag","7":"product_cat-fabric-for-tent","8":"product_cat-oxford-fabric","9":"product_cat-polyester-fabrics","10":"product_cat-textile-for-industrial","11":"product_cat-waterproof-fabrics","12":"pa_available_colors-h-black","13":"desktop-align-left","14":"tablet-align-left","15":"mobile-align-left","16":"ast-product-gallery-layout-vertical-slider","17":"ast-product-tabs-layout-horizontal","19":"first","20":"instock","21":"shipping-taxable","22":"product-type-simple"},"uagb_featured_image_src":{"full":["https:\/\/www.sikortex.com\/wp-content\/uploads\/2025\/03\/O1CN01OmJ6yQ1d8yz6ldDNI_2841383692-0-cib.jpg",800,800,false],"thumbnail":["https:\/\/www.sikortex.com\/wp-content\/uploads\/2025\/03\/O1CN01OmJ6yQ1d8yz6ldDNI_2841383692-0-cib-150x150.jpg",150,150,true],"medium":["https:\/\/www.sikortex.com\/wp-content\/uploads\/2025\/03\/O1CN01OmJ6yQ1d8yz6ldDNI_2841383692-0-cib-300x300.jpg",300,300,true],"medium_large":["https:\/\/www.sikortex.com\/wp-content\/uploads\/2025\/03\/O1CN01OmJ6yQ1d8yz6ldDNI_2841383692-0-cib-768x768.jpg",768,768,true],"large":["https:\/\/www.sikortex.com\/wp-content\/uploads\/2025\/03\/O1CN01OmJ6yQ1d8yz6ldDNI_2841383692-0-cib.jpg",800,800,false],"1536x1536":["https:\/\/www.sikortex.com\/wp-content\/uploads\/2025\/03\/O1CN01OmJ6yQ1d8yz6ldDNI_2841383692-0-cib.jpg",800,800,false],"2048x2048":["https:\/\/www.sikortex.com\/wp-content\/uploads\/2025\/03\/O1CN01OmJ6yQ1d8yz6ldDNI_2841383692-0-cib.jpg",800,800,false],"trp-custom-language-flag":["https:\/\/www.sikortex.com\/wp-content\/uploads\/2025\/03\/O1CN01OmJ6yQ1d8yz6ldDNI_2841383692-0-cib-12x12.jpg",12,12,true],"woocommerce_thumbnail":["https:\/\/www.sikortex.com\/wp-content\/uploads\/2025\/03\/O1CN01OmJ6yQ1d8yz6ldDNI_2841383692-0-cib-300x300.jpg",300,300,true],"woocommerce_single":["https:\/\/www.sikortex.com\/wp-content\/uploads\/2025\/03\/O1CN01OmJ6yQ1d8yz6ldDNI_2841383692-0-cib-600x600.jpg",600,600,true],"woocommerce_gallery_thumbnail":["https:\/\/www.sikortex.com\/wp-content\/uploads\/2025\/03\/O1CN01OmJ6yQ1d8yz6ldDNI_2841383692-0-cib-100x100.jpg",100,100,true]},"uagb_author_info":{"display_name":"Perry","author_link":"https:\/\/www.sikortex.com\/vi\/author\/"},"uagb_comment_info":0,"uagb_excerpt":"600 Meters(Min.Order)","_links":{"self":[{"href":"https:\/\/www.sikortex.com\/vi\/wp-json\/wp\/v2\/product\/8021","targetHints":{"allow":["GET"]}}],"collection":[{"href":"https:\/\/www.sikortex.com\/vi\/wp-json\/wp\/v2\/product"}],"about":[{"href":"https:\/\/www.sikortex.com\/vi\/wp-json\/wp\/v2\/types\/product"}],"replies":[{"embeddable":true,"href":"https:\/\/www.sikortex.com\/vi\/wp-json\/wp\/v2\/comments?post=8021"}],"wp:featuredmedia":[{"embeddable":true,"href":"https:\/\/www.sikortex.com\/vi\/wp-json\/wp\/v2\/media\/8023"}],"wp:attachment":[{"href":"https:\/\/www.sikortex.com\/vi\/wp-json\/wp\/v2\/media?parent=8021"}],"wp:term":[{"taxonomy":"product_brand","embeddable":true,"href":"https:\/\/www.sikortex.com\/vi\/wp-json\/wp\/v2\/product_brand?post=8021"},{"taxonomy":"product_cat","embeddable":true,"href":"https:\/\/www.sikortex.com\/vi\/wp-json\/wp\/v2\/product_cat?post=8021"},{"taxonomy":"product_tag","embeddable":true,"href":"https:\/\/www.sikortex.com\/vi\/wp-json\/wp\/v2\/product_tag?post=8021"}],"curies":[{"name":"wp","href":"https:\/\/api.w.org\/{rel}","templated":true}]}}