{"id":8006,"date":"2025-03-03T12:37:18","date_gmt":"2025-03-03T04:37:18","guid":{"rendered":"https:\/\/www.sikortex.com\/?post_type=product&#038;p=8006"},"modified":"2025-03-04T13:01:26","modified_gmt":"2025-03-04T05:01:26","slug":"vai-kim-cuong-taffeta-polyester-tpu-duc","status":"publish","type":"product","link":"https:\/\/www.sikortex.com\/vi\/san-pham\/vai-kim-cuong-taffeta-polyester-tpu-duc\/","title":{"rendered":"V\u1ea3i \u0111\u00fac Polyester TPU Taffeta kim c\u01b0\u01a1ng"},"content":{"rendered":"<p>V\u1ea3i \u0111\u00fac Polyester TPU Taffeta Diamond c\u1ee7a ch\u00fang t\u00f4i, m\u1ed9t lo\u1ea1i v\u1eadt li\u1ec7u cao c\u1ea5p k\u1ebft h\u1ee3p gi\u1eefa \u0111\u1ed9 m\u1ec1m m\u1ea1i, \u0111\u1ed9 b\u1ec1n v\u00e0 th\u00e2n thi\u1ec7n v\u1edbi m\u00f4i tr\u01b0\u1eddng. Lo\u1ea1i v\u1ea3i n\u00e0y \u0111\u01b0\u1ee3c t\u1ea1o ra b\u1eb1ng c\u00e1ch \u0111\u00fac Polyurethane nhi\u1ec7t d\u1ebbo (TPU) l\u00ean l\u1edbp n\u1ec1n polyester ch\u1ea5t l\u01b0\u1ee3ng cao, t\u1ea1o ra m\u1ed9t lo\u1ea1i v\u1eadt li\u1ec7u \u0111a n\u0103ng v\u00e0 hi\u1ec7u su\u1ea5t cao. Cho d\u00f9 b\u1ea1n \u0111ang thi\u1ebft k\u1ebf t\u00fai x\u00e1ch, l\u1ec1u tr\u1ea1i hay s\u1ea3n ph\u1ea9m b\u01a1m h\u01a1i, lo\u1ea1i v\u1ea3i n\u00e0y \u0111\u1ec1u mang l\u1ea1i hi\u1ec7u su\u1ea5t v\u01b0\u1ee3t tr\u1ed9i <a href=\"https:\/\/www.sikortex.com\/vi\/chong-tham-nuoc-chong-tham-nuoc\/\"><span style=\"color: #3366ff;\">ch\u1ed1ng th\u1ea5m<\/span><\/a>, \u0111\u1ed9 k\u00edn kh\u00ed v\u00e0 t\u00ednh b\u1ec1n v\u1eefng.<\/p>\n<p>&nbsp;<\/p>\n<p>C\u00e1c t\u00ednh n\u0103ng ch\u00ednh<br \/>\n1. M\u1ec1m m\u1ea1i v\u00e0 linh ho\u1ea1t:<br \/>\nL\u1edbp ph\u1ee7 TPU \u0111\u00fac \u0111\u1ea3m b\u1ea3o k\u1ebft c\u1ea5u m\u1ecbn v\u00e0 m\u1ec1m, t\u1ea1o c\u1ea3m gi\u00e1c tho\u1ea3i m\u00e1i khi c\u1ea7m v\u00e0 l\u00fd t\u01b0\u1edfng cho c\u00e1c s\u1ea3n ph\u1ea9m y\u00eau c\u1ea7u \u0111\u1ed9 linh ho\u1ea1t.<\/p>\n<p>2. <a href=\"https:\/\/www.sikortex.com\/vi\/chong-tham-nuoc-chong-tham-nuoc\/\"><span style=\"color: #3366ff;\">Kh\u00f4ng th\u1ea5m n\u01b0\u1edbc<\/span><\/a> v\u00e0 k\u00edn kh\u00ed:<br \/>\nL\u1edbp TPU cung c\u1ea5p tuy\u1ec7t v\u1eddi <a href=\"https:\/\/www.sikortex.com\/vi\/chong-tham-nuoc-chong-tham-nuoc\/\"><span style=\"color: #3366ff;\">ch\u1ed1ng th\u1ea5m<\/span><\/a> v\u00e0 t\u00ednh ch\u1ea5t k\u00edn kh\u00ed, \u0111\u1ea3m b\u1ea3o s\u1ea3n ph\u1ea9m c\u1ee7a b\u1ea1n \u0111\u01b0\u1ee3c b\u1ea3o v\u1ec7 kh\u1ecfi \u0111\u1ed9 \u1ea9m v\u00e0 r\u00f2 r\u1ec9 kh\u00f4ng kh\u00ed.<\/p>\n<p>3. V\u1eadt li\u1ec7u th\u00e2n thi\u1ec7n v\u1edbi m\u00f4i tr\u01b0\u1eddng:<br \/>\nTPU kh\u00f4ng ch\u1ee9a c\u00e1c h\u00f3a ch\u1ea5t \u0111\u1ed9c h\u1ea1i nh\u01b0 phthalate v\u00e0 clo, khi\u1ebfn n\u00f3 tr\u1edf th\u00e0nh l\u1ef1a ch\u1ecdn an to\u00e0n v\u00e0 b\u1ec1n v\u1eefng h\u01a1n so v\u1edbi PVC.<\/p>\n<p>4. B\u1ec1n v\u00e0 <a href=\"https:\/\/www.sikortex.com\/vi\/vai-nylon-bong-vai-ripstop-ao-gio-vai-3\/\"><span style=\"color: #3366ff;\">Nh\u1eb9<\/span><\/a>:<br \/>\nM\u1eb7c d\u00f9 n\u00f3 <a href=\"https:\/\/www.sikortex.com\/vi\/vai-nylon-bong-vai-ripstop-ao-gio-vai-3\/\"><span style=\"color: #3366ff;\">nh\u1eb9<\/span><\/a> B\u1ea3n ch\u1ea5t, v\u1ea3i c\u00f3 \u0111\u1ed9 b\u1ec1n cao v\u00e0 ch\u1ed1ng m\u00e0i m\u00f2n, \u0111\u1ea3m b\u1ea3o hi\u1ec7u su\u1ea5t l\u00e2u d\u00e0i.<\/p>\n<p>5. Ho\u00e0n thi\u1ec7n \u0111a n\u0103ng:<br \/>\nC\u00f3 nhi\u1ec1u lo\u1ea1i ho\u00e0n thi\u1ec7n kh\u00e1c nhau, bao g\u1ed3m m\u1edd v\u00e0 b\u00f3ng, ph\u00f9 h\u1ee3p v\u1edbi c\u00e1c nhu c\u1ea7u thi\u1ebft k\u1ebf kh\u00e1c nhau.<\/p>\n<p>&nbsp;<\/p>\n<p>\u1ee8ng d\u1ee5ng<br \/>\nV\u1ea3i \u0111\u00fac Polyester TPU Taffeta kim c\u01b0\u01a1ng c\u1ee7a ch\u00fang t\u00f4i ho\u00e0n h\u1ea3o cho nhi\u1ec1u \u1ee9ng d\u1ee5ng kh\u00e1c nhau, bao g\u1ed3m:<br \/>\nT\u00fai: Ba l\u00f4, t\u00fai tote v\u00e0 t\u00fai du l\u1ecbch b\u1ec1n v\u00e0 ch\u1ed1ng th\u1ea5m n\u01b0\u1edbc.<br \/>\nL\u1ec1u v\u00e0 \u0111\u1ed3 d\u00f9ng ngo\u00e0i tr\u1eddi: <a href=\"https:\/\/www.sikortex.com\/vi\/vai-nylon-bong-vai-ripstop-ao-gio-vai-3\/\"><span style=\"color: #3366ff;\">Nh\u1eb9<\/span><\/a> v\u00e0 l\u1ec1u, b\u1ea1t v\u00e0 thi\u1ebft b\u1ecb c\u1eafm tr\u1ea1i ch\u1ecbu \u0111\u01b0\u1ee3c th\u1eddi ti\u1ebft.<br \/>\nT\u00fai ch\u1ed1ng th\u1ea5m n\u01b0\u1edbc: T\u00fai kh\u00f4 v\u00e0 v\u1ecf b\u1ea3o v\u1ec7 d\u00f9ng ngo\u00e0i tr\u1eddi v\u00e0 tr\u00ean bi\u1ec3n.<br \/>\nS\u1ea3n ph\u1ea9m b\u01a1m h\u01a1i: V\u1eadt li\u1ec7u k\u00edn kh\u00ed v\u00e0 b\u1ec1n cho \u0111\u1ed3 ch\u01a1i b\u01a1m h\u01a1i, b\u00e8 v\u00e0 d\u1ee5ng c\u1ee5 th\u1ec3 thao.<br \/>\nThi\u1ebft b\u1ecb th\u1ec3 thao: \u0110\u1ed3 b\u1ea3o h\u1ed9 v\u00e0 thi\u1ebft b\u1ecb \u0111\u00f2i h\u1ecfi s\u1ef1 linh ho\u1ea1t v\u00e0 \u0111\u1ed9 b\u1ec1n.<\/p>\n<p>&nbsp;<\/p>\n<p>T\u1ea1i sao n\u00ean ch\u1ecdn v\u1ea3i \u0111\u00fac TPU c\u1ee7a ch\u00fang t\u00f4i?<br \/>\n1. Ch\u1ea5t l\u01b0\u1ee3ng v\u01b0\u1ee3t tr\u1ed9i:<br \/>\nV\u1ea3i \u0111\u00fac TPU c\u1ee7a ch\u00fang t\u00f4i \u0111\u01b0\u1ee3c s\u1ea3n xu\u1ea5t theo ti\u00eau chu\u1ea9n cao nh\u1ea5t, \u0111\u1ea3m b\u1ea3o hi\u1ec7u su\u1ea5t v\u00e0 \u0111\u1ed9 tin c\u1eady nh\u1ea5t qu\u00e1n.<\/p>\n<p>2. L\u1ef1a ch\u1ecdn th\u00e2n thi\u1ec7n v\u1edbi m\u00f4i tr\u01b0\u1eddng:<br \/>\n\u0110\u01b0\u1ee3c l\u00e0m t\u1eeb <a href=\"https:\/\/www.sikortex.com\/vi\/sang-tao-than-thien-voi-moi-truong-thoi-trang-2\/\"><span style=\"color: #3366ff;\">c\u00f3 th\u1ec3 t\u00e1i ch\u1ebf<\/span><\/a> v\u00e0 v\u1eadt li\u1ec7u kh\u00f4ng \u0111\u1ed9c h\u1ea1i, v\u1ea3i c\u1ee7a ch\u00fang t\u00f4i ph\u00f9 h\u1ee3p v\u1edbi m\u1ee5c ti\u00eau ph\u00e1t tri\u1ec3n b\u1ec1n v\u1eefng to\u00e0n c\u1ea7u.<\/p>\n<p>3. T\u00f9y ch\u1ecdn c\u00f3 th\u1ec3 t\u00f9y ch\u1ec9nh:<br \/>\nCh\u00fang t\u00f4i cung c\u1ea5p nhi\u1ec1u lo\u1ea1i m\u00e0u s\u1eafc, \u0111\u1ed9 d\u00e0y v\u00e0 l\u1edbp ho\u00e0n thi\u1ec7n \u0111\u1ec3 \u0111\u00e1p \u1ee9ng c\u00e1c y\u00eau c\u1ea7u c\u1ee5 th\u1ec3 c\u1ee7a b\u1ea1n.<\/p>\n<p>4. Hi\u1ec7u su\u1ea5t \u0111\u00e3 \u0111\u01b0\u1ee3c ch\u1ee9ng minh:<br \/>\nL\u00fd t\u01b0\u1edfng cho c\u00e1c \u1ee9ng d\u1ee5ng \u0111\u00f2i h\u1ecfi kh\u1eaft khe, v\u1ea3i c\u1ee7a ch\u00fang t\u00f4i \u0111\u01b0\u1ee3c c\u00e1c nh\u00e0 s\u1ea3n xu\u1ea5t tr\u00ean to\u00e0n th\u1ebf gi\u1edbi tin d\u00f9ng v\u00ec \u0111\u1ed9 b\u1ec1n v\u00e0 ch\u1ee9c n\u0103ng c\u1ee7a n\u00f3.<\/p>","protected":false},"excerpt":{"rendered":"<p>1000 m\u00e9t (\u0110\u01a1n h\u00e0ng t\u1ed1i thi\u1ec3u)<\/p>","protected":false},"featured_media":8009,"comment_status":"closed","ping_status":"closed","template":"","meta":{"_uag_custom_page_level_css":"","site-sidebar-layout":"default","site-content-layout":"default","ast-site-content-layout":"default","site-content-style":"default","site-sidebar-style":"default","ast-global-header-display":"","ast-banner-title-visibility":"","ast-main-header-display":"","ast-hfb-above-header-display":"","ast-hfb-below-header-display":"","ast-hfb-mobile-header-display":"","site-post-title":"","ast-breadcrumbs-content":"","ast-featured-img":"","footer-sml-layout":"","theme-transparent-header-meta":"default","adv-header-id-meta":"","stick-header-meta":"default","header-above-stick-meta":"","header-main-stick-meta":"","header-below-stick-meta":"","astra-migrate-meta-layouts":"set","ast-page-background-enabled":"default","ast-page-background-meta":{"desktop":{"background-color":"","background-image":"","background-repeat":"repeat","background-position":"center center","background-size":"auto","background-attachment":"scroll","background-type":"","background-media":"","overlay-type":"","overlay-color":"","overlay-opacity":"","overlay-gradient":""},"tablet":{"background-color":"","background-image":"","background-repeat":"repeat","background-position":"center center","background-size":"auto","background-attachment":"scroll","background-type":"","background-media":"","overlay-type":"","overlay-color":"","overlay-opacity":"","overlay-gradient":""},"mobile":{"background-color":"","background-image":"","background-repeat":"repeat","background-position":"center center","background-size":"auto","background-attachment":"scroll","background-type":"","background-media":"","overlay-type":"","overlay-color":"","overlay-opacity":"","overlay-gradient":""}},"ast-content-background-meta":{"desktop":{"background-color":"var(--ast-global-color-5)","background-image":"","background-repeat":"repeat","background-position":"center center","background-size":"auto","background-attachment":"scroll","background-type":"","background-media":"","overlay-type":"","overlay-color":"","overlay-opacity":"","overlay-gradient":""},"tablet":{"background-color":"var(--ast-global-color-5)","background-image":"","background-repeat":"repeat","background-position":"center center","background-size":"auto","background-attachment":"scroll","background-type":"","background-media":"","overlay-type":"","overlay-color":"","overlay-opacity":"","overlay-gradient":""},"mobile":{"background-color":"var(--ast-global-color-5)","background-image":"","background-repeat":"repeat","background-position":"center center","background-size":"auto","background-attachment":"scroll","background-type":"","background-media":"","overlay-type":"","overlay-color":"","overlay-opacity":"","overlay-gradient":""}}},"product_brand":[],"product_cat":[1206,432,1184,403,433,414],"product_tag":[],"class_list":{"0":"post-8006","1":"product","2":"type-product","3":"status-publish","4":"has-post-thumbnail","6":"product_cat-fabric-for-bag","7":"product_cat-fabric-for-tent","8":"product_cat-oxford-fabric","9":"product_cat-polyester-fabrics","10":"product_cat-textile-for-industrial","11":"product_cat-waterproof-fabrics","12":"desktop-align-left","13":"tablet-align-left","14":"mobile-align-left","15":"ast-product-gallery-layout-vertical-slider","16":"ast-product-tabs-layout-horizontal","18":"first","19":"instock","20":"shipping-taxable","21":"product-type-simple"},"uagb_featured_image_src":{"full":["https:\/\/www.sikortex.com\/wp-content\/uploads\/2025\/03\/Diamond-shaped-polyester-fabric-TPU-coated-fabric.jpg",720,480,false],"thumbnail":["https:\/\/www.sikortex.com\/wp-content\/uploads\/2025\/03\/Diamond-shaped-polyester-fabric-TPU-coated-fabric-150x150.jpg",150,150,true],"medium":["https:\/\/www.sikortex.com\/wp-content\/uploads\/2025\/03\/Diamond-shaped-polyester-fabric-TPU-coated-fabric-300x200.jpg",300,200,true],"medium_large":["https:\/\/www.sikortex.com\/wp-content\/uploads\/2025\/03\/Diamond-shaped-polyester-fabric-TPU-coated-fabric.jpg",720,480,false],"large":["https:\/\/www.sikortex.com\/wp-content\/uploads\/2025\/03\/Diamond-shaped-polyester-fabric-TPU-coated-fabric.jpg",720,480,false],"1536x1536":["https:\/\/www.sikortex.com\/wp-content\/uploads\/2025\/03\/Diamond-shaped-polyester-fabric-TPU-coated-fabric.jpg",720,480,false],"2048x2048":["https:\/\/www.sikortex.com\/wp-content\/uploads\/2025\/03\/Diamond-shaped-polyester-fabric-TPU-coated-fabric.jpg",720,480,false],"trp-custom-language-flag":["https:\/\/www.sikortex.com\/wp-content\/uploads\/2025\/03\/Diamond-shaped-polyester-fabric-TPU-coated-fabric-18x12.jpg",18,12,true],"woocommerce_thumbnail":["https:\/\/www.sikortex.com\/wp-content\/uploads\/2025\/03\/Diamond-shaped-polyester-fabric-TPU-coated-fabric-300x300.jpg",300,300,true],"woocommerce_single":["https:\/\/www.sikortex.com\/wp-content\/uploads\/2025\/03\/Diamond-shaped-polyester-fabric-TPU-coated-fabric-600x400.jpg",600,400,true],"woocommerce_gallery_thumbnail":["https:\/\/www.sikortex.com\/wp-content\/uploads\/2025\/03\/Diamond-shaped-polyester-fabric-TPU-coated-fabric-100x100.jpg",100,100,true]},"uagb_author_info":{"display_name":"Perry","author_link":"https:\/\/www.sikortex.com\/vi\/author\/"},"uagb_comment_info":0,"uagb_excerpt":"1000 Meters(Min.Order)","_links":{"self":[{"href":"https:\/\/www.sikortex.com\/vi\/wp-json\/wp\/v2\/product\/8006","targetHints":{"allow":["GET"]}}],"collection":[{"href":"https:\/\/www.sikortex.com\/vi\/wp-json\/wp\/v2\/product"}],"about":[{"href":"https:\/\/www.sikortex.com\/vi\/wp-json\/wp\/v2\/types\/product"}],"replies":[{"embeddable":true,"href":"https:\/\/www.sikortex.com\/vi\/wp-json\/wp\/v2\/comments?post=8006"}],"wp:featuredmedia":[{"embeddable":true,"href":"https:\/\/www.sikortex.com\/vi\/wp-json\/wp\/v2\/media\/8009"}],"wp:attachment":[{"href":"https:\/\/www.sikortex.com\/vi\/wp-json\/wp\/v2\/media?parent=8006"}],"wp:term":[{"taxonomy":"product_brand","embeddable":true,"href":"https:\/\/www.sikortex.com\/vi\/wp-json\/wp\/v2\/product_brand?post=8006"},{"taxonomy":"product_cat","embeddable":true,"href":"https:\/\/www.sikortex.com\/vi\/wp-json\/wp\/v2\/product_cat?post=8006"},{"taxonomy":"product_tag","embeddable":true,"href":"https:\/\/www.sikortex.com\/vi\/wp-json\/wp\/v2\/product_tag?post=8006"}],"curies":[{"name":"wp","href":"https:\/\/api.w.org\/{rel}","templated":true}]}}