{"id":8000,"date":"2025-03-01T11:02:42","date_gmt":"2025-03-01T03:02:42","guid":{"rendered":"https:\/\/www.sikortex.com\/?post_type=product&#038;p=8000"},"modified":"2025-03-04T13:27:30","modified_gmt":"2025-03-04T05:27:30","slug":"vai-polyester-tpu-trang-1680d","status":"publish","type":"product","link":"https:\/\/www.sikortex.com\/vi\/san-pham\/vai-polyester-tpu-trang-1680d\/","title":{"rendered":"V\u1ea3i ph\u1ee7 TPU Polyester 1680D"},"content":{"rendered":"<p>C\u1ee7a ch\u00fang t\u00f4i\u00a0<strong>V\u1ea3i ph\u1ee7 TPU Polyester 1680D<\/strong>\u00a0l\u00e0 v\u1eadt li\u1ec7u hi\u1ec7u su\u1ea5t cao \u0111\u01b0\u1ee3c thi\u1ebft k\u1ebf cho c\u00e1c \u1ee9ng d\u1ee5ng \u0111\u00f2i h\u1ecfi kh\u1eaft khe. K\u1ebft h\u1ee3p s\u1ee9c m\u1ea1nh c\u1ee7a polyester 1680D v\u1edbi c\u00e1c \u0111\u1eb7c t\u00ednh ti\u00ean ti\u1ebfn c\u1ee7a l\u1edbp ph\u1ee7 Polyurethane nhi\u1ec7t d\u1ebbo (TPU), lo\u1ea1i v\u1ea3i n\u00e0y mang l\u1ea1i \u0111\u1ed9 b\u1ec1n v\u01b0\u1ee3t tr\u1ed9i, <a href=\"https:\/\/www.sikortex.com\/vi\/chong-tham-nuoc-chong-tham-nuoc\/\"><span style=\"color: #3366ff;\">ch\u1ed1ng th\u1ea5m<\/span><\/a>v\u00e0 c\u00e1c t\u00f9y ch\u1ecdn t\u00f9y ch\u1ec9nh. Cho d\u00f9 b\u1ea1n c\u1ea7n n\u00f3 cho thi\u1ebft b\u1ecb ngo\u00e0i tr\u1eddi, <a href=\"https:\/\/www.sikortex.com\/vi\/quan-ao-lam-van-chuyen-va\/\"><span style=\"color: #3366ff;\">b\u00eca c\u00f4ng nghi\u1ec7p<\/span><\/a>ho\u1eb7c t\u00fai x\u00e1ch ch\u1ecbu l\u1ef1c n\u1eb7ng, lo\u1ea1i v\u1ea3i n\u00e0y mang l\u1ea1i hi\u1ec7u su\u1ea5t v\u00e0 \u0111\u1ed9 tin c\u1eady v\u01b0\u1ee3t tr\u1ed9i.<\/p>\n<hr \/>\n<h3><strong>C\u00e1c t\u00ednh n\u0103ng ch\u00ednh<\/strong><\/h3>\n<ol start=\"1\">\n<li><strong>\u0110\u1ed9 b\u1ec1n v\u00f4 song<\/strong>:<br \/>\nL\u1edbp \u0111\u1ebf polyester 1680D c\u00f3 \u0111\u1ed9 b\u1ec1n v\u00e0 kh\u1ea3 n\u0103ng ch\u1ed1ng m\u00e0i m\u00f2n v\u01b0\u1ee3t tr\u1ed9i, l\u00fd t\u01b0\u1edfng cho m\u1ee5c \u0111\u00edch s\u1eed d\u1ee5ng n\u1eb7ng.<\/li>\n<li><strong><a href=\"https:\/\/www.sikortex.com\/vi\/chong-tham-nuoc-chong-tham-nuoc\/\"><span style=\"color: #3366ff;\">Kh\u00f4ng th\u1ea5m n\u01b0\u1edbc<\/span><\/a> v\u00e0 ch\u1ecbu \u0111\u01b0\u1ee3c th\u1eddi ti\u1ebft<\/strong>:<br \/>\nL\u1edbp ph\u1ee7 TPU \u0111\u1ea3m b\u1ea3o ho\u00e0n to\u00e0n <a href=\"https:\/\/www.sikortex.com\/vi\/chong-tham-nuoc-chong-tham-nuoc\/\"><span style=\"color: #3366ff;\">ch\u1ed1ng th\u1ea5m<\/span><\/a>, b\u1ea3o v\u1ec7 s\u1ea3n ph\u1ea9m c\u1ee7a b\u1ea1n kh\u1ecfi m\u01b0a, \u0111\u1ed9 \u1ea9m v\u00e0 \u0111i\u1ec1u ki\u1ec7n th\u1eddi ti\u1ebft kh\u1eafc nghi\u1ec7t.<\/li>\n<li><strong>T\u00f9y ch\u1ecdn c\u00f3 th\u1ec3 t\u00f9y ch\u1ec9nh<\/strong>:<br \/>\nCh\u00fang t\u00f4i h\u1ed7 tr\u1ee3 nhi\u1ec1u t\u00f9y ch\u1ec9nh kh\u00e1c nhau, bao g\u1ed3m\u00a0<strong>l\u1edbp ph\u1ee7 TPU trong su\u1ed1t<\/strong>,\u00a0<strong>l\u1edbp ph\u1ee7 TPU m\u1edd<\/strong>, V\u00e0\u00a0<strong>l\u1edbp ph\u1ee7 TPU nhu\u1ed9m<\/strong>\u00a0v\u1edbi nhi\u1ec1u m\u00e0u s\u1eafc kh\u00e1c nhau.<\/li>\n<li><strong>V\u1eadt li\u1ec7u th\u00e2n thi\u1ec7n v\u1edbi m\u00f4i tr\u01b0\u1eddng<\/strong>:<br \/>\nTPU kh\u00f4ng ch\u1ee9a c\u00e1c h\u00f3a ch\u1ea5t \u0111\u1ed9c h\u1ea1i nh\u01b0 phthalate v\u00e0 clo, l\u00e0m cho n\u00f3 an to\u00e0n h\u01a1n v\u00e0 <a href=\"https:\/\/www.sikortex.com\/vi\/sang-tao-than-thien-voi-moi-truong-thoi-trang-2\/\"><span style=\"color: #3366ff;\">b\u1ec1n v\u1eefng<\/span><\/a> l\u1ef1a ch\u1ecdn.<\/li>\n<li><a href=\"\/vi\/vai-nhuom-dung-dich\/\"><span style=\"color: #3366ff;\"><strong>Ch\u1ed1ng tia UV<\/strong><\/span><\/a>:<br \/>\n\u0110\u01b0\u1ee3c thi\u1ebft k\u1ebf \u0111\u1ec3 ch\u1ecbu \u0111\u01b0\u1ee3c th\u1eddi gian ti\u1ebfp x\u00fac l\u00e2u v\u1edbi \u00e1nh s\u00e1ng m\u1eb7t tr\u1eddi, lo\u1ea1i v\u1ea3i n\u00e0y ho\u00e0n h\u1ea3o cho c\u00e1c \u1ee9ng d\u1ee5ng ngo\u00e0i tr\u1eddi.<\/li>\n<\/ol>\n<hr \/>\n<h3><strong>\u1ee8ng d\u1ee5ng<\/strong><\/h3>\n<p>C\u1ee7a ch\u00fang t\u00f4i\u00a0<strong>V\u1ea3i ph\u1ee7 TPU Polyester 1680D<\/strong>\u00a0c\u00f3 t\u00ednh linh ho\u1ea1t v\u00e0 ph\u00f9 h\u1ee3p v\u1edbi:<\/p>\n<ul>\n<li><strong>\u0110\u1ed3 d\u00f9ng ngo\u00e0i tr\u1eddi<\/strong>: <a href=\"https:\/\/www.sikortex.com\/vi\/nha-san-xuat-vai-leu\/\"><span style=\"color: #3366ff;\">L\u1ec1u tr\u1ea1i<\/span><\/a>, ba l\u00f4 v\u00e0 b\u1ea1t.<\/li>\n<li><a href=\"https:\/\/www.sikortex.com\/vi\/quan-ao-lam-van-chuyen-va\/\"><span style=\"color: #3366ff;\"><strong>B\u00eca c\u00f4ng nghi\u1ec7p<\/strong><\/span><\/a>: V\u1ecf b\u1ea3o v\u1ec7 cho m\u00e1y m\u00f3c v\u00e0 xe c\u1ed9.<\/li>\n<li><strong>T\u00fai ch\u1ecbu l\u1ef1c n\u1eb7ng<\/strong>: H\u00e0nh l\u00fd, t\u00fai \u0111\u1ef1ng d\u1ee5ng c\u1ee5 v\u00e0 thi\u1ebft b\u1ecb chi\u1ebfn thu\u1eadt.<\/li>\n<li><strong>Thi\u1ebft b\u1ecb h\u00e0ng h\u1ea3i<\/strong>: V\u1ecf b\u1ecdc thuy\u1ec1n v\u00e0 \u0111\u1ed3 n\u1ed9i th\u1ea5t tr\u00ean t\u00e0u.<\/li>\n<\/ul>\n<hr \/>\n<h3><strong>T\u1ea1i sao ch\u1ecdn ch\u00fang t\u00f4i?<\/strong><\/h3>\n<ol start=\"1\">\n<li><strong>S\u1ea3n xu\u1ea5t ti\u00ean ti\u1ebfn<\/strong>:<br \/>\nCh\u00fang t\u00f4i chuy\u00ean v\u1ec1 c\u00f4ng ngh\u1ec7 ph\u1ee7 TPU, \u0111\u1ea3m b\u1ea3o k\u1ebft qu\u1ea3 ch\u1ea5t l\u01b0\u1ee3ng cao v\u00e0 \u0111\u1ed3ng nh\u1ea5t.<\/li>\n<li><strong>T\u00f9y ch\u1ec9nh<\/strong>:<br \/>\nT\u1eeb l\u1edbp ph\u1ee7 trong su\u1ed1t \u0111\u1ebfn l\u1edbp ph\u1ee7 m\u1edd ho\u1eb7c nhu\u1ed9m, ch\u00fang t\u00f4i \u0111i\u1ec1u ch\u1ec9nh c\u00e1c lo\u1ea1i v\u1ea3i \u0111\u1ec3 \u0111\u00e1p \u1ee9ng nhu c\u1ea7u c\u1ee5 th\u1ec3 c\u1ee7a b\u1ea1n.<\/li>\n<li><strong>Th\u00e2n thi\u1ec7n v\u1edbi m\u00f4i tr\u01b0\u1eddng<\/strong>:<br \/>\nL\u1edbp ph\u1ee7 TPU c\u1ee7a ch\u00fang t\u00f4i l\u00e0 <a href=\"https:\/\/www.sikortex.com\/vi\/sang-tao-than-thien-voi-moi-truong-thoi-trang-2\/\"><span style=\"color: #3366ff;\">c\u00f3 th\u1ec3 t\u00e1i ch\u1ebf<\/span><\/a> v\u00e0 kh\u00f4ng ch\u1ee9a h\u00f3a ch\u1ea5t \u0111\u1ed9c h\u1ea1i.<\/li>\n<li><strong>Ch\u1ea5t l\u01b0\u1ee3ng \u0111\u00e1ng tin c\u1eady<\/strong>:<br \/>\n\u0110\u01b0\u1ee3c s\u1ea3n xu\u1ea5t theo ti\u00eau chu\u1ea9n cao nh\u1ea5t, v\u1ea3i c\u1ee7a ch\u00fang t\u00f4i \u0111\u1ea3m b\u1ea3o hi\u1ec7u su\u1ea5t l\u00e2u d\u00e0i.<\/li>\n<\/ol>\n<hr \/>\n<p>N\u1ebfu b\u1ea1n \u0111ang t\u00ecm ki\u1ebfm m\u1ed9t lo\u1ea1i v\u1ea3i b\u1ec1n, ch\u1ed1ng th\u1ea5m n\u01b0\u1edbc v\u00e0 th\u00e2n thi\u1ec7n v\u1edbi m\u00f4i tr\u01b0\u1eddng, th\u00ec **V\u1ea3i ph\u1ee7 TPU Polyester 1680D** c\u1ee7a ch\u00fang t\u00f4i l\u00e0 gi\u1ea3i ph\u00e1p l\u00fd t\u01b0\u1edfng. Ho\u00e0n h\u1ea3o cho c\u00e1c \u1ee9ng d\u1ee5ng ngo\u00e0i tr\u1eddi, c\u00f4ng nghi\u1ec7p v\u00e0 h\u1ea1ng n\u1eb7ng, lo\u1ea1i v\u1ea3i n\u00e0y k\u1ebft h\u1ee3p \u0111\u1ed9 b\u1ec1n, t\u00ednh linh ho\u1ea1t v\u00e0 t\u00ednh b\u1ec1n v\u1eefng trong m\u1ed9t v\u1eadt li\u1ec7u cao c\u1ea5p.<\/p>\n<p>H\u00e3y li\u00ean h\u1ec7 v\u1edbi ch\u00fang t\u00f4i ngay h\u00f4m nay \u0111\u1ec3 y\u00eau c\u1ea7u m\u1eabu ho\u1eb7c \u0111\u1eb7t h\u00e0ng. H\u00e3y c\u00f9ng nhau t\u1ea1o ra nh\u1eefng s\u1ea3n ph\u1ea9m ch\u1ea5t l\u01b0\u1ee3ng cao!<\/p>\n<p>&nbsp;<\/p>","protected":false},"excerpt":{"rendered":"<p>600 m\u00e9t (\u0110\u01a1n h\u00e0ng t\u1ed1i thi\u1ec3u)<\/p>","protected":false},"featured_media":8001,"comment_status":"closed","ping_status":"closed","template":"","meta":{"_uag_custom_page_level_css":"","site-sidebar-layout":"default","site-content-layout":"default","ast-site-content-layout":"default","site-content-style":"default","site-sidebar-style":"default","ast-global-header-display":"","ast-banner-title-visibility":"","ast-main-header-display":"","ast-hfb-above-header-display":"","ast-hfb-below-header-display":"","ast-hfb-mobile-header-display":"","site-post-title":"","ast-breadcrumbs-content":"","ast-featured-img":"","footer-sml-layout":"","theme-transparent-header-meta":"default","adv-header-id-meta":"","stick-header-meta":"default","header-above-stick-meta":"","header-main-stick-meta":"","header-below-stick-meta":"","astra-migrate-meta-layouts":"set","ast-page-background-enabled":"default","ast-page-background-meta":{"desktop":{"background-color":"","background-image":"","background-repeat":"repeat","background-position":"center center","background-size":"auto","background-attachment":"scroll","background-type":"","background-media":"","overlay-type":"","overlay-color":"","overlay-opacity":"","overlay-gradient":""},"tablet":{"background-color":"","background-image":"","background-repeat":"repeat","background-position":"center center","background-size":"auto","background-attachment":"scroll","background-type":"","background-media":"","overlay-type":"","overlay-color":"","overlay-opacity":"","overlay-gradient":""},"mobile":{"background-color":"","background-image":"","background-repeat":"repeat","background-position":"center center","background-size":"auto","background-attachment":"scroll","background-type":"","background-media":"","overlay-type":"","overlay-color":"","overlay-opacity":"","overlay-gradient":""}},"ast-content-background-meta":{"desktop":{"background-color":"var(--ast-global-color-5)","background-image":"","background-repeat":"repeat","background-position":"center center","background-size":"auto","background-attachment":"scroll","background-type":"","background-media":"","overlay-type":"","overlay-color":"","overlay-opacity":"","overlay-gradient":""},"tablet":{"background-color":"var(--ast-global-color-5)","background-image":"","background-repeat":"repeat","background-position":"center center","background-size":"auto","background-attachment":"scroll","background-type":"","background-media":"","overlay-type":"","overlay-color":"","overlay-opacity":"","overlay-gradient":""},"mobile":{"background-color":"var(--ast-global-color-5)","background-image":"","background-repeat":"repeat","background-position":"center center","background-size":"auto","background-attachment":"scroll","background-type":"","background-media":"","overlay-type":"","overlay-color":"","overlay-opacity":"","overlay-gradient":""}}},"product_brand":[],"product_cat":[1206,432,1184,403,433,414],"product_tag":[],"class_list":{"0":"post-8000","1":"product","2":"type-product","3":"status-publish","4":"has-post-thumbnail","6":"product_cat-fabric-for-bag","7":"product_cat-fabric-for-tent","8":"product_cat-oxford-fabric","9":"product_cat-polyester-fabrics","10":"product_cat-textile-for-industrial","11":"product_cat-waterproof-fabrics","12":"pa_available_colors-h-black","13":"desktop-align-left","14":"tablet-align-left","15":"mobile-align-left","16":"ast-product-gallery-layout-vertical-slider","17":"ast-product-tabs-layout-horizontal","19":"first","20":"instock","21":"shipping-taxable","22":"product-type-simple"},"uagb_featured_image_src":{"full":["https:\/\/www.sikortex.com\/wp-content\/uploads\/2025\/03\/Polyester-TPU-coated-fabric.jpg",800,800,false],"thumbnail":["https:\/\/www.sikortex.com\/wp-content\/uploads\/2025\/03\/Polyester-TPU-coated-fabric-150x150.jpg",150,150,true],"medium":["https:\/\/www.sikortex.com\/wp-content\/uploads\/2025\/03\/Polyester-TPU-coated-fabric-300x300.jpg",300,300,true],"medium_large":["https:\/\/www.sikortex.com\/wp-content\/uploads\/2025\/03\/Polyester-TPU-coated-fabric-768x768.jpg",768,768,true],"large":["https:\/\/www.sikortex.com\/wp-content\/uploads\/2025\/03\/Polyester-TPU-coated-fabric.jpg",800,800,false],"1536x1536":["https:\/\/www.sikortex.com\/wp-content\/uploads\/2025\/03\/Polyester-TPU-coated-fabric.jpg",800,800,false],"2048x2048":["https:\/\/www.sikortex.com\/wp-content\/uploads\/2025\/03\/Polyester-TPU-coated-fabric.jpg",800,800,false],"trp-custom-language-flag":["https:\/\/www.sikortex.com\/wp-content\/uploads\/2025\/03\/Polyester-TPU-coated-fabric-12x12.jpg",12,12,true],"woocommerce_thumbnail":["https:\/\/www.sikortex.com\/wp-content\/uploads\/2025\/03\/Polyester-TPU-coated-fabric-300x300.jpg",300,300,true],"woocommerce_single":["https:\/\/www.sikortex.com\/wp-content\/uploads\/2025\/03\/Polyester-TPU-coated-fabric-600x600.jpg",600,600,true],"woocommerce_gallery_thumbnail":["https:\/\/www.sikortex.com\/wp-content\/uploads\/2025\/03\/Polyester-TPU-coated-fabric-100x100.jpg",100,100,true]},"uagb_author_info":{"display_name":"Perry","author_link":"https:\/\/www.sikortex.com\/vi\/author\/"},"uagb_comment_info":0,"uagb_excerpt":"600 Meters(Min.Order)","_links":{"self":[{"href":"https:\/\/www.sikortex.com\/vi\/wp-json\/wp\/v2\/product\/8000","targetHints":{"allow":["GET"]}}],"collection":[{"href":"https:\/\/www.sikortex.com\/vi\/wp-json\/wp\/v2\/product"}],"about":[{"href":"https:\/\/www.sikortex.com\/vi\/wp-json\/wp\/v2\/types\/product"}],"replies":[{"embeddable":true,"href":"https:\/\/www.sikortex.com\/vi\/wp-json\/wp\/v2\/comments?post=8000"}],"wp:featuredmedia":[{"embeddable":true,"href":"https:\/\/www.sikortex.com\/vi\/wp-json\/wp\/v2\/media\/8001"}],"wp:attachment":[{"href":"https:\/\/www.sikortex.com\/vi\/wp-json\/wp\/v2\/media?parent=8000"}],"wp:term":[{"taxonomy":"product_brand","embeddable":true,"href":"https:\/\/www.sikortex.com\/vi\/wp-json\/wp\/v2\/product_brand?post=8000"},{"taxonomy":"product_cat","embeddable":true,"href":"https:\/\/www.sikortex.com\/vi\/wp-json\/wp\/v2\/product_cat?post=8000"},{"taxonomy":"product_tag","embeddable":true,"href":"https:\/\/www.sikortex.com\/vi\/wp-json\/wp\/v2\/product_tag?post=8000"}],"curies":[{"name":"wp","href":"https:\/\/api.w.org\/{rel}","templated":true}]}}