{"id":7861,"date":"2025-01-18T10:46:44","date_gmt":"2025-01-18T02:46:44","guid":{"rendered":"https:\/\/www.sikortex.com\/?post_type=product&#038;p=7861"},"modified":"2025-03-04T13:21:58","modified_gmt":"2025-03-04T05:21:58","slug":"vai-phu-nylon-tpu-210d-420d","status":"publish","type":"product","link":"https:\/\/www.sikortex.com\/vi\/san-pham\/vai-phu-nylon-tpu-210d-420d\/","title":{"rendered":"V\u1ea3i ph\u1ee7 TPU Nylon hai m\u1eb7t 210D 420D"},"content":{"rendered":"<h3 class=\"header-vfC6AV auto-hide-last-sibling-br\">V\u1ea3i ph\u1ee7 TPU Nylon hai m\u1eb7t 210D v\u00e0 420D c\u1ee7a ch\u00fang t\u00f4i<\/h3>\n<p>&nbsp;<\/p>\n<div class=\"auto-hide-last-sibling-br paragraph-JOTKXA paragraph-element br-paragraph-space\">Lo\u1ea1i v\u1ea3i n\u00e0y c\u00f3 nhi\u1ec1u \u1ee9ng d\u1ee5ng, \u0111\u1eb7c bi\u1ec7t l\u00e0 trong l\u0129nh v\u1ef1c s\u1ea3n ph\u1ea9m b\u01a1m h\u01a1i ho\u1eb7c ch\u1ed1ng th\u1ea5m n\u01b0\u1edbc. Nylon 210D v\u00e0 420D r\u1ea5t ph\u00f9 h\u1ee3p \u0111\u1ec3 s\u1ea3n xu\u1ea5t c\u00e1c m\u1eb7t h\u00e0ng nh\u01b0 ba l\u00f4, b\u00e8 ba l\u00f4, t\u00fai kh\u00f4 v\u00e0 \u0111\u1ed3 d\u00f9ng \u0111\u00f3ng g\u00f3i xe \u0111\u1ea1p.<\/div>\n<p>&nbsp;<\/p>\n<div class=\"auto-hide-last-sibling-br paragraph-JOTKXA paragraph-element br-paragraph-space\">H\u01a1n n\u1eefa, ch\u00fang t\u00f4i cung c\u1ea5p v\u1ea3i Nylon 840D v\u00e0 1000D, \u0111\u00e2y c\u0169ng l\u00e0 nh\u1eefng l\u1ef1a ch\u1ecdn tuy\u1ec7t v\u1eddi cho c\u00e1c s\u1ea3n ph\u1ea9m b\u01a1m h\u01a1i. Khi n\u00f3i \u0111\u1ebfn v\u1eadt li\u1ec7u b\u01a1m h\u01a1i, \u0111\u1ed9 k\u00edn kh\u00ed cao l\u00e0 \u0111i\u1ec1u quan tr\u1ecdng nh\u1ea5t v\u00e0 l\u1edbp ph\u1ee7 TPU c\u1ee7a ch\u00fang t\u00f4i n\u1ed5i b\u1eadt l\u00e0 l\u1ef1a ch\u1ecdn h\u00e0ng \u0111\u1ea7u.<\/div>\n<h4 class=\"header-vfC6AV auto-hide-last-sibling-br\">T\u00f9y ch\u1ecdn l\u1edbp ph\u1ee7 TPU<\/h4>\n<p>&nbsp;<\/p>\n<div class=\"auto-hide-last-sibling-br paragraph-JOTKXA paragraph-element br-paragraph-space\">M\u1ed9t \u0111\u1eb7c \u0111i\u1ec3m ch\u00ednh c\u1ee7a v\u1ea3i 210D v\u00e0 420D l\u00e0 l\u1edbp ph\u1ee7 TPU. Lo\u1ea1i v\u1ea3i n\u00e0y c\u00f3 th\u1ec3 \u0111\u01b0\u1ee3c ph\u1ee7 m\u1ed9t l\u1edbp TPU m\u1ed9t m\u1eb7t, c\u00f3 s\u1eb5n \u1edf d\u1ea1ng m\u1edd ho\u1eb7c b\u00f3ng, \u0111\u1ec3 t\u0103ng \u0111\u00e1ng k\u1ec3 <a href=\"https:\/\/www.sikortex.com\/vi\/chong-tham-nuoc-chong-tham-nuoc\/\"><span style=\"color: #3366ff;\">kh\u00f4ng th\u1ea5m n\u01b0\u1edbc<\/span><\/a> kh\u1ea3 n\u0103ng. L\u1edbp ph\u1ee7 TPU tr\u00ean v\u1ea3i nylon t\u01b0\u01a1ng \u0111\u1ed1i d\u00e0y, t\u1ea1o n\u00ean s\u1ef1 ch\u1eafc ch\u1eafn <a href=\"https:\/\/www.sikortex.com\/vi\/chong-tham-nuoc-chong-tham-nuoc\/\"><span style=\"color: #3366ff;\">kh\u00f4ng th\u1ea5m n\u01b0\u1edbc<\/span><\/a> r\u00e0o c\u1ea3n. Ngo\u00e0i ra, ch\u00fang t\u00f4i c\u00f2n s\u1ea3n xu\u1ea5t phi\u00ean b\u1ea3n ph\u1ee7 TPU hai m\u1eb7t, gi\u00fap t\u0103ng c\u01b0\u1eddng hi\u1ec7u su\u1ea5t ch\u1ed1ng th\u1ea5m n\u01b0\u1edbc v\u00e0 \u0111\u1ed9 b\u1ec1n.<\/div>\n<h4 class=\"header-vfC6AV auto-hide-last-sibling-br\">So s\u00e1nh v\u1edbi l\u1edbp ph\u1ee7 PU<\/h4>\n<p>&nbsp;<\/p>\n<div class=\"auto-hide-last-sibling-br paragraph-JOTKXA paragraph-element br-paragraph-space\">B\u00ean c\u1ea1nh l\u1edbp ph\u1ee7 TPU, v\u1ea3i nylon \u0111\u1ea1n \u0111\u1ea1o c\u00f3 th\u1ec3 \u0111\u01b0\u1ee3c ph\u1ee7 PU. Tuy nhi\u00ean, khi s\u1eed d\u1ee5ng l\u1edbp ph\u1ee7 PU, \u0111\u1ed9 d\u00e0y c\u1ee7a v\u1ea3i gi\u1ea3m \u0111\u00e1ng k\u1ec3 so v\u1edbi l\u1edbp ph\u1ee7 TPU. Quy\u1ebft \u0111\u1ecbnh gi\u1eefa l\u1edbp ph\u1ee7 TPU v\u00e0 PU ph\u1ee5 thu\u1ed9c v\u00e0o c\u00e1c y\u00eau c\u1ea7u c\u1ee5 th\u1ec3 c\u1ee7a s\u1ea3n ph\u1ea9m cu\u1ed1i c\u00f9ng. \u0110\u1ed1i v\u1edbi c\u00e1c \u1ee9ng d\u1ee5ng c\u00f3 \u0111\u1ed9 b\u1ec1n t\u1ed1i \u0111a v\u00e0 l\u1edbp d\u00e0y <a href=\"https:\/\/www.sikortex.com\/vi\/chong-tham-nuoc-chong-tham-nuoc\/\"><span style=\"color: #3366ff;\">kh\u00f4ng th\u1ea5m n\u01b0\u1edbc<\/span><\/a> b\u1ea3o v\u1ec7 l\u00e0 r\u1ea5t quan tr\u1ecdng, v\u1ea3i nylon \u0111\u1ea1n \u0111\u1ea1o ph\u1ee7 TPU th\u01b0\u1eddng l\u00e0 l\u1ef1a ch\u1ecdn \u0111\u01b0\u1ee3c \u01b0u ti\u00ean.<\/div>\n<h2 class=\"header-vfC6AV auto-hide-last-sibling-br\"><\/h2>\n<h4 class=\"header-vfC6AV auto-hide-last-sibling-br\">V\u1ea3i ph\u1ee7 Polyester TPU<\/h4>\n<p>&nbsp;<\/p>\n<div class=\"auto-hide-last-sibling-br paragraph-JOTKXA paragraph-element br-paragraph-space\">Ch\u00fang t\u00f4i c\u0169ng cung c\u1ea5p v\u1ea3i polyester ph\u1ee7 TPU. Polyester c\u00f3 \u0111\u1ed9 b\u1ec1n m\u00e0u t\u1ed1t h\u01a1n, ph\u00f9 h\u1ee3p v\u1edbi m\u1ed9t s\u1ed1 t\u00ecnh hu\u1ed1ng ngo\u00e0i tr\u1eddi c\u1ee5 th\u1ec3.<\/div>\n<p>&nbsp;<\/p>\n<div class=\"auto-hide-last-sibling-br paragraph-JOTKXA paragraph-element br-paragraph-space\"><\/div>","protected":false},"excerpt":{"rendered":"<p>1200 m\u00e9t (\u0110\u01a1n h\u00e0ng t\u1ed1i thi\u1ec3u)<\/p>","protected":false},"featured_media":7580,"comment_status":"closed","ping_status":"closed","template":"","meta":{"_uag_custom_page_level_css":"","site-sidebar-layout":"default","site-content-layout":"default","ast-site-content-layout":"default","site-content-style":"default","site-sidebar-style":"default","ast-global-header-display":"","ast-banner-title-visibility":"","ast-main-header-display":"","ast-hfb-above-header-display":"","ast-hfb-below-header-display":"","ast-hfb-mobile-header-display":"","site-post-title":"","ast-breadcrumbs-content":"","ast-featured-img":"","footer-sml-layout":"","theme-transparent-header-meta":"default","adv-header-id-meta":"","stick-header-meta":"default","header-above-stick-meta":"","header-main-stick-meta":"","header-below-stick-meta":"","astra-migrate-meta-layouts":"set","ast-page-background-enabled":"default","ast-page-background-meta":{"desktop":{"background-color":"","background-image":"","background-repeat":"repeat","background-position":"center center","background-size":"auto","background-attachment":"scroll","background-type":"","background-media":"","overlay-type":"","overlay-color":"","overlay-opacity":"","overlay-gradient":""},"tablet":{"background-color":"","background-image":"","background-repeat":"repeat","background-position":"center center","background-size":"auto","background-attachment":"scroll","background-type":"","background-media":"","overlay-type":"","overlay-color":"","overlay-opacity":"","overlay-gradient":""},"mobile":{"background-color":"","background-image":"","background-repeat":"repeat","background-position":"center center","background-size":"auto","background-attachment":"scroll","background-type":"","background-media":"","overlay-type":"","overlay-color":"","overlay-opacity":"","overlay-gradient":""}},"ast-content-background-meta":{"desktop":{"background-color":"var(--ast-global-color-5)","background-image":"","background-repeat":"repeat","background-position":"center center","background-size":"auto","background-attachment":"scroll","background-type":"","background-media":"","overlay-type":"","overlay-color":"","overlay-opacity":"","overlay-gradient":""},"tablet":{"background-color":"var(--ast-global-color-5)","background-image":"","background-repeat":"repeat","background-position":"center center","background-size":"auto","background-attachment":"scroll","background-type":"","background-media":"","overlay-type":"","overlay-color":"","overlay-opacity":"","overlay-gradient":""},"mobile":{"background-color":"var(--ast-global-color-5)","background-image":"","background-repeat":"repeat","background-position":"center center","background-size":"auto","background-attachment":"scroll","background-type":"","background-media":"","overlay-type":"","overlay-color":"","overlay-opacity":"","overlay-gradient":""}}},"product_brand":[],"product_cat":[1206,432,404,1184,433,414],"product_tag":[],"class_list":{"0":"post-7861","1":"product","2":"type-product","3":"status-publish","4":"has-post-thumbnail","6":"product_cat-fabric-for-bag","7":"product_cat-fabric-for-tent","8":"product_cat-nylon-fabrics","9":"product_cat-oxford-fabric","10":"product_cat-textile-for-industrial","11":"product_cat-waterproof-fabrics","12":"pa_available_colors-h-black","13":"desktop-align-left","14":"tablet-align-left","15":"mobile-align-left","16":"ast-product-gallery-layout-vertical-slider","17":"ast-product-tabs-layout-horizontal","19":"first","20":"instock","21":"shipping-taxable","22":"product-type-simple"},"uagb_featured_image_src":{"full":["https:\/\/www.sikortex.com\/wp-content\/uploads\/2024\/12\/210D-Nylon-Oxford-Waterproof-PU-Coating-Fabric.jpg",1500,1500,false],"thumbnail":["https:\/\/www.sikortex.com\/wp-content\/uploads\/2024\/12\/210D-Nylon-Oxford-Waterproof-PU-Coating-Fabric-150x150.jpg",150,150,true],"medium":["https:\/\/www.sikortex.com\/wp-content\/uploads\/2024\/12\/210D-Nylon-Oxford-Waterproof-PU-Coating-Fabric-300x300.jpg",300,300,true],"medium_large":["https:\/\/www.sikortex.com\/wp-content\/uploads\/2024\/12\/210D-Nylon-Oxford-Waterproof-PU-Coating-Fabric-768x768.jpg",768,768,true],"large":["https:\/\/www.sikortex.com\/wp-content\/uploads\/2024\/12\/210D-Nylon-Oxford-Waterproof-PU-Coating-Fabric-1024x1024.jpg",1024,1024,true],"1536x1536":["https:\/\/www.sikortex.com\/wp-content\/uploads\/2024\/12\/210D-Nylon-Oxford-Waterproof-PU-Coating-Fabric.jpg",1500,1500,false],"2048x2048":["https:\/\/www.sikortex.com\/wp-content\/uploads\/2024\/12\/210D-Nylon-Oxford-Waterproof-PU-Coating-Fabric.jpg",1500,1500,false],"trp-custom-language-flag":["https:\/\/www.sikortex.com\/wp-content\/uploads\/2024\/12\/210D-Nylon-Oxford-Waterproof-PU-Coating-Fabric-12x12.jpg",12,12,true],"woocommerce_thumbnail":["https:\/\/www.sikortex.com\/wp-content\/uploads\/2024\/12\/210D-Nylon-Oxford-Waterproof-PU-Coating-Fabric-300x300.jpg",300,300,true],"woocommerce_single":["https:\/\/www.sikortex.com\/wp-content\/uploads\/2024\/12\/210D-Nylon-Oxford-Waterproof-PU-Coating-Fabric-600x600.jpg",600,600,true],"woocommerce_gallery_thumbnail":["https:\/\/www.sikortex.com\/wp-content\/uploads\/2024\/12\/210D-Nylon-Oxford-Waterproof-PU-Coating-Fabric-100x100.jpg",100,100,true]},"uagb_author_info":{"display_name":"Perry","author_link":"https:\/\/www.sikortex.com\/vi\/author\/"},"uagb_comment_info":0,"uagb_excerpt":"1200 Meters(Min.Order)","_links":{"self":[{"href":"https:\/\/www.sikortex.com\/vi\/wp-json\/wp\/v2\/product\/7861","targetHints":{"allow":["GET"]}}],"collection":[{"href":"https:\/\/www.sikortex.com\/vi\/wp-json\/wp\/v2\/product"}],"about":[{"href":"https:\/\/www.sikortex.com\/vi\/wp-json\/wp\/v2\/types\/product"}],"replies":[{"embeddable":true,"href":"https:\/\/www.sikortex.com\/vi\/wp-json\/wp\/v2\/comments?post=7861"}],"wp:featuredmedia":[{"embeddable":true,"href":"https:\/\/www.sikortex.com\/vi\/wp-json\/wp\/v2\/media\/7580"}],"wp:attachment":[{"href":"https:\/\/www.sikortex.com\/vi\/wp-json\/wp\/v2\/media?parent=7861"}],"wp:term":[{"taxonomy":"product_brand","embeddable":true,"href":"https:\/\/www.sikortex.com\/vi\/wp-json\/wp\/v2\/product_brand?post=7861"},{"taxonomy":"product_cat","embeddable":true,"href":"https:\/\/www.sikortex.com\/vi\/wp-json\/wp\/v2\/product_cat?post=7861"},{"taxonomy":"product_tag","embeddable":true,"href":"https:\/\/www.sikortex.com\/vi\/wp-json\/wp\/v2\/product_tag?post=7861"}],"curies":[{"name":"wp","href":"https:\/\/api.w.org\/{rel}","templated":true}]}}