{"id":7833,"date":"2025-01-13T11:12:52","date_gmt":"2025-01-13T03:12:52","guid":{"rendered":"https:\/\/www.sikortex.com\/?post_type=product&#038;p=7833"},"modified":"2025-08-18T14:03:29","modified_gmt":"2025-08-18T06:03:29","slug":"vai-polyester-600d-chong-tham-nuoc-ngoai-troi","status":"publish","type":"product","link":"https:\/\/www.sikortex.com\/vi\/san-pham\/vai-polyester-600d-chong-tham-nuoc-ngoai-troi\/","title":{"rendered":"V\u1ea3i Polyester 600D ch\u1ed1ng th\u1ea5m n\u01b0\u1edbc ngo\u00e0i tr\u1eddi cho \u0111\u1ed3 n\u1ed9i th\u1ea5t"},"content":{"rendered":"<h1 class=\"header-vfC6AV auto-hide-last-sibling-br\">V\u1ea3i Polyester 600D ch\u1ed1ng th\u1ea5m ngo\u00e0i tr\u1eddi: L\u1ef1a ch\u1ecdn thi\u1ebft th\u1ef1c cho \u0111\u1ed3 n\u1ed9i th\u1ea5t ngo\u00e0i tr\u1eddi<\/h1>\n<p>&nbsp;<\/p>\n<div class=\"auto-hide-last-sibling-br paragraph-JOTKXA paragraph-element br-paragraph-space\">\n<div class=\"auto-hide-last-sibling-br paragraph-JOTKXA paragraph-element br-paragraph-space\">Khi trang tr\u00ed kh\u00f4ng gian ngo\u00e0i tr\u1eddi, vi\u1ec7c l\u1ef1a ch\u1ecdn v\u1eadt li\u1ec7u ph\u00f9 h\u1ee3p l\u00e0 r\u1ea5t quan tr\u1ecdng v\u00e0 <a href=\"https:\/\/www.sikortex.com\/vi\/vai-polyester\/\"><span style=\"color: #3366ff;\">polyester<\/span><\/a> 600D ngo\u00e0i tr\u1eddi <a href=\"https:\/\/www.sikortex.com\/vi\/chong-tham-nuoc-chong-tham-nuoc\/\"><span style=\"color: #3366ff;\">kh\u00f4ng th\u1ea5m n\u01b0\u1edbc<\/span><\/a> v\u1ea3i n\u1ed5i l\u00ean nh\u01b0 l\u00e0 l\u1ef1a ch\u1ecdn ph\u00f9 h\u1ee3p nh\u1ea5t. Lo\u1ea1i v\u1ea3i n\u00e0y l\u00e0 s\u1ef1 k\u1ebft h\u1ee3p gi\u1eefa t\u00ednh th\u1ef1c t\u1ebf v\u00e0 kh\u1ea3 n\u0103ng ph\u1ee5c h\u1ed3i, \u0111\u01b0\u1ee3c thi\u1ebft k\u1ebf \u0111\u1ec3 ch\u1ed1ng ch\u1ecdi v\u1edbi c\u00e1c y\u1ebfu t\u1ed1 kh\u1eafc nghi\u1ec7t ngo\u00e0i tr\u1eddi.<\/div>\n<p>&nbsp;<\/p>\n<div class=\"auto-hide-last-sibling-br paragraph-JOTKXA paragraph-element br-paragraph-space\"><a href=\"https:\/\/www.sikortex.com\/vi\/vai-polyester\/\">Polyester<\/a> 600D ngo\u00e0i tr\u1eddi <a href=\"https:\/\/www.sikortex.com\/vi\/chong-tham-nuoc-chong-tham-nuoc\/\"><span style=\"color: #3366ff;\">kh\u00f4ng th\u1ea5m n\u01b0\u1edbc<\/span><\/a> V\u1ea3i c\u00f3 \u0111\u1ed9 b\u1ec1n \u0111\u00e1ng k\u1ec3. Ch\u1ec9 s\u1ed1 denier 600D cho bi\u1ebft \u0111\u1ed9 d\u00e0y c\u1ee7a s\u1ee3i v\u1ea3i, g\u00f3p ph\u1ea7n t\u1ea1o n\u00ean \u0111\u1ed9 b\u1ec1n c\u1ee7a v\u1ea3i. V\u1ea3i c\u00f3 th\u1ec3 ch\u1ecbu \u0111\u01b0\u1ee3c vi\u1ec7c s\u1eed d\u1ee5ng th\u01b0\u1eddng xuy\u00ean \u1edf ngo\u00e0i tr\u1eddi, t\u1eeb nh\u1eefng v\u1ebft x\u01b0\u1edbc c\u1ee7a gh\u1ebf s\u00e2n khi di chuy\u1ec3n cho \u0111\u1ebfn vi\u1ec7c ti\u1ebfp x\u00fac li\u00ean t\u1ee5c v\u1edbi gi\u00f3 v\u00e0 m\u01b0a. <a href=\"https:\/\/www.sikortex.com\/vi\/chong-tham-nuoc-chong-tham-nuoc\/\"><span style=\"color: #3366ff;\">kh\u00f4ng th\u1ea5m n\u01b0\u1edbc<\/span><\/a> T\u00ednh n\u0103ng n\u00e0y \u0111\u1ea3m b\u1ea3o \u0111\u1ed9 \u1ea9m kh\u00f4ng th\u1ea5m qua, b\u1ea3o v\u1ec7 ph\u1ea7n b\u00ean trong \u0111\u1ed3 n\u1ed9i th\u1ea5t v\u00e0 ng\u0103n ng\u1eeba c\u00e1c v\u1ea5n \u0111\u1ec1 nh\u01b0 n\u1ea5m m\u1ed1c v\u00e0 th\u1ed1i r\u1eefa.<\/div>\n<p>&nbsp;<\/p>\n<div class=\"auto-hide-last-sibling-br paragraph-JOTKXA paragraph-element br-paragraph-space\">V\u1ea3i n\u00e0y <a href=\"https:\/\/www.sikortex.com\/vi\/chong-tham-nuoc-chong-tham-nuoc\/\"><span style=\"color: #3366ff;\">kh\u00f4ng th\u1ea5m n\u01b0\u1edbc<\/span><\/a> ch\u1ea5t l\u01b0\u1ee3ng l\u00e0 m\u1ed9t y\u1ebfu t\u1ed1 thay \u0111\u1ed5i cu\u1ed9c ch\u01a1i \u0111\u1ed1i v\u1edbi \u0111\u1ed3 n\u1ed9i th\u1ea5t ngo\u00e0i tr\u1eddi. Cho d\u00f9 \u0111\u00f3 l\u00e0 m\u1ed9t tr\u1eadn m\u01b0a r\u00e0o m\u00f9a h\u00e8 b\u1ea5t ch\u1ee3t hay s\u01b0\u01a1ng s\u1edbm, polyester 600D ngo\u00e0i tr\u1eddi <a href=\"https:\/\/www.sikortex.com\/vi\/chong-tham-nuoc-chong-tham-nuoc\/\"><span style=\"color: #3366ff;\">kh\u00f4ng th\u1ea5m n\u01b0\u1edbc<\/span><\/a> v\u1ea3i ch\u1ed1ng th\u1ea5m n\u01b0\u1edbc hi\u1ec7u qu\u1ea3. \u0110i\u1ec1u n\u00e0y kh\u00f4ng ch\u1ec9 k\u00e9o d\u00e0i tu\u1ed5i th\u1ecd c\u1ee7a \u0111\u1ed3 n\u1ed9i th\u1ea5t m\u00e0 c\u00f2n gi\u1eef cho ch\u00fang tr\u00f4ng m\u1edbi m\u1ebb v\u00e0 h\u1eefu d\u1ee5ng. \u0110\u00e2y l\u00e0 l\u1ef1a ch\u1ecdn \u0111\u00e1ng tin c\u1eady cho b\u1ea5t k\u1ef3 \u0111\u1ed3 n\u1ed9i th\u1ea5t ngo\u00e0i tr\u1eddi n\u00e0o, d\u00f9 l\u00e0 gh\u1ebf d\u00e0i \u1ea5m c\u00fang trong v\u01b0\u1eddn hay b\u1ed9 b\u00e0n \u0103n ngo\u00e0i hi\u00ean l\u1edbn.<\/div>\n<p>&nbsp;<\/p>\n<div class=\"auto-hide-last-sibling-br paragraph-JOTKXA paragraph-element br-paragraph-space\">Kh\u1ea3 n\u0103ng ch\u1ed1ng tia c\u1ef1c t\u00edm l\u00e0 m\u1ed9t l\u1ee3i \u00edch quan tr\u1ecdng kh\u00e1c c\u1ee7a s\u1ea3n ph\u1ea9m ngo\u00e0i tr\u1eddi n\u00e0y <a href=\"https:\/\/www.sikortex.com\/vi\/chong-tham-nuoc-chong-tham-nuoc\/\"><span style=\"color: #3366ff;\">kh\u00f4ng th\u1ea5m n\u01b0\u1edbc<\/span><\/a> v\u1ea3i. \u00c1nh s\u00e1ng m\u1eb7t tr\u1eddi c\u00f3 th\u1ec3 l\u00e0m phai m\u00e0u v\u00e0 l\u00e0m h\u1ecfng v\u1ea3i theo th\u1eddi gian, nh\u01b0ng polyester 600D gi\u1eef \u0111\u01b0\u1ee3c \u0111\u1ed9 b\u1ec1n t\u1ed1t. N\u00f3 gi\u1eef \u0111\u01b0\u1ee3c m\u00e0u s\u1eafc v\u00e0 t\u00ednh to\u00e0n v\u1eb9n v\u1ec1 c\u1ea5u tr\u00fac, ngay c\u1ea3 sau nhi\u1ec1u gi\u1edd ti\u1ebfp x\u00fac v\u1edbi \u00e1nh n\u1eafng m\u1eb7t tr\u1eddi. \u0110i\u1ec1u n\u00e0y c\u00f3 ngh\u0129a l\u00e0 \u0111\u1ed3 n\u1ed9i th\u1ea5t ngo\u00e0i tr\u1eddi c\u1ee7a b\u1ea1n s\u1ebd gi\u1eef \u0111\u01b0\u1ee3c t\u00ednh th\u1ea9m m\u1ef9, l\u00e0m cho polyester 600D ngo\u00e0i tr\u1eddi <a href=\"https:\/\/www.sikortex.com\/vi\/chong-tham-nuoc-chong-tham-nuoc\/\"><span style=\"color: #3366ff;\">kh\u00f4ng th\u1ea5m n\u01b0\u1edbc<\/span><\/a> v\u1ea3i l\u00e0 l\u1ef1a ch\u1ecdn h\u00e0ng \u0111\u1ea7u \u0111\u1ec3 t\u1ea1o ra kh\u00f4ng gian sinh ho\u1ea1t ngo\u00e0i tr\u1eddi \u0111\u1eb9p v\u00e0 b\u1ec1n l\u00e2u.<\/div>\n<\/div>","protected":false},"excerpt":{"rendered":"<p>1200 m\u00e9t (\u0110\u01a1n h\u00e0ng t\u1ed1i thi\u1ec3u)<\/p>","protected":false},"featured_media":7731,"comment_status":"closed","ping_status":"closed","template":"","meta":{"_uag_custom_page_level_css":"","site-sidebar-layout":"default","site-content-layout":"default","ast-site-content-layout":"","site-content-style":"default","site-sidebar-style":"default","ast-global-header-display":"","ast-banner-title-visibility":"","ast-main-header-display":"","ast-hfb-above-header-display":"","ast-hfb-below-header-display":"","ast-hfb-mobile-header-display":"","site-post-title":"","ast-breadcrumbs-content":"","ast-featured-img":"","footer-sml-layout":"","theme-transparent-header-meta":"default","adv-header-id-meta":"","stick-header-meta":"default","header-above-stick-meta":"","header-main-stick-meta":"","header-below-stick-meta":"","astra-migrate-meta-layouts":"default","ast-page-background-enabled":"default","ast-page-background-meta":{"desktop":{"background-color":"","background-image":"","background-repeat":"repeat","background-position":"center center","background-size":"auto","background-attachment":"scroll","background-type":"","background-media":"","overlay-type":"","overlay-color":"","overlay-opacity":"","overlay-gradient":""},"tablet":{"background-color":"","background-image":"","background-repeat":"repeat","background-position":"center center","background-size":"auto","background-attachment":"scroll","background-type":"","background-media":"","overlay-type":"","overlay-color":"","overlay-opacity":"","overlay-gradient":""},"mobile":{"background-color":"","background-image":"","background-repeat":"repeat","background-position":"center center","background-size":"auto","background-attachment":"scroll","background-type":"","background-media":"","overlay-type":"","overlay-color":"","overlay-opacity":"","overlay-gradient":""}},"ast-content-background-meta":{"desktop":{"background-color":"var(--ast-global-color-5)","background-image":"","background-repeat":"repeat","background-position":"center center","background-size":"auto","background-attachment":"scroll","background-type":"","background-media":"","overlay-type":"","overlay-color":"","overlay-opacity":"","overlay-gradient":""},"tablet":{"background-color":"var(--ast-global-color-5)","background-image":"","background-repeat":"repeat","background-position":"center center","background-size":"auto","background-attachment":"scroll","background-type":"","background-media":"","overlay-type":"","overlay-color":"","overlay-opacity":"","overlay-gradient":""},"mobile":{"background-color":"var(--ast-global-color-5)","background-image":"","background-repeat":"repeat","background-position":"center center","background-size":"auto","background-attachment":"scroll","background-type":"","background-media":"","overlay-type":"","overlay-color":"","overlay-opacity":"","overlay-gradient":""}}},"product_brand":[],"product_cat":[1126,1206,432,1218,1185,433,1697,414],"product_tag":[],"class_list":{"0":"post-7833","1":"product","2":"type-product","3":"status-publish","4":"has-post-thumbnail","6":"product_cat-fabric-for-awning","7":"product_cat-fabric-for-bag","8":"product_cat-fabric-for-tent","9":"product_cat-marine-fabrics","10":"product_cat-solution-dyed-polyester-fabrics","11":"product_cat-textile-for-industrial","12":"product_cat-uv-protection-fabric","13":"product_cat-waterproof-fabrics","14":"pa_available_colors-911052-spc","15":"desktop-align-left","16":"tablet-align-left","17":"mobile-align-left","18":"ast-product-gallery-layout-vertical-slider","19":"ast-product-tabs-layout-horizontal","21":"first","22":"instock","23":"shipping-taxable","24":"product-type-simple"},"uagb_featured_image_src":{"full":["https:\/\/www.sikortex.com\/wp-content\/uploads\/2025\/01\/300D-Oxford-fabric.jpg",800,800,false],"thumbnail":["https:\/\/www.sikortex.com\/wp-content\/uploads\/2025\/01\/300D-Oxford-fabric-150x150.jpg",150,150,true],"medium":["https:\/\/www.sikortex.com\/wp-content\/uploads\/2025\/01\/300D-Oxford-fabric-300x300.jpg",300,300,true],"medium_large":["https:\/\/www.sikortex.com\/wp-content\/uploads\/2025\/01\/300D-Oxford-fabric-768x768.jpg",768,768,true],"large":["https:\/\/www.sikortex.com\/wp-content\/uploads\/2025\/01\/300D-Oxford-fabric.jpg",800,800,false],"1536x1536":["https:\/\/www.sikortex.com\/wp-content\/uploads\/2025\/01\/300D-Oxford-fabric.jpg",800,800,false],"2048x2048":["https:\/\/www.sikortex.com\/wp-content\/uploads\/2025\/01\/300D-Oxford-fabric.jpg",800,800,false],"trp-custom-language-flag":["https:\/\/www.sikortex.com\/wp-content\/uploads\/2025\/01\/300D-Oxford-fabric-12x12.jpg",12,12,true],"woocommerce_thumbnail":["https:\/\/www.sikortex.com\/wp-content\/uploads\/2025\/01\/300D-Oxford-fabric-300x300.jpg",300,300,true],"woocommerce_single":["https:\/\/www.sikortex.com\/wp-content\/uploads\/2025\/01\/300D-Oxford-fabric-600x600.jpg",600,600,true],"woocommerce_gallery_thumbnail":["https:\/\/www.sikortex.com\/wp-content\/uploads\/2025\/01\/300D-Oxford-fabric-100x100.jpg",100,100,true]},"uagb_author_info":{"display_name":"Perry","author_link":"https:\/\/www.sikortex.com\/vi\/author\/"},"uagb_comment_info":0,"uagb_excerpt":"1200 Meters(Min.Order)","_links":{"self":[{"href":"https:\/\/www.sikortex.com\/vi\/wp-json\/wp\/v2\/product\/7833","targetHints":{"allow":["GET"]}}],"collection":[{"href":"https:\/\/www.sikortex.com\/vi\/wp-json\/wp\/v2\/product"}],"about":[{"href":"https:\/\/www.sikortex.com\/vi\/wp-json\/wp\/v2\/types\/product"}],"replies":[{"embeddable":true,"href":"https:\/\/www.sikortex.com\/vi\/wp-json\/wp\/v2\/comments?post=7833"}],"wp:featuredmedia":[{"embeddable":true,"href":"https:\/\/www.sikortex.com\/vi\/wp-json\/wp\/v2\/media\/7731"}],"wp:attachment":[{"href":"https:\/\/www.sikortex.com\/vi\/wp-json\/wp\/v2\/media?parent=7833"}],"wp:term":[{"taxonomy":"product_brand","embeddable":true,"href":"https:\/\/www.sikortex.com\/vi\/wp-json\/wp\/v2\/product_brand?post=7833"},{"taxonomy":"product_cat","embeddable":true,"href":"https:\/\/www.sikortex.com\/vi\/wp-json\/wp\/v2\/product_cat?post=7833"},{"taxonomy":"product_tag","embeddable":true,"href":"https:\/\/www.sikortex.com\/vi\/wp-json\/wp\/v2\/product_tag?post=7833"}],"curies":[{"name":"wp","href":"https:\/\/api.w.org\/{rel}","templated":true}]}}