{"id":7752,"date":"2025-01-08T10:58:39","date_gmt":"2025-01-08T02:58:39","guid":{"rendered":"https:\/\/www.sikortex.com\/?post_type=product&#038;p=7752"},"modified":"2025-04-22T15:24:53","modified_gmt":"2025-04-22T07:24:53","slug":"vai-oxford-hi-vis-mau-cam-cho-ppe","status":"publish","type":"product","link":"https:\/\/www.sikortex.com\/vi\/san-pham\/vai-oxford-hi-vis-mau-cam-cho-ppe\/","title":{"rendered":"V\u1ea3i Oxford Polyester 300D HI VIS m\u00e0u cam d\u00f9ng cho PPE c\u00f3 ch\u1ee9ng ch\u1ec9 EN20471"},"content":{"rendered":"<p>V\u1ea3i Polyester 300D <span style=\"color: #3366ff;\"><a style=\"color: #3366ff;\" href=\"https:\/\/www.sikortex.com\/vi\/vai-nylon-bong-vai-ripstop-ao-gio-vai-5\/\">Oxford<\/a><\/span> V\u1ea3i HI VIS m\u00e0u cam cho PPE c\u00f3 ch\u1ee9ng ch\u1ec9 EN20471: SIKOR \u2013 Polyester 300D c\u1ee7a TEX <a href=\"https:\/\/www.sikortex.com\/vi\/vai-nylon-bong-vai-ripstop-ao-gio-vai-5\/\"><span style=\"color: #3366ff;\">Oxford<\/span><\/a> V\u1ea3i m\u00e0u cam HI VIS \u0111\u01b0\u1ee3c ch\u1ebf t\u1ea1o t\u1ec9 m\u1ec9 \u0111\u1ec3 \u0111\u00e1p \u1ee9ng c\u00e1c y\u00eau c\u1ea7u v\u1ec1 an to\u00e0n trong nh\u1eefng m\u00f4i tr\u01b0\u1eddng c\u1ee5 th\u1ec3.<\/p>\n<p>V\u1ea3i n\u00e0y \u0111\u01b0\u1ee3c l\u00e0m t\u1eeb polyester 300D<a href=\"https:\/\/www.sikortex.com\/vi\/vai-nylon-bong-vai-ripstop-ao-gio-vai-5\/\"><span style=\"color: #3366ff;\"> Oxford<\/span><\/a> v\u1eadt li\u1ec7u, t\u1ef1 h\u00e0o c\u00f3 \u0111\u1ed9 b\u1ec1n tuy\u1ec7t v\u1eddi. N\u00f3 c\u00f3 th\u1ec3 ch\u1ecbu \u0111\u01b0\u1ee3c vi\u1ec7c s\u1eed d\u1ee5ng h\u00e0ng ng\u00e0y v\u00e0 nhi\u1ec1u th\u00e1ch th\u1ee9c kh\u00e1c nhau c\u1ee7a m\u00f4i tr\u01b0\u1eddng. M\u00e0u cam HI VIS kh\u00f4ng ph\u1ea3i l\u00e0 m\u00e0u th\u00f4ng th\u01b0\u1eddng; thay v\u00e0o \u0111\u00f3, n\u00f3 \u0111\u01b0\u1ee3c pha ch\u1ebf c\u1ea9n th\u1eadn theo ti\u00eau chu\u1ea9n EN20471 Thi\u1ebft b\u1ecb b\u1ea3o v\u1ec7 c\u00e1 nh\u00e2n (PPE).<\/p>\n<p>Ti\u00eau chu\u1ea9n EN20471 x\u00e1c \u0111\u1ecbnh r\u00f5 r\u00e0ng c\u00e1c ph\u01b0\u01a1ng ph\u00e1p thi\u1ebft k\u1ebf, hi\u1ec7u su\u1ea5t v\u00e0 th\u1eed nghi\u1ec7m cho <a href=\"https:\/\/www.sikortex.com\/vi\/vai-co-kha-nang-hien-thi-cao-2\/\"><span style=\"color: #3366ff;\">c\u00f3 kh\u1ea3 n\u0103ng hi\u1ec3n th\u1ecb cao<\/span><\/a> Qu\u1ea7n \u00e1o c\u1ea3nh b\u00e1o. C\u1ee5 th\u1ec3, n\u00f3 c\u00f3 c\u00e1c y\u00eau c\u1ea7u nghi\u00eam ng\u1eb7t \u0111\u1ed1i v\u1edbi c\u00e1c ch\u1ec9 s\u1ed1 nh\u01b0 hu\u1ef3nh quang v\u00e0 \u0111\u1ed9 s\u00e1ng c\u1ee7a m\u00e0u s\u1eafc. M\u1ee5c \u0111\u00edch l\u00e0 \u0111\u1ec3 \u0111\u1ea3m b\u1ea3o r\u1eb1ng ng\u01b0\u1eddi m\u1eb7c c\u00f3 th\u1ec3 \u0111\u01b0\u1ee3c nh\u1eadn d\u1ea1ng r\u00f5 r\u00e0ng trong c\u00e1c \u0111i\u1ec1u ki\u1ec7n \u00e1nh s\u00e1ng kh\u00e1c nhau, \u0111\u1eb7c bi\u1ec7t l\u00e0 trong m\u00f4i tr\u01b0\u1eddng thi\u1ebfu s\u00e1ng. Lo\u1ea1i v\u1ea3i m\u00e0u cam n\u00e0y ho\u00e0n to\u00e0n tu\u00e2n th\u1ee7 ti\u00eau chu\u1ea9n n\u00e0y. V\u1edbi kh\u1ea3 n\u0103ng ph\u1ea3n x\u1ea1 v\u00e0 hu\u1ef3nh quang cao, n\u00f3 c\u00f3 th\u1ec3 c\u1ea3i thi\u1ec7n \u0111\u00e1ng k\u1ec3 kh\u1ea3 n\u0103ng hi\u1ec3n th\u1ecb c\u1ee7a ng\u01b0\u1eddi m\u1eb7c ngay c\u1ea3 trong \u0111i\u1ec1u ki\u1ec7n \u00e1nh s\u00e1ng k\u00e9m, gi\u00fap gi\u1ea3m thi\u1ec3u hi\u1ec7u qu\u1ea3 nguy c\u01a1 tai n\u1ea1n.<\/p>\n<p>V\u1edbi lo\u1ea1i v\u1ea3i n\u00e0y d\u00e0nh cho PPE, <a href=\"https:\/\/www.sikortex.com\/vi\/ho-so-cong-ty\/\"><span style=\"color: #3366ff;\">SIKOR \u2013 TEX<\/span><\/a> cung c\u1ea5p m\u1ed9t l\u1ef1a ch\u1ecdn \u0111\u00e1ng tin c\u1eady \u0111\u00e1p \u1ee9ng c\u00e1c ti\u00eau chu\u1ea9n qu\u1ed1c t\u1ebf cho c\u00e1c ng\u00e0nh c\u00f4ng nghi\u1ec7p nh\u01b0 c\u00f4ng tr\u00ecnh c\u00f4ng nghi\u1ec7p, x\u00e2y d\u1ef1ng v\u00e0 ho\u1ea1t \u0111\u1ed9ng ngo\u00e0i tr\u1eddi. \u0110i\u1ec1u n\u00e0y kh\u00f4ng ch\u1ec9 ch\u1ee9ng minh s\u1ef1 ki\u1ec3m so\u00e1t ch\u1eb7t ch\u1ebd c\u1ee7a c\u00f4ng ty \u0111\u1ed1i v\u1edbi ch\u1ea5t l\u01b0\u1ee3ng s\u1ea3n ph\u1ea9m m\u00e0 c\u00f2n ph\u1ea3n \u00e1nh s\u1ef1 coi tr\u1ecdng cao c\u1ee7a c\u00f4ng ty \u0111\u1ed1i v\u1edbi s\u1ef1 an to\u00e0n c\u1ee7a ng\u01b0\u1eddi d\u00f9ng.<\/p>\n<p><img loading=\"lazy\" decoding=\"async\" class=\"alignnone size-medium wp-image-4778\" src=\"https:\/\/www.sikortex.com\/wp-content\/uploads\/2023\/06\/a1f3d5740680e6f6215505bc277b42fc178f21951d8e9-AScfKp_fw658webp-e1693106541583-300x300.webp\" alt=\"\" width=\"300\" height=\"300\" title=\"\" srcset=\"https:\/\/www.sikortex.com\/wp-content\/uploads\/2023\/06\/a1f3d5740680e6f6215505bc277b42fc178f21951d8e9-AScfKp_fw658webp-e1693106541583-300x300.webp 300w, https:\/\/www.sikortex.com\/wp-content\/uploads\/2023\/06\/a1f3d5740680e6f6215505bc277b42fc178f21951d8e9-AScfKp_fw658webp-e1693106541583-150x150.webp 150w, https:\/\/www.sikortex.com\/wp-content\/uploads\/2023\/06\/a1f3d5740680e6f6215505bc277b42fc178f21951d8e9-AScfKp_fw658webp-e1693106541583-768x768.webp 768w, https:\/\/www.sikortex.com\/wp-content\/uploads\/2023\/06\/a1f3d5740680e6f6215505bc277b42fc178f21951d8e9-AScfKp_fw658webp-e1693106541583-600x600.webp 600w, https:\/\/www.sikortex.com\/wp-content\/uploads\/2023\/06\/a1f3d5740680e6f6215505bc277b42fc178f21951d8e9-AScfKp_fw658webp-e1693106541583-100x100.webp 100w, https:\/\/www.sikortex.com\/wp-content\/uploads\/2023\/06\/a1f3d5740680e6f6215505bc277b42fc178f21951d8e9-AScfKp_fw658webp-e1693106541583-12x12.webp 12w, https:\/\/www.sikortex.com\/wp-content\/uploads\/2023\/06\/a1f3d5740680e6f6215505bc277b42fc178f21951d8e9-AScfKp_fw658webp-e1693106541583.webp 800w\" sizes=\"auto, (max-width: 300px) 100vw, 300px\" \/><\/p>\n<figure id=\"attachment_4771\" aria-describedby=\"caption-attachment-4771\" style=\"width: 300px\" class=\"wp-caption alignnone\"><img loading=\"lazy\" decoding=\"async\" class=\"wp-image-4771 size-medium\" src=\"https:\/\/www.sikortex.com\/wp-content\/uploads\/2023\/06\/istockphoto-494206291-612x612-2-e1693106599677-300x300.jpg\" alt=\"V\u1ea3i Oxford Polyester 300D HI VIS m\u00e0u cam d\u00f9ng cho PPE\" width=\"300\" height=\"300\" title=\"\" srcset=\"https:\/\/www.sikortex.com\/wp-content\/uploads\/2023\/06\/istockphoto-494206291-612x612-2-e1693106599677-300x300.jpg 300w, https:\/\/www.sikortex.com\/wp-content\/uploads\/2023\/06\/istockphoto-494206291-612x612-2-e1693106599677-150x150.jpg 150w, https:\/\/www.sikortex.com\/wp-content\/uploads\/2023\/06\/istockphoto-494206291-612x612-2-e1693106599677-768x768.jpg 768w, https:\/\/www.sikortex.com\/wp-content\/uploads\/2023\/06\/istockphoto-494206291-612x612-2-e1693106599677-600x600.jpg 600w, https:\/\/www.sikortex.com\/wp-content\/uploads\/2023\/06\/istockphoto-494206291-612x612-2-e1693106599677-100x100.jpg 100w, https:\/\/www.sikortex.com\/wp-content\/uploads\/2023\/06\/istockphoto-494206291-612x612-2-e1693106599677-12x12.jpg 12w, https:\/\/www.sikortex.com\/wp-content\/uploads\/2023\/06\/istockphoto-494206291-612x612-2-e1693106599677.jpg 800w\" sizes=\"auto, (max-width: 300px) 100vw, 300px\" \/><figcaption id=\"caption-attachment-4771\" class=\"wp-caption-text\">V\u1ea3i Oxford Polyester 300D HI VIS m\u00e0u cam d\u00f9ng cho PPE<\/figcaption><\/figure>\n<p>&nbsp;<\/p>","protected":false},"excerpt":{"rendered":"<p>1000 m\u00e9t (\u0110\u01a1n h\u00e0ng t\u1ed1i thi\u1ec3u)<\/p>","protected":false},"featured_media":3695,"comment_status":"closed","ping_status":"closed","template":"","meta":{"_uag_custom_page_level_css":"","site-sidebar-layout":"default","site-content-layout":"default","ast-site-content-layout":"default","site-content-style":"default","site-sidebar-style":"default","ast-global-header-display":"","ast-banner-title-visibility":"","ast-main-header-display":"","ast-hfb-above-header-display":"","ast-hfb-below-header-display":"","ast-hfb-mobile-header-display":"","site-post-title":"","ast-breadcrumbs-content":"","ast-featured-img":"","footer-sml-layout":"","theme-transparent-header-meta":"default","adv-header-id-meta":"","stick-header-meta":"default","header-above-stick-meta":"","header-main-stick-meta":"","header-below-stick-meta":"","astra-migrate-meta-layouts":"set","ast-page-background-enabled":"default","ast-page-background-meta":{"desktop":{"background-color":"","background-image":"","background-repeat":"repeat","background-position":"center center","background-size":"auto","background-attachment":"scroll","background-type":"","background-media":"","overlay-type":"","overlay-color":"","overlay-opacity":"","overlay-gradient":""},"tablet":{"background-color":"","background-image":"","background-repeat":"repeat","background-position":"center center","background-size":"auto","background-attachment":"scroll","background-type":"","background-media":"","overlay-type":"","overlay-color":"","overlay-opacity":"","overlay-gradient":""},"mobile":{"background-color":"","background-image":"","background-repeat":"repeat","background-position":"center center","background-size":"auto","background-attachment":"scroll","background-type":"","background-media":"","overlay-type":"","overlay-color":"","overlay-opacity":"","overlay-gradient":""}},"ast-content-background-meta":{"desktop":{"background-color":"var(--ast-global-color-5)","background-image":"","background-repeat":"repeat","background-position":"center center","background-size":"auto","background-attachment":"scroll","background-type":"","background-media":"","overlay-type":"","overlay-color":"","overlay-opacity":"","overlay-gradient":""},"tablet":{"background-color":"var(--ast-global-color-5)","background-image":"","background-repeat":"repeat","background-position":"center center","background-size":"auto","background-attachment":"scroll","background-type":"","background-media":"","overlay-type":"","overlay-color":"","overlay-opacity":"","overlay-gradient":""},"mobile":{"background-color":"var(--ast-global-color-5)","background-image":"","background-repeat":"repeat","background-position":"center center","background-size":"auto","background-attachment":"scroll","background-type":"","background-media":"","overlay-type":"","overlay-color":"","overlay-opacity":"","overlay-gradient":""}}},"product_brand":[],"product_cat":[426,1184,427,403,425,414],"product_tag":[],"class_list":{"0":"post-7752","1":"product","2":"type-product","3":"status-publish","4":"has-post-thumbnail","6":"product_cat-constructionmining","7":"product_cat-oxford-fabric","8":"product_cat-petroleum-and-petrochemical","9":"product_cat-polyester-fabrics","10":"product_cat-security-emergencies-road-services","11":"product_cat-waterproof-fabrics","12":"pa_available_colors-fluorescent-orange","13":"pa_available_colors-fluorescent-red","14":"pa_available_colors-fluorescent-yellow","15":"desktop-align-left","16":"tablet-align-left","17":"mobile-align-left","18":"ast-product-gallery-layout-vertical-slider","19":"ast-product-tabs-layout-horizontal","21":"first","22":"instock","23":"shipping-taxable","24":"product-type-simple"},"uagb_featured_image_src":{"full":["https:\/\/www.sikortex.com\/wp-content\/uploads\/2023\/06\/IMG_4916-1.jpg",1024,1024,false],"thumbnail":["https:\/\/www.sikortex.com\/wp-content\/uploads\/2023\/06\/IMG_4916-1-150x150.jpg",150,150,true],"medium":["https:\/\/www.sikortex.com\/wp-content\/uploads\/2023\/06\/IMG_4916-1-300x300.jpg",300,300,true],"medium_large":["https:\/\/www.sikortex.com\/wp-content\/uploads\/2023\/06\/IMG_4916-1-768x768.jpg",768,768,true],"large":["https:\/\/www.sikortex.com\/wp-content\/uploads\/2023\/06\/IMG_4916-1.jpg",1024,1024,false],"1536x1536":["https:\/\/www.sikortex.com\/wp-content\/uploads\/2023\/06\/IMG_4916-1.jpg",1024,1024,false],"2048x2048":["https:\/\/www.sikortex.com\/wp-content\/uploads\/2023\/06\/IMG_4916-1.jpg",1024,1024,false],"trp-custom-language-flag":["https:\/\/www.sikortex.com\/wp-content\/uploads\/2023\/06\/IMG_4916-1.jpg",12,12,false],"woocommerce_thumbnail":["https:\/\/www.sikortex.com\/wp-content\/uploads\/2023\/06\/IMG_4916-1-300x300.jpg",300,300,true],"woocommerce_single":["https:\/\/www.sikortex.com\/wp-content\/uploads\/2023\/06\/IMG_4916-1-600x600.jpg",600,600,true],"woocommerce_gallery_thumbnail":["https:\/\/www.sikortex.com\/wp-content\/uploads\/2023\/06\/IMG_4916-1-100x100.jpg",100,100,true]},"uagb_author_info":{"display_name":"Perry","author_link":"https:\/\/www.sikortex.com\/vi\/author\/"},"uagb_comment_info":0,"uagb_excerpt":"1000 Meters(Min.Order)","_links":{"self":[{"href":"https:\/\/www.sikortex.com\/vi\/wp-json\/wp\/v2\/product\/7752","targetHints":{"allow":["GET"]}}],"collection":[{"href":"https:\/\/www.sikortex.com\/vi\/wp-json\/wp\/v2\/product"}],"about":[{"href":"https:\/\/www.sikortex.com\/vi\/wp-json\/wp\/v2\/types\/product"}],"replies":[{"embeddable":true,"href":"https:\/\/www.sikortex.com\/vi\/wp-json\/wp\/v2\/comments?post=7752"}],"wp:featuredmedia":[{"embeddable":true,"href":"https:\/\/www.sikortex.com\/vi\/wp-json\/wp\/v2\/media\/3695"}],"wp:attachment":[{"href":"https:\/\/www.sikortex.com\/vi\/wp-json\/wp\/v2\/media?parent=7752"}],"wp:term":[{"taxonomy":"product_brand","embeddable":true,"href":"https:\/\/www.sikortex.com\/vi\/wp-json\/wp\/v2\/product_brand?post=7752"},{"taxonomy":"product_cat","embeddable":true,"href":"https:\/\/www.sikortex.com\/vi\/wp-json\/wp\/v2\/product_cat?post=7752"},{"taxonomy":"product_tag","embeddable":true,"href":"https:\/\/www.sikortex.com\/vi\/wp-json\/wp\/v2\/product_tag?post=7752"}],"curies":[{"name":"wp","href":"https:\/\/api.w.org\/{rel}","templated":true}]}}