{"id":7729,"date":"2025-01-07T13:22:42","date_gmt":"2025-01-07T05:22:42","guid":{"rendered":"https:\/\/www.sikortex.com\/?post_type=product&#038;p=7729"},"modified":"2025-01-09T12:22:03","modified_gmt":"2025-01-09T04:22:03","slug":"vai-phu-pu-polyester-300d-cho-ong-gio","status":"publish","type":"product","link":"https:\/\/www.sikortex.com\/vi\/san-pham\/vai-phu-pu-polyester-300d-cho-ong-gio\/","title":{"rendered":"V\u1ea3i ph\u1ee7 Polyester Pu 300D cho \u1ed1ng gi\u00f3 NFPA 701"},"content":{"rendered":"<div class=\"auto-hide-last-sibling-br paragraph-JOTKXA paragraph-element br-paragraph-space\">Trong c\u00e1c l\u0129nh v\u1ef1c c\u00f4ng nghi\u1ec7p v\u00e0 th\u01b0\u01a1ng m\u1ea1i, vi\u1ec7c l\u1ef1a ch\u1ecdn v\u1ea3i cho \u1ed1ng gi\u00f3 l\u00e0 r\u1ea5t quan tr\u1ecdng \u0111\u1ed1i v\u1edbi hi\u1ec7u su\u1ea5t v\u00e0 s\u1ef1 an to\u00e0n c\u1ee7a h\u1ec7 th\u1ed1ng. <a href=\"https:\/\/www.sikortex.com\/vi\/vai-polyester\/\"><span style=\"color: #3366ff;\">polyester<\/span><\/a> 300D <span style=\"color: #3366ff;\">\u1ed2<a style=\"color: #3366ff;\" href=\"https:\/\/www.sikortex.com\/vi\/vai-nylon-bong-vai-ripstop-ao-gio-vai-5\/\">Xford<\/a><\/span> v\u1ea3i, sau khi \u0111\u01b0\u1ee3c x\u1eed l\u00fd b\u1eb1ng polyurethane <a href=\"https:\/\/www.sikortex.com\/vi\/2025\/01\/03\/nha-san-xuat-vai-trang\/\"><span style=\"color: #3366ff;\">l\u1edbp ph\u1ee7<\/span><\/a>, tr\u1edf th\u00e0nh v\u1eadt li\u1ec7u l\u00fd t\u01b0\u1edfng cho \u1ed1ng gi\u00f3, \u0111\u1eb7c bi\u1ec7t v\u01b0\u1ee3t tr\u1ed9i trong vi\u1ec7c \u0111\u00e1p \u1ee9ng ti\u00eau chu\u1ea9n NFPA 701.<\/div>\n<h4><\/h4>\n<div class=\"auto-hide-last-sibling-br paragraph-JOTKXA paragraph-element br-paragraph-space\">M\u00e1y 300D <span style=\"color: #3366ff;\"><a style=\"color: #3366ff;\" href=\"https:\/\/www.sikortex.com\/vi\/vai-polyester\/\">Polyester<\/a><\/span> Pu <a href=\"https:\/\/www.sikortex.com\/vi\/2025\/01\/03\/nha-san-xuat-vai-trang\/\"><span style=\"color: #3366ff;\">l\u1edbp \u00e1o<\/span><\/a> B\u1ea3n th\u00e2n v\u1ea3i c\u00f3 \u0111\u1ed9 b\u1ec1n v\u00e0 kh\u1ea3 n\u0103ng ch\u1ed1ng m\u00e0i m\u00f2n tuy\u1ec7t v\u1eddi. V\u1edbi s\u1ed1 l\u01b0\u1ee3ng s\u1ee3i 300D, v\u1ea3i nh\u1eb9 nh\u01b0ng b\u1ec1n. Trong qu\u00e1 tr\u00ecnh v\u1eadn h\u00e0nh \u1ed1ng gi\u00f3 h\u00e0ng ng\u00e0y, v\u1ea3i c\u00f3 th\u1ec3 ch\u1ecbu \u0111\u01b0\u1ee3c ma s\u00e1t v\u00e0 l\u1ef1c k\u00e9o, kh\u00f4ng d\u1ec5 b\u1ecb h\u01b0 h\u1ecfng do t\u00e1c \u0111\u1ed9ng b\u00ean ngo\u00e0i.<\/div>\n<h4><\/h4>\n<div class=\"auto-hide-last-sibling-br paragraph-JOTKXA paragraph-element br-paragraph-space\">L\u1edbp ph\u1ee7 polyurethane c\u00f2n n\u00e2ng cao hi\u1ec7u su\u1ea5t c\u1ee7a n\u00f3. N\u00f3 kh\u00f4ng ch\u1ec9 cung c\u1ea5p kh\u1ea3 n\u0103ng ch\u1ed1ng th\u1ea5m tuy\u1ec7t v\u1eddi, ng\u0103n ch\u1eb7n hi\u1ec7u qu\u1ea3 \u0111\u1ed9 \u1ea9m b\u00ean ngo\u00e0i x\u00e2m nh\u1eadp v\u00e0o \u1ed1ng d\u1eabn v\u00e0 duy tr\u00ec \u0111\u1ed9 kh\u00f4 c\u1ee7a kh\u00f4ng kh\u00ed b\u00ean trong m\u00e0 c\u00f2n c\u1ea3i thi\u1ec7n \u0111\u1ed9 k\u00edn kh\u00ed, gi\u1ea3m r\u00f2 r\u1ec9 kh\u00f4ng kh\u00ed, n\u00e2ng cao hi\u1ec7u qu\u1ea3 v\u1eadn chuy\u1ec3n v\u00e0 gi\u1ea3m m\u1ee9c ti\u00eau th\u1ee5 n\u0103ng l\u01b0\u1ee3ng.<\/div>\n<h4><\/h4>\n<div class=\"auto-hide-last-sibling-br paragraph-JOTKXA paragraph-element br-paragraph-space\">\u0110i\u1ec1u \u0111\u00e1ng ch\u00fa \u00fd l\u00e0 lo\u1ea1i v\u1ea3i n\u00e0y c\u00f3 \u0111\u1eb7c t\u00ednh n\u1ed5i b\u1eadt <a href=\"https:\/\/www.sikortex.com\/vi\/nha-san-xuat-vai-chong-chay\/\">ch\u1ea5t ch\u1ed1ng ch\u00e1y<\/a> t\u00ednh ch\u1ea5t. S\u1ef1 k\u1ebft h\u1ee3p c\u1ee7a l\u1edbp ph\u1ee7 polyurethane v\u00e0 polyester 300D <span style=\"color: #3366ff;\"><a style=\"color: #3366ff;\" href=\"https:\/\/www.sikortex.com\/vi\/vai-nylon-bong-vai-ripstop-ao-gio-vai-5\/\">Oxford<\/a><\/span> v\u1ea3i cho ph\u00e9p v\u1eadt li\u1ec7u \u0111\u00e1p \u1ee9ng nghi\u00eam ng\u1eb7t<span style=\"color: #3366ff;\"><a style=\"color: #3366ff;\" href=\"https:\/\/www.sikortex.com\/vi\/nha-san-xuat-vai-chong-chay\/\"> kh\u1ea3 n\u0103ng ch\u1ed1ng ch\u00e1y<\/a><\/span> y\u00eau c\u1ea7u c\u1ee7a ti\u00eau chu\u1ea9n NFPA 701. Ti\u00eau chu\u1ea9n n\u00e0y c\u00f3 c\u00e1c y\u00eau c\u1ea7u nghi\u00eam ng\u1eb7t v\u1ec1 hi\u1ec7u su\u1ea5t ch\u1ed1ng ch\u00e1y c\u1ee7a v\u1eadt li\u1ec7u \u0111\u01b0\u1ee3c s\u1eed d\u1ee5ng cho r\u00e8m c\u1eeda, r\u00e8m che v\u00e0 c\u00e1c \u1ee9ng d\u1ee5ng t\u01b0\u01a1ng t\u1ef1. V\u1ea3i cho \u1ed1ng gi\u00f3 c\u00f3 th\u1ec3 gi\u1ea3m thi\u1ec3u hi\u1ec7u qu\u1ea3 c\u00e1c m\u1ed1i nguy hi\u1ec3m ch\u00e1y n\u1ed5 v\u00e0 cung c\u1ea5p kh\u1ea3 n\u0103ng b\u1ea3o v\u1ec7 an to\u00e0n \u0111\u00e1ng tin c\u1eady cho m\u00f4i tr\u01b0\u1eddng n\u01a1i s\u1eed d\u1ee5ng \u1ed1ng gi\u00f3. Cho d\u00f9 trong c\u00e1c t\u00f2a nh\u00e0 th\u01b0\u01a1ng m\u1ea1i, nh\u00e0 m\u00e1y c\u00f4ng nghi\u1ec7p hay c\u01a1 s\u1edf c\u00f4ng c\u1ed9ng, \u1ed1ng gi\u00f3 \u0111\u01b0\u1ee3c l\u00e0m b\u1eb1ng v\u1ea3i n\u00e0y <a href=\"https:\/\/www.sikortex.com\/vi\/nha-san-xuat-vai-chong-chay\/\"><span style=\"color: #3366ff;\">ch\u1ea5t ch\u1ed1ng ch\u00e1y<\/span><\/a> V\u1ea3i c\u00f3 th\u1ec3 ho\u1ea1t \u0111\u1ed9ng \u1ed5n \u0111\u1ecbnh, l\u00e0 s\u1ef1 l\u1ef1a ch\u1ecdn h\u00e0ng \u0111\u1ea7u c\u00e2n b\u1eb1ng gi\u1eefa hi\u1ec7u su\u1ea5t v\u00e0 \u0111\u1ed9 an to\u00e0n.<\/div>","protected":false},"excerpt":{"rendered":"<p>2000 m\u00e9t (\u0110\u01a1n h\u00e0ng t\u1ed1i thi\u1ec3u)<\/p>","protected":false},"featured_media":7732,"comment_status":"closed","ping_status":"closed","template":"","meta":{"_uag_custom_page_level_css":"","site-sidebar-layout":"default","site-content-layout":"default","ast-site-content-layout":"","site-content-style":"default","site-sidebar-style":"default","ast-global-header-display":"","ast-banner-title-visibility":"","ast-main-header-display":"","ast-hfb-above-header-display":"","ast-hfb-below-header-display":"","ast-hfb-mobile-header-display":"","site-post-title":"","ast-breadcrumbs-content":"","ast-featured-img":"","footer-sml-layout":"","theme-transparent-header-meta":"default","adv-header-id-meta":"","stick-header-meta":"default","header-above-stick-meta":"","header-main-stick-meta":"","header-below-stick-meta":"","astra-migrate-meta-layouts":"default","ast-page-background-enabled":"default","ast-page-background-meta":{"desktop":{"background-color":"","background-image":"","background-repeat":"repeat","background-position":"center center","background-size":"auto","background-attachment":"scroll","background-type":"","background-media":"","overlay-type":"","overlay-color":"","overlay-opacity":"","overlay-gradient":""},"tablet":{"background-color":"","background-image":"","background-repeat":"repeat","background-position":"center center","background-size":"auto","background-attachment":"scroll","background-type":"","background-media":"","overlay-type":"","overlay-color":"","overlay-opacity":"","overlay-gradient":""},"mobile":{"background-color":"","background-image":"","background-repeat":"repeat","background-position":"center center","background-size":"auto","background-attachment":"scroll","background-type":"","background-media":"","overlay-type":"","overlay-color":"","overlay-opacity":"","overlay-gradient":""}},"ast-content-background-meta":{"desktop":{"background-color":"var(--ast-global-color-5)","background-image":"","background-repeat":"repeat","background-position":"center center","background-size":"auto","background-attachment":"scroll","background-type":"","background-media":"","overlay-type":"","overlay-color":"","overlay-opacity":"","overlay-gradient":""},"tablet":{"background-color":"var(--ast-global-color-5)","background-image":"","background-repeat":"repeat","background-position":"center center","background-size":"auto","background-attachment":"scroll","background-type":"","background-media":"","overlay-type":"","overlay-color":"","overlay-opacity":"","overlay-gradient":""},"mobile":{"background-color":"var(--ast-global-color-5)","background-image":"","background-repeat":"repeat","background-position":"center center","background-size":"auto","background-attachment":"scroll","background-type":"","background-media":"","overlay-type":"","overlay-color":"","overlay-opacity":"","overlay-gradient":""}}},"product_brand":[],"product_cat":[432,416,1184,403,433,414],"product_tag":[],"class_list":{"0":"post-7729","1":"product","2":"type-product","3":"status-publish","4":"has-post-thumbnail","6":"product_cat-fabric-for-tent","7":"product_cat-fire-retardant-fabrics","8":"product_cat-oxford-fabric","9":"product_cat-polyester-fabrics","10":"product_cat-textile-for-industrial","11":"product_cat-waterproof-fabrics","12":"desktop-align-left","13":"tablet-align-left","14":"mobile-align-left","15":"ast-product-gallery-layout-vertical-slider","16":"ast-product-tabs-layout-horizontal","18":"first","19":"instock","20":"shipping-taxable","21":"product-type-simple"},"uagb_featured_image_src":{"full":["https:\/\/www.sikortex.com\/wp-content\/uploads\/2025\/01\/300D-Oxford-PU.jpg",800,800,false],"thumbnail":["https:\/\/www.sikortex.com\/wp-content\/uploads\/2025\/01\/300D-Oxford-PU-150x150.jpg",150,150,true],"medium":["https:\/\/www.sikortex.com\/wp-content\/uploads\/2025\/01\/300D-Oxford-PU-300x300.jpg",300,300,true],"medium_large":["https:\/\/www.sikortex.com\/wp-content\/uploads\/2025\/01\/300D-Oxford-PU-768x768.jpg",768,768,true],"large":["https:\/\/www.sikortex.com\/wp-content\/uploads\/2025\/01\/300D-Oxford-PU.jpg",800,800,false],"1536x1536":["https:\/\/www.sikortex.com\/wp-content\/uploads\/2025\/01\/300D-Oxford-PU.jpg",800,800,false],"2048x2048":["https:\/\/www.sikortex.com\/wp-content\/uploads\/2025\/01\/300D-Oxford-PU.jpg",800,800,false],"trp-custom-language-flag":["https:\/\/www.sikortex.com\/wp-content\/uploads\/2025\/01\/300D-Oxford-PU-12x12.jpg",12,12,true],"woocommerce_thumbnail":["https:\/\/www.sikortex.com\/wp-content\/uploads\/2025\/01\/300D-Oxford-PU-300x300.jpg",300,300,true],"woocommerce_single":["https:\/\/www.sikortex.com\/wp-content\/uploads\/2025\/01\/300D-Oxford-PU-600x600.jpg",600,600,true],"woocommerce_gallery_thumbnail":["https:\/\/www.sikortex.com\/wp-content\/uploads\/2025\/01\/300D-Oxford-PU-100x100.jpg",100,100,true]},"uagb_author_info":{"display_name":"Perry","author_link":"https:\/\/www.sikortex.com\/vi\/author\/"},"uagb_comment_info":0,"uagb_excerpt":"2000 Meters(Min.Order)","_links":{"self":[{"href":"https:\/\/www.sikortex.com\/vi\/wp-json\/wp\/v2\/product\/7729","targetHints":{"allow":["GET"]}}],"collection":[{"href":"https:\/\/www.sikortex.com\/vi\/wp-json\/wp\/v2\/product"}],"about":[{"href":"https:\/\/www.sikortex.com\/vi\/wp-json\/wp\/v2\/types\/product"}],"replies":[{"embeddable":true,"href":"https:\/\/www.sikortex.com\/vi\/wp-json\/wp\/v2\/comments?post=7729"}],"wp:featuredmedia":[{"embeddable":true,"href":"https:\/\/www.sikortex.com\/vi\/wp-json\/wp\/v2\/media\/7732"}],"wp:attachment":[{"href":"https:\/\/www.sikortex.com\/vi\/wp-json\/wp\/v2\/media?parent=7729"}],"wp:term":[{"taxonomy":"product_brand","embeddable":true,"href":"https:\/\/www.sikortex.com\/vi\/wp-json\/wp\/v2\/product_brand?post=7729"},{"taxonomy":"product_cat","embeddable":true,"href":"https:\/\/www.sikortex.com\/vi\/wp-json\/wp\/v2\/product_cat?post=7729"},{"taxonomy":"product_tag","embeddable":true,"href":"https:\/\/www.sikortex.com\/vi\/wp-json\/wp\/v2\/product_tag?post=7729"}],"curies":[{"name":"wp","href":"https:\/\/api.w.org\/{rel}","templated":true}]}}