{"id":7634,"date":"2025-01-02T13:45:44","date_gmt":"2025-01-02T05:45:44","guid":{"rendered":"https:\/\/www.sikortex.com\/?post_type=product&#038;p=7634"},"modified":"2025-01-09T12:17:37","modified_gmt":"2025-01-09T04:17:37","slug":"vai-chong-chay-polyester-nfpa-701","status":"publish","type":"product","link":"https:\/\/www.sikortex.com\/vi\/san-pham\/vai-chong-chay-polyester-nfpa-701\/","title":{"rendered":"V\u1ea3i ch\u1ed1ng ch\u00e1y polyester 600D NFPA 701"},"content":{"rendered":"<h4>V\u1ea3i ch\u1ed1ng ch\u00e1y polyester 600D NFPA 701<\/h4>\n<p>Trong nhi\u1ec1u l\u0129nh v\u1ef1c \u0111\u00f2i h\u1ecfi ph\u1ea3i b\u1ea3o v\u1ec7 an to\u00e0n ch\u00e1y n\u1ed5, v\u1ea3i polyester 600D <a href=\"https:\/\/www.sikortex.com\/vi\/nha-san-xuat-vai-chong-chay\/\"><span style=\"color: #3366ff;\">ch\u1ea5t ch\u1ed1ng ch\u00e1y<\/span> <\/a>v\u1ea3i r\u1ea5t b\u1ec1n v\u00e0 <a href=\"https:\/\/www.sikortex.com\/vi\/tap-chi\/khong-tham-nuoc-va-chong-tham-nuoc-2\/\"><span style=\"color: #3366ff;\">kh\u00f4ng th\u1ea5m n\u01b0\u1edbc,<\/span><\/a> \u0111\u1eb7c bi\u1ec7t l\u00e0 c\u00e1c s\u1ea3n ph\u1ea9m \u0111\u1ea1t ti\u00eau chu\u1ea9n NFPA 701, \u0111\u00e3 tr\u1edf th\u00e0nh s\u1ef1 l\u1ef1a ch\u1ecdn \u0111\u00e1ng tin c\u1eady cho nhi\u1ec1u ng\u00e0nh c\u00f4ng nghi\u1ec7p.<\/p>\n<p>Polyester 600D v\u1ed1n c\u00f3 <a href=\"https:\/\/www.sikortex.com\/vi\/nha-san-xuat-vai-chong-chay\/\"><span style=\"color: #3366ff;\">ch\u1ea5t ch\u1ed1ng ch\u00e1y<\/span><\/a> v\u1ea3i ch\u00fang t\u00f4i cung c\u1ea5p c\u00f3 <span style=\"color: #3366ff;\"><a style=\"color: #3366ff;\" href=\"https:\/\/www.sikortex.com\/vi\/nha-san-xuat-vai-chong-chay\/\">ch\u1ea5t ch\u1ed1ng ch\u00e1y<\/a><\/span> c\u00e1c \u0111\u1eb7c t\u00ednh t\u00edch h\u1ee3p v\u00e0o giai \u0111o\u1ea1n s\u1ea3n xu\u1ea5t s\u1ee3i. C\u00e1c \u0111\u1eb7c t\u00ednh ch\u1ed1ng ch\u00e1y c\u1ee7a lo\u1ea1i v\u1ea3i n\u00e0y kh\u00f4ng ph\u1ea3i do c\u00e1c ch\u1ea5t b\u1ed5 sung sau n\u00e0y m\u00e0 l\u00e0 c\u00e1c \u0111\u1eb7c t\u00ednh c\u1ee7a ch\u00ednh s\u1ee3i v\u1ea3i, gi\u00fap v\u1ea3i \u1ed5n \u0111\u1ecbnh v\u00e0 \u0111\u00e1ng tin c\u1eady khi s\u1eed d\u1ee5ng v\u00e0 gi\u1eb7t l\u00e2u d\u00e0i. N\u00f3 gi\u1ed1ng nh\u01b0 m\u1ed9t ng\u01b0\u1eddi b\u1ea3o v\u1ec7 trung th\u00e0nh, lu\u00f4n b\u00e1m s\u00e1t v\u1ecb tr\u00ed c\u1ee7a m\u00ecnh v\u00e0 cung c\u1ea5p cho ng\u01b0\u1eddi d\u00f9ng kh\u1ea3 n\u0103ng ch\u1ed1ng ch\u00e1y l\u00e2u d\u00e0i. Cho d\u00f9 \u0111\u01b0\u1ee3c s\u1eed d\u1ee5ng \u0111\u1ec3 l\u00e0m r\u00e8m s\u00e2n kh\u1ea5u hay thi\u1ebft b\u1ecb b\u1ea3o v\u1ec7 trong m\u00f4i tr\u01b0\u1eddng l\u00e0m vi\u1ec7c nhi\u1ec7t \u0111\u1ed9 cao, v\u1ea3i ch\u1ed1ng ch\u00e1y v\u1ed1n c\u00f3 c\u00f3 th\u1ec3 gi\u1ea3m hi\u1ec7u qu\u1ea3 c\u00e1c nguy c\u01a1 ch\u00e1y n\u1ed5 v\u00e0 \u0111\u1ea3m b\u1ea3o an to\u00e0n cho nh\u00e2n vi\u00ean v\u00e0 t\u00e0i s\u1ea3n b\u1eb1ng hi\u1ec7u su\u1ea5t \u1ed5n \u0111\u1ecbnh c\u1ee7a ch\u00fang.<\/p>\n<p>C\u00e1c <a href=\"https:\/\/www.sikortex.com\/vi\/vai-polyester\/\"><span style=\"color: #3366ff;\">polyester<\/span><\/a> 600D <span style=\"color: #3366ff;\"><a style=\"color: #3366ff;\" href=\"https:\/\/www.sikortex.com\/vi\/nha-san-xuat-vai-chong-chay\/\">ch\u1ea5t ch\u1ed1ng ch\u00e1y<\/a><\/span> v\u1ea3i \u0111\u01b0\u1ee3c l\u00e0m b\u1eb1ng c\u00e1ch th\u00eam <span style=\"color: #3366ff;\"><a style=\"color: #3366ff;\" href=\"https:\/\/www.sikortex.com\/vi\/nha-san-xuat-vai-chong-chay\/\">ch\u1ea5t ch\u1ed1ng ch\u00e1y<\/a><\/span> trong qu\u00e1 tr\u00ecnh x\u1eed l\u00fd v\u1ea3i \u0111\u1ec3 cung c\u1ea5p cho v\u1ea3i c\u00e1c \u0111\u1eb7c t\u00ednh ch\u1ed1ng ch\u00e1y t\u1ed1t. Ph\u01b0\u01a1ng ph\u00e1p n\u00e0y t\u01b0\u01a1ng \u0111\u1ed1i linh ho\u1ea1t v\u00e0 chi ph\u00ed t\u01b0\u01a1ng \u0111\u1ed1i c\u00f3 th\u1ec3 ki\u1ec3m so\u00e1t \u0111\u01b0\u1ee3c. <a href=\"https:\/\/www.sikortex.com\/vi\/nha-san-xuat-vai-chong-chay\/\"><span style=\"color: #3366ff;\">ch\u1ea5t ch\u1ed1ng ch\u00e1y<\/span><\/a> c\u00f3 th\u1ec3 ph\u1ea3n \u1ee9ng nhanh khi v\u1ea3i ti\u1ebfp x\u00fac v\u1edbi ngu\u1ed3n l\u1eeda, ng\u0103n ch\u1eb7n s\u1ef1 lan truy\u1ec1n c\u1ee7a ng\u1ecdn l\u1eeda v\u00e0 mua th\u1eddi gian tho\u00e1t hi\u1ec3m qu\u00fd gi\u00e1 cho m\u1ecdi ng\u01b0\u1eddi. N\u00f3 \u0111\u01b0\u1ee3c s\u1eed d\u1ee5ng r\u1ed9ng r\u00e3i trong r\u00e8m c\u1eeda kh\u00e1ch s\u1ea1n, \u0111\u1ed3 n\u1ed9i th\u1ea5t gia \u0111\u00ecnh v\u00e0 c\u00e1c l\u0129nh v\u1ef1c kh\u00e1c, th\u00eam m\u1ed9t l\u1edbp b\u1ea3o v\u1ec7 ch\u1ed1ng ch\u00e1y cho m\u00f4i tr\u01b0\u1eddng s\u1ed1ng h\u00e0ng ng\u00e0y.<\/p>\n<p>V\u1ea3i polyester 600D <a href=\"https:\/\/www.sikortex.com\/vi\/nha-san-xuat-vai-chong-chay\/\"><span style=\"color: #3366ff;\">ch\u1ea5t ch\u1ed1ng ch\u00e1y<\/span><\/a> v\u1ea3i \u0111\u00e1p \u1ee9ng ti\u00eau chu\u1ea9n NFPA 701 \u0111\u00e3 \u0111\u01b0\u1ee3c th\u1eed nghi\u1ec7m nghi\u00eam ng\u1eb7t \u0111\u1ec3 \u0111\u1ea3m b\u1ea3o r\u1eb1ng n\u00f3 c\u00f3 th\u1ec3 \u0111\u00e1p \u1ee9ng c\u00e1c y\u00eau c\u1ea7u ph\u00f2ng ch\u00e1y ch\u1eefa ch\u00e1y nghi\u00eam ng\u1eb7t trong nhi\u1ec1u t\u00ecnh hu\u1ed1ng kh\u00e1c nhau. Ti\u00eau chu\u1ea9n NFPA 701 m\u00f4 ph\u1ecfng nhi\u1ec1u t\u00ecnh hu\u1ed1ng ch\u00e1y th\u1ef1c t\u1ebf v\u00e0 \u0111\u00e1nh gi\u00e1 ch\u00ednh x\u00e1c <a href=\"https:\/\/www.sikortex.com\/vi\/nha-san-xuat-vai-chong-chay\/\"><span style=\"color: #3366ff;\">ch\u1ea5t ch\u1ed1ng ch\u00e1y<\/span><\/a> t\u00ednh ch\u1ea5t c\u1ee7a v\u1eadt li\u1ec7u, t\u1ed1c \u0111\u1ed9 lan truy\u1ec1n ng\u1ecdn l\u1eeda v\u00e0 c\u00e1c ch\u1ec9 s\u1ed1 kh\u00e1c. Hai lo\u1ea1i v\u1ea3i ch\u00fang t\u00f4i cung c\u1ea5p, c\u00f3 kh\u1ea3 n\u0103ng ch\u1ed1ng ch\u00e1y ho\u1eb7c c\u00f3 th\u00eam <span style=\"color: #3366ff;\"><a style=\"color: #3366ff;\" href=\"https:\/\/www.sikortex.com\/vi\/nha-san-xuat-vai-chong-chay\/\">ch\u1ea5t ch\u1ed1ng ch\u00e1y<\/a><\/span>s, c\u00f3 th\u1ec3 v\u01b0\u1ee3t qua b\u00e0i ki\u1ec3m tra ti\u00eau chu\u1ea9n v\u00e0 ch\u1ee9ng minh kh\u1ea3 n\u0103ng ph\u00f2ng ch\u00e1y ch\u1eefa ch\u00e1y tuy\u1ec7t v\u1eddi.<br \/>\nCho d\u00f9 \u0111\u00f3 l\u00e0 m\u1ed9t l\u0129nh v\u1ef1c chuy\u00ean m\u00f4n theo \u0111u\u1ed5i s\u1ef1 \u1ed5n \u0111\u1ecbnh l\u00e2u d\u00e0i <a href=\"https:\/\/www.sikortex.com\/vi\/nha-san-xuat-vai-chong-chay\/\"><span style=\"color: #3366ff;\">ch\u1ea5t ch\u1ed1ng ch\u00e1y<\/span><\/a> hi\u1ec7u \u1ee9ng ho\u1eb7c m\u1ed9t k\u1ecbch b\u1ea3n \u1ee9ng d\u1ee5ng h\u00e0ng ng\u00e0y t\u1eadp trung v\u00e0o chi ph\u00ed v\u00e0 t\u00ednh th\u1ef1c t\u1ebf, 600D p c\u1ee7a ch\u00fang t\u00f4i<a href=\"https:\/\/www.sikortex.com\/vi\/vai-polyester\/\"><span style=\"color: #3366ff;\">olyester<\/span><\/a> v\u1ea3i ch\u1ed1ng ch\u00e1y c\u00f3 th\u1ec3 cung c\u1ea5p cho b\u1ea1n s\u1ef1 l\u1ef1a ch\u1ecdn an to\u00e0n v\u00e0 ch\u1ea5t l\u01b0\u1ee3ng cao v\u1edbi hi\u1ec7u su\u1ea5t v\u00e0 ch\u1ea5t l\u01b0\u1ee3ng \u0111\u00e1ng tin c\u1eady \u0111\u00e1p \u1ee9ng ti\u00eau chu\u1ea9n NFPA 701.<\/p>","protected":false},"excerpt":{"rendered":"<p>2000 m\u00e9t (\u0110\u01a1n h\u00e0ng t\u1ed1i thi\u1ec3u)<\/p>","protected":false},"featured_media":7635,"comment_status":"closed","ping_status":"closed","template":"","meta":{"_uag_custom_page_level_css":"","site-sidebar-layout":"default","site-content-layout":"default","ast-site-content-layout":"","site-content-style":"default","site-sidebar-style":"default","ast-global-header-display":"","ast-banner-title-visibility":"","ast-main-header-display":"","ast-hfb-above-header-display":"","ast-hfb-below-header-display":"","ast-hfb-mobile-header-display":"","site-post-title":"","ast-breadcrumbs-content":"","ast-featured-img":"","footer-sml-layout":"","theme-transparent-header-meta":"default","adv-header-id-meta":"","stick-header-meta":"default","header-above-stick-meta":"","header-main-stick-meta":"","header-below-stick-meta":"","astra-migrate-meta-layouts":"default","ast-page-background-enabled":"default","ast-page-background-meta":{"desktop":{"background-color":"","background-image":"","background-repeat":"repeat","background-position":"center center","background-size":"auto","background-attachment":"scroll","background-type":"","background-media":"","overlay-type":"","overlay-color":"","overlay-opacity":"","overlay-gradient":""},"tablet":{"background-color":"","background-image":"","background-repeat":"repeat","background-position":"center center","background-size":"auto","background-attachment":"scroll","background-type":"","background-media":"","overlay-type":"","overlay-color":"","overlay-opacity":"","overlay-gradient":""},"mobile":{"background-color":"","background-image":"","background-repeat":"repeat","background-position":"center center","background-size":"auto","background-attachment":"scroll","background-type":"","background-media":"","overlay-type":"","overlay-color":"","overlay-opacity":"","overlay-gradient":""}},"ast-content-background-meta":{"desktop":{"background-color":"var(--ast-global-color-5)","background-image":"","background-repeat":"repeat","background-position":"center center","background-size":"auto","background-attachment":"scroll","background-type":"","background-media":"","overlay-type":"","overlay-color":"","overlay-opacity":"","overlay-gradient":""},"tablet":{"background-color":"var(--ast-global-color-5)","background-image":"","background-repeat":"repeat","background-position":"center center","background-size":"auto","background-attachment":"scroll","background-type":"","background-media":"","overlay-type":"","overlay-color":"","overlay-opacity":"","overlay-gradient":""},"mobile":{"background-color":"var(--ast-global-color-5)","background-image":"","background-repeat":"repeat","background-position":"center center","background-size":"auto","background-attachment":"scroll","background-type":"","background-media":"","overlay-type":"","overlay-color":"","overlay-opacity":"","overlay-gradient":""}}},"product_brand":[],"product_cat":[432,416,1184,403,433,414],"product_tag":[],"class_list":{"0":"post-7634","1":"product","2":"type-product","3":"status-publish","4":"has-post-thumbnail","6":"product_cat-fabric-for-tent","7":"product_cat-fire-retardant-fabrics","8":"product_cat-oxford-fabric","9":"product_cat-polyester-fabrics","10":"product_cat-textile-for-industrial","11":"product_cat-waterproof-fabrics","12":"desktop-align-left","13":"tablet-align-left","14":"mobile-align-left","15":"ast-product-gallery-layout-vertical-slider","16":"ast-product-tabs-layout-horizontal","18":"first","19":"instock","20":"shipping-taxable","21":"product-type-simple"},"uagb_featured_image_src":{"full":["https:\/\/www.sikortex.com\/wp-content\/uploads\/2025\/01\/Flame-Retardant-Oxford-Fabric.jpg",800,747,false],"thumbnail":["https:\/\/www.sikortex.com\/wp-content\/uploads\/2025\/01\/Flame-Retardant-Oxford-Fabric-150x150.jpg",150,150,true],"medium":["https:\/\/www.sikortex.com\/wp-content\/uploads\/2025\/01\/Flame-Retardant-Oxford-Fabric-300x280.jpg",300,280,true],"medium_large":["https:\/\/www.sikortex.com\/wp-content\/uploads\/2025\/01\/Flame-Retardant-Oxford-Fabric-768x717.jpg",768,717,true],"large":["https:\/\/www.sikortex.com\/wp-content\/uploads\/2025\/01\/Flame-Retardant-Oxford-Fabric.jpg",800,747,false],"1536x1536":["https:\/\/www.sikortex.com\/wp-content\/uploads\/2025\/01\/Flame-Retardant-Oxford-Fabric.jpg",800,747,false],"2048x2048":["https:\/\/www.sikortex.com\/wp-content\/uploads\/2025\/01\/Flame-Retardant-Oxford-Fabric.jpg",800,747,false],"trp-custom-language-flag":["https:\/\/www.sikortex.com\/wp-content\/uploads\/2025\/01\/Flame-Retardant-Oxford-Fabric-13x12.jpg",13,12,true],"woocommerce_thumbnail":["https:\/\/www.sikortex.com\/wp-content\/uploads\/2025\/01\/Flame-Retardant-Oxford-Fabric-300x300.jpg",300,300,true],"woocommerce_single":["https:\/\/www.sikortex.com\/wp-content\/uploads\/2025\/01\/Flame-Retardant-Oxford-Fabric-600x560.jpg",600,560,true],"woocommerce_gallery_thumbnail":["https:\/\/www.sikortex.com\/wp-content\/uploads\/2025\/01\/Flame-Retardant-Oxford-Fabric-100x100.jpg",100,100,true]},"uagb_author_info":{"display_name":"Perry","author_link":"https:\/\/www.sikortex.com\/vi\/author\/"},"uagb_comment_info":0,"uagb_excerpt":"2000 Meters(Min.Order)","_links":{"self":[{"href":"https:\/\/www.sikortex.com\/vi\/wp-json\/wp\/v2\/product\/7634","targetHints":{"allow":["GET"]}}],"collection":[{"href":"https:\/\/www.sikortex.com\/vi\/wp-json\/wp\/v2\/product"}],"about":[{"href":"https:\/\/www.sikortex.com\/vi\/wp-json\/wp\/v2\/types\/product"}],"replies":[{"embeddable":true,"href":"https:\/\/www.sikortex.com\/vi\/wp-json\/wp\/v2\/comments?post=7634"}],"wp:featuredmedia":[{"embeddable":true,"href":"https:\/\/www.sikortex.com\/vi\/wp-json\/wp\/v2\/media\/7635"}],"wp:attachment":[{"href":"https:\/\/www.sikortex.com\/vi\/wp-json\/wp\/v2\/media?parent=7634"}],"wp:term":[{"taxonomy":"product_brand","embeddable":true,"href":"https:\/\/www.sikortex.com\/vi\/wp-json\/wp\/v2\/product_brand?post=7634"},{"taxonomy":"product_cat","embeddable":true,"href":"https:\/\/www.sikortex.com\/vi\/wp-json\/wp\/v2\/product_cat?post=7634"},{"taxonomy":"product_tag","embeddable":true,"href":"https:\/\/www.sikortex.com\/vi\/wp-json\/wp\/v2\/product_tag?post=7634"}],"curies":[{"name":"wp","href":"https:\/\/api.w.org\/{rel}","templated":true}]}}