{"id":7576,"date":"2024-12-26T15:06:48","date_gmt":"2024-12-26T07:06:48","guid":{"rendered":"https:\/\/www.sikortex.com\/?post_type=product&#038;p=7576"},"modified":"2025-02-17T17:39:47","modified_gmt":"2025-02-17T09:39:47","slug":"vai-oxford-nylon-210d-phu-pu-chong-tham-nuoc","status":"publish","type":"product","link":"https:\/\/www.sikortex.com\/vi\/san-pham\/vai-oxford-nylon-210d-phu-pu-chong-tham-nuoc\/","title":{"rendered":"V\u1ea3i ph\u1ee7 PU ch\u1ed1ng th\u1ea5m n\u01b0\u1edbc Nylon Oxford 210D"},"content":{"rendered":"<h3 class=\"header-vfC6AV auto-hide-last-sibling-br\">V\u1ea3i Oxford Nylon 210D ch\u1ed1ng th\u1ea5m n\u01b0\u1edbc: S\u1ef1 l\u1ef1a ch\u1ecdn \u01b0a th\u00edch cho ba l\u00f4 v\u00e0 \u0111\u1ed3 d\u00f9ng c\u1eafm tr\u1ea1i<\/h3>\n<h4 class=\"header-vfC6AV auto-hide-last-sibling-br\">B\u1ec1n b\u1ec9 v\u00e0 ki\u00ean c\u01b0\u1eddng, \u0111\u01b0\u01a1ng \u0111\u1ea7u v\u1edbi nh\u1eefng th\u00e1ch th\u1ee9c<\/h4>\n<p>&nbsp;<\/p>\n<div class=\"auto-hide-last-sibling-br paragraph-JOTKXA paragraph-element br-paragraph-space\">Trong l\u0129nh v\u1ef1c ba l\u00f4 v\u00e0 \u0111\u1ed3 d\u00f9ng c\u1eafm tr\u1ea1i, \u0111\u1ed9 b\u1ec1n l\u00e0 y\u1ebfu t\u1ed1 quan tr\u1ecdng nh\u1ea5t. T\u00fai oxford nylon 210D <a href=\"https:\/\/www.sikortex.com\/vi\/chong-tham-nuoc-chong-tham-nuoc\/\"><span style=\"color: #3366ff;\">kh\u00f4ng th\u1ea5m n\u01b0\u1edbc<\/span><\/a> v\u1ea3i, trong \u0111\u00f3 \u201cD\u201d l\u00e0 denier, c\u00f3 \u0111\u1ed9 d\u00e0y s\u1ee3i \u0111\u01b0\u1ee3c bi\u1ec3u th\u1ecb b\u1eb1ng gi\u00e1 tr\u1ecb 210, t\u1ea1o n\u00ean s\u1ef1 c\u00e2n b\u1eb1ng gi\u1eefa tr\u1ecdng l\u01b0\u1ee3ng nh\u1eb9 v\u00e0 \u0111\u1ed9 b\u1ec1n. N\u00f3 \u0111\u01b0\u1ee3c d\u1ec7t ch\u1eb7t ch\u1ebd v\u1edbi s\u1ef1 s\u1eafp x\u1ebfp s\u1ee3i \u1ed5n \u0111\u1ecbnh. Lo\u1ea1i v\u1ea3i n\u00e0y c\u00f3 th\u1ec3 ch\u1ecbu \u0111\u01b0\u1ee3c ma s\u00e1t \u0111\u01b0\u1eddng d\u00e0i c\u1ee7a ba l\u00f4 v\u00e0 s\u1ef1 hao m\u00f2n c\u1ee7a thi\u1ebft b\u1ecb c\u1eafm tr\u1ea1i \u1edf \u0111\u1ecba h\u00ecnh ph\u1ee9c t\u1ea1p, c\u00f3 kh\u1ea3 n\u0103ng ch\u1ed1ng r\u00e1ch v\u00e0 \u0111\u1ee9t, do \u0111\u00f3 \u0111\u1ea3m b\u1ea3o s\u1eed d\u1ee5ng thi\u1ebft b\u1ecb l\u00e2u d\u00e0i.<\/div>\n<div><\/div>\n<h4 class=\"header-vfC6AV auto-hide-last-sibling-br\">\u0110\u01b0\u1ee3c tr\u00e1ng ph\u1ee7 k\u00e9p, c\u00f3 hi\u1ec7u su\u1ea5t ch\u1ed1ng th\u1ea5m n\u01b0\u1edbc tuy\u1ec7t v\u1eddi<\/h4>\n<div class=\"auto-hide-last-sibling-br paragraph-JOTKXA paragraph-element br-paragraph-space\">\u01afu \u0111i\u1ec3m n\u1ed5i b\u1eadt c\u1ee7a lo\u1ea1i v\u1ea3i n\u00e0y n\u1eb1m \u1edf ch\u1ed7 <a href=\"https:\/\/www.sikortex.com\/vi\/chong-tham-nuoc-chong-tham-nuoc\/\"><span style=\"color: #3366ff;\">kh\u00f4ng th\u1ea5m n\u01b0\u1edbc<\/span> <\/a>\u0111\u1eb7c t\u00ednh. Ch\u00fang t\u00f4i \u00e1p d\u1ee5ng ph\u01b0\u01a1ng ph\u00e1p s\u1ea3n xu\u1ea5t ph\u1ee7 hai l\u1edbp, cho ph\u00e9p h\u00ecnh th\u00e0nh c\u1ea5u tr\u00fac ch\u1ed1ng th\u1ea5m n\u01b0\u1edbc nh\u1ecf g\u1ecdn h\u01a1n tr\u00ean b\u1ec1 m\u1eb7t v\u1ea3i. Khi c\u00e1c gi\u1ecdt n\u01b0\u1edbc r\u01a1i v\u00e0o, ch\u00fang s\u1ebd l\u0103n ra nhanh ch\u00f3ng v\u00e0 kh\u00f4ng bao gi\u1edd th\u1ea5m v\u00e0o, nh\u01b0 th\u1ec3 thi\u1ebft b\u1ecb \u0111\u01b0\u1ee3c bao ph\u1ee7 trong m\u1ed9t l\u1edbp \u00e1o m\u01b0a v\u00f4 h\u00ecnh, ng\u0103n ch\u1eb7n hi\u1ec7u qu\u1ea3 \u0111\u1ed9 \u1ea9m b\u00ean ngo\u00e0i. Khi b\u1ecb d\u00ednh m\u01b0a r\u00e0o b\u1ea5t ng\u1edd trong khi c\u1eafm tr\u1ea1i ngo\u00e0i tr\u1eddi, c\u00e1c v\u1eadt d\u1ee5ng b\u00ean trong ba l\u00f4 v\u1eabn kh\u00f4 r\u00e1o, cung c\u1ea5p kh\u1ea3 n\u0103ng h\u1ed7 tr\u1ee3 m\u1ea1nh m\u1ebd \u0111\u1ec3 s\u1eed d\u1ee5ng trong m\u00f4i tr\u01b0\u1eddng \u1ea9m \u01b0\u1edbt.<\/div>\n<div><\/div>\n<h4 class=\"header-vfC6AV auto-hide-last-sibling-br\">Nh\u1eb9 v\u00e0 di \u0111\u1ed9ng, cho m\u1ed9t chuy\u1ebfn \u0111i th\u01b0 gi\u00e3n<\/h4>\n<div class=\"auto-hide-last-sibling-br paragraph-JOTKXA paragraph-element br-paragraph-space\">Trong khi ch\u1ee9c n\u0103ng l\u00e0 r\u1ea5t quan tr\u1ecdng, tr\u1ecdng l\u01b0\u1ee3ng nh\u1eb9 c\u0169ng \u0111\u01b0\u1ee3c \u0111\u00e1nh gi\u00e1 cao. Nylon 210D <a href=\"https:\/\/www.sikortex.com\/vi\/vai-nylon-bong-vai-ripstop-ao-gio-vai-5\/\"><span style=\"color: #3366ff;\">Oxford<\/span><\/a> <a href=\"https:\/\/www.sikortex.com\/vi\/chong-tham-nuoc-chong-tham-nuoc\/\"><span style=\"color: #3366ff;\">v\u1ea3i kh\u00f4ng th\u1ea5m n\u01b0\u1edbc<\/span><\/a> c\u00f3 k\u1ebft c\u1ea5u nh\u1eb9. M\u1eb7c d\u00f9 b\u1ec1n v\u00e0 ch\u1ed1ng th\u1ea5m n\u01b0\u1edbc, nh\u01b0ng n\u00f3 kh\u00f4ng l\u00e0m t\u0103ng th\u00eam nhi\u1ec1u tr\u1ecdng l\u01b0\u1ee3ng. Nh\u1eefng du kh\u00e1ch mang ba l\u00f4 l\u00e0m b\u1eb1ng lo\u1ea1i v\u1ea3i n\u00e0y c\u00f3 th\u1ec3 \u0111i b\u1ed9 \u0111\u01b0\u1eddng d\u00e0i m\u00e0 kh\u00f4ng c\u1ea3m th\u1ea5y qu\u00e1 t\u1ea3i do v\u1ea3i, v\u00e0 nh\u1eefng ng\u01b0\u1eddi c\u1eafm tr\u1ea1i c\u00f3 th\u1ec3 chuy\u1ec3n \u0111\u1ed3 \u0111\u1ea1c c\u1ee7a h\u1ecd d\u1ec5 d\u00e0ng h\u01a1n, gi\u00fap cho chuy\u1ebfn \u0111i ngo\u00e0i tr\u1eddi tr\u1edf n\u00ean th\u00fa v\u1ecb v\u00e0 kh\u00f4ng c\u0103ng th\u1eb3ng.<\/div>\n<div><\/div>\n<h4 class=\"header-vfC6AV auto-hide-last-sibling-br\">\u0110\u01b0\u1ee3c \u00e1p d\u1ee5ng r\u1ed9ng r\u00e3i, \u0111\u00e1p \u1ee9ng nhi\u1ec1u nhu c\u1ea7u kh\u00e1c nhau<\/h4>\n<div class=\"auto-hide-last-sibling-br paragraph-JOTKXA paragraph-element br-paragraph-space\">\u01afu \u0111i\u1ec3m c\u1ee7a lo\u1ea1i v\u1ea3i n\u00e0y c\u00f2n n\u1eb1m \u1edf t\u00ednh linh ho\u1ea1t c\u1ee7a n\u00f3. Trong s\u1ea3n xu\u1ea5t ba l\u00f4, n\u00f3 ph\u00f9 h\u1ee3p v\u1edbi nhi\u1ec1u lo\u1ea1i ba l\u00f4 kh\u00e1c nhau nh\u01b0 ba l\u00f4 leo n\u00fai, ba l\u00f4 \u0111i b\u1ed9 \u0111\u01b0\u1eddng d\u00e0i v\u00e0 ba l\u00f4 du l\u1ecbch. V\u1ec1 m\u1eb7t \u0111\u1ed3 d\u00f9ng c\u1eafm tr\u1ea1i, n\u00f3 th\u01b0\u1eddng \u0111\u01b0\u1ee3c s\u1eed d\u1ee5ng trong l\u1ec1u, t\u00fai ng\u1ee7 v\u00e0 v\u1ecf \u0111\u1ec7m ch\u1ed1ng \u1ea9m. T\u00ednh \u1ee9ng d\u1ee5ng r\u1ed9ng r\u00e3i c\u1ee7a n\u00f3 ch\u1ee9ng t\u1ecf t\u00ednh linh ho\u1ea1t v\u00e0 t\u00ednh th\u1ef1c t\u1ebf c\u1ee7a n\u00f3, \u0111\u00e1p \u1ee9ng c\u00e1c nhu c\u1ea7u \u0111a d\u1ea1ng v\u00e0 mang l\u1ea1i s\u1ef1 ti\u1ec7n l\u1ee3i.<\/div>\n<p>&nbsp;<\/p>\n<div class=\"auto-hide-last-sibling-br paragraph-JOTKXA paragraph-element br-paragraph-space\">V\u1edbi \u0111\u1ed9 b\u1ec1n, kh\u1ea3 n\u0103ng ch\u1ed1ng th\u1ea5m n\u01b0\u1edbc tuy\u1ec7t v\u1eddi, tr\u1ecdng l\u01b0\u1ee3ng nh\u1eb9 v\u00e0 t\u00ednh linh ho\u1ea1t, v\u1ea3i nylon 210D <a href=\"https:\/\/www.sikortex.com\/vi\/vai-nylon-bong-vai-ripstop-ao-gio-vai-5\/\"><span style=\"color: #3366ff;\">Oxford<\/span><\/a> <a href=\"https:\/\/www.sikortex.com\/vi\/chong-tham-nuoc-chong-tham-nuoc\/\"><span style=\"color: #3366ff;\">kh\u00f4ng th\u1ea5m n\u01b0\u1edbc<\/span><\/a> V\u1ea3i l\u00e0 l\u1ef1a ch\u1ecdn h\u00e0ng \u0111\u1ea7u cho ba l\u00f4 v\u00e0 \u0111\u1ed3 d\u00f9ng c\u1eafm tr\u1ea1i. N\u00f3 cung c\u1ea5p s\u1ef1 h\u1ed7 tr\u1ee3 \u0111\u00e1ng tin c\u1eady cho c\u00e1c chuy\u1ebfn du l\u1ecbch ngo\u00e0i tr\u1eddi, gi\u00fap m\u1ecdi ng\u01b0\u1eddi t\u1eadn h\u01b0\u1edfng thi\u00ean nhi\u00ean tr\u1ecdn v\u1eb9n.<\/div>","protected":false},"excerpt":{"rendered":"<p>1200 m\u00e9t (\u0110\u01a1n h\u00e0ng t\u1ed1i thi\u1ec3u)<\/p>","protected":false},"featured_media":7581,"comment_status":"closed","ping_status":"closed","template":"","meta":{"_uag_custom_page_level_css":"","site-sidebar-layout":"default","site-content-layout":"default","ast-site-content-layout":"","site-content-style":"default","site-sidebar-style":"default","ast-global-header-display":"","ast-banner-title-visibility":"","ast-main-header-display":"","ast-hfb-above-header-display":"","ast-hfb-below-header-display":"","ast-hfb-mobile-header-display":"","site-post-title":"","ast-breadcrumbs-content":"","ast-featured-img":"","footer-sml-layout":"","theme-transparent-header-meta":"default","adv-header-id-meta":"","stick-header-meta":"default","header-above-stick-meta":"","header-main-stick-meta":"","header-below-stick-meta":"","astra-migrate-meta-layouts":"default","ast-page-background-enabled":"default","ast-page-background-meta":{"desktop":{"background-color":"","background-image":"","background-repeat":"repeat","background-position":"center center","background-size":"auto","background-attachment":"scroll","background-type":"","background-media":"","overlay-type":"","overlay-color":"","overlay-opacity":"","overlay-gradient":""},"tablet":{"background-color":"","background-image":"","background-repeat":"repeat","background-position":"center center","background-size":"auto","background-attachment":"scroll","background-type":"","background-media":"","overlay-type":"","overlay-color":"","overlay-opacity":"","overlay-gradient":""},"mobile":{"background-color":"","background-image":"","background-repeat":"repeat","background-position":"center center","background-size":"auto","background-attachment":"scroll","background-type":"","background-media":"","overlay-type":"","overlay-color":"","overlay-opacity":"","overlay-gradient":""}},"ast-content-background-meta":{"desktop":{"background-color":"var(--ast-global-color-5)","background-image":"","background-repeat":"repeat","background-position":"center center","background-size":"auto","background-attachment":"scroll","background-type":"","background-media":"","overlay-type":"","overlay-color":"","overlay-opacity":"","overlay-gradient":""},"tablet":{"background-color":"var(--ast-global-color-5)","background-image":"","background-repeat":"repeat","background-position":"center center","background-size":"auto","background-attachment":"scroll","background-type":"","background-media":"","overlay-type":"","overlay-color":"","overlay-opacity":"","overlay-gradient":""},"mobile":{"background-color":"var(--ast-global-color-5)","background-image":"","background-repeat":"repeat","background-position":"center center","background-size":"auto","background-attachment":"scroll","background-type":"","background-media":"","overlay-type":"","overlay-color":"","overlay-opacity":"","overlay-gradient":""}}},"product_brand":[],"product_cat":[1206,432,404,1184,433,414],"product_tag":[],"class_list":{"0":"post-7576","1":"product","2":"type-product","3":"status-publish","4":"has-post-thumbnail","6":"product_cat-fabric-for-bag","7":"product_cat-fabric-for-tent","8":"product_cat-nylon-fabrics","9":"product_cat-oxford-fabric","10":"product_cat-textile-for-industrial","11":"product_cat-waterproof-fabrics","12":"pa_available_colors-h-black","13":"desktop-align-left","14":"tablet-align-left","15":"mobile-align-left","16":"ast-product-gallery-layout-vertical-slider","17":"ast-product-tabs-layout-horizontal","19":"first","20":"instock","21":"shipping-taxable","22":"product-type-simple"},"uagb_featured_image_src":{"full":["https:\/\/www.sikortex.com\/wp-content\/uploads\/2024\/12\/210D-Nylon-Oxford-Waterproof.jpg",800,800,false],"thumbnail":["https:\/\/www.sikortex.com\/wp-content\/uploads\/2024\/12\/210D-Nylon-Oxford-Waterproof-150x150.jpg",150,150,true],"medium":["https:\/\/www.sikortex.com\/wp-content\/uploads\/2024\/12\/210D-Nylon-Oxford-Waterproof-300x300.jpg",300,300,true],"medium_large":["https:\/\/www.sikortex.com\/wp-content\/uploads\/2024\/12\/210D-Nylon-Oxford-Waterproof-768x768.jpg",768,768,true],"large":["https:\/\/www.sikortex.com\/wp-content\/uploads\/2024\/12\/210D-Nylon-Oxford-Waterproof.jpg",800,800,false],"1536x1536":["https:\/\/www.sikortex.com\/wp-content\/uploads\/2024\/12\/210D-Nylon-Oxford-Waterproof.jpg",800,800,false],"2048x2048":["https:\/\/www.sikortex.com\/wp-content\/uploads\/2024\/12\/210D-Nylon-Oxford-Waterproof.jpg",800,800,false],"trp-custom-language-flag":["https:\/\/www.sikortex.com\/wp-content\/uploads\/2024\/12\/210D-Nylon-Oxford-Waterproof-12x12.jpg",12,12,true],"woocommerce_thumbnail":["https:\/\/www.sikortex.com\/wp-content\/uploads\/2024\/12\/210D-Nylon-Oxford-Waterproof-300x300.jpg",300,300,true],"woocommerce_single":["https:\/\/www.sikortex.com\/wp-content\/uploads\/2024\/12\/210D-Nylon-Oxford-Waterproof-600x600.jpg",600,600,true],"woocommerce_gallery_thumbnail":["https:\/\/www.sikortex.com\/wp-content\/uploads\/2024\/12\/210D-Nylon-Oxford-Waterproof-100x100.jpg",100,100,true]},"uagb_author_info":{"display_name":"Perry","author_link":"https:\/\/www.sikortex.com\/vi\/author\/"},"uagb_comment_info":0,"uagb_excerpt":"1200 Meters(Min.Order)","_links":{"self":[{"href":"https:\/\/www.sikortex.com\/vi\/wp-json\/wp\/v2\/product\/7576","targetHints":{"allow":["GET"]}}],"collection":[{"href":"https:\/\/www.sikortex.com\/vi\/wp-json\/wp\/v2\/product"}],"about":[{"href":"https:\/\/www.sikortex.com\/vi\/wp-json\/wp\/v2\/types\/product"}],"replies":[{"embeddable":true,"href":"https:\/\/www.sikortex.com\/vi\/wp-json\/wp\/v2\/comments?post=7576"}],"wp:featuredmedia":[{"embeddable":true,"href":"https:\/\/www.sikortex.com\/vi\/wp-json\/wp\/v2\/media\/7581"}],"wp:attachment":[{"href":"https:\/\/www.sikortex.com\/vi\/wp-json\/wp\/v2\/media?parent=7576"}],"wp:term":[{"taxonomy":"product_brand","embeddable":true,"href":"https:\/\/www.sikortex.com\/vi\/wp-json\/wp\/v2\/product_brand?post=7576"},{"taxonomy":"product_cat","embeddable":true,"href":"https:\/\/www.sikortex.com\/vi\/wp-json\/wp\/v2\/product_cat?post=7576"},{"taxonomy":"product_tag","embeddable":true,"href":"https:\/\/www.sikortex.com\/vi\/wp-json\/wp\/v2\/product_tag?post=7576"}],"curies":[{"name":"wp","href":"https:\/\/api.w.org\/{rel}","templated":true}]}}