{"id":7415,"date":"2024-12-23T15:14:44","date_gmt":"2024-12-23T07:14:44","guid":{"rendered":"https:\/\/www.sikortex.com\/?post_type=product&#038;p=7415"},"modified":"2025-03-17T15:14:51","modified_gmt":"2025-03-17T07:14:51","slug":"vai-phu-tpu-vai-dung-cho-do-bom-hoi","status":"publish","type":"product","link":"https:\/\/www.sikortex.com\/vi\/san-pham\/vai-phu-tpu-vai-dung-cho-do-bom-hoi\/","title":{"rendered":"V\u1ea3i ph\u1ee7 TPU Ballistic Nylon 840D d\u00f9ng cho \u0111\u1ed3 ch\u01a1i b\u01a1m h\u01a1i"},"content":{"rendered":"<h3 class=\"header-vfC6AV auto-hide-last-sibling-br\">Gi\u1edbi thi\u1ec7u v\u1ec1 Ballistic Nylon 840D<\/h3>\n<p>&nbsp;<\/p>\n<p>SIKOR-TEX l\u00e0 nh\u00e0 cung c\u1ea5p v\u1eadt li\u1ec7u b\u01a1m h\u01a1i. Ballistic <a href=\"https:\/\/www.sikortex.com\/vi\/nha-san-xuat-vai-nylon\/\"><span style=\"color: #3366ff;\">Nylon<\/span><\/a> 840D l\u00e0 m\u1ed9t v\u1eadt li\u1ec7u tuy\u1ec7t v\u1eddi \u0111\u01b0\u1ee3c bi\u1ebft \u0111\u1ebfn v\u1edbi kh\u1ea3 n\u0103ng ch\u1ed1ng r\u00e1ch tuy\u1ec7t v\u1eddi. Lo\u1ea1i v\u1ea3i n\u00e0y \u0111\u01b0\u1ee3c s\u1eed d\u1ee5ng trong nhi\u1ec1u \u1ee9ng d\u1ee5ng, \u0111\u1eb7c bi\u1ec7t l\u00e0 trong c\u00e1c s\u1ea3n ph\u1ea9m b\u01a1m h\u01a1i ho\u1eb7c ch\u1ed1ng th\u1ea5m n\u01b0\u1edbc. Ballistic Nylon 840D l\u00fd t\u01b0\u1edfng \u0111\u1ec3 l\u00e0m c\u00e1c m\u1eb7t h\u00e0ng nh\u01b0 ba l\u00f4, b\u00e8 ba l\u00f4, t\u00fai kh\u00f4 v\u00e0 thi\u1ebft b\u1ecb \u0111\u00f3ng g\u00f3i xe \u0111\u1ea1p.<br \/>\nCh\u00fang t\u00f4i c\u0169ng cung c\u1ea5p v\u1ea3i Nylon 210D, 420D cho c\u00e1c s\u1ea3n ph\u1ea9m b\u01a1m h\u01a1i. L\u00e0 m\u1ed9t v\u1eadt li\u1ec7u b\u01a1m h\u01a1i, \u0111\u1ed9 k\u00edn kh\u00ed t\u1ed1t \u0111\u1eb7c bi\u1ec7t quan tr\u1ecdng v\u00e0 TPU c\u1ee7a ch\u00fang t\u00f4i <a href=\"\/vi\/nha-san-xuat-vai-trang\/\"><span style=\"color: #3366ff;\">l\u1edbp ph\u1ee7<\/span><\/a> l\u00e0 t\u1ed1t nh\u1ea5t.<\/p>\n<h3 class=\"header-vfC6AV auto-hide-last-sibling-br\">T\u00f9y ch\u1ecdn l\u1edbp ph\u1ee7 TPU<\/h3>\n<p>&nbsp;<\/p>\n<div class=\"auto-hide-last-sibling-br paragraph-JOTKXA paragraph-element br-paragraph-space\">M\u1ed9t trong nh\u1eefng t\u00ednh n\u0103ng ch\u00ednh c\u1ee7a Ballistic Nylon 840D l\u00e0 TPU <a href=\"\/vi\/nha-san-xuat-vai-trang\/\"><span style=\"color: #3366ff;\">V\u1ea3i tr\u00e1ng ph\u1ee7<\/span><\/a>. V\u1ea3i c\u00f3 s\u1eb5n v\u1edbi TPU m\u1ed9t m\u1eb7t <a href=\"\/vi\/nha-san-xuat-vai-trang\/\"><span style=\"color: #3366ff;\">l\u1edbp ph\u1ee7<\/span> <\/a>(l\u1edbp ho\u00e0n thi\u1ec7n m\u1edd), mang l\u1ea1i s\u1ef1 c\u1ea3i ti\u1ebfn <a href=\"https:\/\/www.sikortex.com\/vi\/chong-tham-nuoc-chong-tham-nuoc\/\"><span style=\"color: #3366ff;\">kh\u00f4ng th\u1ea5m n\u01b0\u1edbc<\/span><\/a> kh\u1ea3 n\u0103ng. \u0110\u1ed9 d\u00e0y c\u1ee7a l\u1edbp ph\u1ee7 TPU tr\u00ean Ballistic Nylon 840D t\u01b0\u01a1ng \u0111\u1ed1i \u0111\u00e1ng k\u1ec3, mang l\u1ea1i cho n\u00f3 m\u1ed9t s\u1ee9c m\u1ea1nh<\/div>\n<p><span style=\"font-size: 16px;\">r\u00e0o c\u1ea3n ch\u1ed1ng th\u1ea5m n\u01b0\u1edbc. H\u01a1n n\u1eefa, n\u00f3 c\u0169ng c\u00f3 th\u1ec3 \u0111\u01b0\u1ee3c s\u1ea3n xu\u1ea5t v\u1edbi l\u1edbp ph\u1ee7 TPU hai m\u1eb7t, t\u0103ng c\u01b0\u1eddng h\u01a1n n\u1eefa<\/span><\/p>\n<p>&nbsp;<\/p>\n<p><span style=\"font-size: 16px;\">c\u1ea3i thi\u1ec7n hi\u1ec7u su\u1ea5t ch\u1ed1ng th\u1ea5m n\u01b0\u1edbc v\u00e0 \u0111\u1ed9 b\u1ec1n.<\/span><\/p>\n<p style=\"font-size: 16px; font-style: normal; font-weight: 400;\"><span style=\"font-size: 1.5em; font-weight: bold;\">So s\u00e1nh v\u1edbi l\u1edbp ph\u1ee7 PU<\/span><\/p>\n<p><img loading=\"lazy\" decoding=\"async\" class=\"wp-image-7599 alignright\" src=\"https:\/\/www.sikortex.com\/wp-content\/uploads\/2024\/12\/inflatable-fabric-e1735620650635-300x164.jpg\" alt=\"V\u1ea3i d\u00f9ng cho \u0111\u1ed3 b\u01a1m h\u01a1i\" width=\"542\" height=\"296\" title=\"\" srcset=\"https:\/\/www.sikortex.com\/wp-content\/uploads\/2024\/12\/inflatable-fabric-e1735620650635-300x164.jpg 300w, https:\/\/www.sikortex.com\/wp-content\/uploads\/2024\/12\/inflatable-fabric-e1735620650635-18x10.jpg 18w, https:\/\/www.sikortex.com\/wp-content\/uploads\/2024\/12\/inflatable-fabric-e1735620650635-600x328.jpg 600w, https:\/\/www.sikortex.com\/wp-content\/uploads\/2024\/12\/inflatable-fabric-e1735620650635.jpg 742w\" sizes=\"auto, (max-width: 542px) 100vw, 542px\" \/><\/p>\n<div class=\"auto-hide-last-sibling-br paragraph-JOTKXA paragraph-element br-paragraph-space\">Ngo\u00e0i l\u1edbp ph\u1ee7 TPU, Ballistic Nylon 840D c\u0169ng c\u00f3 th\u1ec3 \u0111\u01b0\u1ee3c ph\u1ee7 PU. Tuy nhi\u00ean, khi s\u1eed d\u1ee5ng l\u1edbp ph\u1ee7 PU, \u0111\u1ed9 d\u00e0y c\u1ee7a v\u1ea3i gi\u1ea3m \u0111\u00e1ng k\u1ec3 so v\u1edbi TPU-<a href=\"\/vi\/nha-san-xuat-vai-trang\/\"><span style=\"color: #3366ff;\">tr\u00e1ng ph\u1ee7<\/span><\/a> phi\u00ean b\u1ea3n. S\u1ef1 l\u1ef1a ch\u1ecdn gi\u1eefa l\u1edbp ph\u1ee7 TPU v\u00e0 PU ph\u1ee5 thu\u1ed9c v\u00e0o c\u00e1c y\u00eau c\u1ea7u c\u1ee5 th\u1ec3 c\u1ee7a s\u1ea3n ph\u1ea9m cu\u1ed1i c\u00f9ng. \u0110\u1ed1i v\u1edbi c\u00e1c \u1ee9ng d\u1ee5ng \u0111\u00f2i h\u1ecfi \u0111\u1ed9 b\u1ec1n t\u1ed1i \u0111a v\u00e0 kh\u1ea3 n\u0103ng b\u1ea3o v\u1ec7 ch\u1ed1ng th\u1ea5m n\u01b0\u1edbc d\u00e0y, l\u1edbp ph\u1ee7 TPU tr\u00ean Ballistic Nylon 840D th\u01b0\u1eddng \u0111\u01b0\u1ee3c \u01b0u ti\u00ean.<\/div>\n<h3 class=\"header-vfC6AV auto-hide-last-sibling-br\">\u0110\u1ed9 b\u1ec1n v\u00e0 \u1ee9ng d\u1ee5ng<\/h3>\n<p>&nbsp;<\/p>\n<div class=\"auto-hide-last-sibling-br paragraph-JOTKXA paragraph-element br-paragraph-space\">\u0110\u1ed9 b\u1ec1n c\u1ee7a Ballistic <a href=\"https:\/\/www.sikortex.com\/vi\/nha-san-xuat-vai-nylon\/\"><span style=\"color: #3366ff;\">Nylon<\/span><\/a> 840D l\u00e0 l\u1ef1a ch\u1ecdn l\u00fd t\u01b0\u1edfng cho \u0111\u1ed3 d\u00f9ng ngo\u00e0i tr\u1eddi. Cho d\u00f9 \u0111\u00f3 l\u00e0 ba l\u00f4 c\u1ea7n ch\u1ecbu \u0111\u01b0\u1ee3c \u0111\u1ecba h\u00ecnh g\u1ed3 gh\u1ec1 v\u00e0 t\u1ea3i tr\u1ecdng n\u1eb7ng hay l\u00e0 thuy\u1ec1n cao su ph\u1ea3i ch\u1ecbu \u0111\u01b0\u1ee3c s\u1ef1 kh\u1eafc nghi\u1ec7t c\u1ee7a c\u00e1c ho\u1ea1t \u0111\u1ed9ng d\u01b0\u1edbi n\u01b0\u1edbc, Ballistic <a href=\"https:\/\/www.sikortex.com\/vi\/nha-san-xuat-vai-nylon\/\"><span style=\"color: #3366ff;\">Nylon<\/span><\/a> 840D ch\u1ee9ng minh \u0111\u01b0\u1ee3c gi\u00e1 tr\u1ecb c\u1ee7a n\u00f3. T\u00ednh ch\u1ea5t ch\u1ed1ng r\u00e1ch c\u1ee7a lo\u1ea1i v\u1ea3i n\u00e0y \u0111\u1ea3m b\u1ea3o r\u1eb1ng c\u00e1c s\u1ea3n ph\u1ea9m l\u00e0m t\u1eeb n\u00f3 c\u00f3 tu\u1ed5i th\u1ecd cao.<\/div>\n<h3 class=\"header-vfC6AV auto-hide-last-sibling-br\">Hi\u1ec7u su\u1ea5t ch\u1ed1ng th\u1ea5m n\u01b0\u1edbc trong c\u00e1c s\u1ea3n ph\u1ea9m c\u1ee5 th\u1ec3<\/h3>\n<p>&nbsp;<\/p>\n<div class=\"auto-hide-last-sibling-br paragraph-JOTKXA paragraph-element br-paragraph-space\">V\u00ec <a href=\"https:\/\/www.sikortex.com\/vi\/chong-tham-nuoc-chong-tham-nuoc\/\"><span style=\"color: #3366ff;\">kh\u00f4ng th\u1ea5m n\u01b0\u1edbc<\/span><\/a> t\u00fai v\u00e0 thi\u1ebft b\u1ecb \u0111\u00f3ng g\u00f3i xe \u0111\u1ea1p, Ballistic <a href=\"https:\/\/www.sikortex.com\/vi\/nha-san-xuat-vai-nylon\/\"><span style=\"color: #3366ff;\">Nylon<\/span> <\/a>840D v\u1edbi TPU c\u1ee7a n\u00f3 <a href=\"\/vi\/nha-san-xuat-vai-trang\/\"><span style=\"color: #3366ff;\">l\u1edbp ph\u1ee7<\/span><\/a> cung c\u1ea5p kh\u1ea3 n\u0103ng b\u1ea3o v\u1ec7 \u0111\u00e1ng tin c\u1eady ch\u1ed1ng l\u1ea1i n\u01b0\u1edbc. L\u1edbp ho\u00e0n thi\u1ec7n m\u1edd c\u1ee7a TPU m\u1ed9t m\u1eb7t <a href=\"\/vi\/nha-san-xuat-vai-trang\/\"><span style=\"color: #3366ff;\">l\u1edbp ph\u1ee7<\/span><\/a> mang l\u1ea1i v\u1ebb ngo\u00e0i b\u00f3ng b\u1ea9y v\u00e0 chuy\u00ean nghi\u1ec7p cho s\u1ea3n ph\u1ea9m. Nh\u00ecn chung, Ballistic <a href=\"https:\/\/www.sikortex.com\/vi\/nha-san-xuat-vai-nylon\/\"><span style=\"color: #3366ff;\">Nylon<\/span> <\/a>840D, v\u1edbi nhi\u1ec1u l\u1ef1a ch\u1ecdn l\u1edbp ph\u1ee7 v\u00e0 kh\u1ea3 n\u0103ng ch\u1ed1ng r\u00e1ch v\u01b0\u1ee3t tr\u1ed9i, l\u00e0 v\u1eadt li\u1ec7u b\u01a1m h\u01a1i v\u00e0 ch\u1ed1ng th\u1ea5m n\u01b0\u1edbc t\u1ed1t nh\u1ea5t.<\/div>","protected":false},"excerpt":{"rendered":"<p>1200 m\u00e9t (\u0110\u01a1n h\u00e0ng t\u1ed1i thi\u1ec3u)<\/p>","protected":false},"featured_media":7418,"comment_status":"closed","ping_status":"closed","template":"","meta":{"_uag_custom_page_level_css":"","site-sidebar-layout":"default","site-content-layout":"default","ast-site-content-layout":"default","site-content-style":"default","site-sidebar-style":"default","ast-global-header-display":"","ast-banner-title-visibility":"","ast-main-header-display":"","ast-hfb-above-header-display":"","ast-hfb-below-header-display":"","ast-hfb-mobile-header-display":"","site-post-title":"","ast-breadcrumbs-content":"","ast-featured-img":"","footer-sml-layout":"","theme-transparent-header-meta":"default","adv-header-id-meta":"","stick-header-meta":"default","header-above-stick-meta":"","header-main-stick-meta":"","header-below-stick-meta":"","astra-migrate-meta-layouts":"set","ast-page-background-enabled":"default","ast-page-background-meta":{"desktop":{"background-color":"","background-image":"","background-repeat":"repeat","background-position":"center center","background-size":"auto","background-attachment":"scroll","background-type":"","background-media":"","overlay-type":"","overlay-color":"","overlay-opacity":"","overlay-gradient":""},"tablet":{"background-color":"","background-image":"","background-repeat":"repeat","background-position":"center center","background-size":"auto","background-attachment":"scroll","background-type":"","background-media":"","overlay-type":"","overlay-color":"","overlay-opacity":"","overlay-gradient":""},"mobile":{"background-color":"","background-image":"","background-repeat":"repeat","background-position":"center center","background-size":"auto","background-attachment":"scroll","background-type":"","background-media":"","overlay-type":"","overlay-color":"","overlay-opacity":"","overlay-gradient":""}},"ast-content-background-meta":{"desktop":{"background-color":"var(--ast-global-color-5)","background-image":"","background-repeat":"repeat","background-position":"center center","background-size":"auto","background-attachment":"scroll","background-type":"","background-media":"","overlay-type":"","overlay-color":"","overlay-opacity":"","overlay-gradient":""},"tablet":{"background-color":"var(--ast-global-color-5)","background-image":"","background-repeat":"repeat","background-position":"center center","background-size":"auto","background-attachment":"scroll","background-type":"","background-media":"","overlay-type":"","overlay-color":"","overlay-opacity":"","overlay-gradient":""},"mobile":{"background-color":"var(--ast-global-color-5)","background-image":"","background-repeat":"repeat","background-position":"center center","background-size":"auto","background-attachment":"scroll","background-type":"","background-media":"","overlay-type":"","overlay-color":"","overlay-opacity":"","overlay-gradient":""}}},"product_brand":[],"product_cat":[1206,423,432,404,1184,433,414],"product_tag":[],"class_list":{"0":"post-7415","1":"product","2":"type-product","3":"status-publish","4":"has-post-thumbnail","6":"product_cat-fabric-for-bag","7":"product_cat-fabric-for-military-police","8":"product_cat-fabric-for-tent","9":"product_cat-nylon-fabrics","10":"product_cat-oxford-fabric","11":"product_cat-textile-for-industrial","12":"product_cat-waterproof-fabrics","13":"pa_available_colors-h-black","14":"desktop-align-left","15":"tablet-align-left","16":"mobile-align-left","17":"ast-product-gallery-layout-vertical-slider","18":"ast-product-tabs-layout-horizontal","20":"first","21":"instock","22":"shipping-taxable","23":"product-type-simple"},"uagb_featured_image_src":{"full":["https:\/\/www.sikortex.com\/wp-content\/uploads\/2024\/12\/Nylon-840D-TPU-Coated.jpg",800,800,false],"thumbnail":["https:\/\/www.sikortex.com\/wp-content\/uploads\/2024\/12\/Nylon-840D-TPU-Coated-150x150.jpg",150,150,true],"medium":["https:\/\/www.sikortex.com\/wp-content\/uploads\/2024\/12\/Nylon-840D-TPU-Coated-300x300.jpg",300,300,true],"medium_large":["https:\/\/www.sikortex.com\/wp-content\/uploads\/2024\/12\/Nylon-840D-TPU-Coated-768x768.jpg",768,768,true],"large":["https:\/\/www.sikortex.com\/wp-content\/uploads\/2024\/12\/Nylon-840D-TPU-Coated.jpg",800,800,false],"1536x1536":["https:\/\/www.sikortex.com\/wp-content\/uploads\/2024\/12\/Nylon-840D-TPU-Coated.jpg",800,800,false],"2048x2048":["https:\/\/www.sikortex.com\/wp-content\/uploads\/2024\/12\/Nylon-840D-TPU-Coated.jpg",800,800,false],"trp-custom-language-flag":["https:\/\/www.sikortex.com\/wp-content\/uploads\/2024\/12\/Nylon-840D-TPU-Coated-12x12.jpg",12,12,true],"woocommerce_thumbnail":["https:\/\/www.sikortex.com\/wp-content\/uploads\/2024\/12\/Nylon-840D-TPU-Coated-300x300.jpg",300,300,true],"woocommerce_single":["https:\/\/www.sikortex.com\/wp-content\/uploads\/2024\/12\/Nylon-840D-TPU-Coated-600x600.jpg",600,600,true],"woocommerce_gallery_thumbnail":["https:\/\/www.sikortex.com\/wp-content\/uploads\/2024\/12\/Nylon-840D-TPU-Coated-100x100.jpg",100,100,true]},"uagb_author_info":{"display_name":"Perry","author_link":"https:\/\/www.sikortex.com\/vi\/author\/"},"uagb_comment_info":0,"uagb_excerpt":"1200 Meters(Min.Order)","_links":{"self":[{"href":"https:\/\/www.sikortex.com\/vi\/wp-json\/wp\/v2\/product\/7415","targetHints":{"allow":["GET"]}}],"collection":[{"href":"https:\/\/www.sikortex.com\/vi\/wp-json\/wp\/v2\/product"}],"about":[{"href":"https:\/\/www.sikortex.com\/vi\/wp-json\/wp\/v2\/types\/product"}],"replies":[{"embeddable":true,"href":"https:\/\/www.sikortex.com\/vi\/wp-json\/wp\/v2\/comments?post=7415"}],"wp:featuredmedia":[{"embeddable":true,"href":"https:\/\/www.sikortex.com\/vi\/wp-json\/wp\/v2\/media\/7418"}],"wp:attachment":[{"href":"https:\/\/www.sikortex.com\/vi\/wp-json\/wp\/v2\/media?parent=7415"}],"wp:term":[{"taxonomy":"product_brand","embeddable":true,"href":"https:\/\/www.sikortex.com\/vi\/wp-json\/wp\/v2\/product_brand?post=7415"},{"taxonomy":"product_cat","embeddable":true,"href":"https:\/\/www.sikortex.com\/vi\/wp-json\/wp\/v2\/product_cat?post=7415"},{"taxonomy":"product_tag","embeddable":true,"href":"https:\/\/www.sikortex.com\/vi\/wp-json\/wp\/v2\/product_tag?post=7415"}],"curies":[{"name":"wp","href":"https:\/\/api.w.org\/{rel}","templated":true}]}}