{"id":7364,"date":"2024-12-21T11:14:12","date_gmt":"2024-12-21T03:14:12","guid":{"rendered":"https:\/\/www.sikortex.com\/?post_type=product&#038;p=7364"},"modified":"2025-04-02T10:32:30","modified_gmt":"2025-04-02T02:32:30","slug":"vai-polyester-600d-vai-oxford-nhuom-dung-dich","status":"publish","type":"product","link":"https:\/\/www.sikortex.com\/vi\/san-pham\/vai-polyester-600d-vai-oxford-nhuom-dung-dich\/","title":{"rendered":"V\u1ea3i Polyester 600D V\u1ea3i Oxford nhu\u1ed9m dung d\u1ecbch"},"content":{"rendered":"<h4>V\u1ea3i Polyester 600D V\u1ea3i Oxford nhu\u1ed9m dung d\u1ecbch<\/h4>\n<p>V\u1ea3i polyester ch\u1ed1ng th\u1ea5m 600D c\u1ee7a ch\u00fang t\u00f4i l\u00e0 lo\u1ea1i v\u1ea3i 600\u00d7600 denier th\u1ef1c s\u1ef1, kh\u00f4ng ph\u1ea3i lo\u1ea1i 600\u00d7300 nh\u1eb9 h\u01a1n v\u00e0 k\u00e9m b\u1ec1n h\u01a1n. Ch\u1ea5t li\u1ec7u 600D c\u1ee7a ch\u00fang t\u00f4i kh\u00f4ng ch\u1ec9 b\u1ec1n v\u00e0 ch\u1ed1ng m\u00e0i m\u00f2n m\u00e0 c\u00f2n c\u00f3 \u0111\u1ed9 \u0111\u00e0n h\u1ed3i cao h\u01a1n v\u00e0 kh\u1ea3 n\u0103ng ch\u1ed1ng th\u1ea5m t\u1ed1t h\u01a1n nh\u1edd l\u1edbp ph\u1ee7 PU sau khi c\u00e1n n\u00f3ng. V\u1ea3i polyester 600D c\u1ee7a ch\u00fang t\u00f4i c\u00f3 kh\u1ea3 n\u0103ng ch\u1ecbu \u00e1p su\u1ea5t th\u1ee7y t\u0129nh h\u01a1n 1000mm.<\/p>\n<h4>Polyester nhu\u1ed9m dung d\u1ecbch, m\u00e0u s\u1eafc l\u00e2u tr\u00f4i<\/h4>\n<p>V\u1ea3i 600D c\u1ee7a ch\u00fang t\u00f4i \u0111\u01b0\u1ee3c nhu\u1ed9m b\u1eb1ng dung d\u1ecbch \u2013 kh\u00f4ng gi\u1ed1ng nh\u01b0 h\u1ea7u h\u1ebft c\u00e1c lo\u1ea1i v\u1ea3i th\u00f4ng th\u01b0\u1eddng tr\u00ean th\u1ecb tr\u01b0\u1eddng! T\u1ea1i sao \u0111i\u1ec1u n\u00e0y l\u1ea1i quan tr\u1ecdng nh\u01b0 v\u1eady? \u0110i\u1ec1u n\u00e0y c\u00f3 ngh\u0129a l\u00e0 m\u00e0u kh\u00f4ng \u0111\u01b0\u1ee3c \u00e1p d\u1ee5ng cho b\u1ec1 m\u1eb7t, m\u00e0 l\u00e0 m\u1ed9t ph\u1ea7n c\u1ee7a s\u1ee3i \u0111\u01b0\u1ee3c s\u1eed d\u1ee5ng \u0111\u1ec3 l\u00e0m v\u1ea3i. M\u00e0u ch\u1ea1y kh\u1eafp v\u1eadt li\u1ec7u. M\u00e0u c\u1ee7a v\u1eadt li\u1ec7u nhu\u1ed9m b\u1eb1ng dung d\u1ecbch b\u1ec1n h\u01a1n v\u00e0 trong h\u1ea7u h\u1ebft c\u00e1c tr\u01b0\u1eddng h\u1ee3p, v\u1ea3i nhu\u1ed9m b\u1eb1ng dung d\u1ecbch 600D c\u1ee7a ch\u00fang t\u00f4i c\u00f3 th\u1ec3 \u0111\u01b0\u1ee3c s\u1eed d\u1ee5ng ngo\u00e0i tr\u1eddi trong h\u01a1n 3 n\u0103m m\u00e0 kh\u00f4ng b\u1ecb phai m\u00e0u! (\u0110i\u1ec1u n\u00e0y t\u01b0\u01a1ng t\u1ef1 nh\u01b0 <a href=\"https:\/\/www.sikortex.com\/vi\/vai-chong-tia-hong-ngoai-3\/\"><span style=\"color: #3366ff;\">v\u1ea3i acrylic nhu\u1ed9m dung d\u1ecbch<\/span><\/a>, m\u1ed9t l\u1ef1a ch\u1ecdn tuy\u1ec7t v\u1eddi kh\u00e1c cho v\u1eadt li\u1ec7u ngo\u00e0i tr\u1eddi ho\u1eb7c kh\u00f4ng th\u1ea5m n\u01b0\u1edbc.)<\/p>\n<h4>\u1ee8ng d\u1ee5ng c\u1ee7a v\u1ea3i Polyester 600D<\/h4>\n<p>600D c\u00f3 l\u1ebd \u0111\u01b0\u1ee3c s\u1eed d\u1ee5ng ph\u1ed5 bi\u1ebfn nh\u1ea5t trong ba l\u00f4, \u0111\u1ed3 d\u00f9ng ngo\u00e0i tr\u1eddi, \u0111\u1ed3 n\u1ed9i th\u1ea5t ngo\u00e0i tr\u1eddi, t\u00f2a nh\u00e0 ngo\u00e0i tr\u1eddi v\u00e0 nhi\u1ec1u thi\u1ebft b\u1ecb c\u00f4ng nghi\u1ec7p kh\u00e1c, nh\u01b0ng kh\u00e1ch h\u00e0ng c\u0169ng s\u1eed d\u1ee5ng n\u00f3 \u0111\u1ec3 l\u00e0m v\u1ecf thuy\u1ec1n v\u00e0 <a href=\"https:\/\/www.sikortex.com\/vi\/vai-nylon-bong-vai-ripstop-ao-gio-vai-2\/\"><span style=\"color: #3366ff;\">m\u00e1i hi\u00ean<\/span><\/a> do t\u00ednh ch\u1ea5t ch\u1ed1ng th\u1ea5m n\u01b0\u1edbc v\u00e0 n\u1ea5m m\u1ed1c.<\/p>\n<h4>SIKOR-TEX l\u00e0 ngu\u1ed3n cung c\u1ea5p polyester 600D gi\u00e1 s\u1ec9 t\u1ed1t nh\u1ea5t c\u1ee7a b\u1ea1n!<\/h4>\n<h4 style=\"font-style: normal;\"><img loading=\"lazy\" decoding=\"async\" class=\"wp-image-7060 alignright\" src=\"https:\/\/www.sikortex.com\/wp-content\/uploads\/2024\/09\/Solution-dyed-acrylic-fiber-e1726019567653-300x190.png\" alt=\"\" width=\"364\" height=\"230\" title=\"\" srcset=\"https:\/\/www.sikortex.com\/wp-content\/uploads\/2024\/09\/Solution-dyed-acrylic-fiber-e1726019567653-300x190.png 300w, https:\/\/www.sikortex.com\/wp-content\/uploads\/2024\/09\/Solution-dyed-acrylic-fiber-e1726019567653-18x12.png 18w, https:\/\/www.sikortex.com\/wp-content\/uploads\/2024\/09\/Solution-dyed-acrylic-fiber-e1726019567653.png 520w\" sizes=\"auto, (max-width: 364px) 100vw, 364px\" \/><\/h4>\n<p>Quy tr\u00ecnh s\u1ea3n xu\u1ea5t c\u1ee7a ch\u00fang t\u00f4i b\u1eaft \u0111\u1ea7u b\u1eb1ng s\u1ee3i nhu\u1ed9m dung d\u1ecbch, bao g\u1ed3m k\u00e9o s\u1ee3i, s\u1ea3n xu\u1ea5t v\u00e0 ho\u00e0n thi\u1ec7n, \u0111i\u1ec1u n\u00e0y r\u1ea5t c\u1ea7n thi\u1ebft \u0111\u1ec3 \u0111\u1ea3m b\u1ea3o r\u1eb1ng v\u1ea3i c\u1ee7a ch\u00fang t\u00f4i c\u00f3 \u0111\u1ed9 b\u1ec1n \u00e1nh s\u00e1ng v\u00e0 kh\u1ea3 n\u0103ng ch\u1ed1ng tia c\u1ef1c t\u00edm t\u1ed1t nh\u1ea5t; ch\u00fang t\u00f4i c\u0169ng cung c\u1ea5p quy tr\u00ecnh x\u1eed l\u00fd ch\u1ed1ng ch\u00e1y<\/p>\n<p>c\u00f3 th\u1ec3 g\u1eb7p <a href=\"https:\/\/www.sikortex.com\/vi\/vai-chong-chay\/\">ch\u1ea5t ch\u1ed1ng ch\u00e1y<\/a> c\u00e1c ti\u00eau chu\u1ea9n nh\u01b0 NFPA 701, CPAI-84, EN 13773, v.v. Ch\u00fang t\u00f4i cung c\u1ea5p cho b\u1ea1n c\u00e1c d\u1ecbch v\u1ee5 t\u00f9y ch\u1ec9nh h\u00e0ng lo\u1ea1t (bao g\u1ed3m <a href=\"https:\/\/www.sikortex.com\/vi\/san-pham\/600d-dty-oxford-khang-khuan-vai\/\"><span style=\"color: #3366ff;\">1200D<\/span><\/a> v\u1ea3i v\u00f3c, <a href=\"https:\/\/www.sikortex.com\/vi\/san-pham\/sk8362-9\/\"><span style=\"color: #3366ff;\">900D<\/span><\/a> v\u1ea3i, v\u1ea3i 600D ho\u1eb7c v\u1ea3i acrylic nhu\u1ed9m dung d\u1ecbch) v\u1edbi ch\u1ea5t l\u01b0\u1ee3ng cao v\u00e0 gi\u00e1 c\u1ea3 c\u1ea1nh tranh.<\/p>\n<h4 style=\"font-style: normal;\"><img loading=\"lazy\" decoding=\"async\" class=\"alignright wp-image-7241\" src=\"https:\/\/www.sikortex.com\/wp-content\/uploads\/2024\/12\/Solution-dyed-polyester-150D-300x200.jpg\" alt=\"\" width=\"383\" height=\"255\" title=\"\" srcset=\"https:\/\/www.sikortex.com\/wp-content\/uploads\/2024\/12\/Solution-dyed-polyester-150D-300x200.jpg 300w, https:\/\/www.sikortex.com\/wp-content\/uploads\/2024\/12\/Solution-dyed-polyester-150D-768x511.jpg 768w, https:\/\/www.sikortex.com\/wp-content\/uploads\/2024\/12\/Solution-dyed-polyester-150D-18x12.jpg 18w, https:\/\/www.sikortex.com\/wp-content\/uploads\/2024\/12\/Solution-dyed-polyester-150D-600x399.jpg 600w, https:\/\/www.sikortex.com\/wp-content\/uploads\/2024\/12\/Solution-dyed-polyester-150D.jpg 796w\" sizes=\"auto, (max-width: 383px) 100vw, 383px\" \/><\/h4>\n<p>V\u1ea3i polyester 600D c\u1ee7a ch\u00fang t\u00f4i s\u1eed d\u1ee5ng c\u00f4ng ngh\u1ec7 dung d\u1ecbch, v\u1ea3i kh\u00f4ng c\u1ea7n s\u1eed d\u1ee5ng n\u01b0\u1edbc trong qu\u00e1 tr\u00ecnh s\u1ea3n xu\u1ea5t, th\u00e2n thi\u1ec7n v\u1edbi m\u00f4i tr\u01b0\u1eddng, ti\u1ebft ki\u1ec7m n\u0103ng l\u01b0\u1ee3ng v\u00e0 gi\u1ea3m l\u01b0\u1ee3ng kh\u00ed th\u1ea3i carbon. Ph\u00f9 h\u1ee3p v\u1edbi xu h\u01b0\u1edbng ph\u00e1t tri\u1ec3n d\u1ec7t may b\u1ec1n v\u1eefng<\/p>\n<p><a href=\"https:\/\/www.sikortex.com\/vi\/vai-khong-tham-nuoc-2\/\"><span style=\"color: #3366ff;\">V\u1ea3i Oxford c\u00f3 ch\u1ed1ng th\u1ea5m n\u01b0\u1edbc kh\u00f4ng?<\/span><\/a><\/p>\n<p>C\u1ee7a ch\u00fang t\u00f4i <a href=\"https:\/\/www.sikortex.com\/vi\/vai-nylon-bong-vai-ripstop-ao-gio-vai-5\/\"><span style=\"color: #3366ff;\">V\u1ea3i Oxford<\/span><\/a> kh\u00f4ng ch\u1ec9 ch\u1ed1ng th\u1ea5m n\u01b0\u1edbc m\u00e0 c\u00f2n c\u00f3 kh\u1ea3 n\u0103ng ch\u1ed1ng \u1ea9m b\u1ec1 m\u1eb7t (\u0111\u1ecdc th\u00eam)<\/p>","protected":false},"excerpt":{"rendered":"<p>1200 m\u00e9t (\u0110\u01a1n h\u00e0ng t\u1ed1i thi\u1ec3u)<\/p>","protected":false},"featured_media":7366,"comment_status":"closed","ping_status":"closed","template":"","meta":{"_uag_custom_page_level_css":"","site-sidebar-layout":"default","site-content-layout":"default","ast-site-content-layout":"","site-content-style":"default","site-sidebar-style":"default","ast-global-header-display":"","ast-banner-title-visibility":"","ast-main-header-display":"","ast-hfb-above-header-display":"","ast-hfb-below-header-display":"","ast-hfb-mobile-header-display":"","site-post-title":"","ast-breadcrumbs-content":"","ast-featured-img":"","footer-sml-layout":"","theme-transparent-header-meta":"default","adv-header-id-meta":"","stick-header-meta":"default","header-above-stick-meta":"","header-main-stick-meta":"","header-below-stick-meta":"","astra-migrate-meta-layouts":"default","ast-page-background-enabled":"default","ast-page-background-meta":{"desktop":{"background-color":"","background-image":"","background-repeat":"repeat","background-position":"center center","background-size":"auto","background-attachment":"scroll","background-type":"","background-media":"","overlay-type":"","overlay-color":"","overlay-opacity":"","overlay-gradient":""},"tablet":{"background-color":"","background-image":"","background-repeat":"repeat","background-position":"center center","background-size":"auto","background-attachment":"scroll","background-type":"","background-media":"","overlay-type":"","overlay-color":"","overlay-opacity":"","overlay-gradient":""},"mobile":{"background-color":"","background-image":"","background-repeat":"repeat","background-position":"center center","background-size":"auto","background-attachment":"scroll","background-type":"","background-media":"","overlay-type":"","overlay-color":"","overlay-opacity":"","overlay-gradient":""}},"ast-content-background-meta":{"desktop":{"background-color":"var(--ast-global-color-5)","background-image":"","background-repeat":"repeat","background-position":"center center","background-size":"auto","background-attachment":"scroll","background-type":"","background-media":"","overlay-type":"","overlay-color":"","overlay-opacity":"","overlay-gradient":""},"tablet":{"background-color":"var(--ast-global-color-5)","background-image":"","background-repeat":"repeat","background-position":"center center","background-size":"auto","background-attachment":"scroll","background-type":"","background-media":"","overlay-type":"","overlay-color":"","overlay-opacity":"","overlay-gradient":""},"mobile":{"background-color":"var(--ast-global-color-5)","background-image":"","background-repeat":"repeat","background-position":"center center","background-size":"auto","background-attachment":"scroll","background-type":"","background-media":"","overlay-type":"","overlay-color":"","overlay-opacity":"","overlay-gradient":""}}},"product_brand":[],"product_cat":[1126,432,1218,1184,1185,433,414],"product_tag":[],"class_list":{"0":"post-7364","1":"product","2":"type-product","3":"status-publish","4":"has-post-thumbnail","6":"product_cat-fabric-for-awning","7":"product_cat-fabric-for-tent","8":"product_cat-marine-fabrics","9":"product_cat-oxford-fabric","10":"product_cat-solution-dyed-polyester-fabrics","11":"product_cat-textile-for-industrial","12":"product_cat-waterproof-fabrics","13":"pa_available_colors-911052-spc","14":"desktop-align-left","15":"tablet-align-left","16":"mobile-align-left","17":"ast-product-gallery-layout-vertical-slider","18":"ast-product-tabs-layout-horizontal","20":"first","21":"instock","22":"shipping-taxable","23":"product-type-simple"},"uagb_featured_image_src":{"full":["https:\/\/www.sikortex.com\/wp-content\/uploads\/2024\/12\/600D-Polyester-Fabric.jpg",800,800,false],"thumbnail":["https:\/\/www.sikortex.com\/wp-content\/uploads\/2024\/12\/600D-Polyester-Fabric-150x150.jpg",150,150,true],"medium":["https:\/\/www.sikortex.com\/wp-content\/uploads\/2024\/12\/600D-Polyester-Fabric-300x300.jpg",300,300,true],"medium_large":["https:\/\/www.sikortex.com\/wp-content\/uploads\/2024\/12\/600D-Polyester-Fabric-768x768.jpg",768,768,true],"large":["https:\/\/www.sikortex.com\/wp-content\/uploads\/2024\/12\/600D-Polyester-Fabric.jpg",800,800,false],"1536x1536":["https:\/\/www.sikortex.com\/wp-content\/uploads\/2024\/12\/600D-Polyester-Fabric.jpg",800,800,false],"2048x2048":["https:\/\/www.sikortex.com\/wp-content\/uploads\/2024\/12\/600D-Polyester-Fabric.jpg",800,800,false],"trp-custom-language-flag":["https:\/\/www.sikortex.com\/wp-content\/uploads\/2024\/12\/600D-Polyester-Fabric-12x12.jpg",12,12,true],"woocommerce_thumbnail":["https:\/\/www.sikortex.com\/wp-content\/uploads\/2024\/12\/600D-Polyester-Fabric-300x300.jpg",300,300,true],"woocommerce_single":["https:\/\/www.sikortex.com\/wp-content\/uploads\/2024\/12\/600D-Polyester-Fabric-600x600.jpg",600,600,true],"woocommerce_gallery_thumbnail":["https:\/\/www.sikortex.com\/wp-content\/uploads\/2024\/12\/600D-Polyester-Fabric-100x100.jpg",100,100,true]},"uagb_author_info":{"display_name":"Perry","author_link":"https:\/\/www.sikortex.com\/vi\/author\/"},"uagb_comment_info":0,"uagb_excerpt":"1200 Meters(Min.Order)","_links":{"self":[{"href":"https:\/\/www.sikortex.com\/vi\/wp-json\/wp\/v2\/product\/7364","targetHints":{"allow":["GET"]}}],"collection":[{"href":"https:\/\/www.sikortex.com\/vi\/wp-json\/wp\/v2\/product"}],"about":[{"href":"https:\/\/www.sikortex.com\/vi\/wp-json\/wp\/v2\/types\/product"}],"replies":[{"embeddable":true,"href":"https:\/\/www.sikortex.com\/vi\/wp-json\/wp\/v2\/comments?post=7364"}],"wp:featuredmedia":[{"embeddable":true,"href":"https:\/\/www.sikortex.com\/vi\/wp-json\/wp\/v2\/media\/7366"}],"wp:attachment":[{"href":"https:\/\/www.sikortex.com\/vi\/wp-json\/wp\/v2\/media?parent=7364"}],"wp:term":[{"taxonomy":"product_brand","embeddable":true,"href":"https:\/\/www.sikortex.com\/vi\/wp-json\/wp\/v2\/product_brand?post=7364"},{"taxonomy":"product_cat","embeddable":true,"href":"https:\/\/www.sikortex.com\/vi\/wp-json\/wp\/v2\/product_cat?post=7364"},{"taxonomy":"product_tag","embeddable":true,"href":"https:\/\/www.sikortex.com\/vi\/wp-json\/wp\/v2\/product_tag?post=7364"}],"curies":[{"name":"wp","href":"https:\/\/api.w.org\/{rel}","templated":true}]}}