{"id":7320,"date":"2024-12-16T16:34:43","date_gmt":"2024-12-16T08:34:43","guid":{"rendered":"https:\/\/www.sikortex.com\/?post_type=product&#038;p=7320"},"modified":"2025-03-21T14:14:26","modified_gmt":"2025-03-21T06:14:26","slug":"sk8362-14","status":"publish","type":"product","link":"https:\/\/www.sikortex.com\/vi\/san-pham\/sk8362-14\/","title":{"rendered":"V\u1ea3i Ripstop Nylon Ballistic 1000D 1680D"},"content":{"rendered":"<p>Ballistic Nylon \u2013 M\u1ed9t lo\u1ea1i v\u1ea3i b\u1ec1n v\u00e0 \u0111a n\u0103ng<br \/>\nNylon \u0111\u1ea1n \u0111\u1ea1o, m\u1ed9t lo\u1ea1i v\u1ea3i \u0111\u00e1ng ch\u00fa \u00fd v\u1edbi l\u1ecbch s\u1eed phong ph\u00fa, \u0111\u01b0\u1ee3c DuPont ph\u00e1t tri\u1ec3n trong Th\u1ebf chi\u1ebfn II. N\u00f3 \u0111\u01b0\u1ee3c thi\u1ebft k\u1ebf \u0111\u1ec3 s\u1edf h\u1eefu \u0111\u1ed9 b\u1ec1n v\u00e0 kh\u1ea3 n\u0103ng ch\u1ed1ng ch\u1ecbu phi th\u01b0\u1eddng, ban \u0111\u1ea7u v\u1edbi m\u1ee5c \u0111\u00edch b\u1ea3o v\u1ec7 qu\u00e2n nh\u00e2n. C\u1ee5 th\u1ec3, n\u00f3 \u0111\u01b0\u1ee3c thi\u1ebft k\u1ebf \u0111\u1ec3 s\u1eed d\u1ee5ng trong \u00e1o kho\u00e1c ch\u1ed1ng \u0111\u1ea1n cho c\u00e1c th\u00e0nh vi\u00ean phi h\u00e0nh \u0111o\u00e0n m\u00e1y bay, b\u1ea3o v\u1ec7 h\u1ecd kh\u1ecfi nguy c\u01a1 \u0111\u1ea1n, m\u1ea3nh \u0111\u1ea1n v\u00e0 t\u00e1c \u0111\u1ed9ng \u0111\u1ea1n \u0111\u1ea1o. Qu\u00e1 tr\u00ecnh x\u00e2y d\u1ef1ng li\u00ean quan \u0111\u1ebfn vi\u1ec7c c\u00e1n nhi\u1ec1u l\u1edbp v\u1ea3i d\u00e0y \u0111\u1ec3 t\u0103ng c\u01b0\u1eddng kh\u1ea3 n\u0103ng b\u1ea3o v\u1ec7 c\u1ee7a n\u00f3.<\/p>\n<p>Tuy nhi\u00ean, khi c\u00f4ng ngh\u1ec7 ph\u00e1t tri\u1ec3n, v\u00e0o cu\u1ed1i nh\u1eefng n\u0103m 1970, <a href=\"https:\/\/www.sikortex.com\/vi\/quan-vai-ripstop-vai\/\"><span style=\"color: #3366ff;\">qu\u00e2n \u0111\u1ed9i<\/span><\/a> chuy\u1ec3n sang c\u00e1c lo\u1ea1i \u00e1o gi\u00e1p ti\u00ean ti\u1ebfn h\u01a1n nh\u01b0 Kevlar\u00ae, polyethylene c\u00f3 tr\u1ecdng l\u01b0\u1ee3ng ph\u00e2n t\u1eed c\u1ef1c cao v\u00e0 c\u00f4ng ngh\u1ec7 t\u1ea5m g\u1ed1m. Nh\u1eefng v\u1eadt li\u1ec7u m\u1edbi n\u00e0y t\u1ecf ra hi\u1ec7u qu\u1ea3 h\u01a1n nhi\u1ec1u trong vi\u1ec7c th\u1ef1c s\u1ef1 ng\u0103n ch\u1eb7n \u0111\u1ea1n v\u00e0 m\u1ea3nh \u0111\u1ea1n, khi\u1ebfn nylon \u0111\u1ea1n \u0111\u1ea1o kh\u00f4ng c\u00f2n ph\u00f9 h\u1ee3p v\u1edbi m\u1ee5c \u0111\u00edch b\u1ea3o v\u1ec7 \u0111\u1ea1n \u0111\u1ea1o ban \u0111\u1ea7u c\u1ee7a n\u00f3. Tuy nhi\u00ean, n\u00f3 \u0111\u00e3 t\u00ecm th\u1ea5y m\u1ed9t s\u1ef1 s\u1ed1ng m\u1edbi trong v\u00f4 s\u1ed1 c\u00e1c \u1ee9ng d\u1ee5ng kh\u00e1c.<\/p>\n<p>V\u00e0o nh\u1eefng n\u0103m 1980, thu\u1eadt ng\u1eef \u201cballistic\u201d \u0111\u00e3 thu h\u00fat \u0111\u01b0\u1ee3c s\u1ef1 ch\u00fa \u00fd \u0111\u00e1ng k\u1ec3 tr\u00ean th\u1ecb tr\u01b0\u1eddng ti\u00eau d\u00f9ng, \u0111\u1eb7c bi\u1ec7t l\u00e0 trong ng\u00e0nh h\u00e0nh l\u00fd. Ki\u1ec3u d\u1ec7t ch\u1ecbu l\u1ef1c k\u1ebft h\u1ee3p v\u1edbi \u0111\u1ed9 b\u1ec1n v\u00e0 b\u1ec1 m\u1eb7t nh\u1eb5n n\u1ed5i ti\u1ebfng \u0111\u00e3 khi\u1ebfn n\u00f3 tr\u1edf th\u00e0nh m\u1ed9t l\u1ef1a ch\u1ecdn h\u1ea5p d\u1eabn. T\u1eeb \u0111\u00f3, n\u00f3 \u0111\u00e3 tr\u1edf th\u00e0nh m\u1eb7t h\u00e0ng ch\u1ee7 l\u1ef1c trong s\u1ea3n xu\u1ea5t nhi\u1ec1u m\u1eb7t h\u00e0ng kh\u00e1c nhau. V\u00ed d\u1ee5, n\u00f3 th\u01b0\u1eddng \u0111\u01b0\u1ee3c s\u1eed d\u1ee5ng trong h\u00e0nh l\u00fd, t\u00fai v\u1ea3i th\u00f4, c\u1eb7p, gi\u01b0\u1eddng cho th\u00fa c\u01b0ng, <a href=\"https:\/\/www.sikortex.com\/vi\/tap-chi\/quan-ao-bao-ho-lao-dong-2\/\"><span style=\"color: #3366ff;\">qu\u1ea7n \u00e1o b\u1ea3o h\u1ed9 lao \u0111\u1ed9ng<\/span><\/a>, gh\u1ebf, ba l\u00f4, ch\u0103n ng\u1ef1a v\u00e0 h\u1ed9p \u0111\u1ef1ng t\u00f9y ch\u1ec9nh. &quot;Ki\u1ec3u d\u1ec7t ballistic&quot; \u0111\u1ed9c \u0111\u00e1o, l\u00e0 ki\u1ec3u d\u1ec7t gi\u1ecf 2\u00d72, \u0111\u00f3ng vai tr\u00f2 quan tr\u1ecdng trong vi\u1ec7c t\u1ed1i \u0111a h\u00f3a kh\u1ea3 n\u0103ng ch\u1ed1ng r\u00e1ch v\u00e0 \u0111\u1ed9 b\u1ec1n t\u1ed5ng th\u1ec3 c\u1ee7a v\u1ea3i. Ki\u1ec3u d\u1ec7t n\u00e0y bi\u1ebfn c\u00e1c s\u1ee3i nylon ri\u00eang l\u1ebb th\u00e0nh v\u1eadt li\u1ec7u c\u00f3 kh\u1ea3 n\u0103ng ph\u1ee5c h\u1ed3i cao.<img loading=\"lazy\" decoding=\"async\" class=\"wp-image-7349 alignright\" src=\"https:\/\/www.sikortex.com\/wp-content\/uploads\/2024\/12\/Ballistic-Nylon-1680D-300x124.jpg\" alt=\"\" width=\"799\" height=\"330\" title=\"\" srcset=\"https:\/\/www.sikortex.com\/wp-content\/uploads\/2024\/12\/Ballistic-Nylon-1680D-300x124.jpg 300w, https:\/\/www.sikortex.com\/wp-content\/uploads\/2024\/12\/Ballistic-Nylon-1680D-768x318.jpg 768w, https:\/\/www.sikortex.com\/wp-content\/uploads\/2024\/12\/Ballistic-Nylon-1680D-18x7.jpg 18w, https:\/\/www.sikortex.com\/wp-content\/uploads\/2024\/12\/Ballistic-Nylon-1680D-600x248.jpg 600w, https:\/\/www.sikortex.com\/wp-content\/uploads\/2024\/12\/Ballistic-Nylon-1680D.jpg 800w\" sizes=\"auto, (max-width: 799px) 100vw, 799px\" \/><\/p>\n<p>V\u1ea3i nylon \u0111\u1ea1n \u0111\u1ea1o th\u01b0\u1eddng \u0111\u01b0\u1ee3c ch\u1ebf t\u1ea1o t\u1eeb s\u1ee3i nylon denier c\u1ef1c cao. Trong s\u1ed1 \u0111\u00f3, nylon \u0111\u1ea1n \u0111\u1ea1o 1680D v\u00e0 1000D \u0111\u1eb7c bi\u1ec7t ph\u1ed5 bi\u1ebfn v\u00e0 \u0111\u01b0\u1ee3c s\u1eed d\u1ee5ng r\u1ed9ng r\u00e3i. \u0110i\u1ec1u quan tr\u1ecdng c\u1ea7n l\u01b0u \u00fd l\u00e0 nhi\u1ec1u ng\u01b0\u1eddi th\u01b0\u1eddng hi\u1ec3u sai m\u1ed1i quan h\u1ec7 gi\u1eefa c\u00e1c \u0111\u1eb7c t\u00ednh c\u1ee7a nylon \u0111\u1ea1n \u0111\u1ea1o v\u00e0 tr\u1ecdng l\u01b0\u1ee3ng s\u1ee3i denier. Ki\u1ec3u d\u1ec7t gi\u1ecf 2\u00d72 th\u1ef1c s\u1ef1 l\u00e0 \u0111i\u1ec3m kh\u00e1c bi\u1ec7t c\u1ee7a n\u00f3. <a href=\"https:\/\/www.sikortex.com\/vi\/ho-so-cong-ty\/\"><span style=\"color: #3366ff;\">SIKOR-TEX<\/span><\/a> l\u00e0 nh\u00e0 s\u1ea3n xu\u1ea5t \u0111\u1ea1n \u0111\u1ea1o ch\u1ea5t l\u01b0\u1ee3ng cao n\u1ed5i ti\u1ebfng <a href=\"https:\/\/www.sikortex.com\/vi\/nha-san-xuat-vai-nylon\/\"><span style=\"color: #3366ff;\">v\u1ea3i nylon<\/span><\/a>, g\u00f3p ph\u1ea7n t\u1ea1o ra ngu\u1ed3n v\u1eadt li\u1ec7u ch\u1ea5t l\u01b0\u1ee3ng cao tr\u00ean th\u1ecb tr\u01b0\u1eddng.<\/p>\n<p>V\u1eadt li\u1ec7u \u0111\u1ea1n \u0111\u1ea1o nylon 1680D c\u1ee7a ch\u00fang t\u00f4i n\u1ed5i b\u1eadt v\u1edbi \u0111\u1ed9 b\u1ec1n v\u00e0 \u0111\u1ed9 ch\u1eafc ch\u1eafn cao. N\u00f3 \u0111\u01b0\u1ee3c t\u0103ng c\u01b0\u1eddng th\u00eam v\u1edbi l\u1edbp ph\u1ee7 polyurethane, mang l\u1ea1i cho n\u00f3 <a href=\"https:\/\/www.sikortex.com\/vi\/chong-tham-nuoc-chong-tham-nuoc\/\"><span style=\"color: #3366ff;\">kh\u00f4ng th\u1ea5m n\u01b0\u1edbc<\/span><\/a> t\u00ednh ch\u1ea5t. \u0110i\u1ec1u n\u00e0y l\u00e0m cho n\u00f3 ph\u00f9 h\u1ee3p v\u1edbi nhi\u1ec1u \u1ee9ng d\u1ee5ng kh\u00e1c nhau, trong \u0111\u00f3 c\u1ea3 \u0111\u1ed9 b\u1ec1n v\u00e0 <a href=\"\/vi\/ve-khong-tham-nuoc-oxford-vai\/\"><span style=\"color: #3366ff;\">kh\u1ea3 n\u0103ng ch\u1ed1ng n\u01b0\u1edbc<\/span><\/a> l\u00e0 c\u1ea7n thi\u1ebft. M\u1eb7t kh\u00e1c, nylon \u0111\u1ea1n \u0111\u1ea1o 1680D \u0111\u01b0\u1ee3c \u01b0a chu\u1ed9ng cho c\u00e1c d\u1ef1 \u00e1n kh\u00f4ng ch\u1ec9 \u0111\u00f2i h\u1ecfi \u0111\u1ed9 b\u1ec1n m\u00e0 c\u00f2n <a href=\"https:\/\/www.sikortex.com\/vi\/chong-tham-nuoc-chong-tham-nuoc\/\"><span style=\"color: #3366ff;\">kh\u00f4ng th\u1ea5m n\u01b0\u1edbc<\/span><\/a> v\u00e0 t\u00ednh n\u0103ng ch\u1ed1ng n\u1ea5m m\u1ed1c. \u0110\u00e2y l\u00e0 v\u1eadt li\u1ec7u t\u1ed5ng h\u1ee3p \u0111an r\u1ed5 c\u00f3 \u0111\u1ed9 \u0111\u00e0n h\u1ed3i cao, c\u00f3 th\u1ec3 ch\u1ecbu \u0111\u01b0\u1ee3c \u0111i\u1ec1u ki\u1ec7n kh\u1eafc nghi\u1ec7t v\u00e0 s\u1eed d\u1ee5ng nhi\u1ec1u.<\/p>\n<p>T\u00f3m l\u1ea1i, n\u1ebfu b\u1ea1n \u0111ang t\u00ecm ki\u1ebfm m\u1ed9t lo\u1ea1i v\u1ea3i k\u1ebft h\u1ee3p \u0111\u1ed9 b\u1ec1n v\u01b0\u1ee3t tr\u1ed9i, kh\u1ea3 n\u0103ng ch\u1ed1ng m\u00e0i m\u00f2n v\u00e0 t\u00ednh linh ho\u1ea1t, th\u00ec nylon \u0111\u1ea1n \u0111\u1ea1o l\u00e0 m\u1ed9t l\u1ef1a ch\u1ecdn tuy\u1ec7t v\u1eddi. Ph\u1ea1m vi \u1ee9ng d\u1ee5ng r\u1ed9ng r\u00e3i v\u00e0 hi\u1ec7u su\u1ea5t \u0111\u00e3 \u0111\u01b0\u1ee3c ch\u1ee9ng minh qua nhi\u1ec1u n\u0103m khi\u1ebfn n\u00f3 tr\u1edf th\u00e0nh l\u1ef1a ch\u1ecdn \u0111\u00e1ng tin c\u1eady cho nhi\u1ec1u ng\u00e0nh c\u00f4ng nghi\u1ec7p v\u00e0 ng\u01b0\u1eddi ti\u00eau d\u00f9ng. Cho d\u00f9 l\u00e0 \u0111\u1ec3 t\u1ea1o ra thi\u1ebft b\u1ecb du l\u1ecbch b\u1ec1n l\u00e2u hay b\u1ec1n <a href=\"https:\/\/www.sikortex.com\/vi\/tap-chi\/quan-ao-bao-ho-lao-dong-2\/\"><span style=\"color: #3366ff;\">qu\u1ea7n \u00e1o b\u1ea3o h\u1ed9 lao \u0111\u1ed9ng,<\/span><\/a> nylon \u0111\u1ea1n \u0111\u1ea1o ti\u1ebfp t\u1ee5c ch\u1ee9ng minh gi\u00e1 tr\u1ecb c\u1ee7a n\u00f3.<\/p>\n<p><a href=\"\/vi\/nha-cung-cap-vai-ripstop\/\"><span style=\"color: #3366ff;\">T\u00ecm hi\u1ec3u th\u00eam v\u1ec1 v\u1ea3i ripstop<\/span><\/a><\/p>","protected":false},"excerpt":{"rendered":"<p>1200 m\u00e9t (\u0110\u01a1n h\u00e0ng t\u1ed1i thi\u1ec3u)<\/p>","protected":false},"featured_media":7352,"comment_status":"closed","ping_status":"closed","template":"","meta":{"_uag_custom_page_level_css":"","site-sidebar-layout":"default","site-content-layout":"default","ast-site-content-layout":"default","site-content-style":"default","site-sidebar-style":"default","ast-global-header-display":"","ast-banner-title-visibility":"","ast-main-header-display":"","ast-hfb-above-header-display":"","ast-hfb-below-header-display":"","ast-hfb-mobile-header-display":"","site-post-title":"","ast-breadcrumbs-content":"","ast-featured-img":"","footer-sml-layout":"","theme-transparent-header-meta":"default","adv-header-id-meta":"","stick-header-meta":"default","header-above-stick-meta":"","header-main-stick-meta":"","header-below-stick-meta":"","astra-migrate-meta-layouts":"set","ast-page-background-enabled":"default","ast-page-background-meta":{"desktop":{"background-color":"","background-image":"","background-repeat":"repeat","background-position":"center center","background-size":"auto","background-attachment":"scroll","background-type":"","background-media":"","overlay-type":"","overlay-color":"","overlay-opacity":"","overlay-gradient":""},"tablet":{"background-color":"","background-image":"","background-repeat":"repeat","background-position":"center center","background-size":"auto","background-attachment":"scroll","background-type":"","background-media":"","overlay-type":"","overlay-color":"","overlay-opacity":"","overlay-gradient":""},"mobile":{"background-color":"","background-image":"","background-repeat":"repeat","background-position":"center center","background-size":"auto","background-attachment":"scroll","background-type":"","background-media":"","overlay-type":"","overlay-color":"","overlay-opacity":"","overlay-gradient":""}},"ast-content-background-meta":{"desktop":{"background-color":"var(--ast-global-color-5)","background-image":"","background-repeat":"repeat","background-position":"center center","background-size":"auto","background-attachment":"scroll","background-type":"","background-media":"","overlay-type":"","overlay-color":"","overlay-opacity":"","overlay-gradient":""},"tablet":{"background-color":"var(--ast-global-color-5)","background-image":"","background-repeat":"repeat","background-position":"center center","background-size":"auto","background-attachment":"scroll","background-type":"","background-media":"","overlay-type":"","overlay-color":"","overlay-opacity":"","overlay-gradient":""},"mobile":{"background-color":"var(--ast-global-color-5)","background-image":"","background-repeat":"repeat","background-position":"center center","background-size":"auto","background-attachment":"scroll","background-type":"","background-media":"","overlay-type":"","overlay-color":"","overlay-opacity":"","overlay-gradient":""}}},"product_brand":[],"product_cat":[1206,1183,423,430,428,432,404,1184,427,433,414],"product_tag":[],"class_list":{"0":"post-7320","1":"product","2":"type-product","3":"status-publish","4":"has-post-thumbnail","6":"product_cat-fabric-for-bag","7":"product_cat-fabric-for-horse-blankets","8":"product_cat-fabric-for-military-police","9":"product_cat-fabric-for-motorwear","10":"product_cat-fabric-for-outdoor-sports","11":"product_cat-fabric-for-tent","12":"product_cat-nylon-fabrics","13":"product_cat-oxford-fabric","14":"product_cat-petroleum-and-petrochemical","15":"product_cat-textile-for-industrial","16":"product_cat-waterproof-fabrics","17":"pa_available_colors-1526-52","18":"desktop-align-left","19":"tablet-align-left","20":"mobile-align-left","21":"ast-product-gallery-layout-vertical-slider","22":"ast-product-tabs-layout-horizontal","24":"first","25":"instock","26":"shipping-taxable","27":"product-type-simple"},"uagb_featured_image_src":{"full":["https:\/\/www.sikortex.com\/wp-content\/uploads\/2024\/12\/Ballistic-Nylon-1680D-PU-Coated.jpg",800,800,false],"thumbnail":["https:\/\/www.sikortex.com\/wp-content\/uploads\/2024\/12\/Ballistic-Nylon-1680D-PU-Coated-150x150.jpg",150,150,true],"medium":["https:\/\/www.sikortex.com\/wp-content\/uploads\/2024\/12\/Ballistic-Nylon-1680D-PU-Coated-300x300.jpg",300,300,true],"medium_large":["https:\/\/www.sikortex.com\/wp-content\/uploads\/2024\/12\/Ballistic-Nylon-1680D-PU-Coated-768x768.jpg",768,768,true],"large":["https:\/\/www.sikortex.com\/wp-content\/uploads\/2024\/12\/Ballistic-Nylon-1680D-PU-Coated.jpg",800,800,false],"1536x1536":["https:\/\/www.sikortex.com\/wp-content\/uploads\/2024\/12\/Ballistic-Nylon-1680D-PU-Coated.jpg",800,800,false],"2048x2048":["https:\/\/www.sikortex.com\/wp-content\/uploads\/2024\/12\/Ballistic-Nylon-1680D-PU-Coated.jpg",800,800,false],"trp-custom-language-flag":["https:\/\/www.sikortex.com\/wp-content\/uploads\/2024\/12\/Ballistic-Nylon-1680D-PU-Coated-12x12.jpg",12,12,true],"woocommerce_thumbnail":["https:\/\/www.sikortex.com\/wp-content\/uploads\/2024\/12\/Ballistic-Nylon-1680D-PU-Coated-300x300.jpg",300,300,true],"woocommerce_single":["https:\/\/www.sikortex.com\/wp-content\/uploads\/2024\/12\/Ballistic-Nylon-1680D-PU-Coated-600x600.jpg",600,600,true],"woocommerce_gallery_thumbnail":["https:\/\/www.sikortex.com\/wp-content\/uploads\/2024\/12\/Ballistic-Nylon-1680D-PU-Coated-100x100.jpg",100,100,true]},"uagb_author_info":{"display_name":"Perry","author_link":"https:\/\/www.sikortex.com\/vi\/author\/"},"uagb_comment_info":0,"uagb_excerpt":"1200 Meters(Min.Order)","_links":{"self":[{"href":"https:\/\/www.sikortex.com\/vi\/wp-json\/wp\/v2\/product\/7320","targetHints":{"allow":["GET"]}}],"collection":[{"href":"https:\/\/www.sikortex.com\/vi\/wp-json\/wp\/v2\/product"}],"about":[{"href":"https:\/\/www.sikortex.com\/vi\/wp-json\/wp\/v2\/types\/product"}],"replies":[{"embeddable":true,"href":"https:\/\/www.sikortex.com\/vi\/wp-json\/wp\/v2\/comments?post=7320"}],"wp:featuredmedia":[{"embeddable":true,"href":"https:\/\/www.sikortex.com\/vi\/wp-json\/wp\/v2\/media\/7352"}],"wp:attachment":[{"href":"https:\/\/www.sikortex.com\/vi\/wp-json\/wp\/v2\/media?parent=7320"}],"wp:term":[{"taxonomy":"product_brand","embeddable":true,"href":"https:\/\/www.sikortex.com\/vi\/wp-json\/wp\/v2\/product_brand?post=7320"},{"taxonomy":"product_cat","embeddable":true,"href":"https:\/\/www.sikortex.com\/vi\/wp-json\/wp\/v2\/product_cat?post=7320"},{"taxonomy":"product_tag","embeddable":true,"href":"https:\/\/www.sikortex.com\/vi\/wp-json\/wp\/v2\/product_tag?post=7320"}],"curies":[{"name":"wp","href":"https:\/\/api.w.org\/{rel}","templated":true}]}}