{"id":7316,"date":"2024-12-16T11:08:06","date_gmt":"2024-12-16T03:08:06","guid":{"rendered":"https:\/\/www.sikortex.com\/?post_type=product&#038;p=7316"},"modified":"2025-02-17T17:40:24","modified_gmt":"2025-02-17T09:40:24","slug":"sk8362-13","status":"publish","type":"product","link":"https:\/\/www.sikortex.com\/vi\/san-pham\/sk8362-13\/","title":{"rendered":"V\u1ea3i Polyester 600D L\u1edbp ph\u1ee7 PU ch\u1ed1ng th\u1ea5m n\u01b0\u1edbc"},"content":{"rendered":"<h4 class=\"header-vfC6AV auto-hide-last-sibling-br\">V\u1ea3i Polyester 600D: Th\u00e0nh ph\u1ea7n v\u00e0 quy tr\u00ecnh d\u1ec7t<\/h4>\n<div class=\"auto-hide-last-sibling-br paragraph-JOTKXA paragraph-element br-paragraph-space\">V\u1ea3i polyester 600D <a href=\"https:\/\/www.sikortex.com\/vi\/2024\/09\/05\/nha-cung-cap-vai-ripstop-vat-lieu-ripstop\/\"><span style=\"color: #3366ff;\">ripstop<\/span><\/a> <a href=\"\/vi\/nha-san-xuat-vai-trang\/\"><span style=\"color: #3366ff;\">ph\u1ee7 PU<\/span><\/a> v\u1ea3i \u0111\u01b0\u1ee3c l\u00e0m b\u1eb1ng c\u00e1ch g\u1ea5p \u0111\u00f4i v\u00e0 d\u1ec7t hai s\u1ee3i 300D. Ph\u01b0\u01a1ng ph\u00e1p s\u1ea3n xu\u1ea5t n\u00e0y mang l\u1ea1i cho v\u1ea3i v\u1ebb ngo\u00e0i c\u00f3 k\u1ebft c\u1ea5u h\u01a1n. S\u1ee3i g\u1ea5p \u0111\u00f4i mang l\u1ea1i cho v\u1ea3i \u0111\u1ed9 b\u1ec1n cao v\u00e0 cho ph\u00e9p v\u1ea3i ph\u00f9 h\u1ee3p v\u1edbi nhi\u1ec1u quy tr\u00ecnh ho\u00e0n thi\u1ec7n kh\u00e1c nhau, ch\u1eb3ng h\u1ea1n nh\u01b0 l\u00e0m 600D <a href=\"\/vi\/nha-san-xuat-vai-trang\/\"><span style=\"color: #3366ff;\">ph\u1ee7 PU<\/span><\/a> v\u1ea3i, v\u1ea3i polyester 600D c\u00f3 l\u1edbp ph\u1ee7 ch\u1ed1ng ch\u00e1y v\u00e0 600D <a href=\"https:\/\/www.sikortex.com\/vi\/chong-tham-nuoc-chong-tham-nuoc\/\"><span style=\"color: #3366ff;\">kh\u00f4ng th\u1ea5m n\u01b0\u1edbc<\/span> <\/a><a href=\"\/vi\/nha-san-xuat-vai-trang\/\"><span style=\"color: #3366ff;\">v\u1ea3i tr\u00e1ng<\/span><\/a>.<\/div>\n<div><\/div>\n<h4 class=\"header-vfC6AV auto-hide-last-sibling-br\">V\u1ea3i Polyester 600D: Th\u00f4ng s\u1ed1 k\u1ef9 thu\u1eadt v\u1ec1 t\u00ednh ch\u1ea5t v\u1eadt l\u00fd<\/h4>\n<div class=\"auto-hide-last-sibling-br paragraph-JOTKXA paragraph-element br-paragraph-space\">V\u1ea3i 600D d\u00f9ng cho \u00e1o kho\u00e1c ngo\u00e0i l\u00e0 lo\u1ea1i v\u1ea3i c\u00f3 tr\u1ecdng l\u01b0\u1ee3ng trung b\u00ecnh, c\u00f3 \u0111\u1ed9 b\u1ec1n v\u00e0 kh\u1ea3 n\u0103ng ch\u1ed1ng m\u00e0i m\u00f2n tuy\u1ec7t v\u1eddi. Theo ph\u01b0\u01a1ng ph\u00e1p th\u1eed nghi\u1ec7m AS 2001.2.16, lo\u1ea1i v\u1ea3i n\u00e0y c\u00f3 tr\u1ecdng l\u01b0\u1ee3ng kho\u1ea3ng 230gsm, l\u1ef1c \u0111\u1ee9t s\u1ee3i d\u1ecdc kho\u1ea3ng 2400N v\u00e0 l\u1ef1c \u0111\u1ee9t s\u1ee3i ngang l\u00e0 1500N. Ph\u01b0\u01a1ng ph\u00e1p th\u1eed nghi\u1ec7m AS 2001.2.10 c\u0169ng cho th\u1ea5y lo\u1ea1i v\u1ea3i n\u00e0y c\u00f3 th\u1ec3 ch\u1ecbu \u0111\u01b0\u1ee3c l\u1ef1c x\u00e9 145N theo c\u1ea3 h\u01b0\u1edbng s\u1ee3i d\u1ecdc v\u00e0 s\u1ee3i ngang.<\/div>\n<h4 class=\"header-vfC6AV auto-hide-last-sibling-br\"><\/h4>\n<h4 class=\"header-vfC6AV auto-hide-last-sibling-br\">V\u1ea3i Polyester 600D: \u0110\u1eb7c \u0111i\u1ec3m v\u00e0 ngu\u1ed3n g\u1ed1c c\u1ee7a v\u1eadt li\u1ec7u<\/h4>\n<div class=\"auto-hide-last-sibling-br paragraph-JOTKXA paragraph-element br-paragraph-space\">V\u1ea3i polyester 600D \u0111\u01b0\u1ee3c l\u00e0m t\u1eeb polyester 100%. Lo\u1ea1i v\u1ea3i n\u00e0y n\u1ed5i ti\u1ebfng tr\u00ean to\u00e0n th\u1ebf gi\u1edbi v\u00ec \u0111\u1ed9 b\u1ec1n v\u00e0 \u0111\u1ed9 ch\u1eafc cao v\u00e0 l\u00e0 m\u1ed9t trong nh\u1eefng lo\u1ea1i v\u1ea3i ph\u1ed5 bi\u1ebfn nh\u1ea5t tr\u00ean to\u00e0n c\u1ea7u. N\u00f3 th\u01b0\u1eddng \u0111\u01b0\u1ee3c s\u1eed d\u1ee5ng trong h\u00e0ng ng\u00e0n \u1ee9ng d\u1ee5ng c\u00f4ng nghi\u1ec7p v\u00e0 ti\u00eau d\u00f9ng. \u0110\u00e2y l\u00e0 lo\u1ea1i v\u1ea3i t\u1ed5ng h\u1ee3p, th\u01b0\u1eddng c\u00f3 ngu\u1ed3n g\u1ed1c t\u1eeb d\u1ea7u m\u1ecf, nh\u01b0ng c\u0169ng c\u00f3 m\u1ed9t s\u1ed1 s\u1ea3n ph\u1ea9m \u0111\u01b0\u1ee3c l\u00e0m t\u1eeb <a href=\"https:\/\/www.sikortex.com\/vi\/tap-chi\/sang-tao-than-thien-voi-moi-truong-thoi-trang-2\/\"><span style=\"color: #3366ff;\">c\u00f3 th\u1ec3 t\u00e1i ch\u1ebf<\/span><\/a> v\u00e0 v\u1eadt li\u1ec7u ph\u00e2n h\u1ee7y sinh h\u1ecdc. B\u00ean c\u1ea1nh \u0111\u1ed9 b\u1ec1n v\u00e0 ch\u1eafc ch\u1eafn, v\u1ea3i polyester 600D c\u00f2n c\u00f3 \u0111\u1eb7c t\u00ednh tho\u00e1ng kh\u00ed.<\/div>\n<div><\/div>\n<h4 class=\"header-vfC6AV auto-hide-last-sibling-br\">V\u1ea3i Polyester 600D: L\u1edbp ph\u1ee7 PU ch\u1ed1ng th\u1ea5m n\u01b0\u1edbc<\/h4>\n<div class=\"auto-hide-last-sibling-br paragraph-JOTKXA paragraph-element br-paragraph-space\">B\u1ec1 m\u1eb7t v\u1ea3i polyester ripstop 600D <a href=\"\/vi\/nha-san-xuat-vai-trang\/\"><span style=\"color: #3366ff;\">ph\u1ee7 PU<\/span><\/a> v\u1ea3i \u0111\u01b0\u1ee3c ph\u1ee7 b\u1eb1ng polyurethane, mang l\u1ea1i kh\u1ea3 n\u0103ng tuy\u1ec7t v\u1eddi <a href=\"https:\/\/www.sikortex.com\/vi\/chong-tham-nuoc-chong-tham-nuoc\/\"><span style=\"color: #3366ff;\">kh\u00f4ng th\u1ea5m n\u01b0\u1edbc<\/span> <\/a>t\u00ednh ch\u1ea5t c\u1ee7a v\u1ea3i v\u00e0 gi\u00fap ng\u0103n ng\u1eeba b\u1ee5i b\u1ea9n t\u00edch t\u1ee5. H\u01a1n n\u1eefa, v\u00ec nh\u1eb9 h\u01a1n v\u1ea3i b\u1ea1t n\u00ean d\u1ec5 v\u1ec7 sinh v\u00e0 b\u1ea3o d\u01b0\u1ee1ng h\u01a1n. Ngo\u00e0i ra, l\u1edbp ph\u1ee7 l\u00e0m cho v\u1ea3i c\u00f3 kh\u1ea3 n\u0103ng ch\u1ed1ng m\u00e0i m\u00f2n, va \u0111\u1eadp v\u00e0 r\u00e1ch cao. L\u1edbp ph\u1ee7 PU c\u0169ng t\u0103ng th\u00eam \u0111\u1ed9 b\u1ec1n k\u00e9o v\u00e0 kh\u1ea3 n\u0103ng ch\u1ed1ng tia UV cho v\u1ea3i, khi\u1ebfn v\u1ea3i tr\u1edf th\u00e0nh l\u1ef1a ch\u1ecdn l\u00fd t\u01b0\u1edfng cho c\u00e1c s\u1ea3n ph\u1ea9m ngo\u00e0i tr\u1eddi.<\/div>\n<div><\/div>\n<h4 class=\"header-vfC6AV auto-hide-last-sibling-br\">V\u1ea3i Polyester 600D: Chi ph\u00ed v\u00e0 t\u00ednh th\u1ef1c t\u1ebf<\/h4>\n<div class=\"auto-hide-last-sibling-br paragraph-JOTKXA paragraph-element br-paragraph-space\">Ngay c\u1ea3 sau khi <a href=\"\/vi\/nha-san-xuat-vai-trang\/\"><span style=\"color: #3366ff;\">l\u1edbp ph\u1ee7 PU<\/span><\/a> x\u1eed l\u00fd, v\u1ea3i 600D l\u00e0 lo\u1ea1i v\u1ea3i nh\u1eb9, nh\u1ecf g\u1ecdn v\u00e0 \u0111a n\u0103ng, \u0111\u1ed3ng th\u1eddi c\u0169ng r\u1ea5t ti\u1ebft ki\u1ec7m chi ph\u00ed. M\u1ed9t m\u1eb7t, chi ph\u00ed <a href=\"https:\/\/www.sikortex.com\/vi\/vai-polyester\/\"><span style=\"color: #3366ff;\">polyester<\/span><\/a> th\u1ea5p h\u01a1n c\u1ee7a<span style=\"color: #3366ff;\"><a style=\"color: #3366ff;\" href=\"https:\/\/www.sikortex.com\/vi\/nha-san-xuat-vai-nylon\/\"> nylo<\/a>N<\/span>; m\u1eb7t kh\u00e1c, quy tr\u00ecnh s\u1ea3n xu\u1ea5t c\u1ee7a n\u00f3 \u0111\u01a1n gi\u1ea3n h\u01a1n, \u0111\u00f2i h\u1ecfi \u00edt t\u00e0i nguy\u00ean v\u00e0 \u00edt n\u0103ng l\u01b0\u1ee3ng h\u01a1n, do \u0111\u00f3 gi\u1ea3m chi ph\u00ed s\u1ea3n xu\u1ea5t. C\u00f9ng v\u1edbi \u0111\u1eb7c t\u00ednh nh\u1eb9 v\u00e0 nh\u1ecf g\u1ecdn, chi ph\u00ed v\u1eadn chuy\u1ec3n c\u1ee7a lo\u1ea1i v\u1ea3i n\u00e0y c\u0169ng th\u1ea5p h\u01a1n.<\/div>\n<div><\/div>\n<h4 class=\"header-vfC6AV auto-hide-last-sibling-br\">V\u1ea3i Polyester 600D: Nhi\u1ec1u \u1ee9ng d\u1ee5ng kh\u00e1c nhau<\/h4>\n<div class=\"auto-hide-last-sibling-br paragraph-JOTKXA paragraph-element br-paragraph-space\">V\u1ea3i polyester ripstop polyurethane 600D <a href=\"\/vi\/nha-san-xuat-vai-trang\/\"><span style=\"color: #3366ff;\">l\u1edbp ph\u1ee7<\/span><\/a> V\u1ea3i kh\u00f4ng nghi ng\u1edd g\u00ec n\u1eefa l\u00e0 m\u1ed9t lo\u1ea1i v\u1ea3i tuy\u1ec7t v\u1eddi, v\u00ec v\u1eady n\u00f3 c\u00f3 ph\u1ea1m vi \u1ee9ng d\u1ee5ng c\u1ef1c k\u1ef3 r\u1ed9ng. N\u00f3 \u0111\u01b0\u1ee3c s\u1eed d\u1ee5ng trong m\u1ecdi th\u1ee9, t\u1eeb c\u00e1c ph\u1ee5 ki\u1ec7n \u0111\u01a1n gi\u1ea3n nh\u01b0 v\u00ed \u0111\u1ef1ng ti\u1ec1n xu \u0111\u1ebfn ba l\u00f4, ba l\u00f4 v\u00e0 t\u00fai \u0111\u1ef1ng m\u00e1y \u1ea3nh. N\u00f3 c\u0169ng l\u00e0 m\u1ed9t lo\u1ea1i v\u1ea3i th\u01b0\u1eddng \u0111\u01b0\u1ee3c s\u1eed d\u1ee5ng trong ng\u00e0nh c\u00f4ng nghi\u1ec7p c\u01b0\u1ee1i ng\u1ef1a \u0111\u1ec3 l\u00e0m ch\u0103n v\u00e0 ph\u1ee5 ki\u1ec7n cho ng\u1ef1a. N\u00f3 l\u00e0 m\u1ed9t l\u1ef1a ch\u1ecdn ph\u1ed5 bi\u1ebfn \u0111\u1ec3 l\u00e0m \u00e1o kho\u00e1c v\u00e0 ph\u1ee5 ki\u1ec7n cho ch\u00f3. Lo\u1ea1i v\u1ea3i n\u00e0y c\u0169ng ph\u00f9 h\u1ee3p \u0111\u1ec3 l\u00e0m v\u1ecf thuy\u1ec1n v\u00e0 v\u1ecf \u00f4 t\u00f4 v\u00e0 l\u00e0 v\u1eadt li\u1ec7u l\u00fd t\u01b0\u1edfng \u0111\u1ec3 l\u00e0m l\u1ec1u, t\u00fai x\u00e1ch v\u00e0 vali.<\/div>\n<div><a href=\"https:\/\/www.sikortex.com\/vi\/vai-nylon-bong-vai-ripstop-ao-gio-vai-5\/\"><span style=\"color: #3366ff;\">t\u00ecm hi\u1ec3u th\u00eam<\/span><\/a><\/div>","protected":false},"excerpt":{"rendered":"<p>1200 m\u00e9t (\u0110\u01a1n h\u00e0ng t\u1ed1i thi\u1ec3u)<\/p>","protected":false},"featured_media":7235,"comment_status":"closed","ping_status":"closed","template":"","meta":{"_uag_custom_page_level_css":"","site-sidebar-layout":"default","site-content-layout":"default","ast-site-content-layout":"","site-content-style":"default","site-sidebar-style":"default","ast-global-header-display":"","ast-banner-title-visibility":"","ast-main-header-display":"","ast-hfb-above-header-display":"","ast-hfb-below-header-display":"","ast-hfb-mobile-header-display":"","site-post-title":"","ast-breadcrumbs-content":"","ast-featured-img":"","footer-sml-layout":"","theme-transparent-header-meta":"default","adv-header-id-meta":"","stick-header-meta":"default","header-above-stick-meta":"","header-main-stick-meta":"","header-below-stick-meta":"","astra-migrate-meta-layouts":"default","ast-page-background-enabled":"default","ast-page-background-meta":{"desktop":{"background-color":"","background-image":"","background-repeat":"repeat","background-position":"center center","background-size":"auto","background-attachment":"scroll","background-type":"","background-media":"","overlay-type":"","overlay-color":"","overlay-opacity":"","overlay-gradient":""},"tablet":{"background-color":"","background-image":"","background-repeat":"repeat","background-position":"center center","background-size":"auto","background-attachment":"scroll","background-type":"","background-media":"","overlay-type":"","overlay-color":"","overlay-opacity":"","overlay-gradient":""},"mobile":{"background-color":"","background-image":"","background-repeat":"repeat","background-position":"center center","background-size":"auto","background-attachment":"scroll","background-type":"","background-media":"","overlay-type":"","overlay-color":"","overlay-opacity":"","overlay-gradient":""}},"ast-content-background-meta":{"desktop":{"background-color":"var(--ast-global-color-5)","background-image":"","background-repeat":"repeat","background-position":"center center","background-size":"auto","background-attachment":"scroll","background-type":"","background-media":"","overlay-type":"","overlay-color":"","overlay-opacity":"","overlay-gradient":""},"tablet":{"background-color":"var(--ast-global-color-5)","background-image":"","background-repeat":"repeat","background-position":"center center","background-size":"auto","background-attachment":"scroll","background-type":"","background-media":"","overlay-type":"","overlay-color":"","overlay-opacity":"","overlay-gradient":""},"mobile":{"background-color":"var(--ast-global-color-5)","background-image":"","background-repeat":"repeat","background-position":"center center","background-size":"auto","background-attachment":"scroll","background-type":"","background-media":"","overlay-type":"","overlay-color":"","overlay-opacity":"","overlay-gradient":""}}},"product_brand":[],"product_cat":[1206,1183,432,1184,403,433,414],"product_tag":[],"class_list":{"0":"post-7316","1":"product","2":"type-product","3":"status-publish","4":"has-post-thumbnail","6":"product_cat-fabric-for-bag","7":"product_cat-fabric-for-horse-blankets","8":"product_cat-fabric-for-tent","9":"product_cat-oxford-fabric","10":"product_cat-polyester-fabrics","11":"product_cat-textile-for-industrial","12":"product_cat-waterproof-fabrics","13":"pa_available_colors-911052-spc","14":"desktop-align-left","15":"tablet-align-left","16":"mobile-align-left","17":"ast-product-gallery-layout-vertical-slider","18":"ast-product-tabs-layout-horizontal","20":"first","21":"instock","22":"shipping-taxable","23":"product-type-simple"},"uagb_featured_image_src":{"full":["https:\/\/www.sikortex.com\/wp-content\/uploads\/2024\/11\/polyester-ripstop-oxford.jpg",800,800,false],"thumbnail":["https:\/\/www.sikortex.com\/wp-content\/uploads\/2024\/11\/polyester-ripstop-oxford-150x150.jpg",150,150,true],"medium":["https:\/\/www.sikortex.com\/wp-content\/uploads\/2024\/11\/polyester-ripstop-oxford-300x300.jpg",300,300,true],"medium_large":["https:\/\/www.sikortex.com\/wp-content\/uploads\/2024\/11\/polyester-ripstop-oxford-768x768.jpg",768,768,true],"large":["https:\/\/www.sikortex.com\/wp-content\/uploads\/2024\/11\/polyester-ripstop-oxford.jpg",800,800,false],"1536x1536":["https:\/\/www.sikortex.com\/wp-content\/uploads\/2024\/11\/polyester-ripstop-oxford.jpg",800,800,false],"2048x2048":["https:\/\/www.sikortex.com\/wp-content\/uploads\/2024\/11\/polyester-ripstop-oxford.jpg",800,800,false],"trp-custom-language-flag":["https:\/\/www.sikortex.com\/wp-content\/uploads\/2024\/11\/polyester-ripstop-oxford-12x12.jpg",12,12,true],"woocommerce_thumbnail":["https:\/\/www.sikortex.com\/wp-content\/uploads\/2024\/11\/polyester-ripstop-oxford-300x300.jpg",300,300,true],"woocommerce_single":["https:\/\/www.sikortex.com\/wp-content\/uploads\/2024\/11\/polyester-ripstop-oxford-600x600.jpg",600,600,true],"woocommerce_gallery_thumbnail":["https:\/\/www.sikortex.com\/wp-content\/uploads\/2024\/11\/polyester-ripstop-oxford-100x100.jpg",100,100,true]},"uagb_author_info":{"display_name":"Perry","author_link":"https:\/\/www.sikortex.com\/vi\/author\/"},"uagb_comment_info":0,"uagb_excerpt":"1200 Meters(Min.Order)","_links":{"self":[{"href":"https:\/\/www.sikortex.com\/vi\/wp-json\/wp\/v2\/product\/7316","targetHints":{"allow":["GET"]}}],"collection":[{"href":"https:\/\/www.sikortex.com\/vi\/wp-json\/wp\/v2\/product"}],"about":[{"href":"https:\/\/www.sikortex.com\/vi\/wp-json\/wp\/v2\/types\/product"}],"replies":[{"embeddable":true,"href":"https:\/\/www.sikortex.com\/vi\/wp-json\/wp\/v2\/comments?post=7316"}],"wp:featuredmedia":[{"embeddable":true,"href":"https:\/\/www.sikortex.com\/vi\/wp-json\/wp\/v2\/media\/7235"}],"wp:attachment":[{"href":"https:\/\/www.sikortex.com\/vi\/wp-json\/wp\/v2\/media?parent=7316"}],"wp:term":[{"taxonomy":"product_brand","embeddable":true,"href":"https:\/\/www.sikortex.com\/vi\/wp-json\/wp\/v2\/product_brand?post=7316"},{"taxonomy":"product_cat","embeddable":true,"href":"https:\/\/www.sikortex.com\/vi\/wp-json\/wp\/v2\/product_cat?post=7316"},{"taxonomy":"product_tag","embeddable":true,"href":"https:\/\/www.sikortex.com\/vi\/wp-json\/wp\/v2\/product_tag?post=7316"}],"curies":[{"name":"wp","href":"https:\/\/api.w.org\/{rel}","templated":true}]}}