{"id":7270,"date":"2024-12-11T11:03:48","date_gmt":"2024-12-11T03:03:48","guid":{"rendered":"https:\/\/www.sikortex.com\/?post_type=product&#038;p=7270"},"modified":"2024-12-27T14:18:17","modified_gmt":"2024-12-27T06:18:17","slug":"sk8362-9","status":"publish","type":"product","link":"https:\/\/www.sikortex.com\/vi\/san-pham\/sk8362-9\/","title":{"rendered":"V\u1ea3i Polyester 900D ph\u1ee7 PU Ripstop d\u00f9ng cho ch\u0103n ng\u1ef1a"},"content":{"rendered":"<div class=\"auto-hide-last-sibling-br paragraph-u1TS5p paragraph-element br-paragraph-space\">V\u1ea3i ch\u1ed1ng r\u00e1ch ph\u1ee7 PU Polyester 900D c\u1ee7a ch\u00fang t\u00f4i d\u00e0nh cho ch\u0103n ng\u1ef1a. Lo\u1ea1i v\u1ea3i n\u00e0y \u0111\u01b0\u1ee3c l\u00e0m t\u1eeb polyester 900D, t\u1ea1o n\u00ean \u0111\u1ed9 d\u00e0y c\u00e2n b\u1eb1ng ho\u00e0n h\u1ea3o. K\u1ef9 thu\u1eadt d\u1ec7t ch\u1ed1ng r\u00e1ch l\u00e0 m\u1ed9t \u0111\u1eb7c \u0111i\u1ec3m ch\u00ednh, mang l\u1ea1i cho v\u1ea3i kh\u1ea3 n\u0103ng ch\u1ecbu k\u00e9o v\u00e0 ch\u1ecbu x\u00e9 \u0111\u00e1ng k\u1ec3. Ngay c\u1ea3 khi ng\u1ef1a ch\u1ea1y m\u1ea1nh ho\u1eb7c l\u0103n tr\u00f2n vui \u0111\u00f9a, v\u1ea3i v\u1eabn nguy\u00ean v\u1eb9n, lo\u1ea1i b\u1ecf m\u1ed1i lo v\u1ec1 vi\u1ec7c b\u1ecb r\u00e1ch.<\/div>\n<p>&nbsp;<\/p>\n<div class=\"auto-hide-last-sibling-br paragraph-u1TS5p paragraph-element br-paragraph-space\">Vi\u1ec7c b\u1ed5 sung l\u1edbp ph\u1ee7 PU ch\u1ed1ng th\u1ea5m n\u01b0\u1edbc v\u00e0 tho\u00e1ng kh\u00ed c\u00e0ng l\u00e0m t\u0103ng th\u00eam ch\u1ee9c n\u0103ng c\u1ee7a n\u00f3. N\u00f3 ho\u1ea1t \u0111\u1ed9ng nh\u01b0 m\u1ed9t l\u00e1 ch\u1eafn \u0111\u00e1ng tin c\u1eady ch\u1ed1ng l\u1ea1i th\u1eddi ti\u1ebft gi\u00f4ng b\u00e3o, gi\u00fap ng\u1ef1a kh\u00f4 r\u00e1o v\u00e0 tho\u1ea3i m\u00e1i. \u0110\u1ed9 tho\u00e1ng kh\u00ed cao c\u1ee7a qu\u00e1 tr\u00ecnh ph\u1ee7 cho ph\u00e9p h\u01a1i \u1ea9m tho\u00e1t ra ngo\u00e0i, ng\u0103n ng\u1eeba s\u1ef1 t\u00edch t\u1ee5 \u0111\u1ed9 \u1ea9m v\u00e0 \u0111\u1ea3m b\u1ea3o da ng\u1ef1a lu\u00f4n trong t\u00ecnh tr\u1ea1ng kh\u1ecfe m\u1ea1nh.<\/div>\n<p>&nbsp;<\/p>\n<div class=\"auto-hide-last-sibling-br paragraph-u1TS5p paragraph-element br-paragraph-space\">M\u1ed9t \u01b0u \u0111i\u1ec3m \u0111\u00e1ng ch\u00fa \u00fd kh\u00e1c l\u00e0 \u0111\u1ed9 m\u1ec1m m\u1ea1i. M\u1eb7c d\u00f9 b\u1ec1n, v\u1ea3i v\u1eabn nh\u1eb9 nh\u00e0ng v\u1edbi l\u1edbp l\u00f4ng v\u00e0 da c\u1ee7a ng\u1ef1a, ng\u0103n ng\u1eeba b\u1ea5t k\u1ef3 s\u1ef1 tr\u1ea7y x\u01b0\u1edbc ho\u1eb7c kh\u00f3 ch\u1ecbu n\u00e0o. \u0110i\u1ec1u n\u00e0y r\u1ea5t quan tr\u1ecdng v\u00ec ng\u1ef1a c\u00f3 l\u00e0n da nh\u1ea1y c\u1ea3m v\u00e0 c\u1ea7n m\u1ed9t lo\u1ea1i v\u1ea3i v\u1eeba c\u1ee9ng v\u1eeba m\u1ec1m.<\/div>\n<p>&nbsp;<\/p>\n<div class=\"auto-hide-last-sibling-br paragraph-u1TS5p paragraph-element br-paragraph-space\">H\u01a1n n\u1eefa, V\u1ea3i Ripstop ph\u1ee7 PU Polyester 900D c\u1ee7a ch\u00fang t\u00f4i d\u00e0nh cho ch\u0103n ng\u1ef1a c\u0169ng th\u00e2n thi\u1ec7n v\u1edbi m\u00f4i tr\u01b0\u1eddng. S\u1ea3n ph\u1ea9m \u0111\u01b0\u1ee3c s\u1ea3n xu\u1ea5t b\u1eb1ng quy tr\u00ecnh s\u1ea3n xu\u1ea5t ti\u00ean ti\u1ebfn gi\u00fap gi\u1ea3m thi\u1ec3u ch\u1ea5t th\u1ea3i v\u00e0 ti\u00eau th\u1ee5 n\u0103ng l\u01b0\u1ee3ng. C\u00e1c v\u1eadt li\u1ec7u \u0111\u01b0\u1ee3c s\u1eed d\u1ee5ng c\u00f3 th\u1ec3 t\u00e1i ch\u1ebf, gi\u1ea3m t\u00e1c \u0111\u1ed9ng \u0111\u1ebfn m\u00f4i tr\u01b0\u1eddng v\u00e0 g\u00f3p ph\u1ea7n v\u00e0o s\u1ea3n xu\u1ea5t h\u00e0ng d\u1ec7t may b\u1ec1n v\u1eefng. \u0110i\u1ec1u n\u00e0y khi\u1ebfn s\u1ea3n ph\u1ea9m kh\u00f4ng ch\u1ec9 l\u00e0 l\u1ef1a ch\u1ecdn tuy\u1ec7t v\u1eddi cho s\u1ee9c kh\u1ecfe c\u1ee7a ng\u1ef1a m\u00e0 c\u00f2n cho s\u1ee9c kh\u1ecfe c\u1ee7a h\u00e0nh tinh ch\u00fang ta.<\/div>\n<p>&nbsp;<\/p>\n<div class=\"auto-hide-last-sibling-br paragraph-u1TS5p paragraph-element br-paragraph-space\">Ngo\u00e0i ra, v\u1ea3i ch\u0103n ng\u1ef1a c\u00f3 \u0111\u1eb7c t\u00ednh ch\u1ed1ng tia c\u1ef1c t\u00edm tuy\u1ec7t v\u1eddi. N\u00f3 c\u00f3 hi\u1ec7u qu\u1ea3 ng\u0103n ch\u1eb7n c\u00e1c tia c\u1ef1c t\u00edm c\u00f3 h\u1ea1i, b\u1ea3o v\u1ec7 ng\u1ef1a kh\u1ecfi t\u00e1c h\u1ea1i ti\u1ec1m \u1ea9n c\u1ee7a \u00e1nh n\u1eafng m\u1eb7t tr\u1eddi, \u0111\u1eb7c bi\u1ec7t l\u00e0 trong nhi\u1ec1u gi\u1edd ho\u1ea1t \u0111\u1ed9ng ngo\u00e0i tr\u1eddi. T\u00f3m l\u1ea1i, v\u1ea3i polyester 900D c\u1ee7a ch\u00fang t\u00f4i k\u1ebft h\u1ee3p \u0111\u1ed9 b\u1ec1n, kh\u1ea3 n\u0103ng ch\u1ed1ng th\u1ea5m n\u01b0\u1edbc, tho\u00e1ng kh\u00ed, m\u1ec1m m\u1ea1i, ch\u1ed1ng tia c\u1ef1c t\u00edm v\u00e0 th\u00e2n thi\u1ec7n v\u1edbi m\u00f4i tr\u01b0\u1eddng, khi\u1ebfn n\u00f3 tr\u1edf th\u00e0nh v\u1eadt li\u1ec7u l\u00fd t\u01b0\u1edfng cho ch\u0103n ng\u1ef1a c\u00f3 th\u1ec3 \u0111\u00e1p \u1ee9ng c\u00e1c nhu c\u1ea7u kh\u00e1c nhau c\u1ee7a ng\u1ef1a v\u00e0 cung c\u1ea5p cho ch\u00fang s\u1ef1 ch\u0103m s\u00f3c v\u00e0 b\u1ea3o v\u1ec7 t\u1ed1t nh\u1ea5t.<\/div>","protected":false},"excerpt":{"rendered":"<p>1200 m\u00e9t (\u0110\u01a1n h\u00e0ng t\u1ed1i thi\u1ec3u)<\/p>","protected":false},"featured_media":7271,"comment_status":"closed","ping_status":"closed","template":"","meta":{"_uag_custom_page_level_css":"","site-sidebar-layout":"default","site-content-layout":"default","ast-site-content-layout":"","site-content-style":"default","site-sidebar-style":"default","ast-global-header-display":"","ast-banner-title-visibility":"","ast-main-header-display":"","ast-hfb-above-header-display":"","ast-hfb-below-header-display":"","ast-hfb-mobile-header-display":"","site-post-title":"","ast-breadcrumbs-content":"","ast-featured-img":"","footer-sml-layout":"","theme-transparent-header-meta":"default","adv-header-id-meta":"","stick-header-meta":"default","header-above-stick-meta":"","header-main-stick-meta":"","header-below-stick-meta":"","astra-migrate-meta-layouts":"default","ast-page-background-enabled":"default","ast-page-background-meta":{"desktop":{"background-color":"","background-image":"","background-repeat":"repeat","background-position":"center center","background-size":"auto","background-attachment":"scroll","background-type":"","background-media":"","overlay-type":"","overlay-color":"","overlay-opacity":"","overlay-gradient":""},"tablet":{"background-color":"","background-image":"","background-repeat":"repeat","background-position":"center center","background-size":"auto","background-attachment":"scroll","background-type":"","background-media":"","overlay-type":"","overlay-color":"","overlay-opacity":"","overlay-gradient":""},"mobile":{"background-color":"","background-image":"","background-repeat":"repeat","background-position":"center center","background-size":"auto","background-attachment":"scroll","background-type":"","background-media":"","overlay-type":"","overlay-color":"","overlay-opacity":"","overlay-gradient":""}},"ast-content-background-meta":{"desktop":{"background-color":"var(--ast-global-color-5)","background-image":"","background-repeat":"repeat","background-position":"center center","background-size":"auto","background-attachment":"scroll","background-type":"","background-media":"","overlay-type":"","overlay-color":"","overlay-opacity":"","overlay-gradient":""},"tablet":{"background-color":"var(--ast-global-color-5)","background-image":"","background-repeat":"repeat","background-position":"center center","background-size":"auto","background-attachment":"scroll","background-type":"","background-media":"","overlay-type":"","overlay-color":"","overlay-opacity":"","overlay-gradient":""},"mobile":{"background-color":"var(--ast-global-color-5)","background-image":"","background-repeat":"repeat","background-position":"center center","background-size":"auto","background-attachment":"scroll","background-type":"","background-media":"","overlay-type":"","overlay-color":"","overlay-opacity":"","overlay-gradient":""}}},"product_brand":[],"product_cat":[1183,432,1184,433,414],"product_tag":[],"class_list":{"0":"post-7270","1":"product","2":"type-product","3":"status-publish","4":"has-post-thumbnail","6":"product_cat-fabric-for-horse-blankets","7":"product_cat-fabric-for-tent","8":"product_cat-oxford-fabric","9":"product_cat-textile-for-industrial","10":"product_cat-waterproof-fabrics","11":"pa_available_colors-911052-spc","12":"desktop-align-left","13":"tablet-align-left","14":"mobile-align-left","15":"ast-product-gallery-layout-vertical-slider","16":"ast-product-tabs-layout-horizontal","18":"first","19":"instock","20":"shipping-taxable","21":"product-type-simple"},"uagb_featured_image_src":{"full":["https:\/\/www.sikortex.com\/wp-content\/uploads\/2024\/12\/Fabric-for-horse-blanket-3.jpg",800,800,false],"thumbnail":["https:\/\/www.sikortex.com\/wp-content\/uploads\/2024\/12\/Fabric-for-horse-blanket-3-150x150.jpg",150,150,true],"medium":["https:\/\/www.sikortex.com\/wp-content\/uploads\/2024\/12\/Fabric-for-horse-blanket-3-300x300.jpg",300,300,true],"medium_large":["https:\/\/www.sikortex.com\/wp-content\/uploads\/2024\/12\/Fabric-for-horse-blanket-3-768x768.jpg",768,768,true],"large":["https:\/\/www.sikortex.com\/wp-content\/uploads\/2024\/12\/Fabric-for-horse-blanket-3.jpg",800,800,false],"1536x1536":["https:\/\/www.sikortex.com\/wp-content\/uploads\/2024\/12\/Fabric-for-horse-blanket-3.jpg",800,800,false],"2048x2048":["https:\/\/www.sikortex.com\/wp-content\/uploads\/2024\/12\/Fabric-for-horse-blanket-3.jpg",800,800,false],"trp-custom-language-flag":["https:\/\/www.sikortex.com\/wp-content\/uploads\/2024\/12\/Fabric-for-horse-blanket-3-12x12.jpg",12,12,true],"woocommerce_thumbnail":["https:\/\/www.sikortex.com\/wp-content\/uploads\/2024\/12\/Fabric-for-horse-blanket-3-300x300.jpg",300,300,true],"woocommerce_single":["https:\/\/www.sikortex.com\/wp-content\/uploads\/2024\/12\/Fabric-for-horse-blanket-3-600x600.jpg",600,600,true],"woocommerce_gallery_thumbnail":["https:\/\/www.sikortex.com\/wp-content\/uploads\/2024\/12\/Fabric-for-horse-blanket-3-100x100.jpg",100,100,true]},"uagb_author_info":{"display_name":"Perry","author_link":"https:\/\/www.sikortex.com\/vi\/author\/"},"uagb_comment_info":0,"uagb_excerpt":"1200 Meters(Min.Order)","_links":{"self":[{"href":"https:\/\/www.sikortex.com\/vi\/wp-json\/wp\/v2\/product\/7270","targetHints":{"allow":["GET"]}}],"collection":[{"href":"https:\/\/www.sikortex.com\/vi\/wp-json\/wp\/v2\/product"}],"about":[{"href":"https:\/\/www.sikortex.com\/vi\/wp-json\/wp\/v2\/types\/product"}],"replies":[{"embeddable":true,"href":"https:\/\/www.sikortex.com\/vi\/wp-json\/wp\/v2\/comments?post=7270"}],"wp:featuredmedia":[{"embeddable":true,"href":"https:\/\/www.sikortex.com\/vi\/wp-json\/wp\/v2\/media\/7271"}],"wp:attachment":[{"href":"https:\/\/www.sikortex.com\/vi\/wp-json\/wp\/v2\/media?parent=7270"}],"wp:term":[{"taxonomy":"product_brand","embeddable":true,"href":"https:\/\/www.sikortex.com\/vi\/wp-json\/wp\/v2\/product_brand?post=7270"},{"taxonomy":"product_cat","embeddable":true,"href":"https:\/\/www.sikortex.com\/vi\/wp-json\/wp\/v2\/product_cat?post=7270"},{"taxonomy":"product_tag","embeddable":true,"href":"https:\/\/www.sikortex.com\/vi\/wp-json\/wp\/v2\/product_tag?post=7270"}],"curies":[{"name":"wp","href":"https:\/\/api.w.org\/{rel}","templated":true}]}}