{"id":7174,"date":"2024-11-20T15:56:44","date_gmt":"2024-11-20T07:56:44","guid":{"rendered":"https:\/\/www.sikortex.com\/?post_type=product&#038;p=7174"},"modified":"2025-01-07T10:23:17","modified_gmt":"2025-01-07T02:23:17","slug":"sk8362-8","status":"publish","type":"product","link":"https:\/\/www.sikortex.com\/vi\/san-pham\/sk8362-8\/","title":{"rendered":"V\u1ea3i polyester ripstop oxford cho th\u1ea3m ng\u1ef1a"},"content":{"rendered":"<h4>V\u1ea3i polyester ripstop oxford cho th\u1ea3m ng\u1ef1a<\/h4>\n<p>V\u1ea3i polyester ripstop oxford c\u1ee7a ch\u00fang t\u00f4i c\u00f3 th\u1ec3 \u0111\u01b0\u1ee3c s\u1eed d\u1ee5ng \u0111\u1ec3 l\u00e0m ch\u0103n cho ng\u1ef1a. Lo\u1ea1i v\u1ea3i n\u00e0y \u0111\u01b0\u1ee3c l\u00e0m t\u1eeb polyester 300D, 500D, 600D, 900D, 120D \u0111\u1ec3 \u0111\u00e1p \u1ee9ng c\u00e1c y\u00eau c\u1ea7u v\u1ec1 \u0111\u1ed9 d\u00e0y kh\u00e1c nhau. C\u00f4ng ngh\u1ec7 d\u1ec7t ripstop l\u00e0 m\u1ed9t t\u00ednh n\u0103ng ch\u00ednh mang l\u1ea1i cho v\u1ea3i \u0111\u1ed9 b\u1ec1n k\u00e9o v\u00e0 kh\u1ea3 n\u0103ng ch\u1ed1ng r\u00e1ch v\u01b0\u1ee3t tr\u1ed9i. Ngay c\u1ea3 khi ng\u1ef1a ch\u1ea1y m\u1ea1nh ho\u1eb7c l\u0103n tr\u00f2n khi ch\u01a1i, v\u1ea3i v\u1eabn nguy\u00ean v\u1eb9n m\u00e0 kh\u00f4ng lo b\u1ecb r\u00e1ch.<\/p>\n<p>Vi\u1ec7c b\u1ed5 sung l\u1edbp ph\u1ee7 PU ch\u1ed1ng th\u1ea5m n\u01b0\u1edbc v\u00e0 tho\u00e1ng kh\u00ed c\u00e0ng l\u00e0m t\u0103ng th\u00eam ch\u1ee9c n\u0103ng c\u1ee7a n\u00f3. N\u00f3 ho\u1ea1t \u0111\u1ed9ng nh\u01b0 m\u1ed9t r\u00e0o c\u1ea3n \u0111\u00e1ng tin c\u1eady ch\u1ed1ng l\u1ea1i th\u1eddi ti\u1ebft gi\u00f4ng b\u00e3o, gi\u00fap ng\u1ef1a kh\u00f4 r\u00e1o v\u00e0 tho\u1ea3i m\u00e1i. \u0110\u1ed9 tho\u00e1ng kh\u00ed cao c\u1ee7a qu\u00e1 tr\u00ecnh ph\u1ee7 cho ph\u00e9p h\u01a1i \u1ea9m tho\u00e1t ra ngo\u00e0i, ng\u0103n ng\u1eeba s\u1ef1 t\u00edch t\u1ee5 \u0111\u1ed9 \u1ea9m, \u0111\u1ea3m b\u1ea3o r\u1eb1ng da ng\u1ef1a v\u1eabn \u1edf tr\u1ea1ng th\u00e1i kh\u1ecfe m\u1ea1nh.<\/p>\n<p>M\u1ed9t l\u1ee3i th\u1ebf quan tr\u1ecdng kh\u00e1c l\u00e0 \u0111\u1ed9 m\u1ec1m m\u1ea1i c\u1ee7a n\u00f3. M\u1eb7c d\u00f9 b\u1ec1n, lo\u1ea1i v\u1ea3i n\u00e0y nh\u1eb9 nh\u00e0ng v\u1edbi l\u00f4ng v\u00e0 da c\u1ee7a ng\u1ef1a, ng\u0103n ng\u1eeba b\u1ea5t k\u1ef3 s\u1ef1 tr\u1ea7y x\u01b0\u1edbc ho\u1eb7c kh\u00f3 ch\u1ecbu n\u00e0o. \u0110i\u1ec1u n\u00e0y r\u1ea5t quan tr\u1ecdng v\u00ec da ng\u1ef1a r\u1ea5t nh\u1ea1y c\u1ea3m v\u00e0 c\u1ea7n m\u1ed9t lo\u1ea1i v\u1ea3i v\u1eeba c\u1ee9ng v\u1eeba m\u1ec1m.<\/p>\n<p>Ngo\u00e0i ra, v\u1ea3i polyester ripstop oxford c\u1ee7a ch\u00fang t\u00f4i c\u0169ng th\u00e2n thi\u1ec7n v\u1edbi m\u00f4i tr\u01b0\u1eddng. N\u00f3 \u0111\u01b0\u1ee3c s\u1ea3n xu\u1ea5t b\u1eb1ng c\u00e1c quy tr\u00ecnh s\u1ea3n xu\u1ea5t ti\u00ean ti\u1ebfn gi\u00fap gi\u1ea3m thi\u1ec3u ch\u1ea5t th\u1ea3i v\u00e0 m\u1ee9c ti\u00eau th\u1ee5 n\u0103ng l\u01b0\u1ee3ng. C\u00e1c v\u1eadt li\u1ec7u \u0111\u01b0\u1ee3c s\u1eed d\u1ee5ng c\u00f3 th\u1ec3 t\u00e1i ch\u1ebf, gi\u1ea3m t\u00e1c \u0111\u1ed9ng \u0111\u1ebfn m\u00f4i tr\u01b0\u1eddng v\u00e0 g\u00f3p ph\u1ea7n v\u00e0o s\u1ea3n xu\u1ea5t h\u00e0ng d\u1ec7t may b\u1ec1n v\u1eefng. \u0110i\u1ec1u n\u00e0y kh\u00f4ng ch\u1ec9 l\u00e0m cho n\u00f3 tr\u1edf th\u00e0nh m\u1ed9t l\u1ef1a ch\u1ecdn tuy\u1ec7t v\u1eddi cho s\u1ee9c kh\u1ecfe c\u1ee7a ng\u1ef1a m\u00e0 c\u00f2n cho s\u1ee9c kh\u1ecfe c\u1ee7a h\u00e0nh tinh.<\/p>\n<p>Ngo\u00e0i ra, v\u1ea3i ch\u0103n ng\u1ef1a c\u00f3 kh\u1ea3 n\u0103ng ch\u1ed1ng tia UV tuy\u1ec7t v\u1eddi. N\u00f3 c\u00f3 hi\u1ec7u qu\u1ea3 ng\u0103n ch\u1eb7n c\u00e1c tia UV c\u00f3 h\u1ea1i, b\u1ea3o v\u1ec7 ng\u1ef1a kh\u1ecfi t\u00e1c h\u1ea1i ti\u1ec1m \u1ea9n c\u1ee7a \u00e1nh n\u1eafng m\u1eb7t tr\u1eddi, \u0111\u1eb7c bi\u1ec7t l\u00e0 trong th\u1eddi gian d\u00e0i ho\u1ea1t \u0111\u1ed9ng ngo\u00e0i tr\u1eddi. T\u00f3m l\u1ea1i, v\u1ea3i polyester ripstop oxford c\u1ee7a ch\u00fang t\u00f4i k\u1ebft h\u1ee3p \u0111\u1ed9 b\u1ec1n, kh\u1ea3 n\u0103ng ch\u1ed1ng th\u1ea5m n\u01b0\u1edbc, tho\u00e1ng kh\u00ed, m\u1ec1m m\u1ea1i, kh\u1ea3 n\u0103ng ch\u1ed1ng tia UV v\u00e0 b\u1ea3o v\u1ec7 m\u00f4i tr\u01b0\u1eddng, khi\u1ebfn n\u00f3 tr\u1edf th\u00e0nh v\u1eadt li\u1ec7u l\u00fd t\u01b0\u1edfng cho ch\u0103n ng\u1ef1a c\u00f3 th\u1ec3 \u0111\u00e1p \u1ee9ng c\u00e1c nhu c\u1ea7u kh\u00e1c nhau c\u1ee7a ng\u1ef1a v\u00e0 cung c\u1ea5p cho ch\u00fang s\u1ef1 ch\u0103m s\u00f3c v\u00e0 b\u1ea3o v\u1ec7 t\u1ed1t nh\u1ea5t.<\/p>\n<p>&nbsp;<\/p>","protected":false},"excerpt":{"rendered":"<p>1200 m\u00e9t (\u0110\u01a1n h\u00e0ng t\u1ed1i thi\u1ec3u)<\/p>","protected":false},"featured_media":7234,"comment_status":"closed","ping_status":"closed","template":"","meta":{"_uag_custom_page_level_css":"","site-sidebar-layout":"default","site-content-layout":"default","ast-site-content-layout":"","site-content-style":"default","site-sidebar-style":"default","ast-global-header-display":"","ast-banner-title-visibility":"","ast-main-header-display":"","ast-hfb-above-header-display":"","ast-hfb-below-header-display":"","ast-hfb-mobile-header-display":"","site-post-title":"","ast-breadcrumbs-content":"","ast-featured-img":"","footer-sml-layout":"","theme-transparent-header-meta":"default","adv-header-id-meta":"","stick-header-meta":"default","header-above-stick-meta":"","header-main-stick-meta":"","header-below-stick-meta":"","astra-migrate-meta-layouts":"default","ast-page-background-enabled":"default","ast-page-background-meta":{"desktop":{"background-color":"","background-image":"","background-repeat":"repeat","background-position":"center center","background-size":"auto","background-attachment":"scroll","background-type":"","background-media":"","overlay-type":"","overlay-color":"","overlay-opacity":"","overlay-gradient":""},"tablet":{"background-color":"","background-image":"","background-repeat":"repeat","background-position":"center center","background-size":"auto","background-attachment":"scroll","background-type":"","background-media":"","overlay-type":"","overlay-color":"","overlay-opacity":"","overlay-gradient":""},"mobile":{"background-color":"","background-image":"","background-repeat":"repeat","background-position":"center center","background-size":"auto","background-attachment":"scroll","background-type":"","background-media":"","overlay-type":"","overlay-color":"","overlay-opacity":"","overlay-gradient":""}},"ast-content-background-meta":{"desktop":{"background-color":"var(--ast-global-color-5)","background-image":"","background-repeat":"repeat","background-position":"center center","background-size":"auto","background-attachment":"scroll","background-type":"","background-media":"","overlay-type":"","overlay-color":"","overlay-opacity":"","overlay-gradient":""},"tablet":{"background-color":"var(--ast-global-color-5)","background-image":"","background-repeat":"repeat","background-position":"center center","background-size":"auto","background-attachment":"scroll","background-type":"","background-media":"","overlay-type":"","overlay-color":"","overlay-opacity":"","overlay-gradient":""},"mobile":{"background-color":"var(--ast-global-color-5)","background-image":"","background-repeat":"repeat","background-position":"center center","background-size":"auto","background-attachment":"scroll","background-type":"","background-media":"","overlay-type":"","overlay-color":"","overlay-opacity":"","overlay-gradient":""}}},"product_brand":[],"product_cat":[1183,432,1184,427,433,414],"product_tag":[],"class_list":{"0":"post-7174","1":"product","2":"type-product","3":"status-publish","4":"has-post-thumbnail","6":"product_cat-fabric-for-horse-blankets","7":"product_cat-fabric-for-tent","8":"product_cat-oxford-fabric","9":"product_cat-petroleum-and-petrochemical","10":"product_cat-textile-for-industrial","11":"product_cat-waterproof-fabrics","12":"pa_available_colors-911052-spc","13":"desktop-align-left","14":"tablet-align-left","15":"mobile-align-left","16":"ast-product-gallery-layout-vertical-slider","17":"ast-product-tabs-layout-horizontal","19":"first","20":"instock","21":"shipping-taxable","22":"product-type-simple"},"uagb_featured_image_src":{"full":["https:\/\/www.sikortex.com\/wp-content\/uploads\/2024\/11\/fabric-for-Horse-Rugs-2.jpg",800,734,false],"thumbnail":["https:\/\/www.sikortex.com\/wp-content\/uploads\/2024\/11\/fabric-for-Horse-Rugs-2-150x150.jpg",150,150,true],"medium":["https:\/\/www.sikortex.com\/wp-content\/uploads\/2024\/11\/fabric-for-Horse-Rugs-2-300x275.jpg",300,275,true],"medium_large":["https:\/\/www.sikortex.com\/wp-content\/uploads\/2024\/11\/fabric-for-Horse-Rugs-2-768x705.jpg",768,705,true],"large":["https:\/\/www.sikortex.com\/wp-content\/uploads\/2024\/11\/fabric-for-Horse-Rugs-2.jpg",800,734,false],"1536x1536":["https:\/\/www.sikortex.com\/wp-content\/uploads\/2024\/11\/fabric-for-Horse-Rugs-2.jpg",800,734,false],"2048x2048":["https:\/\/www.sikortex.com\/wp-content\/uploads\/2024\/11\/fabric-for-Horse-Rugs-2.jpg",800,734,false],"trp-custom-language-flag":["https:\/\/www.sikortex.com\/wp-content\/uploads\/2024\/11\/fabric-for-Horse-Rugs-2-13x12.jpg",13,12,true],"woocommerce_thumbnail":["https:\/\/www.sikortex.com\/wp-content\/uploads\/2024\/11\/fabric-for-Horse-Rugs-2-300x300.jpg",300,300,true],"woocommerce_single":["https:\/\/www.sikortex.com\/wp-content\/uploads\/2024\/11\/fabric-for-Horse-Rugs-2-600x551.jpg",600,551,true],"woocommerce_gallery_thumbnail":["https:\/\/www.sikortex.com\/wp-content\/uploads\/2024\/11\/fabric-for-Horse-Rugs-2-100x100.jpg",100,100,true]},"uagb_author_info":{"display_name":"Sandy","author_link":"https:\/\/www.sikortex.com\/vi\/author\/"},"uagb_comment_info":0,"uagb_excerpt":"1200 Meters(Min.Order)","_links":{"self":[{"href":"https:\/\/www.sikortex.com\/vi\/wp-json\/wp\/v2\/product\/7174","targetHints":{"allow":["GET"]}}],"collection":[{"href":"https:\/\/www.sikortex.com\/vi\/wp-json\/wp\/v2\/product"}],"about":[{"href":"https:\/\/www.sikortex.com\/vi\/wp-json\/wp\/v2\/types\/product"}],"replies":[{"embeddable":true,"href":"https:\/\/www.sikortex.com\/vi\/wp-json\/wp\/v2\/comments?post=7174"}],"wp:featuredmedia":[{"embeddable":true,"href":"https:\/\/www.sikortex.com\/vi\/wp-json\/wp\/v2\/media\/7234"}],"wp:attachment":[{"href":"https:\/\/www.sikortex.com\/vi\/wp-json\/wp\/v2\/media?parent=7174"}],"wp:term":[{"taxonomy":"product_brand","embeddable":true,"href":"https:\/\/www.sikortex.com\/vi\/wp-json\/wp\/v2\/product_brand?post=7174"},{"taxonomy":"product_cat","embeddable":true,"href":"https:\/\/www.sikortex.com\/vi\/wp-json\/wp\/v2\/product_cat?post=7174"},{"taxonomy":"product_tag","embeddable":true,"href":"https:\/\/www.sikortex.com\/vi\/wp-json\/wp\/v2\/product_tag?post=7174"}],"curies":[{"name":"wp","href":"https:\/\/api.w.org\/{rel}","templated":true}]}}