{"id":7172,"date":"2024-11-20T14:51:51","date_gmt":"2024-11-20T06:51:51","guid":{"rendered":"https:\/\/www.sikortex.com\/?post_type=product&#038;p=7172"},"modified":"2024-12-24T11:12:56","modified_gmt":"2024-12-24T03:12:56","slug":"sk8362-7","status":"publish","type":"product","link":"https:\/\/www.sikortex.com\/vi\/san-pham\/sk8362-7\/","title":{"rendered":"V\u1ea3i Nylon Spandex Soft Shell d\u00f9ng cho ch\u0103n ng\u1ef1a"},"content":{"rendered":"<p>V\u1ea3i nylon spandex softshell cho ch\u0103n ng\u1ef1a c\u00f3 c\u1ea5u tr\u00fac ba l\u1edbp. L\u1edbp ngo\u00e0i l\u00e0 nylon spandex, l\u1edbp gi\u1eefa l\u00e0 m\u00e0ng tho\u00e1ng kh\u00ed ch\u1ed1ng th\u1ea5m n\u01b0\u1edbc cao c\u1ea5p v\u00e0 l\u1edbp l\u00f4ng c\u1eebu polyester b\u00ean trong, \u0111\u1ea3m b\u1ea3o s\u1ef1 tho\u1ea3i m\u00e1i v\u00e0 ch\u1ee9c n\u0103ng.<\/p>\n<h5 class=\"auto-hide-last-sibling-br paragraph-u1TS5p paragraph-element br-paragraph-space\">\u0110\u1eb7c tr\u01b0ng:<\/h5>\n<p>&nbsp;<\/p>\n<ol class=\"auto-hide-last-sibling-br\">\n<li>Nylon spandex gia c\u1ed1 co gi\u00e3n b\u1ed1n chi\u1ec1u, th\u00edch h\u1ee3p cho ng\u1ef1a ch\u1ea1y t\u1ef1 do. T\u00ednh ch\u1ea5t co gi\u00e3n b\u1ed1n chi\u1ec1u \u0111\u1ed9c \u0111\u00e1o c\u1ee7a lo\u1ea1i v\u1ea3i n\u00e0y l\u00e0 m\u1ed9t t\u00ednh n\u0103ng \u0111\u00e1ng ch\u00fa \u00fd. N\u00f3 cho ph\u00e9p ch\u0103n ng\u1ef1a th\u00edch \u1ee9ng v\u1edbi m\u1ecdi chuy\u1ec3n \u0111\u1ed9ng c\u1ee7a ng\u1ef1a, cho d\u00f9 \u0111\u00f3 l\u00e0 ch\u1ea1y n\u01b0\u1edbc r\u00fat \u0111\u1ed9t ng\u1ed9t, r\u1ebd g\u1ea5p hay nh\u1ea3y cao. \u0110\u1ed9 \u0111\u00e0n h\u1ed3i n\u00e0y \u0111\u1ea3m b\u1ea3o r\u1eb1ng ch\u0103n kh\u00f4ng h\u1ea1n ch\u1ebf ph\u1ea1m vi chuy\u1ec3n \u0111\u1ed9ng t\u1ef1 nhi\u00ean c\u1ee7a ng\u1ef1a, mang l\u1ea1i s\u1ef1 tho\u1ea3i m\u00e1i v\u00e0 t\u1ef1 do t\u1ed1i \u0111a trong qu\u00e1 tr\u00ecnh t\u1eadp luy\u1ec7n v\u00e0 c\u00e1c ho\u1ea1t \u0111\u1ed9ng h\u00e0ng ng\u00e0y. N\u00f3 gi\u1ed1ng nh\u01b0 l\u1edbp da th\u1ee9 hai cho ng\u1ef1a di chuy\u1ec3n c\u00f9ng n\u00f3, n\u00e2ng cao hi\u1ec7u su\u1ea5t v\u00e0 s\u1ee9c kh\u1ecfe t\u1ed5ng th\u1ec3 c\u1ee7a ng\u1ef1a.<\/li>\n<\/ol>\n<p>&nbsp;<\/p>\n<div class=\"auto-hide-last-sibling-br paragraph-u1TS5p paragraph-element br-paragraph-space\"><strong>\u0110\u1ed9 b\u1ec1n v\u01b0\u1ee3t tr\u1ed9i cho vi\u1ec7c s\u1eed d\u1ee5ng nghi\u00eam ng\u1eb7t<\/strong><\/div>\n<p>&nbsp;<\/p>\n<ol class=\"auto-hide-last-sibling-br\" start=\"2\">\n<li>Nylon spandex cho ch\u0103n ng\u1ef1a, Ch\u1ea5t li\u1ec7u nylon c\u00f3 kh\u1ea3 n\u0103ng ch\u1ed1ng m\u00e0i m\u00f2n v\u00e0 ch\u1ed1ng r\u00e1ch cao. Ng\u1ef1a l\u00e0 lo\u00e0i \u0111\u1ed9ng v\u1eadt n\u0103ng \u0111\u1ed9ng, v\u00e0 ch\u0103n c\u1ee7a ch\u00fang li\u00ean t\u1ee5c ti\u1ebfp x\u00fac v\u1edbi nhi\u1ec1u \u0111\u1ecba h\u00ecnh v\u00e0 c\u00e1c ngu\u1ed3n g\u00e2y h\u01b0 h\u1ea1i ti\u1ec1m \u1ea9n. Nylon trong lo\u1ea1i v\u1ea3i v\u1ecf m\u1ec1m n\u00e0y \u0111\u01b0\u1ee3c l\u1ef1a ch\u1ecdn \u0111\u1eb7c bi\u1ec7t v\u00ec kh\u1ea3 n\u0103ng ch\u1ecbu \u0111\u01b0\u1ee3c s\u1ef1 kh\u1eafc nghi\u1ec7t c\u1ee7a cu\u1ed9c s\u1ed1ng c\u01b0\u1ee1i ng\u1ef1a. N\u00f3 c\u00f3 th\u1ec3 ch\u1ecbu \u0111\u01b0\u1ee3c ma s\u00e1t v\u1edbi b\u1ec1 m\u1eb7t g\u1ed3 gh\u1ec1, t\u00e1c \u0111\u1ed9ng c\u1ee7a c\u00e0nh c\u00e2y ho\u1eb7c c\u00e1c v\u1eadt th\u1ec3 kh\u00e1c v\u00e0 t\u00ecnh tr\u1ea1ng hao m\u00f2n chung \u0111i k\u00e8m v\u1edbi l\u1ed1i s\u1ed1ng n\u0103ng \u0111\u1ed9ng c\u1ee7a ng\u1ef1a. \u0110\u1ed9 b\u1ec1n n\u00e0y c\u00f3 ngh\u0129a l\u00e0 ch\u0103n ng\u1ef1a s\u1ebd b\u1ec1n h\u01a1n, gi\u00fap ch\u1ee7 s\u1edf h\u1eefu ti\u1ebft ki\u1ec7m chi ph\u00ed v\u00e0 r\u1eafc r\u1ed1i khi ph\u1ea3i thay th\u1ebf th\u01b0\u1eddng xuy\u00ean.<\/li>\n<\/ol>\n<p>&nbsp;<\/p>\n<div class=\"auto-hide-last-sibling-br paragraph-u1TS5p paragraph-element br-paragraph-space\"><strong>Thi\u1ebft k\u1ebf s\u00e1ng t\u1ea1o l\u1ea5y c\u1ea3m h\u1ee9ng t\u1eeb trang ph\u1ee5c ngo\u00e0i tr\u1eddi<\/strong><\/div>\n<p>&nbsp;<\/p>\n<ol class=\"auto-hide-last-sibling-br\" start=\"3\">\n<li>D\u1ef1a tr\u00ean kh\u00e1i ni\u1ec7m thi\u1ebft k\u1ebf c\u1ee7a qu\u1ea7n \u00e1o v\u1ecf m\u1ec1m ngo\u00e0i tr\u1eddi, s\u1ea3n ph\u1ea9m n\u00e0y nh\u1eb9, kh\u00f4ng th\u1ea5m n\u01b0\u1edbc v\u00e0 tho\u00e1ng kh\u00ed. Kh\u1ea3 n\u0103ng ch\u1ecbu \u00e1p su\u1ea5t th\u1ee7y t\u0129nh t\u1ed1i \u0111a \u0111\u1ea1t tr\u00ean 10.000mm v\u00e0 \u0111\u1ed9 th\u1ea5m h\u01a1i \u1ea9m t\u1ed1i \u0111a (MVP) l\u00e0 tr\u00ean 10.000g\/\u33a1. C\u1ea3m h\u1ee9ng t\u1eeb trang ph\u1ee5c ngo\u00e0i tr\u1eddi \u0111\u00e3 d\u1eabn \u0111\u1ebfn m\u1ed9t chi\u1ebfc ch\u0103n ng\u1ef1a k\u1ebft h\u1ee3p gi\u1eefa ch\u1ee9c n\u0103ng v\u00e0 s\u1ef1 tho\u1ea3i m\u00e1i. B\u1ea3n ch\u1ea5t nh\u1eb9 c\u1ee7a v\u1ea3i kh\u00f4ng g\u00e2y g\u00e1nh n\u1eb7ng cho ng\u1ef1a, cho ph\u00e9p ng\u1ef1a di chuy\u1ec3n d\u1ec5 d\u00e0ng h\u01a1n. X\u1ebfp h\u1ea1ng ch\u1ed1ng th\u1ea5m n\u01b0\u1edbc cao \u0111\u1ea3m b\u1ea3o r\u1eb1ng ng\u1ef1a lu\u00f4n kh\u00f4 r\u00e1o ngay c\u1ea3 trong \u0111i\u1ec1u ki\u1ec7n m\u01b0a l\u1edbn ho\u1eb7c \u1ea9m \u01b0\u1edbt, trong khi kh\u1ea3 n\u0103ng tho\u00e1ng kh\u00ed tuy\u1ec7t v\u1eddi ng\u0103n ng\u1eeba t\u00ecnh tr\u1ea1ng qu\u00e1 nhi\u1ec7t v\u00e0 t\u00edch t\u1ee5 \u0111\u1ed9 \u1ea9m d\u01b0\u1edbi ch\u0103n. S\u1ef1 c\u00e2n b\u1eb1ng n\u00e0y r\u1ea5t quan tr\u1ecdng \u0111\u1ec3 duy tr\u00ec nhi\u1ec7t \u0111\u1ed9 c\u01a1 th\u1ec3 v\u00e0 s\u1ee9c kh\u1ecfe t\u1ed5ng th\u1ec3 c\u1ee7a ng\u1ef1a.<\/li>\n<\/ol>\n<p>&nbsp;<\/p>\n<div class=\"auto-hide-last-sibling-br paragraph-u1TS5p paragraph-element br-paragraph-space\"><strong>K\u1ebft c\u1ea5u tuy\u1ec7t v\u1eddi v\u00e0 c\u1ea3m gi\u00e1c x\u00fac gi\u00e1c<\/strong><\/div>\n<p>&nbsp;<\/p>\n<ol class=\"auto-hide-last-sibling-br\" start=\"4\">\n<li>V\u1ea3i v\u1eeba ch\u1eafc ch\u1eafn v\u1eeba m\u1ecbn, v\u1edbi k\u1ebft c\u1ea5u ch\u1ea5t l\u01b0\u1ee3ng cao v\u00e0 c\u1ea3m gi\u00e1c s\u1edd tay m\u1ecbn m\u00e0ng. N\u00f3 kh\u00f4ng ch\u1ec9 b\u1ea3o v\u1ec7 tuy\u1ec7t v\u1eddi m\u00e0 c\u00f2n mang l\u1ea1i v\u1ebb ngo\u00e0i th\u1ea9m m\u1ef9. S\u1ef1 k\u1ebft h\u1ee3p gi\u1eefa \u0111\u1ed9 b\u1ec1n v\u00e0 \u0111\u1ed9 m\u1ecbn c\u1ee7a v\u1ea3i l\u00e0 minh ch\u1ee9ng cho ch\u1ea5t l\u01b0\u1ee3ng c\u1ee7a n\u00f3. C\u1ea3m gi\u00e1c s\u1edd tay m\u1ecbn m\u00e0ng kh\u00f4ng ch\u1ec9 d\u1ec5 ch\u1ecbu khi ch\u1ea1m v\u00e0o m\u00e0 c\u00f2n cho th\u1ea5y r\u1eb1ng v\u1ea3i \u00edt c\u00f3 kh\u1ea3 n\u0103ng g\u00e2y k\u00edch \u1ee9ng ho\u1eb7c kh\u00f3 ch\u1ecbu cho da ng\u1ef1a. K\u1ebft c\u1ea5u v\u00e0 v\u1ebb ngo\u00e0i t\u1ed5ng th\u1ec3 c\u1ee7a ch\u0103n ng\u1ef1a t\u1ea1o th\u00eam n\u00e9t thanh l\u1ecbch, khi\u1ebfn n\u00f3 tr\u1edf th\u00e0nh ph\u1ee5 ki\u1ec7n thi\u1ebft th\u1ef1c v\u00e0 phong c\u00e1ch cho b\u1ea5t k\u1ef3 ch\u00fa ng\u1ef1a n\u00e0o.<\/li>\n<\/ol>","protected":false},"excerpt":{"rendered":"<p>1200 m\u00e9t (\u0110\u01a1n h\u00e0ng t\u1ed1i thi\u1ec3u)<\/p>","protected":false},"featured_media":7188,"comment_status":"closed","ping_status":"closed","template":"","meta":{"_uag_custom_page_level_css":"","site-sidebar-layout":"default","site-content-layout":"default","ast-site-content-layout":"","site-content-style":"default","site-sidebar-style":"default","ast-global-header-display":"","ast-banner-title-visibility":"","ast-main-header-display":"","ast-hfb-above-header-display":"","ast-hfb-below-header-display":"","ast-hfb-mobile-header-display":"","site-post-title":"","ast-breadcrumbs-content":"","ast-featured-img":"","footer-sml-layout":"","theme-transparent-header-meta":"default","adv-header-id-meta":"","stick-header-meta":"default","header-above-stick-meta":"","header-main-stick-meta":"","header-below-stick-meta":"","astra-migrate-meta-layouts":"default","ast-page-background-enabled":"default","ast-page-background-meta":{"desktop":{"background-color":"","background-image":"","background-repeat":"repeat","background-position":"center center","background-size":"auto","background-attachment":"scroll","background-type":"","background-media":"","overlay-type":"","overlay-color":"","overlay-opacity":"","overlay-gradient":""},"tablet":{"background-color":"","background-image":"","background-repeat":"repeat","background-position":"center center","background-size":"auto","background-attachment":"scroll","background-type":"","background-media":"","overlay-type":"","overlay-color":"","overlay-opacity":"","overlay-gradient":""},"mobile":{"background-color":"","background-image":"","background-repeat":"repeat","background-position":"center center","background-size":"auto","background-attachment":"scroll","background-type":"","background-media":"","overlay-type":"","overlay-color":"","overlay-opacity":"","overlay-gradient":""}},"ast-content-background-meta":{"desktop":{"background-color":"var(--ast-global-color-5)","background-image":"","background-repeat":"repeat","background-position":"center center","background-size":"auto","background-attachment":"scroll","background-type":"","background-media":"","overlay-type":"","overlay-color":"","overlay-opacity":"","overlay-gradient":""},"tablet":{"background-color":"var(--ast-global-color-5)","background-image":"","background-repeat":"repeat","background-position":"center center","background-size":"auto","background-attachment":"scroll","background-type":"","background-media":"","overlay-type":"","overlay-color":"","overlay-opacity":"","overlay-gradient":""},"mobile":{"background-color":"var(--ast-global-color-5)","background-image":"","background-repeat":"repeat","background-position":"center center","background-size":"auto","background-attachment":"scroll","background-type":"","background-media":"","overlay-type":"","overlay-color":"","overlay-opacity":"","overlay-gradient":""}}},"product_brand":[],"product_cat":[426,1183,421,404,427,414],"product_tag":[],"class_list":{"0":"post-7172","1":"product","2":"type-product","3":"status-publish","4":"has-post-thumbnail","6":"product_cat-constructionmining","7":"product_cat-fabric-for-horse-blankets","8":"product_cat-foul-weather-fabrics","9":"product_cat-nylon-fabrics","10":"product_cat-petroleum-and-petrochemical","11":"product_cat-waterproof-fabrics","12":"pa_available_colors-911052-spc","13":"desktop-align-left","14":"tablet-align-left","15":"mobile-align-left","16":"ast-product-gallery-layout-vertical-slider","17":"ast-product-tabs-layout-horizontal","19":"first","20":"instock","21":"shipping-taxable","22":"product-type-simple"},"uagb_featured_image_src":{"full":["https:\/\/www.sikortex.com\/wp-content\/uploads\/2024\/11\/\u5fae\u4fe1\u56fe\u7247_20241129134815-scaled.jpg",2560,2560,false],"thumbnail":["https:\/\/www.sikortex.com\/wp-content\/uploads\/2024\/11\/\u5fae\u4fe1\u56fe\u7247_20241129134815-150x150.jpg",150,150,true],"medium":["https:\/\/www.sikortex.com\/wp-content\/uploads\/2024\/11\/\u5fae\u4fe1\u56fe\u7247_20241129134815-300x300.jpg",300,300,true],"medium_large":["https:\/\/www.sikortex.com\/wp-content\/uploads\/2024\/11\/\u5fae\u4fe1\u56fe\u7247_20241129134815-768x768.jpg",768,768,true],"large":["https:\/\/www.sikortex.com\/wp-content\/uploads\/2024\/11\/\u5fae\u4fe1\u56fe\u7247_20241129134815-1024x1024.jpg",1024,1024,true],"1536x1536":["https:\/\/www.sikortex.com\/wp-content\/uploads\/2024\/11\/\u5fae\u4fe1\u56fe\u7247_20241129134815-1536x1536.jpg",1536,1536,true],"2048x2048":["https:\/\/www.sikortex.com\/wp-content\/uploads\/2024\/11\/\u5fae\u4fe1\u56fe\u7247_20241129134815-2048x2048.jpg",2048,2048,true],"trp-custom-language-flag":["https:\/\/www.sikortex.com\/wp-content\/uploads\/2024\/11\/\u5fae\u4fe1\u56fe\u7247_20241129134815-12x12.jpg",12,12,true],"woocommerce_thumbnail":["https:\/\/www.sikortex.com\/wp-content\/uploads\/2024\/11\/\u5fae\u4fe1\u56fe\u7247_20241129134815-300x300.jpg",300,300,true],"woocommerce_single":["https:\/\/www.sikortex.com\/wp-content\/uploads\/2024\/11\/\u5fae\u4fe1\u56fe\u7247_20241129134815-600x600.jpg",600,600,true],"woocommerce_gallery_thumbnail":["https:\/\/www.sikortex.com\/wp-content\/uploads\/2024\/11\/\u5fae\u4fe1\u56fe\u7247_20241129134815-100x100.jpg",100,100,true]},"uagb_author_info":{"display_name":"Sandy","author_link":"https:\/\/www.sikortex.com\/vi\/author\/"},"uagb_comment_info":0,"uagb_excerpt":"1200 Meters(Min.Order)","_links":{"self":[{"href":"https:\/\/www.sikortex.com\/vi\/wp-json\/wp\/v2\/product\/7172","targetHints":{"allow":["GET"]}}],"collection":[{"href":"https:\/\/www.sikortex.com\/vi\/wp-json\/wp\/v2\/product"}],"about":[{"href":"https:\/\/www.sikortex.com\/vi\/wp-json\/wp\/v2\/types\/product"}],"replies":[{"embeddable":true,"href":"https:\/\/www.sikortex.com\/vi\/wp-json\/wp\/v2\/comments?post=7172"}],"wp:featuredmedia":[{"embeddable":true,"href":"https:\/\/www.sikortex.com\/vi\/wp-json\/wp\/v2\/media\/7188"}],"wp:attachment":[{"href":"https:\/\/www.sikortex.com\/vi\/wp-json\/wp\/v2\/media?parent=7172"}],"wp:term":[{"taxonomy":"product_brand","embeddable":true,"href":"https:\/\/www.sikortex.com\/vi\/wp-json\/wp\/v2\/product_brand?post=7172"},{"taxonomy":"product_cat","embeddable":true,"href":"https:\/\/www.sikortex.com\/vi\/wp-json\/wp\/v2\/product_cat?post=7172"},{"taxonomy":"product_tag","embeddable":true,"href":"https:\/\/www.sikortex.com\/vi\/wp-json\/wp\/v2\/product_tag?post=7172"}],"curies":[{"name":"wp","href":"https:\/\/api.w.org\/{rel}","templated":true}]}}