{"id":7165,"date":"2024-11-19T15:13:55","date_gmt":"2024-11-19T07:13:55","guid":{"rendered":"https:\/\/www.sikortex.com\/?post_type=product&#038;p=7165"},"modified":"2025-01-07T10:19:40","modified_gmt":"2025-01-07T02:19:40","slug":"sk8362-5","status":"publish","type":"product","link":"https:\/\/www.sikortex.com\/vi\/san-pham\/sk8362-5\/","title":{"rendered":"V\u1ea3i ch\u0103n ng\u1ef1a ph\u1ee7 PU 650D Nylon Ripstop"},"content":{"rendered":"<h4>V\u1ea3i ch\u0103n ng\u1ef1a ph\u1ee7 PU, Nylon Ripstop 650D: S\u1ef1 k\u1ebft h\u1ee3p ho\u00e0n h\u1ea3o gi\u1eefa \u0111\u1ed9 b\u1ec1n v\u00e0 phong c\u00e1ch<\/h4>\n<p>&nbsp;<\/p>\n<p>V\u1ec1 m\u1eb7t l\u1ef1a ch\u1ecdn v\u1eadt li\u1ec7u ch\u0103n ng\u1ef1a, v\u1ea3i ripstop nylon 650D ph\u1ee7 PU l\u00e0 l\u1ef1a ch\u1ecdn h\u00e0ng \u0111\u1ea7u. Lo\u1ea1i v\u1ea3i n\u00e0y k\u1ebft h\u1ee3p \u0111\u1ed9 b\u1ec1n, kh\u1ea3 n\u0103ng ch\u1ed1ng n\u01b0\u1edbc v\u00e0 ch\u1ed1ng m\u00e0i m\u00f2n v\u1edbi t\u00ednh th\u1ea9m m\u1ef9 s\u1ed1ng \u0111\u1ed9ng v\u00e0 \u0111\u01b0\u1ee3c thi\u1ebft k\u1ebf \u0111\u1ec3 mang l\u1ea1i hi\u1ec7u su\u1ea5t l\u00e2u d\u00e0i trong m\u1ecdi m\u00f4i tr\u01b0\u1eddng.<\/p>\n<p>T\u00ednh n\u0103ng v\u1eadt li\u1ec7u: Ch\u1ea5t l\u01b0\u1ee3ng cao c\u1ea5p cho \u0111\u1ed9 b\u1ec1n ngo\u00e0i tr\u1eddi<\/p>\n<p>1. T\u00ednh ch\u1ea5t v\u1eadt li\u1ec7u Nylon<\/p>\n<p>\u0110\u1ed9 b\u1ec1n cao: Lo\u1ea1i v\u1ea3i c\u00f3 \u0111\u1ed9 b\u1ec1n cao n\u00e0y c\u00f3 th\u1ec3 ch\u1ecbu l\u1ef1c t\u1ed1t h\u01a1n v\u00e0 kh\u00f4ng d\u1ec5 b\u1ecb h\u01b0 h\u1ecfng ho\u1eb7c \u0111\u1ee9t, \u0111\u1ea3m b\u1ea3o \u0111\u1ed9 b\u1ec1n c\u1ee7a ch\u0103n ng\u1ef1a.<\/p>\n<p>Nh\u1eb9: B\u1ea3n th\u00e2n v\u1eadt li\u1ec7u Nylon t\u01b0\u01a1ng \u0111\u1ed1i nh\u1eb9. Khi s\u1eed d\u1ee5ng l\u00e0m ch\u0103n cho ng\u1ef1a, n\u00f3 s\u1ebd kh\u00f4ng g\u00e2y qu\u00e1 nhi\u1ec1u g\u00e1nh n\u1eb7ng cho ng\u1ef1a, gi\u00fap ng\u1ef1a di chuy\u1ec3n d\u1ec5 d\u00e0ng h\u01a1n khi m\u1eb7c ch\u0103n.<\/p>\n<p>2. Ch\u1ed1ng r\u00e1ch: S\u1ee3i gia c\u01b0\u1eddng c\u00f3 th\u1ec3 ng\u0103n ng\u1eeba v\u1ebft r\u00e1ch lan r\u1ed9ng h\u01a1n n\u1eefa. Ngay c\u1ea3 khi v\u1ea3i b\u1ecb h\u01b0 h\u1ecfng nh\u1eb9, n\u00f3 c\u0169ng kh\u00f4ng d\u1ec5 d\u00e0ng lan r\u1ed9ng th\u00e0nh v\u1ebft r\u00e1ch l\u1edbn, k\u00e9o d\u00e0i \u0111\u00e1ng k\u1ec3 tu\u1ed5i th\u1ecd c\u1ee7a v\u1ea3i.<\/p>\n<p>3.\u0110\u1eb7c \u0111i\u1ec3m c\u1ee7a l\u1edbp ph\u1ee7 PU:<\/p>\n<p>Ch\u1ed1ng th\u1ea5m n\u01b0\u1edbc t\u1ed1t: C\u00f3 th\u1ec3 ng\u0103n ch\u1eb7n hi\u1ec7u qu\u1ea3 t\u00ecnh tr\u1ea1ng ng\u1ef1a b\u1ecb \u01b0\u1edbt do m\u01b0a ngo\u00e0i tr\u1eddi, gi\u1eef cho ng\u1ef1a kh\u00f4 r\u00e1o v\u00e0 ng\u0103n ng\u1ef1a b\u1ecb \u1ed1m ho\u1eb7c c\u1ea3m th\u1ea5y kh\u00f3 ch\u1ecbu do \u0111\u1ed9 \u1ea9m.<\/p>\n<p>Kh\u1ea3 n\u0103ng ch\u1ed1ng m\u00e0i m\u00f2n \u0111\u01b0\u1ee3c c\u1ea3i thi\u1ec7n: C\u00f3 th\u1ec3 l\u00e0m gi\u1ea3m h\u01b0 h\u1ecfng cho v\u1ea3i c\u1ee7a ch\u0103n ng\u1ef1a trong qu\u00e1 tr\u00ecnh s\u1eed d\u1ee5ng v\u00e0 k\u00e9o d\u00e0i th\u00eam tu\u1ed5i th\u1ecd c\u1ee7a ch\u0103n ng\u1ef1a.<\/p>\n<p>\u0110\u1ed9 tho\u00e1ng kh\u00ed: Kh\u00f4ng ch\u1ec9 ch\u1ed1ng th\u1ea5m n\u01b0\u1edbc, n\u00f3 c\u00f2n cho ph\u00e9p da ng\u1ef1a duy tr\u00ec \u0111\u01b0\u1ee3c \u0111\u1ed9 tho\u00e1ng kh\u00ed nh\u1ea5t \u0111\u1ecbnh, ng\u0103n ng\u1eeba c\u00e1c v\u1ea5n \u0111\u1ec1 v\u1ec1 da \u1edf ng\u1ef1a do ph\u1ea3i qu\u1ea5n m\u00ecnh trong v\u1eadt li\u1ec7u kh\u00f4ng tho\u00e1ng kh\u00ed trong th\u1eddi gian d\u00e0i.<\/p>\n<p>4. C\u00e1c ch\u1ee9c n\u0103ng kh\u00e1c:<\/p>\n<p>D\u1ec5 v\u1ec7 sinh: B\u1ec1 m\u1eb7t t\u01b0\u01a1ng \u0111\u1ed1i nh\u1eb5n, \u00edt b\u00e1m b\u1ee5i b\u1ea9n, d\u1ec5 v\u1ec7 sinh sau khi b\u1ecb b\u1ea9n. H\u1ea7u h\u1ebft c\u00e1c v\u1ebft b\u1ea9n c\u00f3 th\u1ec3 \u0111\u01b0\u1ee3c lo\u1ea1i b\u1ecf ch\u1ec9 b\u1eb1ng c\u00e1ch lau b\u1eb1ng kh\u0103n \u1ea9m.<\/p>\n<p>Kh\u1ea3 n\u0103ng ch\u1ed1ng ch\u1ecbu th\u1eddi ti\u1ebft t\u1ed1t: C\u00f3 th\u1ec3 th\u00edch nghi v\u1edbi c\u00e1c \u0111i\u1ec1u ki\u1ec7n kh\u00ed h\u1eadu kh\u00e1c nhau. Cho d\u00f9 l\u00e0 m\u00f9a h\u00e8 n\u00f3ng b\u1ee9c hay m\u00f9a \u0111\u00f4ng l\u1ea1nh gi\u00e1, n\u00f3 v\u1eabn c\u00f3 th\u1ec3 duy tr\u00ec hi\u1ec7u su\u1ea5t t\u1ed1t v\u00e0 kh\u00f4ng d\u1ec5 b\u1ecb \u1ea3nh h\u01b0\u1edfng b\u1edfi c\u00e1c y\u1ebfu t\u1ed1 nh\u01b0 nhi\u1ec7t \u0111\u1ed9 v\u00e0 \u0111\u1ed9 \u1ea9m, g\u00e2y ra c\u00e1c v\u1ea5n \u0111\u1ec1 nh\u01b0 bi\u1ebfn d\u1ea1ng v\u00e0 l\u00e3o h\u00f3a.<\/p>\n<p>V\u1ea3i Ripstop Nylon 650D l\u00fd t\u01b0\u1edfng cho nhi\u1ec1u \u1ee9ng d\u1ee5ng ngo\u00e0i tr\u1eddi, bao g\u1ed3m:<\/p>\n<p>Ba l\u00f4: \u0110\u1ed9 b\u1ec1n cao v\u00e0 kh\u1ea3 n\u0103ng ch\u1ed1ng r\u00e1ch khi\u1ebfn \u0111\u00e2y l\u00e0 v\u1eadt li\u1ec7u l\u00fd t\u01b0\u1edfng cho ba l\u00f4 ngo\u00e0i tr\u1eddi.<br \/>\nQu\u1ea7n \u00e1o ngo\u00e0i tr\u1eddi: T\u0103ng \u0111\u1ed9 b\u1ec1n c\u1ee7a qu\u1ea7n \u00e1o v\u00e0 k\u00e9o d\u00e0i tu\u1ed5i th\u1ecd c\u1ee7a qu\u1ea7n \u00e1o.<br \/>\nV\u1ea3i l\u1ec1u: C\u00f3 kh\u1ea3 n\u0103ng ch\u1ed1ng gi\u00f3, ch\u1ed1ng m\u01b0a v\u00e0 ch\u1ed1ng r\u00e1ch t\u1ed1t.<\/p>\n<p>H\u1ed7 tr\u1ee3 t\u00f9y ch\u1ec9nh: \u0110i\u1ec1u ch\u1ec9nh v\u1ea3i c\u1ee7a b\u1ea1n \u0111\u1ebfn m\u1ee9c ho\u00e0n h\u1ea3o<\/p>\n<p>Ch\u00fang t\u00f4i cung c\u1ea5p nhi\u1ec1u t\u00f9y ch\u1ecdn t\u00f9y ch\u1ec9nh, bao g\u1ed3m nhi\u1ec1u m\u00e0u s\u1eafc, k\u00edch th\u01b0\u1edbc t\u00f9y ch\u1ec9nh, \u0111\u1ed9 d\u00e0y l\u1edbp ph\u1ee7 PU kh\u00e1c nhau v\u00e0 in \u1ea5n \u0111\u1ec3 x\u00e2y d\u1ef1ng th\u01b0\u01a1ng hi\u1ec7u ho\u1eb7c thi\u1ebft k\u1ebf. T\u00f9y ch\u1ec9nh v\u1ea3i \u0111\u1ec3 \u0111\u00e1p \u1ee9ng ch\u00ednh x\u00e1c nhu c\u1ea7u c\u1ee7a b\u1ea1n, \u0111\u1ea3m b\u1ea3o t\u00e1c \u0111\u1ed9ng v\u00e0 s\u1ef1 h\u00e0i l\u00f2ng t\u1ed1i \u0111a.<\/p>\n<p>Kh\u00e1m ph\u00e1 c\u00e1ch V\u1ea3i Ripstop Nylon 650D c\u00f3 th\u1ec3 n\u00e2ng cao s\u1ea3n ph\u1ea9m ngo\u00e0i tr\u1eddi c\u1ee7a b\u1ea1n v\u1edbi \u0111\u1ed9 b\u1ec1n v\u00e0 phong c\u00e1ch v\u00f4 song. Li\u00ean h\u1ec7 v\u1edbi ch\u00fang t\u00f4i ngay h\u00f4m nay \u0111\u1ec3 bi\u1ebft th\u00eam th\u00f4ng tin v\u1ec1 t\u00f9y ch\u1ec9nh v\u00e0 t\u00ednh kh\u1ea3 d\u1ee5ng.<\/p>","protected":false},"excerpt":{"rendered":"<p>1200 m\u00e9t (\u0110\u01a1n h\u00e0ng t\u1ed1i thi\u1ec3u)<\/p>","protected":false},"featured_media":7229,"comment_status":"closed","ping_status":"closed","template":"","meta":{"_uag_custom_page_level_css":"","site-sidebar-layout":"default","site-content-layout":"default","ast-site-content-layout":"","site-content-style":"default","site-sidebar-style":"default","ast-global-header-display":"","ast-banner-title-visibility":"","ast-main-header-display":"","ast-hfb-above-header-display":"","ast-hfb-below-header-display":"","ast-hfb-mobile-header-display":"","site-post-title":"","ast-breadcrumbs-content":"","ast-featured-img":"","footer-sml-layout":"","theme-transparent-header-meta":"default","adv-header-id-meta":"","stick-header-meta":"default","header-above-stick-meta":"","header-main-stick-meta":"","header-below-stick-meta":"","astra-migrate-meta-layouts":"default","ast-page-background-enabled":"default","ast-page-background-meta":{"desktop":{"background-color":"","background-image":"","background-repeat":"repeat","background-position":"center center","background-size":"auto","background-attachment":"scroll","background-type":"","background-media":"","overlay-type":"","overlay-color":"","overlay-opacity":"","overlay-gradient":""},"tablet":{"background-color":"","background-image":"","background-repeat":"repeat","background-position":"center center","background-size":"auto","background-attachment":"scroll","background-type":"","background-media":"","overlay-type":"","overlay-color":"","overlay-opacity":"","overlay-gradient":""},"mobile":{"background-color":"","background-image":"","background-repeat":"repeat","background-position":"center center","background-size":"auto","background-attachment":"scroll","background-type":"","background-media":"","overlay-type":"","overlay-color":"","overlay-opacity":"","overlay-gradient":""}},"ast-content-background-meta":{"desktop":{"background-color":"var(--ast-global-color-5)","background-image":"","background-repeat":"repeat","background-position":"center center","background-size":"auto","background-attachment":"scroll","background-type":"","background-media":"","overlay-type":"","overlay-color":"","overlay-opacity":"","overlay-gradient":""},"tablet":{"background-color":"var(--ast-global-color-5)","background-image":"","background-repeat":"repeat","background-position":"center center","background-size":"auto","background-attachment":"scroll","background-type":"","background-media":"","overlay-type":"","overlay-color":"","overlay-opacity":"","overlay-gradient":""},"mobile":{"background-color":"var(--ast-global-color-5)","background-image":"","background-repeat":"repeat","background-position":"center center","background-size":"auto","background-attachment":"scroll","background-type":"","background-media":"","overlay-type":"","overlay-color":"","overlay-opacity":"","overlay-gradient":""}}},"product_brand":[],"product_cat":[426,1183,432,404,433,414],"product_tag":[],"class_list":{"0":"post-7165","1":"product","2":"type-product","3":"status-publish","4":"has-post-thumbnail","6":"product_cat-constructionmining","7":"product_cat-fabric-for-horse-blankets","8":"product_cat-fabric-for-tent","9":"product_cat-nylon-fabrics","10":"product_cat-textile-for-industrial","11":"product_cat-waterproof-fabrics","12":"pa_available_colors-911052-spc","13":"desktop-align-left","14":"tablet-align-left","15":"mobile-align-left","16":"ast-product-gallery-layout-vertical-slider","17":"ast-product-tabs-layout-horizontal","19":"first","20":"instock","21":"shipping-taxable","22":"product-type-simple"},"uagb_featured_image_src":{"full":["https:\/\/www.sikortex.com\/wp-content\/uploads\/2024\/11\/Horse-Blanket-Fabric-Ripstop.jpg",600,600,false],"thumbnail":["https:\/\/www.sikortex.com\/wp-content\/uploads\/2024\/11\/Horse-Blanket-Fabric-Ripstop-150x150.jpg",150,150,true],"medium":["https:\/\/www.sikortex.com\/wp-content\/uploads\/2024\/11\/Horse-Blanket-Fabric-Ripstop-300x300.jpg",300,300,true],"medium_large":["https:\/\/www.sikortex.com\/wp-content\/uploads\/2024\/11\/Horse-Blanket-Fabric-Ripstop.jpg",600,600,false],"large":["https:\/\/www.sikortex.com\/wp-content\/uploads\/2024\/11\/Horse-Blanket-Fabric-Ripstop.jpg",600,600,false],"1536x1536":["https:\/\/www.sikortex.com\/wp-content\/uploads\/2024\/11\/Horse-Blanket-Fabric-Ripstop.jpg",600,600,false],"2048x2048":["https:\/\/www.sikortex.com\/wp-content\/uploads\/2024\/11\/Horse-Blanket-Fabric-Ripstop.jpg",600,600,false],"trp-custom-language-flag":["https:\/\/www.sikortex.com\/wp-content\/uploads\/2024\/11\/Horse-Blanket-Fabric-Ripstop-12x12.jpg",12,12,true],"woocommerce_thumbnail":["https:\/\/www.sikortex.com\/wp-content\/uploads\/2024\/11\/Horse-Blanket-Fabric-Ripstop-300x300.jpg",300,300,true],"woocommerce_single":["https:\/\/www.sikortex.com\/wp-content\/uploads\/2024\/11\/Horse-Blanket-Fabric-Ripstop.jpg",600,600,false],"woocommerce_gallery_thumbnail":["https:\/\/www.sikortex.com\/wp-content\/uploads\/2024\/11\/Horse-Blanket-Fabric-Ripstop-100x100.jpg",100,100,true]},"uagb_author_info":{"display_name":"Sandy","author_link":"https:\/\/www.sikortex.com\/vi\/author\/"},"uagb_comment_info":0,"uagb_excerpt":"1200 Meters(Min.Order)","_links":{"self":[{"href":"https:\/\/www.sikortex.com\/vi\/wp-json\/wp\/v2\/product\/7165","targetHints":{"allow":["GET"]}}],"collection":[{"href":"https:\/\/www.sikortex.com\/vi\/wp-json\/wp\/v2\/product"}],"about":[{"href":"https:\/\/www.sikortex.com\/vi\/wp-json\/wp\/v2\/types\/product"}],"replies":[{"embeddable":true,"href":"https:\/\/www.sikortex.com\/vi\/wp-json\/wp\/v2\/comments?post=7165"}],"wp:featuredmedia":[{"embeddable":true,"href":"https:\/\/www.sikortex.com\/vi\/wp-json\/wp\/v2\/media\/7229"}],"wp:attachment":[{"href":"https:\/\/www.sikortex.com\/vi\/wp-json\/wp\/v2\/media?parent=7165"}],"wp:term":[{"taxonomy":"product_brand","embeddable":true,"href":"https:\/\/www.sikortex.com\/vi\/wp-json\/wp\/v2\/product_brand?post=7165"},{"taxonomy":"product_cat","embeddable":true,"href":"https:\/\/www.sikortex.com\/vi\/wp-json\/wp\/v2\/product_cat?post=7165"},{"taxonomy":"product_tag","embeddable":true,"href":"https:\/\/www.sikortex.com\/vi\/wp-json\/wp\/v2\/product_tag?post=7165"}],"curies":[{"name":"wp","href":"https:\/\/api.w.org\/{rel}","templated":true}]}}