{"id":7133,"date":"2024-09-13T17:13:06","date_gmt":"2024-09-13T09:13:06","guid":{"rendered":"https:\/\/www.sikortex.com\/?post_type=product&#038;p=7133"},"modified":"2025-08-18T14:03:42","modified_gmt":"2025-08-18T06:03:42","slug":"sk8362-4","status":"publish","type":"product","link":"https:\/\/www.sikortex.com\/vi\/san-pham\/sk8362-4\/","title":{"rendered":"V\u1ea3i Polyester nhu\u1ed9m dung d\u1ecbch 600D V\u1ea3i ph\u1ee7 PU d\u00f9ng cho m\u00e1i hi\u00ean che thuy\u1ec1n"},"content":{"rendered":"<h4>V\u1ea3i Polyester nhu\u1ed9m dung d\u1ecbch 600D ph\u1ee7 PU d\u00f9ng l\u00e0m m\u00e1i hi\u00ean che thuy\u1ec1n: S\u1ef1 k\u1ebft h\u1ee3p ho\u00e0n h\u1ea3o gi\u1eefa \u0111\u1ed9 b\u1ec1n v\u00e0 phong c\u00e1ch<\/h4>\n<p>Khi n\u00f3i \u0111\u1ebfn c\u00e1c gi\u1ea3i ph\u00e1p ngo\u00e0i tr\u1eddi, v\u1ea3i polyester nhu\u1ed9m dung d\u1ecbch 600D v\u1edbi l\u1edbp ph\u1ee7 polyurethane (PU) l\u00e0 l\u1ef1a ch\u1ecdn h\u00e0ng \u0111\u1ea7u cho m\u00e1i hi\u00ean. K\u1ebft h\u1ee3p \u0111\u1ed9 b\u1ec1n, kh\u1ea3 n\u0103ng ch\u1ed1ng ch\u1ecbu th\u1eddi ti\u1ebft v\u00e0 t\u00ednh th\u1ea9m m\u1ef9 s\u1ed1ng \u0111\u1ed9ng, lo\u1ea1i v\u1ea3i n\u00e0y \u0111\u01b0\u1ee3c thi\u1ebft k\u1ebf \u0111\u1ec3 mang l\u1ea1i hi\u1ec7u su\u1ea5t l\u00e2u d\u00e0i trong m\u1ecdi m\u00f4i tr\u01b0\u1eddng.<\/p>\n<p>T\u00ednh n\u0103ng v\u1eadt li\u1ec7u: Ch\u1ea5t l\u01b0\u1ee3ng cao c\u1ea5p cho \u0111\u1ed9 b\u1ec1n ngo\u00e0i tr\u1eddi<\/p>\n<p>1. \u0110\u1ed9 s\u00e2u m\u00e0u s\u1eafc \u0111\u01b0\u1ee3c c\u1ea3i thi\u1ec7n v\u00e0 t\u00ednh \u0111\u1ed3ng nh\u1ea5t:<br \/>\nQu\u00e1 tr\u00ecnh nhu\u1ed9m l\u1ecfng th\u1ea5m s\u00e2u v\u00e0o c\u00e1c s\u1ee3i, t\u1ea1o ra m\u00e0u s\u1eafc phong ph\u00fa, \u0111\u1ed3ng \u0111\u1ec1u, ch\u1ed1ng phai m\u00e0u do \u00e1nh s\u00e1ng m\u1eb7t tr\u1eddi v\u00e0 th\u1eddi ti\u1ebft. \u0110i\u1ec1u n\u00e0y \u0111\u1ea3m b\u1ea3o r\u1eb1ng m\u00e1i hi\u00ean c\u1ee7a b\u1ea1n gi\u1eef \u0111\u01b0\u1ee3c v\u1ebb \u0111\u1eb9p trong nhi\u1ec1u n\u0103m.<\/p>\n<p>2. \u0110\u1ed9 b\u1ec1n c\u1ee7a Polyester 600*600 Denier:<br \/>\nV\u1edbi \u0111\u1ecbnh m\u1ee9c 600D*600D, lo\u1ea1i v\u1ea3i n\u00e0y c\u00f3 \u0111\u1ed9 b\u1ec1n v\u00e0 \u0111\u1ed9 k\u00e9o cao, ho\u00e0n h\u1ea3o cho c\u00e1c \u1ee9ng d\u1ee5ng ngo\u00e0i tr\u1eddi ch\u1ecbu \u0111\u01b0\u1ee3c s\u1ee9c gi\u00f3, m\u01b0a v\u00e0 n\u1eafng.<\/p>\n<p>3. <span style=\"color: #3366ff;\"><a style=\"color: #3366ff;\" href=\"https:\/\/www.sikortex.com\/vi\/2025\/01\/03\/nha-san-xuat-vai-trang\/\">L\u1edbp ph\u1ee7 PU<\/a><\/span> \u0111\u1ec3 \u0111\u01b0\u1ee3c b\u1ea3o v\u1ec7 t\u1ed1i \u0111a:<br \/>\nL\u1edbp ph\u1ee7 polyurethane b\u1ed5 sung <a href=\"\/vi\/ve-khong-tham-nuoc-oxford-vai\/\"><span style=\"color: #3366ff;\">kh\u1ea3 n\u0103ng ch\u1ed1ng n\u01b0\u1edbc<\/span><\/a>, ng\u0103n ng\u1eeba n\u1ea5m m\u1ed1c ph\u00e1t tri\u1ec3n v\u00e0 b\u1ea3o v\u1ec7 ch\u1ed1ng l\u1ea1i v\u1ebft b\u1ea9n. \u0110i\u1ec1u n\u00e0y \u0111\u1ea3m b\u1ea3o r\u1eb1ng v\u1ea3i v\u1eabn b\u1ec1n trong \u0111i\u1ec1u ki\u1ec7n kh\u1eafc nghi\u1ec7t, cung c\u1ea5p n\u01a1i tr\u00fa \u1ea9n v\u00e0 b\u00f3ng r\u00e2m \u0111\u00e1ng tin c\u1eady.<\/p>\n<p>4. V\u1ea3i ch\u1ed1ng tia UV:<br \/>\nV\u1ea3i \u0111\u01b0\u1ee3c thi\u1ebft k\u1ebf \u0111\u1eb7c bi\u1ec7t \u0111\u1ec3 tr\u1edf th\u00e0nh t\u1ed1t nh\u1ea5t <a href=\"https:\/\/www.sikortex.com\/vi\/2024\/08\/28\/vai-nhuom-dung-dich\/\"><span style=\"color: #3366ff;\">V\u1ea3i ch\u1ed1ng tia UV<\/span><\/a>, gi\u1ea3m nguy c\u01a1 phai m\u00e0u v\u00e0 xu\u1ed1ng c\u1ea5p. Ngo\u00e0i ra, kh\u1ea3 n\u0103ng ch\u1ed1ng n\u1ea5m m\u1ed1c gi\u00fap gi\u1eef cho s\u1ea3n ph\u1ea9m s\u1ea1ch s\u1ebd v\u00e0 v\u1ec7 sinh ngay c\u1ea3 trong m\u00f4i tr\u01b0\u1eddng \u1ea9m \u01b0\u1edbt.<\/p>\n<p>C\u00f4ng d\u1ee5ng ch\u00ednh: \u0110a n\u0103ng v\u00e0 \u0111\u00e1ng tin c\u1eady cho m\u1ecdi \u1ee9ng d\u1ee5ng ngo\u00e0i tr\u1eddi<\/p>\n<p>V\u1ea3i polyester nhu\u1ed9m 600D Solution l\u00fd t\u01b0\u1edfng cho nhi\u1ec1u \u1ee9ng d\u1ee5ng ngo\u00e0i tr\u1eddi, bao g\u1ed3m:<\/p>\n<p>V\u1ea3i b\u1ea1t che: d\u00f9ng cho m\u1ee5c \u0111\u00edch d\u00e2n d\u1ee5ng v\u00e0 th\u01b0\u01a1ng m\u1ea1i, mang l\u1ea1i kh\u1ea3 n\u0103ng ch\u1ed1ng n\u1eafng b\u1ec1n b\u1ec9 v\u00e0 th\u1eddi trang.<br \/>\nV\u1ea3i b\u1ecdc \u0111\u1ed3 n\u1ed9i th\u1ea5t ngo\u00e0i tr\u1eddi: c\u00f3 kh\u1ea3 n\u0103ng ch\u1ed1ng ch\u1ecbu th\u1eddi ti\u1ebft v\u00e0 gi\u1eef \u0111\u01b0\u1ee3c m\u00e0u s\u1eafc.<br \/>\nV\u1ea3i d\u00f9ng cho b\u1ea1t che v\u00e0 l\u1ec1u tr\u00ean bi\u1ec3n: kh\u1ea3 n\u0103ng ch\u1ed1ng n\u01b0\u1edbc v\u00e0 <a href=\"https:\/\/www.sikortex.com\/vi\/2024\/08\/28\/vai-nhuom-dung-dich\/\"><span style=\"color: #3366ff;\">B\u1ea3o v\u1ec7 tia c\u1ef1c t\u00edm<\/span><\/a> l\u00e0 r\u1ea5t quan tr\u1ecdng.<\/p>\n<p>H\u1ed7 tr\u1ee3 t\u00f9y ch\u1ec9nh: \u0110i\u1ec1u ch\u1ec9nh v\u1ea3i c\u1ee7a b\u1ea1n \u0111\u1ebfn m\u1ee9c ho\u00e0n h\u1ea3o<\/p>\n<p>Ch\u00fang t\u00f4i cung c\u1ea5p nhi\u1ec1u t\u00f9y ch\u1ecdn t\u00f9y ch\u1ec9nh, bao g\u1ed3m nhi\u1ec1u m\u00e0u s\u1eafc, k\u00edch th\u01b0\u1edbc t\u00f9y ch\u1ec9nh, \u0111\u1ed9 d\u00e0y l\u1edbp ph\u1ee7 PU kh\u00e1c nhau v\u00e0 in \u1ea5n \u0111\u1ec3 x\u00e2y d\u1ef1ng th\u01b0\u01a1ng hi\u1ec7u ho\u1eb7c thi\u1ebft k\u1ebf. T\u00f9y ch\u1ec9nh v\u1ea3i \u0111\u1ec3 \u0111\u00e1p \u1ee9ng ch\u00ednh x\u00e1c nhu c\u1ea7u c\u1ee7a b\u1ea1n, \u0111\u1ea3m b\u1ea3o t\u00e1c \u0111\u1ed9ng v\u00e0 s\u1ef1 h\u00e0i l\u00f2ng t\u1ed1i \u0111a.<\/p>\n<p>Kh\u00e1m ph\u00e1 c\u00e1ch v\u1ea3i polyester nhu\u1ed9m 600D Solution c\u00f3 th\u1ec3 n\u00e2ng cao s\u1ea3n ph\u1ea9m ngo\u00e0i tr\u1eddi c\u1ee7a b\u1ea1n v\u1edbi \u0111\u1ed9 b\u1ec1n v\u00e0 phong c\u00e1ch v\u00f4 song. Li\u00ean h\u1ec7 v\u1edbi ch\u00fang t\u00f4i ngay h\u00f4m nay \u0111\u1ec3 bi\u1ebft th\u00eam th\u00f4ng tin v\u1ec1 t\u00f9y ch\u1ec9nh v\u00e0 t\u00ednh kh\u1ea3 d\u1ee5ng.<\/p>","protected":false},"excerpt":{"rendered":"<p>1200 m\u00e9t (\u0110\u01a1n h\u00e0ng t\u1ed1i thi\u1ec3u)<\/p>","protected":false},"featured_media":6446,"comment_status":"closed","ping_status":"closed","template":"","meta":{"_uag_custom_page_level_css":"","site-sidebar-layout":"default","site-content-layout":"default","ast-site-content-layout":"","site-content-style":"default","site-sidebar-style":"default","ast-global-header-display":"","ast-banner-title-visibility":"","ast-main-header-display":"","ast-hfb-above-header-display":"","ast-hfb-below-header-display":"","ast-hfb-mobile-header-display":"","site-post-title":"","ast-breadcrumbs-content":"","ast-featured-img":"","footer-sml-layout":"","theme-transparent-header-meta":"default","adv-header-id-meta":"","stick-header-meta":"default","header-above-stick-meta":"","header-main-stick-meta":"","header-below-stick-meta":"","astra-migrate-meta-layouts":"default","ast-page-background-enabled":"default","ast-page-background-meta":{"desktop":{"background-color":"","background-image":"","background-repeat":"repeat","background-position":"center center","background-size":"auto","background-attachment":"scroll","background-type":"","background-media":"","overlay-type":"","overlay-color":"","overlay-opacity":"","overlay-gradient":""},"tablet":{"background-color":"","background-image":"","background-repeat":"repeat","background-position":"center center","background-size":"auto","background-attachment":"scroll","background-type":"","background-media":"","overlay-type":"","overlay-color":"","overlay-opacity":"","overlay-gradient":""},"mobile":{"background-color":"","background-image":"","background-repeat":"repeat","background-position":"center center","background-size":"auto","background-attachment":"scroll","background-type":"","background-media":"","overlay-type":"","overlay-color":"","overlay-opacity":"","overlay-gradient":""}},"ast-content-background-meta":{"desktop":{"background-color":"var(--ast-global-color-5)","background-image":"","background-repeat":"repeat","background-position":"center center","background-size":"auto","background-attachment":"scroll","background-type":"","background-media":"","overlay-type":"","overlay-color":"","overlay-opacity":"","overlay-gradient":""},"tablet":{"background-color":"var(--ast-global-color-5)","background-image":"","background-repeat":"repeat","background-position":"center center","background-size":"auto","background-attachment":"scroll","background-type":"","background-media":"","overlay-type":"","overlay-color":"","overlay-opacity":"","overlay-gradient":""},"mobile":{"background-color":"var(--ast-global-color-5)","background-image":"","background-repeat":"repeat","background-position":"center center","background-size":"auto","background-attachment":"scroll","background-type":"","background-media":"","overlay-type":"","overlay-color":"","overlay-opacity":"","overlay-gradient":""}}},"product_brand":[],"product_cat":[1126,1206,432,1218,1185,433,1697,414],"product_tag":[],"class_list":{"0":"post-7133","1":"product","2":"type-product","3":"status-publish","4":"has-post-thumbnail","6":"product_cat-fabric-for-awning","7":"product_cat-fabric-for-bag","8":"product_cat-fabric-for-tent","9":"product_cat-marine-fabrics","10":"product_cat-solution-dyed-polyester-fabrics","11":"product_cat-textile-for-industrial","12":"product_cat-uv-protection-fabric","13":"product_cat-waterproof-fabrics","14":"pa_available_colors-911052-spc","15":"desktop-align-left","16":"tablet-align-left","17":"mobile-align-left","18":"ast-product-gallery-layout-vertical-slider","19":"ast-product-tabs-layout-horizontal","21":"first","22":"instock","23":"shipping-taxable","24":"product-type-simple"},"uagb_featured_image_src":{"full":["https:\/\/www.sikortex.com\/wp-content\/uploads\/2023\/10\/400D-Oxford-cloth-silver-coated-awning-fabric.jpg",533,467,false],"thumbnail":["https:\/\/www.sikortex.com\/wp-content\/uploads\/2023\/10\/400D-Oxford-cloth-silver-coated-awning-fabric-150x150.jpg",150,150,true],"medium":["https:\/\/www.sikortex.com\/wp-content\/uploads\/2023\/10\/400D-Oxford-cloth-silver-coated-awning-fabric-300x263.jpg",300,263,true],"medium_large":["https:\/\/www.sikortex.com\/wp-content\/uploads\/2023\/10\/400D-Oxford-cloth-silver-coated-awning-fabric.jpg",533,467,false],"large":["https:\/\/www.sikortex.com\/wp-content\/uploads\/2023\/10\/400D-Oxford-cloth-silver-coated-awning-fabric.jpg",533,467,false],"1536x1536":["https:\/\/www.sikortex.com\/wp-content\/uploads\/2023\/10\/400D-Oxford-cloth-silver-coated-awning-fabric.jpg",533,467,false],"2048x2048":["https:\/\/www.sikortex.com\/wp-content\/uploads\/2023\/10\/400D-Oxford-cloth-silver-coated-awning-fabric.jpg",533,467,false],"trp-custom-language-flag":["https:\/\/www.sikortex.com\/wp-content\/uploads\/2023\/10\/400D-Oxford-cloth-silver-coated-awning-fabric-14x12.jpg",14,12,true],"woocommerce_thumbnail":["https:\/\/www.sikortex.com\/wp-content\/uploads\/2023\/10\/400D-Oxford-cloth-silver-coated-awning-fabric-300x300.jpg",300,300,true],"woocommerce_single":["https:\/\/www.sikortex.com\/wp-content\/uploads\/2023\/10\/400D-Oxford-cloth-silver-coated-awning-fabric.jpg",533,467,false],"woocommerce_gallery_thumbnail":["https:\/\/www.sikortex.com\/wp-content\/uploads\/2023\/10\/400D-Oxford-cloth-silver-coated-awning-fabric-100x100.jpg",100,100,true]},"uagb_author_info":{"display_name":"Perry","author_link":"https:\/\/www.sikortex.com\/vi\/author\/"},"uagb_comment_info":0,"uagb_excerpt":"1200 Meters(Min.Order)","_links":{"self":[{"href":"https:\/\/www.sikortex.com\/vi\/wp-json\/wp\/v2\/product\/7133","targetHints":{"allow":["GET"]}}],"collection":[{"href":"https:\/\/www.sikortex.com\/vi\/wp-json\/wp\/v2\/product"}],"about":[{"href":"https:\/\/www.sikortex.com\/vi\/wp-json\/wp\/v2\/types\/product"}],"replies":[{"embeddable":true,"href":"https:\/\/www.sikortex.com\/vi\/wp-json\/wp\/v2\/comments?post=7133"}],"wp:featuredmedia":[{"embeddable":true,"href":"https:\/\/www.sikortex.com\/vi\/wp-json\/wp\/v2\/media\/6446"}],"wp:attachment":[{"href":"https:\/\/www.sikortex.com\/vi\/wp-json\/wp\/v2\/media?parent=7133"}],"wp:term":[{"taxonomy":"product_brand","embeddable":true,"href":"https:\/\/www.sikortex.com\/vi\/wp-json\/wp\/v2\/product_brand?post=7133"},{"taxonomy":"product_cat","embeddable":true,"href":"https:\/\/www.sikortex.com\/vi\/wp-json\/wp\/v2\/product_cat?post=7133"},{"taxonomy":"product_tag","embeddable":true,"href":"https:\/\/www.sikortex.com\/vi\/wp-json\/wp\/v2\/product_tag?post=7133"}],"curies":[{"name":"wp","href":"https:\/\/api.w.org\/{rel}","templated":true}]}}