{"id":7090,"date":"2024-09-11T13:23:56","date_gmt":"2024-09-11T05:23:56","guid":{"rendered":"https:\/\/www.sikortex.com\/?post_type=product&#038;p=7090"},"modified":"2025-08-18T14:04:17","modified_gmt":"2025-08-18T06:04:17","slug":"sk8344-polyestre-bong-vai-co-gian-5","status":"publish","type":"product","link":"https:\/\/www.sikortex.com\/vi\/san-pham\/sk8344-polyestre-bong-vai-co-gian-5\/","title":{"rendered":"V\u1ea3i Acrylic nhu\u1ed9m dung d\u1ecbch d\u00f9ng \u0111\u1ec3 che n\u1eafng"},"content":{"rendered":"<h4><span style=\"color: #3366ff;\">\u00a0<a style=\"color: #3366ff;\" href=\"https:\/\/www.sikortex.com\/vi\/vai-chong-tia-hong-ngoai-3\/\">Nh\u00e0 s\u1ea3n xu\u1ea5t v\u1ea3i acrylic nhu\u1ed9m dung d\u1ecbch<\/a><\/span><\/h4>\n<p>V\u1ea3i acrylic nhu\u1ed9m s\u1ee3i s\u1ecdc l\u00e0 lo\u1ea1i v\u1ea3i ch\u00ednh \u0111\u01b0\u1ee3c s\u1ea3n xu\u1ea5t v\u00e0 b\u00e1n b\u1edfi <a href=\"https:\/\/www.sikortex.com\/vi\/ho-so-cong-ty\/\"><span style=\"color: #3366ff;\">SIKOR-TEX<\/span><\/a>.<\/p>\n<p>Thu\u1eadn l\u1ee3i:<\/p>\n<p>\u0110\u1ed9 b\u1ec1n m\u00e0u c\u1ee7a ch\u00fang t\u00f4i <a href=\"https:\/\/www.sikortex.com\/vi\/vai-chong-tia-hong-ngoai-3\/\"><span style=\"color: #3366ff;\">v\u1ea3i acrylic nhu\u1ed9m dung d\u1ecbch<\/span><\/a> th\u1ef1c s\u1ef1 n\u1ed5i b\u1eadt. Lo\u1ea1i v\u1ea3i n\u00e0y c\u00f3 th\u1ec3 ch\u1ecbu \u0111\u01b0\u1ee3c h\u01a1n 1500 gi\u1edd th\u1eed nghi\u1ec7m tia UV m\u00e0 kh\u00f4ng b\u1ecb phai m\u00e0u, \u0111\u1ea3m b\u1ea3o r\u1eb1ng m\u00e0u s\u1eafc r\u1ef1c r\u1ee1 c\u1ee7a n\u00f3 c\u00f3 th\u1ec3 t\u1ed3n t\u1ea1i trong h\u01a1n 5 n\u0103m. \u0110\u1ed9 b\u1ec1n m\u00e0u n\u00e0y l\u00e0 m\u1ed9t l\u1ee3i th\u1ebf \u0111\u00e1ng k\u1ec3, \u0111\u1eb7c bi\u1ec7t l\u00e0 \u0111\u1ed1i v\u1edbi c\u00e1c v\u1eadt d\u1ee5ng th\u01b0\u1eddng xuy\u00ean ti\u1ebfp x\u00fac v\u1edbi \u00e1nh s\u00e1ng m\u1eb7t tr\u1eddi ho\u1eb7c \u00e1nh s\u00e1ng m\u1ea1nh. Cho d\u00f9 \u0111\u01b0\u1ee3c s\u1eed d\u1ee5ng cho \u0111\u1ed3 n\u1ed9i th\u1ea5t ngo\u00e0i tr\u1eddi hay c\u00e1c y\u1ebfu t\u1ed1 trang tr\u00ed, b\u1ea1n c\u00f3 th\u1ec3 tin t\u01b0\u1edfng r\u1eb1ng lo\u1ea1i v\u1ea3i n\u00e0y s\u1ebd gi\u1eef \u0111\u01b0\u1ee3c v\u1ebb \u0111\u1eb9p c\u1ee7a n\u00f3.<\/p>\n<p>T\u00ednh linh ho\u1ea1t c\u1ee7a \u0111\u01a1n h\u00e0ng l\u00e0 m\u1ed9t l\u1ee3i th\u1ebf quan tr\u1ecdng kh\u00e1c. S\u1ed1 l\u01b0\u1ee3ng \u0111\u1eb7t h\u00e0ng t\u1ed1i thi\u1ec3u r\u1ea5t h\u00e0o ph\u00f3ng c\u1ee7a ch\u00fang t\u00f4i cho ph\u00e9p c\u1ea3 kh\u00e1ch h\u00e0ng quy m\u00f4 nh\u1ecf v\u00e0 l\u1edbn s\u1eed d\u1ee5ng v\u1ea3i ch\u1ea5t l\u01b0\u1ee3ng cao c\u1ee7a ch\u00fang t\u00f4i. Chi\u1ec1u r\u1ed9ng ti\u00eau chu\u1ea9n 120 cm r\u1ea5t ti\u1ec7n l\u1ee3i v\u00e0 chi\u1ec1u r\u1ed9ng v\u00e0 m\u00e0u s\u1eafc t\u00f9y ch\u1ec9nh c\u00f3 th\u1ec3 \u0111\u01b0\u1ee3c t\u00f9y ch\u1ec9nh theo y\u00eau c\u1ea7u c\u1ee5 th\u1ec3, mang \u0111\u1ebfn cho kh\u00e1ch h\u00e0ng s\u1ef1 t\u1ef1 do \u0111\u1ec3 t\u1ea1o ra c\u00e1c s\u1ea3n ph\u1ea9m \u0111\u1ed9c \u0111\u00e1o v\u00e0 \u0111\u01b0\u1ee3c c\u00e1 nh\u00e2n h\u00f3a.<\/p>\n<p>L\u1edbp ph\u1ee7 Teflon tr\u00ean v\u1ea3i cung c\u1ea5p kh\u1ea3 n\u0103ng b\u1ea3o v\u1ec7 tuy\u1ec7t v\u1eddi. N\u00f3 c\u00f3 kh\u1ea3 n\u0103ng ch\u1ed1ng d\u1ea7u, ch\u1ed1ng v\u1ebft b\u1ea9n v\u00e0 ch\u1ed1ng n\u01b0\u1edbc. \u0110i\u1ec1u n\u00e0y c\u00f3 ngh\u0129a l\u00e0 c\u00f3 th\u1ec3 d\u1ec5 d\u00e0ng x\u1eed l\u00fd c\u00e1c s\u1ef1 c\u1ed1 tr\u00e0n ho\u1eb7c ti\u1ebfp x\u00fac v\u1edbi nhi\u1ec1u ch\u1ea5t kh\u00e1c nhau. C\u00e1c v\u1ebft b\u1ea9n c\u00f3 th\u1ec3 \u0111\u01b0\u1ee3c lo\u1ea1i b\u1ecf ch\u1ec9 b\u1eb1ng m\u1ed9t l\u1ea7n lau \u0111\u01a1n gi\u1ea3n, gi\u00fap vi\u1ec7c b\u1ea3o d\u01b0\u1ee1ng tr\u1edf n\u00ean d\u1ec5 d\u00e0ng. T\u00ednh n\u0103ng n\u00e0y \u0111\u1eb7c bi\u1ec7t h\u1eefu \u00edch trong m\u00f4i tr\u01b0\u1eddng m\u00e0 v\u1ea3i c\u00f3 th\u1ec3 ti\u1ebfp x\u00fac v\u1edbi m\u00f4i tr\u01b0\u1eddng b\u1ea9n ho\u1eb7c \u1ea9m \u01b0\u1edbt.<\/p>\n<p>\u1ee8ng d\u1ee5ng:<\/p>\n<p>C\u00e1c \u1ee9ng d\u1ee5ng c\u1ee7a v\u1ea3i acrylic nhu\u1ed9m dung d\u1ecbch r\u1ea5t nhi\u1ec1u v\u00e0 \u0111a d\u1ea1ng. Trong kh\u00f4ng gian s\u1ed1ng ngo\u00e0i tr\u1eddi, ch\u00fang l\u00fd t\u01b0\u1edfng \u0111\u1ec3 l\u00e0m \u0111\u1ec7m s\u00e2n, <a href=\"https:\/\/www.sikortex.com\/vi\/nha-san-xuat-vai-bat-che-nang\/\"><span style=\"color: #3366ff;\">\u00f4 che n\u1eafng<\/span><\/a>, v\u00e0 r\u00e8m ngo\u00e0i tr\u1eddi. C\u00e1c \u0111\u1eb7c t\u00ednh ch\u1ed1ng tia UV v\u00e0 th\u1eddi ti\u1ebft c\u1ee7a lo\u1ea1i v\u1ea3i n\u00e0y \u0111\u1ea3m b\u1ea3o r\u1eb1ng \u0111\u1ed3 n\u1ed9i th\u1ea5t v\u00e0 \u0111\u1ed3 trang tr\u00ed ngo\u00e0i tr\u1eddi c\u1ee7a b\u1ea1n s\u1ebd lu\u00f4n \u0111\u1eb9p trong m\u1ecdi \u0111i\u1ec1u ki\u1ec7n. Trong th\u1ebf gi\u1edbi h\u00e0ng h\u1ea3i, ch\u00fang c\u00f3 th\u1ec3 \u0111\u01b0\u1ee3c s\u1eed d\u1ee5ng l\u00e0m v\u1ecf thuy\u1ec1n v\u00e0 bu\u1ed3m v\u00ec ch\u00fang c\u00f3 th\u1ec3 ch\u1ecbu \u0111\u01b0\u1ee3c c\u00e1c \u0111i\u1ec1u ki\u1ec7n kh\u1eafc nghi\u1ec7t tr\u00ean bi\u1ec3n. \u0110\u1ed1i v\u1edbi n\u1ed9i th\u1ea5t gia \u0111\u00ecnh, ch\u00fang l\u00fd t\u01b0\u1edfng \u0111\u1ec3 l\u00e0m r\u00e8m c\u1eeda, th\u1ea3m v\u00e0 \u0111\u1ed3 b\u1ecdc. \u0110\u1ed9 b\u1ec1n v\u00e0 \u0111\u1eb7c t\u00ednh d\u1ec5 v\u1ec7 sinh c\u1ee7a lo\u1ea1i v\u1ea3i n\u00e0y khi\u1ebfn n\u00f3 tr\u1edf th\u00e0nh l\u1ef1a ch\u1ecdn thi\u1ebft th\u1ef1c cho ng\u00f4i nh\u00e0. Trong l\u0129nh v\u1ef1c th\u01b0\u01a1ng m\u1ea1i, ch\u00fang c\u00f3 th\u1ec3 \u0111\u01b0\u1ee3c s\u1eed d\u1ee5ng l\u00e0m kh\u0103n tr\u1ea3i b\u00e0n v\u00e0 b\u1ecdc gh\u1ebf trong kh\u00e1ch s\u1ea1n, nh\u00e0 h\u00e0ng v\u00e0 qu\u00e1n c\u00e0 ph\u00ea.<\/p>\n<p>T\u00f3m l\u1ea1i, v\u1ea3i acrylic nhu\u1ed9m dung d\u1ecbch mang l\u1ea1i s\u1ef1 k\u1ebft h\u1ee3p \u0111\u1ed9c \u0111\u00e1o c\u1ee7a c\u00e1c l\u1ee3i \u00edch. \u0110\u1ed9 b\u1ec1n m\u00e0u, t\u00ednh linh ho\u1ea1t theo tr\u1eadt t\u1ef1 v\u00e0 t\u00ednh ch\u1ea5t b\u1ea3o v\u1ec7 c\u1ee7a ch\u00fang khi\u1ebfn ch\u00fang tr\u1edf th\u00e0nh l\u1ef1a ch\u1ecdn tuy\u1ec7t v\u1eddi cho nhi\u1ec1u \u1ee9ng d\u1ee5ng kh\u00e1c nhau. M\u1eb7c d\u00f9 c\u00f3 m\u1ed9t s\u1ed1 v\u1ea5n \u0111\u1ec1 nh\u1ecf v\u1ec1 kh\u1ea3 n\u0103ng tho\u00e1ng kh\u00ed trong m\u1ed9t s\u1ed1 tr\u01b0\u1eddng h\u1ee3p, nh\u01b0ng ch\u1ea5t l\u01b0\u1ee3ng v\u00e0 hi\u1ec7u su\u1ea5t t\u1ed5ng th\u1ec3 c\u1ee7a ch\u00fang th\u1ef1c s\u1ef1 v\u01b0\u1ee3t tr\u1ed9i. <a href=\"https:\/\/www.sikortex.com\/vi\/lien-he-chung-toi-2\/\"><span style=\"color: #3366ff;\">Li\u00ean h\u1ec7 v\u1edbi ch\u00fang t\u00f4i<\/span><\/a> h\u00f4m nay \u0111\u1ec3 t\u00ecm hi\u1ec3u c\u00e1ch nh\u1eefng lo\u1ea1i v\u1ea3i n\u00e0y c\u00f3 th\u1ec3 n\u00e2ng cao d\u1ef1 \u00e1n c\u1ee7a b\u1ea1n.<\/p>\n<p>&nbsp;<\/p>\n<h4 style=\"text-align: center;\">V\u1ea3i Acrylic nhu\u1ed9m dung d\u1ecbch SIKOR-TEX TDS<\/h4>\n<table style=\"height: 679px;\" width=\"843\">\n<tbody>\n<tr>\n<td style=\"text-align: center;\" width=\"271\"><strong>C\u00e1c b\u00e0i ki\u1ec3m tra<\/strong><\/td>\n<td style=\"text-align: center;\" width=\"229\"><strong>Ph\u01b0\u01a1ng ph\u00e1p th\u1eed nghi\u1ec7m<\/strong><\/td>\n<td style=\"text-align: center;\" width=\"218\"><strong>Y\u00eau c\u1ea7u<\/strong><\/td>\n<\/tr>\n<tr>\n<td style=\"text-align: center;\">Chi\u1ec1u r\u1ed9ng cu\u1ed9n<\/td>\n<td style=\"text-align: center;\"><\/td>\n<td style=\"text-align: center;\" width=\"218\">54\u2033-61\u2033\/137-155cm(\u00b12cm)<\/td>\n<\/tr>\n<tr>\n<td style=\"text-align: center;\" width=\"271\">Chi\u1ec1u d\u00e0i cu\u1ed9n (trung b\u00ecnh)<\/td>\n<td style=\"text-align: center;\"><\/td>\n<td style=\"text-align: center;\" width=\"218\">50 ph\u00fat<\/td>\n<\/tr>\n<tr>\n<td style=\"text-align: center;\" width=\"271\">Th\u00e0nh ph\u1ea7n<\/td>\n<td style=\"text-align: center;\"><\/td>\n<td style=\"text-align: center;\" width=\"218\">100%Solution nhu\u1ed9m Acrylic<\/td>\n<\/tr>\n<tr>\n<td style=\"text-align: center;\">C\u00e2n n\u1eb7ng<\/td>\n<td style=\"text-align: center;\"><\/td>\n<td style=\"text-align: center;\" width=\"218\">220-400g\/m\u00b2<\/td>\n<\/tr>\n<tr>\n<td style=\"text-align: center;\" width=\"271\">\u0110\u1ed9 b\u1ec1n m\u00e0u khi c\u1ecd x\u00e1t<\/td>\n<td style=\"text-align: center;\">Ti\u00eau chu\u1ea9n ISO 105-X12:2016<\/td>\n<td style=\"text-align: center;\" width=\"218\">Nhu\u1ed9m kh\u00f4 4-5<br \/>\nNhu\u1ed9m \u01b0\u1edbt 4-5<\/td>\n<\/tr>\n<tr>\n<td style=\"text-align: center;\" width=\"271\">\u0110\u1ed9 b\u1ec1n m\u00e0u v\u1edbi \u00e1nh s\u00e1ng<\/td>\n<td style=\"text-align: center;\" width=\"229\">Ti\u00eau chu\u1ea9n ISO 105-B02:2014<\/td>\n<td style=\"text-align: center;\">8<\/td>\n<\/tr>\n<tr>\n<td style=\"text-align: center;\" width=\"271\">\u0110\u1ed9 b\u1ec1n m\u00e0u v\u1edbi th\u1eddi ti\u1ebft<\/td>\n<td style=\"text-align: center;\">Ti\u00eau chu\u1ea9n ISO 105-B04:1994<\/td>\n<td style=\"text-align: center;\">7<\/td>\n<\/tr>\n<tr>\n<td style=\"text-align: center;\" width=\"271\">\u0110\u1ed9 b\u1ec1n m\u00e0u v\u1edbi \u00e1nh s\u00e1ng<br \/>\n(Sau 1500 gi\u1edd thay \u0111\u1ed5i trong Shad)<\/td>\n<td style=\"text-align: center;\" width=\"229\">Ti\u00eau chu\u1ea9n AATCC 16.3-2014;<br \/>\nT\u00f9y ch\u1ecdn 3; \u0110\u00e8n h\u1ed3 quang Xenon<\/td>\n<td style=\"text-align: center;\" width=\"218\">4<\/td>\n<\/tr>\n<tr>\n<td style=\"text-align: center;\" width=\"271\">Kh\u00f4ng th\u1ea5m n\u01b0\u1edbc<br \/>\n20\u00b12\u2103<\/td>\n<td style=\"text-align: center;\">1SO 4920:2012(E)Th\u1eed nghi\u1ec7m phun<\/td>\n<td style=\"text-align: center;\" width=\"218\">4-5<\/td>\n<\/tr>\n<tr>\n<td style=\"text-align: center;\" width=\"271\">Ch\u1ea5t ch\u1ed1ng c\u1ed3n\/n\u01b0\u1edbc<br \/>\n0,6cm 10 gi\u00e2y 45\u00b0<\/td>\n<td style=\"text-align: center;\">Ti\u00eau chu\u1ea9n AATCC 193<\/td>\n<td style=\"text-align: center;\">4<\/td>\n<\/tr>\n<tr>\n<td style=\"text-align: center;\" width=\"271\">Ch\u1ea5t ch\u1ed1ng th\u1ea5m d\u1ea7u<br \/>\n0,6cm 30 gi\u00e2y 45\u00b0 27,3mN\/m<\/td>\n<td style=\"text-align: center;\">AATCC 118<\/td>\n<td style=\"text-align: center;\">3<\/td>\n<\/tr>\n<tr>\n<td style=\"text-align: center;\">X\u1ebfp h\u1ea1ng UPF<\/td>\n<td style=\"text-align: center;\">Ti\u00eau chu\u1ea9n AATCC 183-2014<\/td>\n<td style=\"text-align: center;\" width=\"218\">50+<\/td>\n<\/tr>\n<\/tbody>\n<\/table>\n<p>&nbsp;<\/p>\n<p>&nbsp;<\/p>\n<p>&nbsp;<\/p>","protected":false},"excerpt":{"rendered":"<p><span style=\"vertical-align: inherit;\"><span style=\"vertical-align: inherit;\">1000 m\uff08MOQ\uff09<\/span><\/span><\/p>","protected":false},"featured_media":7071,"comment_status":"closed","ping_status":"closed","template":"","meta":{"_uag_custom_page_level_css":"","site-sidebar-layout":"default","site-content-layout":"default","ast-site-content-layout":"","site-content-style":"default","site-sidebar-style":"default","ast-global-header-display":"","ast-banner-title-visibility":"","ast-main-header-display":"","ast-hfb-above-header-display":"","ast-hfb-below-header-display":"","ast-hfb-mobile-header-display":"","site-post-title":"","ast-breadcrumbs-content":"","ast-featured-img":"","footer-sml-layout":"","theme-transparent-header-meta":"default","adv-header-id-meta":"","stick-header-meta":"default","header-above-stick-meta":"","header-main-stick-meta":"","header-below-stick-meta":"","astra-migrate-meta-layouts":"default","ast-page-background-enabled":"default","ast-page-background-meta":{"desktop":{"background-color":"","background-image":"","background-repeat":"repeat","background-position":"center center","background-size":"auto","background-attachment":"scroll","background-type":"","background-media":"","overlay-type":"","overlay-color":"","overlay-opacity":"","overlay-gradient":""},"tablet":{"background-color":"","background-image":"","background-repeat":"repeat","background-position":"center center","background-size":"auto","background-attachment":"scroll","background-type":"","background-media":"","overlay-type":"","overlay-color":"","overlay-opacity":"","overlay-gradient":""},"mobile":{"background-color":"","background-image":"","background-repeat":"repeat","background-position":"center center","background-size":"auto","background-attachment":"scroll","background-type":"","background-media":"","overlay-type":"","overlay-color":"","overlay-opacity":"","overlay-gradient":""}},"ast-content-background-meta":{"desktop":{"background-color":"var(--ast-global-color-5)","background-image":"","background-repeat":"repeat","background-position":"center center","background-size":"auto","background-attachment":"scroll","background-type":"","background-media":"","overlay-type":"","overlay-color":"","overlay-opacity":"","overlay-gradient":""},"tablet":{"background-color":"var(--ast-global-color-5)","background-image":"","background-repeat":"repeat","background-position":"center center","background-size":"auto","background-attachment":"scroll","background-type":"","background-media":"","overlay-type":"","overlay-color":"","overlay-opacity":"","overlay-gradient":""},"mobile":{"background-color":"var(--ast-global-color-5)","background-image":"","background-repeat":"repeat","background-position":"center center","background-size":"auto","background-attachment":"scroll","background-type":"","background-media":"","overlay-type":"","overlay-color":"","overlay-opacity":"","overlay-gradient":""}}},"product_brand":[],"product_cat":[1169,1126,433,1697,414],"product_tag":[],"class_list":{"0":"post-7090","1":"product","2":"type-product","3":"status-publish","4":"has-post-thumbnail","6":"product_cat-solution-dyed-acrylic-fabric","7":"product_cat-fabric-for-awning","8":"product_cat-textile-for-industrial","9":"product_cat-uv-protection-fabric","10":"product_cat-waterproof-fabrics","11":"pa_available_colors-1526-03","12":"pa_available_colors-1526-07","13":"pa_available_colors-1526-39","14":"pa_available_colors-1526-42","15":"pa_available_colors-1526-43","16":"pa_available_colors-1526-48","17":"pa_available_colors-1526-49","18":"pa_available_colors-1526-50","19":"pa_available_colors-1526-51","20":"pa_available_colors-1526-52","21":"desktop-align-left","22":"tablet-align-left","23":"mobile-align-left","24":"ast-product-gallery-layout-vertical-slider","25":"ast-product-tabs-layout-horizontal","27":"first","28":"instock","29":"shipping-taxable","30":"product-type-simple"},"uagb_featured_image_src":{"full":["https:\/\/www.sikortex.com\/wp-content\/uploads\/2024\/09\/O1CN01EkCWtT1HxtfJZfnti_959560825-0-cib.jpg",800,800,false],"thumbnail":["https:\/\/www.sikortex.com\/wp-content\/uploads\/2024\/09\/O1CN01EkCWtT1HxtfJZfnti_959560825-0-cib-150x150.jpg",150,150,true],"medium":["https:\/\/www.sikortex.com\/wp-content\/uploads\/2024\/09\/O1CN01EkCWtT1HxtfJZfnti_959560825-0-cib-300x300.jpg",300,300,true],"medium_large":["https:\/\/www.sikortex.com\/wp-content\/uploads\/2024\/09\/O1CN01EkCWtT1HxtfJZfnti_959560825-0-cib-768x768.jpg",768,768,true],"large":["https:\/\/www.sikortex.com\/wp-content\/uploads\/2024\/09\/O1CN01EkCWtT1HxtfJZfnti_959560825-0-cib.jpg",800,800,false],"1536x1536":["https:\/\/www.sikortex.com\/wp-content\/uploads\/2024\/09\/O1CN01EkCWtT1HxtfJZfnti_959560825-0-cib.jpg",800,800,false],"2048x2048":["https:\/\/www.sikortex.com\/wp-content\/uploads\/2024\/09\/O1CN01EkCWtT1HxtfJZfnti_959560825-0-cib.jpg",800,800,false],"trp-custom-language-flag":["https:\/\/www.sikortex.com\/wp-content\/uploads\/2024\/09\/O1CN01EkCWtT1HxtfJZfnti_959560825-0-cib-12x12.jpg",12,12,true],"woocommerce_thumbnail":["https:\/\/www.sikortex.com\/wp-content\/uploads\/2024\/09\/O1CN01EkCWtT1HxtfJZfnti_959560825-0-cib-300x300.jpg",300,300,true],"woocommerce_single":["https:\/\/www.sikortex.com\/wp-content\/uploads\/2024\/09\/O1CN01EkCWtT1HxtfJZfnti_959560825-0-cib-600x600.jpg",600,600,true],"woocommerce_gallery_thumbnail":["https:\/\/www.sikortex.com\/wp-content\/uploads\/2024\/09\/O1CN01EkCWtT1HxtfJZfnti_959560825-0-cib-100x100.jpg",100,100,true]},"uagb_author_info":{"display_name":"Perry","author_link":"https:\/\/www.sikortex.com\/vi\/author\/"},"uagb_comment_info":0,"uagb_excerpt":"1000 m\uff08MOQ\uff09","_links":{"self":[{"href":"https:\/\/www.sikortex.com\/vi\/wp-json\/wp\/v2\/product\/7090","targetHints":{"allow":["GET"]}}],"collection":[{"href":"https:\/\/www.sikortex.com\/vi\/wp-json\/wp\/v2\/product"}],"about":[{"href":"https:\/\/www.sikortex.com\/vi\/wp-json\/wp\/v2\/types\/product"}],"replies":[{"embeddable":true,"href":"https:\/\/www.sikortex.com\/vi\/wp-json\/wp\/v2\/comments?post=7090"}],"wp:featuredmedia":[{"embeddable":true,"href":"https:\/\/www.sikortex.com\/vi\/wp-json\/wp\/v2\/media\/7071"}],"wp:attachment":[{"href":"https:\/\/www.sikortex.com\/vi\/wp-json\/wp\/v2\/media?parent=7090"}],"wp:term":[{"taxonomy":"product_brand","embeddable":true,"href":"https:\/\/www.sikortex.com\/vi\/wp-json\/wp\/v2\/product_brand?post=7090"},{"taxonomy":"product_cat","embeddable":true,"href":"https:\/\/www.sikortex.com\/vi\/wp-json\/wp\/v2\/product_cat?post=7090"},{"taxonomy":"product_tag","embeddable":true,"href":"https:\/\/www.sikortex.com\/vi\/wp-json\/wp\/v2\/product_tag?post=7090"}],"curies":[{"name":"wp","href":"https:\/\/api.w.org\/{rel}","templated":true}]}}