{"id":6995,"date":"2024-08-26T11:12:18","date_gmt":"2024-08-26T03:12:18","guid":{"rendered":"https:\/\/www.sikortex.com\/?post_type=product&#038;p=6995"},"modified":"2025-04-17T14:02:10","modified_gmt":"2025-04-17T06:02:10","slug":"sk8344-polyestre-bong-vai-co-gian-3","status":"publish","type":"product","link":"https:\/\/www.sikortex.com\/vi\/san-pham\/sk8344-polyestre-bong-vai-co-gian-3\/","title":{"rendered":"V\u1ea3i polyester cotton T400 co gi\u00e3n ripstop d\u00f9ng cho qu\u1ea7n \u00e1o chi\u1ebfn thu\u1eadt"},"content":{"rendered":"<p>Nh\u00e0 s\u1ea3n xu\u1ea5t v\u1ea3i hi\u1ec7u su\u1ea5t cao SIKOR-TEX<\/p>\n<p>V\u1ea3i polyester cotton T400 co gi\u00e3n ripstop l\u00e0 ch\u1ea5t li\u1ec7u cao c\u1ea5p l\u00fd t\u01b0\u1edfng cho \u0111\u1ed3ng ph\u1ee5c chi\u1ebfn thu\u1eadt v\u00e0 qu\u1ea7n \u00e1o l\u00e0m vi\u1ec7c c\u1ee7a c\u1ea3nh s\u00e1t. Tho\u1ea3i m\u00e1i khi m\u1eb7c v\u00e0 d\u1ec5 ch\u0103m s\u00f3c. R\u1ea5t b\u1ec1n v\u00e0 ch\u1ed1ng r\u00e1ch, c\u00f3 ngh\u0129a l\u00e0 c\u00f3 th\u1ec3 ch\u1ecbu \u0111\u01b0\u1ee3c s\u1ef1 hao m\u00f2n khi s\u1eed d\u1ee5ng h\u00e0ng ng\u00e0y. Ch\u1ee9c n\u0103ng co gi\u00e3n T400 mang l\u1ea1i s\u1ef1 tho\u1ea3i m\u00e1i v\u00e0 linh ho\u1ea1t h\u01a1n, khi\u1ebfn \u0111\u00e2y tr\u1edf th\u00e0nh l\u1ef1a ch\u1ecdn l\u00fd t\u01b0\u1edfng cho c\u1ea3nh s\u00e1t v\u00e0 c\u00e1c chuy\u00ean gia kh\u00e1c c\u1ea7n c\u00f3 ph\u1ea1m vi chuy\u1ec3n \u0111\u1ed9ng \u0111\u1ea7y \u0111\u1ee7.<\/p>\n<p>Ngo\u00e0i ra, v\u1ea3i l\u00e0 s\u1ee3i polyester 80%, c\u00f3 kh\u1ea3 n\u0103ng ch\u1ed1ng m\u00e0i m\u00f2n cao v\u00e0 \u0111\u1ed9 \u0111\u00e0n h\u1ed3i t\u1ed1t theo h\u01b0\u1edbng ngang. T\u1ef7 l\u1ec7 gi\u00e3n d\u00e0i \u0111\u00e0n h\u1ed3i v\u01b0\u1ee3t qu\u00e1 23% v\u00e0 h\u00e0m l\u01b0\u1ee3ng cotton 20% mang l\u1ea1i s\u1ef1 tho\u1ea3i m\u00e1i \u0111\u1ed3ng th\u1eddi \u0111\u1ea3m b\u1ea3o \u0111\u1ed9 b\u1ec1n. C\u00e1c quy tr\u00ecnh ho\u00e0n thi\u1ec7n \u0111\u1eb7c bi\u1ec7t b\u1ed5 sung nh\u01b0 ch\u1ed1ng tia c\u1ef1c t\u00edm, th\u1ea5m m\u1ed3 h\u00f4i v\u00e0 kh\u00f4 nhanh, ch\u1ed1ng th\u1ea5m n\u01b0\u1edbc kh\u00f4ng ch\u1ee9a flo, ch\u1ed1ng th\u1ea5m d\u1ea7u, Teflon v\u00e0 c\u00e1c quy tr\u00ecnh ho\u00e0n thi\u1ec7n kh\u00e1c mang l\u1ea1i nhi\u1ec1u l\u1ef1a ch\u1ecdn ch\u1ee9c n\u0103ng h\u01a1n cho v\u1ea3i.<br \/>\nLo\u1ea1i v\u1ea3i n\u00e0y l\u00e0 \u1ee9ng d\u1ee5ng \u0111\u1ed9t ph\u00e1 c\u1ee7a c\u00f4ng ngh\u1ec7 s\u1ee3i polyester co gi\u00e3n T400 m\u1edbi nh\u1ea5t. N\u00f3 nh\u1eb9 nh\u01b0ng v\u1eabn gi\u1eef \u0111\u01b0\u1ee3c \u0111\u1ed9 b\u1ec1n v\u00e0 \u0111\u1ed9 d\u00e0y, c\u00f3 th\u1ec3 gi\u1ea3m t\u1ea3i cho binh l\u00ednh ho\u1eb7c c\u1ea3nh s\u00e1t v\u00e0 c\u00e1c nh\u00e2n vi\u00ean kh\u00e1c, v\u00e0 l\u00e0 xu h\u01b0\u1edbng thi\u1ebft b\u1ecb nh\u1eb9 trong t\u01b0\u01a1ng lai.<\/p>\n<p>Nh\u00ecn chung, V\u1ea3i co gi\u00e3n T400 Ripstop d\u00e0nh cho trang ph\u1ee5c chi\u1ebfn thu\u1eadt l\u00e0 m\u1ed9t lo\u1ea1i v\u1eadt li\u1ec7u \u0111a n\u0103ng v\u00e0 b\u1ec1n b\u1ec9, ph\u00f9 h\u1ee3p v\u1edbi nhi\u1ec1u \u1ee9ng d\u1ee5ng kh\u00e1c nhau. C\u00e1c \u0111\u1eb7c \u0111i\u1ec3m \u0111\u1ed9c \u0111\u00e1o c\u1ee7a n\u00f3 khi\u1ebfn n\u00f3 tr\u1edf th\u00e0nh l\u1ef1a ch\u1ecdn l\u00fd t\u01b0\u1edfng cho \u00e1o s\u01a1 mi v\u00e0 qu\u1ea7n chi\u1ebfn thu\u1eadt, mang l\u1ea1i s\u1ef1 tho\u1ea3i m\u00e1i v\u00e0 \u0111\u1ed9 b\u1ec1n cho m\u1ee5c \u0111\u00edch s\u1eed d\u1ee5ng h\u00e0ng ng\u00e0y.<\/p>\n<p>Duy\u1ec7t th\u00eam <a href=\"https:\/\/www.sikortex.com\/vi\/military-fabric-ripstop-fabric\/\">v\u1eadt li\u1ec7u ripstop<\/a><\/p>","protected":false},"excerpt":{"rendered":"<p>1000 m\u00e9t (\u0110\u01a1n h\u00e0ng t\u1ed1i thi\u1ec3u)<\/p>","protected":false},"featured_media":6817,"comment_status":"closed","ping_status":"closed","template":"","meta":{"_uag_custom_page_level_css":"","site-sidebar-layout":"default","site-content-layout":"default","ast-site-content-layout":"default","site-content-style":"default","site-sidebar-style":"default","ast-global-header-display":"","ast-banner-title-visibility":"","ast-main-header-display":"","ast-hfb-above-header-display":"","ast-hfb-below-header-display":"","ast-hfb-mobile-header-display":"","site-post-title":"","ast-breadcrumbs-content":"","ast-featured-img":"","footer-sml-layout":"","theme-transparent-header-meta":"default","adv-header-id-meta":"","stick-header-meta":"default","header-above-stick-meta":"","header-main-stick-meta":"","header-below-stick-meta":"","astra-migrate-meta-layouts":"set","ast-page-background-enabled":"default","ast-page-background-meta":{"desktop":{"background-color":"","background-image":"","background-repeat":"repeat","background-position":"center center","background-size":"auto","background-attachment":"scroll","background-type":"","background-media":"","overlay-type":"","overlay-color":"","overlay-opacity":"","overlay-gradient":""},"tablet":{"background-color":"","background-image":"","background-repeat":"repeat","background-position":"center center","background-size":"auto","background-attachment":"scroll","background-type":"","background-media":"","overlay-type":"","overlay-color":"","overlay-opacity":"","overlay-gradient":""},"mobile":{"background-color":"","background-image":"","background-repeat":"repeat","background-position":"center center","background-size":"auto","background-attachment":"scroll","background-type":"","background-media":"","overlay-type":"","overlay-color":"","overlay-opacity":"","overlay-gradient":""}},"ast-content-background-meta":{"desktop":{"background-color":"var(--ast-global-color-5)","background-image":"","background-repeat":"repeat","background-position":"center center","background-size":"auto","background-attachment":"scroll","background-type":"","background-media":"","overlay-type":"","overlay-color":"","overlay-opacity":"","overlay-gradient":""},"tablet":{"background-color":"var(--ast-global-color-5)","background-image":"","background-repeat":"repeat","background-position":"center center","background-size":"auto","background-attachment":"scroll","background-type":"","background-media":"","overlay-type":"","overlay-color":"","overlay-opacity":"","overlay-gradient":""},"mobile":{"background-color":"var(--ast-global-color-5)","background-image":"","background-repeat":"repeat","background-position":"center center","background-size":"auto","background-attachment":"scroll","background-type":"","background-media":"","overlay-type":"","overlay-color":"","overlay-opacity":"","overlay-gradient":""}}},"product_brand":[],"product_cat":[423,403],"product_tag":[],"class_list":{"0":"post-6995","1":"product","2":"type-product","3":"status-publish","4":"has-post-thumbnail","6":"product_cat-fabric-for-military-police","7":"product_cat-polyester-fabrics","8":"pa_available_colors-1526-04","9":"pa_available_colors-1526-08","10":"pa_available_colors-8236-19","11":"pa_available_colors-8236-3","12":"pa_available_colors-911052-spc","13":"desktop-align-left","14":"tablet-align-left","15":"mobile-align-left","16":"ast-product-gallery-layout-vertical-slider","17":"ast-product-tabs-layout-horizontal","19":"first","20":"instock","21":"shipping-taxable","22":"product-type-simple"},"uagb_featured_image_src":{"full":["https:\/\/www.sikortex.com\/wp-content\/uploads\/2023\/06\/9ee724d85b21c5676c7af5e0991b710.jpg",800,800,false],"thumbnail":["https:\/\/www.sikortex.com\/wp-content\/uploads\/2023\/06\/9ee724d85b21c5676c7af5e0991b710-150x150.jpg",150,150,true],"medium":["https:\/\/www.sikortex.com\/wp-content\/uploads\/2023\/06\/9ee724d85b21c5676c7af5e0991b710-300x300.jpg",300,300,true],"medium_large":["https:\/\/www.sikortex.com\/wp-content\/uploads\/2023\/06\/9ee724d85b21c5676c7af5e0991b710-768x768.jpg",768,768,true],"large":["https:\/\/www.sikortex.com\/wp-content\/uploads\/2023\/06\/9ee724d85b21c5676c7af5e0991b710.jpg",800,800,false],"1536x1536":["https:\/\/www.sikortex.com\/wp-content\/uploads\/2023\/06\/9ee724d85b21c5676c7af5e0991b710.jpg",800,800,false],"2048x2048":["https:\/\/www.sikortex.com\/wp-content\/uploads\/2023\/06\/9ee724d85b21c5676c7af5e0991b710.jpg",800,800,false],"trp-custom-language-flag":["https:\/\/www.sikortex.com\/wp-content\/uploads\/2023\/06\/9ee724d85b21c5676c7af5e0991b710-12x12.jpg",12,12,true],"woocommerce_thumbnail":["https:\/\/www.sikortex.com\/wp-content\/uploads\/2023\/06\/9ee724d85b21c5676c7af5e0991b710-300x300.jpg",300,300,true],"woocommerce_single":["https:\/\/www.sikortex.com\/wp-content\/uploads\/2023\/06\/9ee724d85b21c5676c7af5e0991b710-600x600.jpg",600,600,true],"woocommerce_gallery_thumbnail":["https:\/\/www.sikortex.com\/wp-content\/uploads\/2023\/06\/9ee724d85b21c5676c7af5e0991b710-100x100.jpg",100,100,true]},"uagb_author_info":{"display_name":"Perry","author_link":"https:\/\/www.sikortex.com\/vi\/author\/"},"uagb_comment_info":0,"uagb_excerpt":"1000 Meters(Min.Order)","_links":{"self":[{"href":"https:\/\/www.sikortex.com\/vi\/wp-json\/wp\/v2\/product\/6995","targetHints":{"allow":["GET"]}}],"collection":[{"href":"https:\/\/www.sikortex.com\/vi\/wp-json\/wp\/v2\/product"}],"about":[{"href":"https:\/\/www.sikortex.com\/vi\/wp-json\/wp\/v2\/types\/product"}],"replies":[{"embeddable":true,"href":"https:\/\/www.sikortex.com\/vi\/wp-json\/wp\/v2\/comments?post=6995"}],"wp:featuredmedia":[{"embeddable":true,"href":"https:\/\/www.sikortex.com\/vi\/wp-json\/wp\/v2\/media\/6817"}],"wp:attachment":[{"href":"https:\/\/www.sikortex.com\/vi\/wp-json\/wp\/v2\/media?parent=6995"}],"wp:term":[{"taxonomy":"product_brand","embeddable":true,"href":"https:\/\/www.sikortex.com\/vi\/wp-json\/wp\/v2\/product_brand?post=6995"},{"taxonomy":"product_cat","embeddable":true,"href":"https:\/\/www.sikortex.com\/vi\/wp-json\/wp\/v2\/product_cat?post=6995"},{"taxonomy":"product_tag","embeddable":true,"href":"https:\/\/www.sikortex.com\/vi\/wp-json\/wp\/v2\/product_tag?post=6995"}],"curies":[{"name":"wp","href":"https:\/\/api.w.org\/{rel}","templated":true}]}}