{"id":6777,"date":"2023-11-06T09:41:55","date_gmt":"2023-11-06T01:41:55","guid":{"rendered":"https:\/\/www.sikortex.com\/?post_type=product&#038;p=6777"},"modified":"2023-11-06T10:05:01","modified_gmt":"2023-11-06T02:05:01","slug":"sk8238-3","status":"publish","type":"product","link":"https:\/\/www.sikortex.com\/vi\/san-pham\/sk8238-3\/","title":{"rendered":"V\u1ea3i ch\u1ea7n b\u00f4ng hai m\u1eb7t c\u00f3 th\u1ec3 t\u00e1i ch\u1ebf"},"content":{"rendered":"<p>V\u1ea3i ch\u1ea7n b\u00f4ng hai m\u1eb7t c\u00f3 th\u1ec3 t\u00e1i ch\u1ebf c\u1ee7a SIKOR-TEX<\/p>\n<p>C\u00f4ng ngh\u1ec7 li\u00ean k\u1ebft si\u00eau \u00e2m l\u00e0 ph\u01b0\u01a1ng ph\u00e1p kh\u00f4ng c\u1ea7n kim v\u00e0 kh\u00f4ng c\u1ea7n ren, s\u1eed d\u1ee5ng rung \u0111\u1ed9ng si\u00eau \u00e2m \u0111\u1ec3 k\u1ebft d\u00ednh hai ho\u1eb7c nhi\u1ec1u l\u1edbp v\u1eadt li\u1ec7u v\u1edbi nhau th\u00f4ng qua ma s\u00e1t t\u1ea7n s\u1ed1 cao. C\u00f4ng ngh\u1ec7 n\u00e0y \u0111\u01b0\u1ee3c \u1ee9ng d\u1ee5ng r\u1ed9ng r\u00e3i trong c\u00e1c l\u0129nh v\u1ef1c nh\u01b0 d\u1ec7t may, nh\u1ef1a, n\u1ed9i th\u1ea5t \u00f4 t\u00f4 v\u00e0 thi\u1ebft b\u1ecb y t\u1ebf.<\/p>\n<p>Cotton li\u00ean k\u1ebft phun polyester l\u00e0 v\u1eadt li\u1ec7u \u0111\u1ed9n c\u00f3 \u0111\u1ed9 m\u1ec1m m\u1ea1i v\u00e0 \u0111\u1ed9 \u0111\u00e0n h\u1ed3i t\u1ed1t. Trong qu\u00e1 tr\u00ecnh li\u00ean k\u1ebft, cotton li\u00ean k\u1ebft phun polyester c\u00f3 th\u1ec3 \u0111\u01b0\u1ee3c \u0111\u1eb7t v\u00e0o v\u00f9ng \u0111\u1ed9n mong mu\u1ed1n, sau \u0111\u00f3 c\u00f3 th\u1ec3 k\u1ebft h\u1ee3p v\u1edbi c\u00e1c v\u1eadt li\u1ec7u kh\u00e1c b\u1eb1ng rung \u0111\u1ed9ng si\u00eau \u00e2m \u0111\u1ec3 t\u1ea1o ra k\u1ebft n\u1ed1i ch\u1eafc ch\u1eafn. V\u1eadt li\u1ec7u \u0111\u1ed9n c\u00f3 th\u1ec3 n\u00e2ng cao \u0111\u1ed9 tho\u1ea3i m\u00e1i, \u0111\u1ed9 \u0111\u00e0n h\u1ed3i v\u00e0 hi\u1ec7u su\u1ea5t c\u00e1ch nhi\u1ec7t c\u1ee7a s\u1ea3n ph\u1ea9m.<\/p>\n<p>B\u00f4ng polyester phun li\u00ean k\u1ebft c\u00f3 th\u1ec3 t\u00e1i ch\u1ebf l\u00e0 lo\u1ea1i v\u1eadt li\u1ec7u l\u00e0m \u0111\u1ea7y c\u00f3 th\u1ec3 \u0111\u01b0\u1ee3c thu h\u1ed3i v\u00e0 t\u00e1i s\u1eed d\u1ee5ng hi\u1ec7u qu\u1ea3. Trong qu\u00e1 tr\u00ecnh s\u1eed d\u1ee5ng, n\u1ebfu c\u1ea7n thay th\u1ebf v\u1eadt li\u1ec7u l\u00e0m \u0111\u1ea7y ho\u1eb7c th\u1ef1c hi\u1ec7n b\u1ea3o tr\u00ec s\u1ea3n ph\u1ea9m, b\u00f4ng polyester phun li\u00ean k\u1ebft \u0111\u00e3 qua s\u1eed d\u1ee5ng c\u00f3 th\u1ec3 \u0111\u01b0\u1ee3c t\u00e1ch ra v\u00e0 t\u00e1i ch\u1ebf b\u1eb1ng c\u00e1c ph\u01b0\u01a1ng ph\u00e1p th\u00edch h\u1ee3p. Th\u1ef1c h\u00e0nh b\u1ec1n v\u1eefng n\u00e0y g\u00f3p ph\u1ea7n t\u00e1i ch\u1ebf t\u00e0i nguy\u00ean v\u00e0 gi\u1ea3m t\u00e1c \u0111\u1ed9ng \u0111\u1ebfn m\u00f4i tr\u01b0\u1eddng.<\/p>\n<p>V\u1ea3i ch\u1ea7n b\u00f4ng tr\u01b0\u1edbc c\u1ee7a ch\u00fang t\u00f4i \u0111\u00e3 \u00e1p d\u1ee5ng m\u1ed9t k\u1ef9 thu\u1eadt ti\u1ec7n l\u1ee3i \u0111\u1ec3 thi\u1ebft k\u1ebf c\u00e1c m\u1eabu trong qu\u00e1 tr\u00ecnh li\u00ean k\u1ebft. C\u00f4ng ngh\u1ec7 n\u00e0y \u0111\u00e1p \u1ee9ng nhu c\u1ea7u s\u00e1ng t\u1ea1o c\u1ee7a c\u00e1c nh\u00e0 thi\u1ebft k\u1ebf v\u00e0 c\u00f3 s\u1ed1 l\u01b0\u1ee3ng \u0111\u1eb7t h\u00e0ng t\u1ed1i thi\u1ec3u r\u1ea5t th\u1ea5p, lo\u1ea1i b\u1ecf m\u1ed1i lo ng\u1ea1i v\u1ec1 chi ph\u00ed ph\u00e1t tri\u1ec3n. N\u00f3 cung c\u1ea5p cho c\u00e1c nh\u00e0 thi\u1ebft k\u1ebf m\u1ed9t gi\u1ea3i ph\u00e1p ti\u1ec7n l\u1ee3i v\u00e0 ti\u1ebft ki\u1ec7m chi ph\u00ed, cho ph\u00e9p h\u1ecd hi\u1ec7n th\u1ef1c h\u00f3a c\u00e1c \u00fd t\u01b0\u1edfng ti\u00ean ti\u1ebfn c\u1ee7a m\u00ecnh.<\/p>\n<p>&nbsp;<\/p>\n<p>&nbsp;<\/p>\n<p>&nbsp;<\/p>","protected":false},"excerpt":{"rendered":"<p>1000 m\u00e9t (\u0110\u01a1n h\u00e0ng t\u1ed1i thi\u1ec3u)<\/p>","protected":false},"featured_media":6780,"comment_status":"closed","ping_status":"closed","template":"","meta":{"_uag_custom_page_level_css":"","site-sidebar-layout":"default","site-content-layout":"default","ast-site-content-layout":"","site-content-style":"default","site-sidebar-style":"default","ast-global-header-display":"","ast-banner-title-visibility":"","ast-main-header-display":"","ast-hfb-above-header-display":"","ast-hfb-below-header-display":"","ast-hfb-mobile-header-display":"","site-post-title":"","ast-breadcrumbs-content":"","ast-featured-img":"","footer-sml-layout":"","theme-transparent-header-meta":"default","adv-header-id-meta":"","stick-header-meta":"default","header-above-stick-meta":"","header-main-stick-meta":"","header-below-stick-meta":"","astra-migrate-meta-layouts":"default","ast-page-background-enabled":"default","ast-page-background-meta":{"desktop":{"background-color":"","background-image":"","background-repeat":"repeat","background-position":"center center","background-size":"auto","background-attachment":"scroll","background-type":"","background-media":"","overlay-type":"","overlay-color":"","overlay-opacity":"","overlay-gradient":""},"tablet":{"background-color":"","background-image":"","background-repeat":"repeat","background-position":"center center","background-size":"auto","background-attachment":"scroll","background-type":"","background-media":"","overlay-type":"","overlay-color":"","overlay-opacity":"","overlay-gradient":""},"mobile":{"background-color":"","background-image":"","background-repeat":"repeat","background-position":"center center","background-size":"auto","background-attachment":"scroll","background-type":"","background-media":"","overlay-type":"","overlay-color":"","overlay-opacity":"","overlay-gradient":""}},"ast-content-background-meta":{"desktop":{"background-color":"var(--ast-global-color-5)","background-image":"","background-repeat":"repeat","background-position":"center center","background-size":"auto","background-attachment":"scroll","background-type":"","background-media":"","overlay-type":"","overlay-color":"","overlay-opacity":"","overlay-gradient":""},"tablet":{"background-color":"var(--ast-global-color-5)","background-image":"","background-repeat":"repeat","background-position":"center center","background-size":"auto","background-attachment":"scroll","background-type":"","background-media":"","overlay-type":"","overlay-color":"","overlay-opacity":"","overlay-gradient":""},"mobile":{"background-color":"var(--ast-global-color-5)","background-image":"","background-repeat":"repeat","background-position":"center center","background-size":"auto","background-attachment":"scroll","background-type":"","background-media":"","overlay-type":"","overlay-color":"","overlay-opacity":"","overlay-gradient":""}}},"product_brand":[],"product_cat":[431,428,403,414],"product_tag":[],"class_list":{"0":"post-6777","1":"product","2":"type-product","3":"status-publish","4":"has-post-thumbnail","6":"product_cat-fabric-for-commuting-clothing","7":"product_cat-fabric-for-outdoor-sports","8":"product_cat-polyester-fabrics","9":"product_cat-waterproof-fabrics","10":"pa_available_colors-fluorescent-orange","11":"pa_available_colors-fluorescent-red","12":"pa_available_colors-fluorescent-yellow","13":"desktop-align-left","14":"tablet-align-left","15":"mobile-align-left","16":"ast-product-gallery-layout-vertical-slider","17":"ast-product-tabs-layout-horizontal","19":"first","20":"instock","21":"shipping-taxable","22":"product-type-simple"},"uagb_featured_image_src":{"full":["https:\/\/www.sikortex.com\/wp-content\/uploads\/2023\/11\/photobank-2023-10-31T092541.603.jpg",1000,667,false],"thumbnail":["https:\/\/www.sikortex.com\/wp-content\/uploads\/2023\/11\/photobank-2023-10-31T092541.603-150x150.jpg",150,150,true],"medium":["https:\/\/www.sikortex.com\/wp-content\/uploads\/2023\/11\/photobank-2023-10-31T092541.603-300x200.jpg",300,200,true],"medium_large":["https:\/\/www.sikortex.com\/wp-content\/uploads\/2023\/11\/photobank-2023-10-31T092541.603-768x512.jpg",768,512,true],"large":["https:\/\/www.sikortex.com\/wp-content\/uploads\/2023\/11\/photobank-2023-10-31T092541.603.jpg",1000,667,false],"1536x1536":["https:\/\/www.sikortex.com\/wp-content\/uploads\/2023\/11\/photobank-2023-10-31T092541.603.jpg",1000,667,false],"2048x2048":["https:\/\/www.sikortex.com\/wp-content\/uploads\/2023\/11\/photobank-2023-10-31T092541.603.jpg",1000,667,false],"trp-custom-language-flag":["https:\/\/www.sikortex.com\/wp-content\/uploads\/2023\/11\/photobank-2023-10-31T092541.603-18x12.jpg",18,12,true],"woocommerce_thumbnail":["https:\/\/www.sikortex.com\/wp-content\/uploads\/2023\/11\/photobank-2023-10-31T092541.603-300x300.jpg",300,300,true],"woocommerce_single":["https:\/\/www.sikortex.com\/wp-content\/uploads\/2023\/11\/photobank-2023-10-31T092541.603-600x400.jpg",600,400,true],"woocommerce_gallery_thumbnail":["https:\/\/www.sikortex.com\/wp-content\/uploads\/2023\/11\/photobank-2023-10-31T092541.603-100x100.jpg",100,100,true]},"uagb_author_info":{"display_name":"Perry","author_link":"https:\/\/www.sikortex.com\/vi\/author\/"},"uagb_comment_info":0,"uagb_excerpt":"1000 Meters(Min.Order)","_links":{"self":[{"href":"https:\/\/www.sikortex.com\/vi\/wp-json\/wp\/v2\/product\/6777","targetHints":{"allow":["GET"]}}],"collection":[{"href":"https:\/\/www.sikortex.com\/vi\/wp-json\/wp\/v2\/product"}],"about":[{"href":"https:\/\/www.sikortex.com\/vi\/wp-json\/wp\/v2\/types\/product"}],"replies":[{"embeddable":true,"href":"https:\/\/www.sikortex.com\/vi\/wp-json\/wp\/v2\/comments?post=6777"}],"wp:featuredmedia":[{"embeddable":true,"href":"https:\/\/www.sikortex.com\/vi\/wp-json\/wp\/v2\/media\/6780"}],"wp:attachment":[{"href":"https:\/\/www.sikortex.com\/vi\/wp-json\/wp\/v2\/media?parent=6777"}],"wp:term":[{"taxonomy":"product_brand","embeddable":true,"href":"https:\/\/www.sikortex.com\/vi\/wp-json\/wp\/v2\/product_brand?post=6777"},{"taxonomy":"product_cat","embeddable":true,"href":"https:\/\/www.sikortex.com\/vi\/wp-json\/wp\/v2\/product_cat?post=6777"},{"taxonomy":"product_tag","embeddable":true,"href":"https:\/\/www.sikortex.com\/vi\/wp-json\/wp\/v2\/product_tag?post=6777"}],"curies":[{"name":"wp","href":"https:\/\/api.w.org\/{rel}","templated":true}]}}