{"id":6737,"date":"2023-11-02T15:33:21","date_gmt":"2023-11-02T07:33:21","guid":{"rendered":"https:\/\/www.sikortex.com\/?post_type=product&#038;p=6737"},"modified":"2025-02-17T17:41:19","modified_gmt":"2025-02-17T09:41:19","slug":"sk8344-polyestre-bong-vai-co-gian-2","status":"publish","type":"product","link":"https:\/\/www.sikortex.com\/vi\/san-pham\/sk8344-polyestre-bong-vai-co-gian-2\/","title":{"rendered":"V\u1ea3i co gi\u00e3n Ripstop T400 cho qu\u1ea7n \u00e1o chi\u1ebfn thu\u1eadt"},"content":{"rendered":"<p>SIKOR-TEX Nh\u00e0 s\u1ea3n xu\u1ea5t v\u1ea3i hi\u1ec7u su\u1ea5t cao<\/p>\n<p>V\u1ea3i co gi\u00e3n T400 Ripstop d\u00e0nh cho qu\u1ea7n \u00e1o chi\u1ebfn thu\u1eadt l\u00e0 lo\u1ea1i v\u1ea3i ch\u1ea5t l\u01b0\u1ee3ng cao l\u00fd t\u01b0\u1edfng cho \u0111\u1ed3ng ph\u1ee5c chi\u1ebfn thu\u1eadt v\u00e0 qu\u1ea7n \u00e1o l\u00e0m vi\u1ec7c c\u1ee7a c\u1ea3nh s\u00e1t. Tho\u1ea3i m\u00e1i khi m\u1eb7c v\u00e0 d\u1ec5 ch\u0103m s\u00f3c. V\u1ea3i c\u1ef1c k\u1ef3 b\u1ec1n v\u00e0 ch\u1ed1ng r\u00e1ch, c\u00f3 ngh\u0129a l\u00e0 v\u1ea3i c\u00f3 th\u1ec3 ch\u1ecbu \u0111\u01b0\u1ee3c s\u1ef1 hao m\u00f2n khi s\u1eed d\u1ee5ng h\u00e0ng ng\u00e0y. T\u00ednh n\u0103ng co gi\u00e3n T400 mang l\u1ea1i s\u1ef1 tho\u1ea3i m\u00e1i v\u00e0 linh ho\u1ea1t h\u01a1n, l\u00fd t\u01b0\u1edfng cho c\u1ea3nh s\u00e1t v\u00e0 c\u00e1c chuy\u00ean gia kh\u00e1c c\u1ea7n c\u00f3 ph\u1ea1m vi chuy\u1ec3n \u0111\u1ed9ng \u0111\u1ea7y \u0111\u1ee7.<\/p>\n<p>Ngo\u00e0i ra, m\u1eb7c d\u00f9 v\u1ea3i l\u00e0 polyester 100%, nh\u01b0ng n\u00f3 \u0111\u01b0\u1ee3c \u00e1p d\u1ee5ng m\u1ed9t c\u00e1ch s\u00e1ng t\u1ea1o v\u00e0o m\u1ed9t lo\u1ea1i s\u1ee3i polyester m\u1edbi b\u1eaft ch\u01b0\u1edbc s\u1ee3i cotton, v\u1ec1 h\u00ecnh th\u1ee9c v\u00e0 k\u1ebft c\u1ea5u t\u01b0\u01a1ng t\u1ef1 nh\u01b0 cotton, c\u00f3 th\u1ec3 gi\u1eb7t \u0111\u01b0\u1ee3c, kh\u00f4ng d\u1ec5 nh\u0103n, d\u1ec5 b\u1ea3o qu\u1ea3n v\u00e0 gi\u1eef s\u1ea1ch s\u1ebd.<br \/>\nCh\u00fang t\u00f4i c\u0169ng cung c\u1ea5p v\u1ea3i ripstop d\u1ec7t t\u1eeb cotton th\u1eadt v\u00e0 c\u00e1c s\u1ee3i co gi\u00e3n kh\u00e1c, ph\u00f9 h\u1ee3p v\u1edbi ng\u01b0\u1eddi d\u00f9ng c\u00f3 y\u00eau c\u1ea7u cao h\u01a1n v\u1ec1 s\u1ef1 tho\u1ea3i m\u00e1i.<\/p>\n<p>Nh\u00ecn chung, V\u1ea3i co gi\u00e3n Ripstop T400 d\u00e0nh cho qu\u1ea7n \u00e1o chi\u1ebfn thu\u1eadt l\u00e0 lo\u1ea1i v\u1eadt li\u1ec7u \u0111a n\u0103ng v\u00e0 b\u1ec1n b\u1ec9, ph\u00f9 h\u1ee3p v\u1edbi nhi\u1ec1u \u1ee9ng d\u1ee5ng kh\u00e1c nhau. C\u00e1c \u0111\u1eb7c \u0111i\u1ec3m \u0111\u1ed9c \u0111\u00e1o c\u1ee7a n\u00f3 khi\u1ebfn n\u00f3 tr\u1edf n\u00ean l\u00fd t\u01b0\u1edfng cho \u00e1o s\u01a1 mi v\u00e0 qu\u1ea7n chi\u1ebfn thu\u1eadt, mang l\u1ea1i s\u1ef1 tho\u1ea3i m\u00e1i v\u00e0 \u0111\u1ed9 b\u1ec1n cho m\u1ee5c \u0111\u00edch s\u1eed d\u1ee5ng h\u00e0ng ng\u00e0y.<\/p>\n<p>Duy\u1ec7t th\u00eam <a href=\"https:\/\/www.sikortex.com\/vi\/military-fabric-ripstop-fabric\/\">v\u1eadt li\u1ec7u ripstop<\/a><\/p>","protected":false},"excerpt":{"rendered":"<p>1000 m\u00e9t (\u0110\u01a1n h\u00e0ng t\u1ed1i thi\u1ec3u)<\/p>","protected":false},"featured_media":6739,"comment_status":"closed","ping_status":"closed","template":"","meta":{"_uag_custom_page_level_css":"","site-sidebar-layout":"default","site-content-layout":"default","ast-site-content-layout":"","site-content-style":"default","site-sidebar-style":"default","ast-global-header-display":"","ast-banner-title-visibility":"","ast-main-header-display":"","ast-hfb-above-header-display":"","ast-hfb-below-header-display":"","ast-hfb-mobile-header-display":"","site-post-title":"","ast-breadcrumbs-content":"","ast-featured-img":"","footer-sml-layout":"","theme-transparent-header-meta":"default","adv-header-id-meta":"","stick-header-meta":"default","header-above-stick-meta":"","header-main-stick-meta":"","header-below-stick-meta":"","astra-migrate-meta-layouts":"default","ast-page-background-enabled":"default","ast-page-background-meta":{"desktop":{"background-color":"","background-image":"","background-repeat":"repeat","background-position":"center center","background-size":"auto","background-attachment":"scroll","background-type":"","background-media":"","overlay-type":"","overlay-color":"","overlay-opacity":"","overlay-gradient":""},"tablet":{"background-color":"","background-image":"","background-repeat":"repeat","background-position":"center center","background-size":"auto","background-attachment":"scroll","background-type":"","background-media":"","overlay-type":"","overlay-color":"","overlay-opacity":"","overlay-gradient":""},"mobile":{"background-color":"","background-image":"","background-repeat":"repeat","background-position":"center center","background-size":"auto","background-attachment":"scroll","background-type":"","background-media":"","overlay-type":"","overlay-color":"","overlay-opacity":"","overlay-gradient":""}},"ast-content-background-meta":{"desktop":{"background-color":"var(--ast-global-color-5)","background-image":"","background-repeat":"repeat","background-position":"center center","background-size":"auto","background-attachment":"scroll","background-type":"","background-media":"","overlay-type":"","overlay-color":"","overlay-opacity":"","overlay-gradient":""},"tablet":{"background-color":"var(--ast-global-color-5)","background-image":"","background-repeat":"repeat","background-position":"center center","background-size":"auto","background-attachment":"scroll","background-type":"","background-media":"","overlay-type":"","overlay-color":"","overlay-opacity":"","overlay-gradient":""},"mobile":{"background-color":"var(--ast-global-color-5)","background-image":"","background-repeat":"repeat","background-position":"center center","background-size":"auto","background-attachment":"scroll","background-type":"","background-media":"","overlay-type":"","overlay-color":"","overlay-opacity":"","overlay-gradient":""}}},"product_brand":[],"product_cat":[423,1206,403],"product_tag":[],"class_list":{"0":"post-6737","1":"product","2":"type-product","3":"status-publish","4":"has-post-thumbnail","6":"product_cat-fabric-for-military-police","7":"product_cat-fabric-for-bag","8":"product_cat-polyester-fabrics","9":"pa_available_colors-h-black","10":"desktop-align-left","11":"tablet-align-left","12":"mobile-align-left","13":"ast-product-gallery-layout-vertical-slider","14":"ast-product-tabs-layout-horizontal","16":"first","17":"instock","18":"shipping-taxable","19":"product-type-simple"},"uagb_featured_image_src":{"full":["https:\/\/www.sikortex.com\/wp-content\/uploads\/2023\/11\/2.jpg",1920,1920,false],"thumbnail":["https:\/\/www.sikortex.com\/wp-content\/uploads\/2023\/11\/2-150x150.jpg",150,150,true],"medium":["https:\/\/www.sikortex.com\/wp-content\/uploads\/2023\/11\/2-300x300.jpg",300,300,true],"medium_large":["https:\/\/www.sikortex.com\/wp-content\/uploads\/2023\/11\/2-768x768.jpg",768,768,true],"large":["https:\/\/www.sikortex.com\/wp-content\/uploads\/2023\/11\/2-1024x1024.jpg",1024,1024,true],"1536x1536":["https:\/\/www.sikortex.com\/wp-content\/uploads\/2023\/11\/2-1536x1536.jpg",1536,1536,true],"2048x2048":["https:\/\/www.sikortex.com\/wp-content\/uploads\/2023\/11\/2.jpg",1920,1920,false],"trp-custom-language-flag":["https:\/\/www.sikortex.com\/wp-content\/uploads\/2023\/11\/2-12x12.jpg",12,12,true],"woocommerce_thumbnail":["https:\/\/www.sikortex.com\/wp-content\/uploads\/2023\/11\/2-300x300.jpg",300,300,true],"woocommerce_single":["https:\/\/www.sikortex.com\/wp-content\/uploads\/2023\/11\/2-600x600.jpg",600,600,true],"woocommerce_gallery_thumbnail":["https:\/\/www.sikortex.com\/wp-content\/uploads\/2023\/11\/2-100x100.jpg",100,100,true]},"uagb_author_info":{"display_name":"Perry","author_link":"https:\/\/www.sikortex.com\/vi\/author\/"},"uagb_comment_info":0,"uagb_excerpt":"1000 Meters(Min.Order)","_links":{"self":[{"href":"https:\/\/www.sikortex.com\/vi\/wp-json\/wp\/v2\/product\/6737","targetHints":{"allow":["GET"]}}],"collection":[{"href":"https:\/\/www.sikortex.com\/vi\/wp-json\/wp\/v2\/product"}],"about":[{"href":"https:\/\/www.sikortex.com\/vi\/wp-json\/wp\/v2\/types\/product"}],"replies":[{"embeddable":true,"href":"https:\/\/www.sikortex.com\/vi\/wp-json\/wp\/v2\/comments?post=6737"}],"wp:featuredmedia":[{"embeddable":true,"href":"https:\/\/www.sikortex.com\/vi\/wp-json\/wp\/v2\/media\/6739"}],"wp:attachment":[{"href":"https:\/\/www.sikortex.com\/vi\/wp-json\/wp\/v2\/media?parent=6737"}],"wp:term":[{"taxonomy":"product_brand","embeddable":true,"href":"https:\/\/www.sikortex.com\/vi\/wp-json\/wp\/v2\/product_brand?post=6737"},{"taxonomy":"product_cat","embeddable":true,"href":"https:\/\/www.sikortex.com\/vi\/wp-json\/wp\/v2\/product_cat?post=6737"},{"taxonomy":"product_tag","embeddable":true,"href":"https:\/\/www.sikortex.com\/vi\/wp-json\/wp\/v2\/product_tag?post=6737"}],"curies":[{"name":"wp","href":"https:\/\/api.w.org\/{rel}","templated":true}]}}