{"id":6250,"date":"2023-09-24T12:03:36","date_gmt":"2023-09-24T04:03:36","guid":{"rendered":"https:\/\/www.sikortex.com\/?post_type=product&#038;p=6250"},"modified":"2023-11-05T14:30:55","modified_gmt":"2023-11-05T06:30:55","slug":"sk8263-5","status":"publish","type":"product","link":"https:\/\/www.sikortex.com\/vi\/san-pham\/sk8263-5\/","title":{"rendered":"V\u1ea3i cotton nylon l\u00e0m \u00e1o gi\u00f3"},"content":{"rendered":"<p>V\u1ea3i cotton nylon SIKOR-TEX d\u00e0nh cho \u00e1o gi\u00f3 mang \u0111\u1ebfn s\u1ef1 k\u1ebft h\u1ee3p \u0111\u1ed9c \u0111\u00e1o gi\u1eefa \u0111\u1ed9 b\u1ec1n, s\u1ef1 tho\u1ea3i m\u00e1i v\u00e0 phong c\u00e1ch. V\u1ea3i k\u1ebft h\u1ee3p nh\u1eefng \u01b0u \u0111i\u1ec3m t\u1ed1t nh\u1ea5t c\u1ee7a c\u1ea3 hai th\u1ebf gi\u1edbi, s\u1eed d\u1ee5ng s\u1ee3i nylon theo h\u01b0\u1edbng d\u1ecdc v\u00e0 s\u1ee3i cotton theo h\u01b0\u1edbng ngang, t\u1ea1o ra c\u1ea5u tr\u00fac \u0111an xen \u0111\u1ed9c \u0111\u00e1o, kh\u00e1c bi\u1ec7t so v\u1edbi c\u00e1c lo\u1ea1i v\u1ea3i pha tr\u1ed9n truy\u1ec1n th\u1ed1ng.<br \/>\nCh\u00fang t\u00f4i cung c\u1ea5p c\u00e1c lo\u1ea1i v\u1ea3i co gi\u00e3n nylon-cotton c\u00f3 \u0111\u1ed9 d\u00e0y t\u1eeb 80gsm-350gsm, d\u1ea1ng d\u1ec7t tr\u01a1n, d\u1ec7t v\u00e2n ch\u00e9o v\u00e0 dobby, v\u00e0 h\u1ed7 tr\u1ee3 t\u00f9y ch\u1ec9nh m\u1eabu.<\/p>\n<p>Tr\u1ea3i nghi\u1ec7m c\u1ea3m gi\u00e1c b\u1ec1 m\u1eb7t tuy\u1ec7t v\u1eddi c\u1ee7a v\u1ea3i, th\u1ec3 hi\u1ec7n \u0111\u1ed9 m\u1ecbn v\u00e0 kh\u1ea3 n\u0103ng ch\u1ed1ng m\u00e0i m\u00f2n c\u1ee7a nylon trong khi v\u1eabn mang l\u1ea1i nh\u1eefng g\u1ee3i \u00fd tinh t\u1ebf v\u1ec1 k\u1ebft c\u1ea5u t\u1ef1 nhi\u00ean c\u1ee7a s\u1ee3i cotton. N\u00f3 th\u1ec3 hi\u1ec7n nh\u1eefng ph\u1ea9m ch\u1ea5t t\u1ed1t nh\u1ea5t c\u1ee7a c\u1ea3 hai lo\u1ea1i v\u1eadt li\u1ec7u, mang l\u1ea1i \u0111\u1ed9 b\u1ec1n cao, \u0111\u1eb7c t\u00ednh ch\u1ed1ng nh\u0103n, c\u0169ng nh\u01b0 \u0111\u1eb7c t\u00ednh th\u00e2n thi\u1ec7n v\u1edbi da v\u00e0 tho\u00e1ng kh\u00ed t\u01b0\u01a1ng t\u1ef1 nh\u01b0 cotton.<\/p>\n<p>Lo\u1ea1i v\u1ea3i \u0111\u1eb7c bi\u1ec7t n\u00e0y ho\u00e0n h\u1ea3o \u0111\u1ec3 may qu\u1ea7n \u00e1o \u0111a n\u0103ng, \u00e1o gi\u00f3, \u00e1o kho\u00e1c v\u00e0 c\u00e1c m\u1eb7t h\u00e0ng th\u1eddi trang. N\u00f3 c\u00f3 \u0111\u1ed9 b\u1ec1n, \u0111\u1ea3m b\u1ea3o qu\u1ea7n \u00e1o c\u1ee7a b\u1ea1n c\u00f3 th\u1ec3 ch\u1ecbu \u0111\u01b0\u1ee3c vi\u1ec7c s\u1eed d\u1ee5ng kh\u1eafc nghi\u1ec7t, \u0111\u1ed3ng th\u1eddi mang l\u1ea1i m\u1ee9c \u0111\u1ed9 tho\u1ea3i m\u00e1i gi\u00fap b\u1ea1n c\u1ea3m th\u1ea5y d\u1ec5 ch\u1ecbu su\u1ed1t c\u1ea3 ng\u00e0y.<\/p>","protected":false},"excerpt":{"rendered":"<p>1000 m\u00e9t (\u0110\u01a1n h\u00e0ng t\u1ed1i thi\u1ec3u)<\/p>","protected":false},"featured_media":6264,"comment_status":"closed","ping_status":"closed","template":"","meta":{"_uag_custom_page_level_css":"","site-sidebar-layout":"default","site-content-layout":"default","ast-site-content-layout":"","site-content-style":"default","site-sidebar-style":"default","ast-global-header-display":"","ast-banner-title-visibility":"","ast-main-header-display":"","ast-hfb-above-header-display":"","ast-hfb-below-header-display":"","ast-hfb-mobile-header-display":"","site-post-title":"","ast-breadcrumbs-content":"","ast-featured-img":"","footer-sml-layout":"","theme-transparent-header-meta":"default","adv-header-id-meta":"","stick-header-meta":"default","header-above-stick-meta":"","header-main-stick-meta":"","header-below-stick-meta":"","astra-migrate-meta-layouts":"default","ast-page-background-enabled":"default","ast-page-background-meta":{"desktop":{"background-color":"","background-image":"","background-repeat":"repeat","background-position":"center center","background-size":"auto","background-attachment":"scroll","background-type":"","background-media":"","overlay-type":"","overlay-color":"","overlay-opacity":"","overlay-gradient":""},"tablet":{"background-color":"","background-image":"","background-repeat":"repeat","background-position":"center center","background-size":"auto","background-attachment":"scroll","background-type":"","background-media":"","overlay-type":"","overlay-color":"","overlay-opacity":"","overlay-gradient":""},"mobile":{"background-color":"","background-image":"","background-repeat":"repeat","background-position":"center center","background-size":"auto","background-attachment":"scroll","background-type":"","background-media":"","overlay-type":"","overlay-color":"","overlay-opacity":"","overlay-gradient":""}},"ast-content-background-meta":{"desktop":{"background-color":"var(--ast-global-color-5)","background-image":"","background-repeat":"repeat","background-position":"center center","background-size":"auto","background-attachment":"scroll","background-type":"","background-media":"","overlay-type":"","overlay-color":"","overlay-opacity":"","overlay-gradient":""},"tablet":{"background-color":"var(--ast-global-color-5)","background-image":"","background-repeat":"repeat","background-position":"center center","background-size":"auto","background-attachment":"scroll","background-type":"","background-media":"","overlay-type":"","overlay-color":"","overlay-opacity":"","overlay-gradient":""},"mobile":{"background-color":"var(--ast-global-color-5)","background-image":"","background-repeat":"repeat","background-position":"center center","background-size":"auto","background-attachment":"scroll","background-type":"","background-media":"","overlay-type":"","overlay-color":"","overlay-opacity":"","overlay-gradient":""}}},"product_brand":[],"product_cat":[426,431,406,425],"product_tag":[],"class_list":{"0":"post-6250","1":"product","2":"type-product","3":"status-publish","4":"has-post-thumbnail","6":"product_cat-constructionmining","7":"product_cat-fabric-for-commuting-clothing","8":"product_cat-nylon-cotton","9":"product_cat-security-emergencies-road-services","10":"pa_available_colors-911052-spc","11":"desktop-align-left","12":"tablet-align-left","13":"mobile-align-left","14":"ast-product-gallery-layout-vertical-slider","15":"ast-product-tabs-layout-horizontal","17":"first","18":"instock","19":"shipping-taxable","20":"product-type-simple"},"uagb_featured_image_src":{"full":["https:\/\/www.sikortex.com\/wp-content\/uploads\/2023\/09\/Nylon-cotton-fabric-for-jacket.jpg",1920,1920,false],"thumbnail":["https:\/\/www.sikortex.com\/wp-content\/uploads\/2023\/09\/Nylon-cotton-fabric-for-jacket-150x150.jpg",150,150,true],"medium":["https:\/\/www.sikortex.com\/wp-content\/uploads\/2023\/09\/Nylon-cotton-fabric-for-jacket-300x300.jpg",300,300,true],"medium_large":["https:\/\/www.sikortex.com\/wp-content\/uploads\/2023\/09\/Nylon-cotton-fabric-for-jacket-768x768.jpg",768,768,true],"large":["https:\/\/www.sikortex.com\/wp-content\/uploads\/2023\/09\/Nylon-cotton-fabric-for-jacket-1024x1024.jpg",1024,1024,true],"1536x1536":["https:\/\/www.sikortex.com\/wp-content\/uploads\/2023\/09\/Nylon-cotton-fabric-for-jacket-1536x1536.jpg",1536,1536,true],"2048x2048":["https:\/\/www.sikortex.com\/wp-content\/uploads\/2023\/09\/Nylon-cotton-fabric-for-jacket.jpg",1920,1920,false],"trp-custom-language-flag":["https:\/\/www.sikortex.com\/wp-content\/uploads\/2023\/09\/Nylon-cotton-fabric-for-jacket-12x12.jpg",12,12,true],"woocommerce_thumbnail":["https:\/\/www.sikortex.com\/wp-content\/uploads\/2023\/09\/Nylon-cotton-fabric-for-jacket-300x300.jpg",300,300,true],"woocommerce_single":["https:\/\/www.sikortex.com\/wp-content\/uploads\/2023\/09\/Nylon-cotton-fabric-for-jacket-600x600.jpg",600,600,true],"woocommerce_gallery_thumbnail":["https:\/\/www.sikortex.com\/wp-content\/uploads\/2023\/09\/Nylon-cotton-fabric-for-jacket-100x100.jpg",100,100,true]},"uagb_author_info":{"display_name":"Perry","author_link":"https:\/\/www.sikortex.com\/vi\/author\/"},"uagb_comment_info":0,"uagb_excerpt":"1000 Meters(Min.Order)","_links":{"self":[{"href":"https:\/\/www.sikortex.com\/vi\/wp-json\/wp\/v2\/product\/6250","targetHints":{"allow":["GET"]}}],"collection":[{"href":"https:\/\/www.sikortex.com\/vi\/wp-json\/wp\/v2\/product"}],"about":[{"href":"https:\/\/www.sikortex.com\/vi\/wp-json\/wp\/v2\/types\/product"}],"replies":[{"embeddable":true,"href":"https:\/\/www.sikortex.com\/vi\/wp-json\/wp\/v2\/comments?post=6250"}],"wp:featuredmedia":[{"embeddable":true,"href":"https:\/\/www.sikortex.com\/vi\/wp-json\/wp\/v2\/media\/6264"}],"wp:attachment":[{"href":"https:\/\/www.sikortex.com\/vi\/wp-json\/wp\/v2\/media?parent=6250"}],"wp:term":[{"taxonomy":"product_brand","embeddable":true,"href":"https:\/\/www.sikortex.com\/vi\/wp-json\/wp\/v2\/product_brand?post=6250"},{"taxonomy":"product_cat","embeddable":true,"href":"https:\/\/www.sikortex.com\/vi\/wp-json\/wp\/v2\/product_cat?post=6250"},{"taxonomy":"product_tag","embeddable":true,"href":"https:\/\/www.sikortex.com\/vi\/wp-json\/wp\/v2\/product_tag?post=6250"}],"curies":[{"name":"wp","href":"https:\/\/api.w.org\/{rel}","templated":true}]}}