{"id":6169,"date":"2023-09-05T17:50:15","date_gmt":"2023-09-05T09:50:15","guid":{"rendered":"https:\/\/www.sikortex.com\/?post_type=product&#038;p=6169"},"modified":"2025-01-08T12:36:28","modified_gmt":"2025-01-08T04:36:28","slug":"300d-huynh-quang-mau-oxford-3","status":"publish","type":"product","link":"https:\/\/www.sikortex.com\/vi\/san-pham\/300d-huynh-quang-mau-oxford-3\/","title":{"rendered":"Hi Vis Nh\u00e0 s\u1ea3n xu\u1ea5t v\u1ea3i Softshell"},"content":{"rendered":"<h5>Nh\u00e0 s\u1ea3n xu\u1ea5t v\u1ea3i SIKOR-TEX Hi Vis<\/h5>\n<p>Hi Vis nh\u1eb9 nh\u1ea5t <a href=\"https:\/\/www.sikortex.com\/vi\/vai-thoang-khi-khong-tham-nuoc\/\"><span style=\"color: #3366ff;\">V\u1ecf m\u1ec1m<\/span><\/a> V\u1ea3i c\u00f3 s\u1eb5n, lo\u1ea1i v\u1ea3i n\u00e0y bao g\u1ed3m 3 l\u1edbp polyester si\u00eau m\u1ecfng \u0111\u01b0\u1ee3c \u00e9p v\u1edbi TPU \u0111\u1ec3 c\u00f3 \u0111\u1ed9 b\u1ec1n v\u00e0 s\u1ee9c m\u1ea1nh cho \u0111i\u1ec1u ki\u1ec7n kh\u1eafc nghi\u1ec7t ngo\u00e0i tr\u1eddi. M\u00e0u hu\u1ef3nh quang r\u1ef1c r\u1ee1 gi\u00fap t\u0103ng kh\u1ea3 n\u0103ng hi\u1ec3n th\u1ecb v\u00e0 \u0111\u1ea3m b\u1ea3o d\u1ec5 d\u00e0ng quan s\u00e1t trong \u0111i\u1ec1u ki\u1ec7n \u00e1nh s\u00e1ng y\u1ebfu ho\u1eb7c m\u00f4i tr\u01b0\u1eddng nguy hi\u1ec3m, gi\u00fap t\u0103ng c\u01b0\u1eddng s\u1ef1 an to\u00e0n cho nh\u1eefng ng\u01b0\u1eddi \u0111i du l\u1ecbch ho\u1eb7c c\u00f4ng nh\u00e2n ngo\u00e0i tr\u1eddi, nh\u01b0ng v\u1eabn c\u1ef1c k\u1ef3 <a href=\"https:\/\/www.sikortex.com\/vi\/vai-nylon-bong-vai-ripstop-ao-gio-vai-3\/\"><span style=\"color: #3366ff;\">nh\u1eb9<\/span><\/a>.<\/p>\n<p>V\u1ea3i Hi Vis m\u00e0u hu\u1ef3nh quang, m\u1ed9t lo\u1ea1i v\u1ea3i c\u00f3 \u0111\u1ed9 hi\u1ec3n th\u1ecb cao \u0111\u01b0\u1ee3c thi\u1ebft k\u1ebf \u0111\u1ec3 c\u00f3 hi\u1ec7u su\u1ea5t t\u1ed1i \u01b0u trong nhi\u1ec1u m\u00f4i tr\u01b0\u1eddng l\u00e0m vi\u1ec7c kh\u00e1c nhau. Lo\u1ea1i v\u1ea3i n\u00e0y k\u1ebft h\u1ee3p ch\u1ee9c n\u0103ng, \u0111\u1ed9 b\u1ec1n v\u00e0 kh\u1ea3 n\u0103ng hi\u1ec3n th\u1ecb \u0111\u1ec3 \u0111\u1ea3m b\u1ea3o an to\u00e0n cho ng\u01b0\u1eddi lao \u0111\u1ed9ng trong nh\u1eefng \u0111i\u1ec1u ki\u1ec7n kh\u1eafc nghi\u1ec7t.<\/p>\n<p>M\u00e0u hu\u1ef3nh quang t\u0103ng c\u01b0\u1eddng kh\u1ea3 n\u0103ng hi\u1ec3n th\u1ecb, l\u00fd t\u01b0\u1edfng cho c\u1ee9u h\u1ed9 \u0111\u01b0\u1eddng b\u1ed9, nh\u00e2n vi\u00ean d\u1ecbch v\u1ee5 \u0111\u01b0\u1eddng b\u1ed9, c\u1ea3nh s\u00e1t giao th\u00f4ng, v\u1eadn t\u1ea3i h\u1eadu c\u1ea7n v\u00e0 c\u00f4ng nh\u00e2n ngo\u00e0i tr\u1eddi. L\u1edbp ph\u1ee7 PU cung c\u1ea5p <a href=\"\/vi\/ve-khong-tham-nuoc-oxford-vai\/\"><span style=\"color: #3366ff;\">kh\u1ea3 n\u0103ng ch\u1ed1ng th\u1ea5m n\u01b0\u1edbc<\/span><\/a>, b\u1ea3o v\u1ec7 b\u1ea1n kh\u1ecfi m\u01b0a v\u00e0 gi\u1eef cho b\u1ea1n kh\u00f4 r\u00e1o. Ngo\u00e0i ra, c\u00f4ng ngh\u1ec7 ti\u00ean ti\u1ebfn v\u00e0 kh\u1ea3 n\u0103ng tho\u00e1ng kh\u00ed cao c\u1ee7a <a href=\"https:\/\/www.sikortex.com\/vi\/2025\/01\/03\/nha-san-xuat-vai-trang\/\"><span style=\"color: #3366ff;\">l\u1edbp ph\u1ee7 PU<\/span><\/a> cho ph\u00e9p tho\u00e1t m\u1ed3 h\u00f4i hi\u1ec7u qu\u1ea3, \u0111\u1ea3m b\u1ea3o s\u1ef1 tho\u1ea3i m\u00e1i c\u1ee7a b\u1ea1n ngay c\u1ea3 trong \u0111i\u1ec1u ki\u1ec7n th\u1eddi ti\u1ebft b\u1ea5t l\u1ee3i.<\/p>\n<p>V\u1ea3i Hi Vis Softshell c\u1ee7a ch\u00fang t\u00f4i kh\u00f4ng ch\u1ec9 thi\u1ebft th\u1ef1c m\u00e0 c\u00f2n d\u1ec5 v\u1ec7 sinh, \u0111\u1ea3m b\u1ea3o \u0111\u1ed9 b\u1ec1n v\u00e0 duy tr\u00ec t\u00ednh ch\u1ea5t d\u1ec5 nh\u00ecn th\u1ea5y c\u1ee7a n\u00f3. H\u00e3y ch\u1ecdn lo\u1ea1i v\u1ea3i n\u00e0y cho qu\u1ea7n \u00e1o l\u00e0m vi\u1ec7c c\u1ee7a b\u1ea1n v\u00e0 tr\u1ea3i nghi\u1ec7m hi\u1ec7u su\u1ea5t v\u00e0 \u0111\u1ed9 tin c\u1eady v\u01b0\u1ee3t tr\u1ed9i c\u1ee7a n\u00f3 trong m\u00f4i tr\u01b0\u1eddng l\u00e0m vi\u1ec7c kh\u1eafc nghi\u1ec7t.<\/p>","protected":false},"excerpt":{"rendered":"<p>1500 m\u00e9t (\u0110\u01a1n h\u00e0ng t\u1ed1i thi\u1ec3u)<\/p>","protected":false},"featured_media":6170,"comment_status":"closed","ping_status":"closed","template":"","meta":{"_uag_custom_page_level_css":"","site-sidebar-layout":"default","site-content-layout":"default","ast-site-content-layout":"","site-content-style":"default","site-sidebar-style":"default","ast-global-header-display":"","ast-banner-title-visibility":"","ast-main-header-display":"","ast-hfb-above-header-display":"","ast-hfb-below-header-display":"","ast-hfb-mobile-header-display":"","site-post-title":"","ast-breadcrumbs-content":"","ast-featured-img":"","footer-sml-layout":"","theme-transparent-header-meta":"default","adv-header-id-meta":"","stick-header-meta":"default","header-above-stick-meta":"","header-main-stick-meta":"","header-below-stick-meta":"","astra-migrate-meta-layouts":"default","ast-page-background-enabled":"default","ast-page-background-meta":{"desktop":{"background-color":"","background-image":"","background-repeat":"repeat","background-position":"center center","background-size":"auto","background-attachment":"scroll","background-type":"","background-media":"","overlay-type":"","overlay-color":"","overlay-opacity":"","overlay-gradient":""},"tablet":{"background-color":"","background-image":"","background-repeat":"repeat","background-position":"center center","background-size":"auto","background-attachment":"scroll","background-type":"","background-media":"","overlay-type":"","overlay-color":"","overlay-opacity":"","overlay-gradient":""},"mobile":{"background-color":"","background-image":"","background-repeat":"repeat","background-position":"center center","background-size":"auto","background-attachment":"scroll","background-type":"","background-media":"","overlay-type":"","overlay-color":"","overlay-opacity":"","overlay-gradient":""}},"ast-content-background-meta":{"desktop":{"background-color":"var(--ast-global-color-5)","background-image":"","background-repeat":"repeat","background-position":"center center","background-size":"auto","background-attachment":"scroll","background-type":"","background-media":"","overlay-type":"","overlay-color":"","overlay-opacity":"","overlay-gradient":""},"tablet":{"background-color":"var(--ast-global-color-5)","background-image":"","background-repeat":"repeat","background-position":"center center","background-size":"auto","background-attachment":"scroll","background-type":"","background-media":"","overlay-type":"","overlay-color":"","overlay-opacity":"","overlay-gradient":""},"mobile":{"background-color":"var(--ast-global-color-5)","background-image":"","background-repeat":"repeat","background-position":"center center","background-size":"auto","background-attachment":"scroll","background-type":"","background-media":"","overlay-type":"","overlay-color":"","overlay-opacity":"","overlay-gradient":""}}},"product_brand":[],"product_cat":[426,421,427,403,425,414],"product_tag":[],"class_list":{"0":"post-6169","1":"product","2":"type-product","3":"status-publish","4":"has-post-thumbnail","6":"product_cat-constructionmining","7":"product_cat-foul-weather-fabrics","8":"product_cat-petroleum-and-petrochemical","9":"product_cat-polyester-fabrics","10":"product_cat-security-emergencies-road-services","11":"product_cat-waterproof-fabrics","12":"pa_available_colors-fluorescent-orange","13":"pa_available_colors-fluorescent-yellow","14":"desktop-align-left","15":"tablet-align-left","16":"mobile-align-left","17":"ast-product-gallery-layout-vertical-slider","18":"ast-product-tabs-layout-horizontal","20":"first","21":"instock","22":"shipping-taxable","23":"product-type-simple"},"uagb_featured_image_src":{"full":["https:\/\/www.sikortex.com\/wp-content\/uploads\/2023\/09\/High-visibility-softshell-fabric.jpg",800,800,false],"thumbnail":["https:\/\/www.sikortex.com\/wp-content\/uploads\/2023\/09\/High-visibility-softshell-fabric-150x150.jpg",150,150,true],"medium":["https:\/\/www.sikortex.com\/wp-content\/uploads\/2023\/09\/High-visibility-softshell-fabric-300x300.jpg",300,300,true],"medium_large":["https:\/\/www.sikortex.com\/wp-content\/uploads\/2023\/09\/High-visibility-softshell-fabric-768x768.jpg",768,768,true],"large":["https:\/\/www.sikortex.com\/wp-content\/uploads\/2023\/09\/High-visibility-softshell-fabric.jpg",800,800,false],"1536x1536":["https:\/\/www.sikortex.com\/wp-content\/uploads\/2023\/09\/High-visibility-softshell-fabric.jpg",800,800,false],"2048x2048":["https:\/\/www.sikortex.com\/wp-content\/uploads\/2023\/09\/High-visibility-softshell-fabric.jpg",800,800,false],"trp-custom-language-flag":["https:\/\/www.sikortex.com\/wp-content\/uploads\/2023\/09\/High-visibility-softshell-fabric-12x12.jpg",12,12,true],"woocommerce_thumbnail":["https:\/\/www.sikortex.com\/wp-content\/uploads\/2023\/09\/High-visibility-softshell-fabric-300x300.jpg",300,300,true],"woocommerce_single":["https:\/\/www.sikortex.com\/wp-content\/uploads\/2023\/09\/High-visibility-softshell-fabric-600x600.jpg",600,600,true],"woocommerce_gallery_thumbnail":["https:\/\/www.sikortex.com\/wp-content\/uploads\/2023\/09\/High-visibility-softshell-fabric-100x100.jpg",100,100,true]},"uagb_author_info":{"display_name":"Perry","author_link":"https:\/\/www.sikortex.com\/vi\/author\/"},"uagb_comment_info":0,"uagb_excerpt":"1500 Meters(Min.Order)","_links":{"self":[{"href":"https:\/\/www.sikortex.com\/vi\/wp-json\/wp\/v2\/product\/6169","targetHints":{"allow":["GET"]}}],"collection":[{"href":"https:\/\/www.sikortex.com\/vi\/wp-json\/wp\/v2\/product"}],"about":[{"href":"https:\/\/www.sikortex.com\/vi\/wp-json\/wp\/v2\/types\/product"}],"replies":[{"embeddable":true,"href":"https:\/\/www.sikortex.com\/vi\/wp-json\/wp\/v2\/comments?post=6169"}],"wp:featuredmedia":[{"embeddable":true,"href":"https:\/\/www.sikortex.com\/vi\/wp-json\/wp\/v2\/media\/6170"}],"wp:attachment":[{"href":"https:\/\/www.sikortex.com\/vi\/wp-json\/wp\/v2\/media?parent=6169"}],"wp:term":[{"taxonomy":"product_brand","embeddable":true,"href":"https:\/\/www.sikortex.com\/vi\/wp-json\/wp\/v2\/product_brand?post=6169"},{"taxonomy":"product_cat","embeddable":true,"href":"https:\/\/www.sikortex.com\/vi\/wp-json\/wp\/v2\/product_cat?post=6169"},{"taxonomy":"product_tag","embeddable":true,"href":"https:\/\/www.sikortex.com\/vi\/wp-json\/wp\/v2\/product_tag?post=6169"}],"curies":[{"name":"wp","href":"https:\/\/api.w.org\/{rel}","templated":true}]}}