{"id":4879,"date":"2023-06-29T11:09:36","date_gmt":"2023-06-29T03:09:36","guid":{"rendered":"http:\/\/shihan.vihsu.com\/?post_type=product&#038;p=4879"},"modified":"2023-11-21T12:53:54","modified_gmt":"2023-11-21T04:53:54","slug":"polyester-composite-soi-vai","status":"publish","type":"product","link":"https:\/\/www.sikortex.com\/vi\/san-pham\/polyester-composite-soi-vai\/","title":{"rendered":"V\u1ea3i s\u1ee3i t\u1ed5ng h\u1ee3p Polyester Xpore"},"content":{"rendered":"<p><a href=\"https:\/\/www.sikortex.com\/vi\/\">SIKOR-TEX<\/a> V\u1ea3i Xpore s\u1ee3i t\u1ed5ng h\u1ee3p Polyester \u2013 s\u1ef1 l\u1ef1a ch\u1ecdn ho\u00e0n h\u1ea3o cho nh\u1eefng ai mong mu\u1ed1n m\u1ed9t lo\u1ea1i v\u1ea3i cao c\u1ea5p, v\u1eeba b\u1ec1n b\u1ec9 v\u1eeba s\u00e0nh \u0111i\u1ec7u. Lo\u1ea1i v\u1ea3i n\u00e0y \u0111\u01b0\u1ee3c t\u1ea1o ra b\u1eb1ng c\u00e1ch tr\u1ed9n c\u00e1c s\u1ee3i polyester co nhi\u1ec7t kh\u00e1c nhau v\u1edbi nhau, t\u1ea1o ra k\u1ebft c\u1ea5u \u0111\u1ed9c \u0111\u00e1o b\u1eaft ch\u01b0\u1edbc h\u00ecnh d\u00e1ng v\u00e0 c\u1ea3m gi\u00e1c c\u1ee7a cotton, lanh ho\u1eb7c len. Khi ti\u1ebfp x\u00fac v\u1edbi nhu\u1ed9m \u1edf nhi\u1ec7t \u0111\u1ed9 cao, c\u00e1c s\u1ee3i co l\u1ea1i kh\u00e1c nhau, t\u1ea1o ra k\u1ebft c\u1ea5u m\u1ec1m m\u1ea1i \u0111\u1eb7c bi\u1ec7t, v\u1eeba t\u0103ng th\u00eam v\u1ebb h\u1ea5p d\u1eabn th\u1ecb gi\u00e1c v\u1eeba mang l\u1ea1i c\u1ea3m gi\u00e1c tho\u1ea3i m\u00e1i.<br \/>\nV\u1ea3i s\u1ee3i t\u1ed5ng h\u1ee3p Polyester l\u00e0 s\u1ef1 l\u1ef1a ch\u1ecdn tuy\u1ec7t v\u1eddi cho nhi\u1ec1u ho\u1ea1t \u0111\u1ed9ng ngo\u00e0i tr\u1eddi, bao g\u1ed3m \u0111i b\u1ed9 \u0111\u01b0\u1eddng d\u00e0i, c\u1eafm tr\u1ea1i v\u00e0 qu\u1ea7n \u00e1o b\u1ea3o h\u1ed9 lao \u0111\u1ed9ng. N\u00f3 v\u1eeba ch\u1ed1ng th\u1ea5m n\u01b0\u1edbc v\u1eeba tho\u00e1ng kh\u00ed, \u0111\u1ea3m b\u1ea3o b\u1ea1n lu\u00f4n kh\u00f4 r\u00e1o v\u00e0 tho\u1ea3i m\u00e1i trong m\u1ecdi \u0111i\u1ec1u ki\u1ec7n th\u1eddi ti\u1ebft. Kh\u1ea3 n\u0103ng tho\u00e1ng kh\u00ed tuy\u1ec7t v\u1eddi c\u1ee7a v\u1ea3i c\u00f3 ngh\u0129a l\u00e0 b\u1ea1n c\u00f3 th\u1ec3 m\u1eb7c n\u00f3 \u1edf nhi\u1ec7t \u0111\u1ed9 cao m\u00e0 kh\u00f4ng c\u1ea3m th\u1ea5y ng\u1ed9t ng\u1ea1t hay kh\u00f3 ch\u1ecbu.<br \/>\nNgo\u00e0i nh\u1eefng t\u00ednh n\u0103ng thi\u1ebft th\u1ef1c, V\u1ea3i Polyester Composite Fiber Xpore c\u00f2n c\u00f3 t\u00ednh th\u1eddi trang cao. K\u1ebft c\u1ea5u \u0111\u1ed9c \u0111\u00e1o c\u1ee7a n\u00f3 mang l\u1ea1i v\u1ebb tinh t\u1ebf, ho\u00e0n h\u1ea3o cho c\u1ea3 trang ph\u1ee5c th\u01b0\u1eddng ng\u00e0y v\u00e0 trang tr\u1ecdng. N\u00f3 \u0111\u1ee7 linh ho\u1ea1t \u0111\u1ec3 s\u1eed d\u1ee5ng trong m\u1ecdi th\u1ee9, t\u1eeb \u00e1o kho\u00e1c v\u1ecf c\u1ee9ng \u0111\u1ebfn trang ph\u1ee5c gi\u1ea3i tr\u00ed.<\/p>","protected":false},"excerpt":{"rendered":"<p>600 m\u00e9t (\u0110\u01a1n h\u00e0ng t\u1ed1i thi\u1ec3u)<\/p>","protected":false},"featured_media":4660,"comment_status":"closed","ping_status":"closed","template":"","meta":{"_uag_custom_page_level_css":"","site-sidebar-layout":"default","site-content-layout":"default","ast-site-content-layout":"","site-content-style":"default","site-sidebar-style":"default","ast-global-header-display":"","ast-banner-title-visibility":"","ast-main-header-display":"","ast-hfb-above-header-display":"","ast-hfb-below-header-display":"","ast-hfb-mobile-header-display":"","site-post-title":"","ast-breadcrumbs-content":"","ast-featured-img":"","footer-sml-layout":"","theme-transparent-header-meta":"default","adv-header-id-meta":"","stick-header-meta":"default","header-above-stick-meta":"","header-main-stick-meta":"","header-below-stick-meta":"","astra-migrate-meta-layouts":"default","ast-page-background-enabled":"default","ast-page-background-meta":{"desktop":{"background-color":"","background-image":"","background-repeat":"repeat","background-position":"center center","background-size":"auto","background-attachment":"scroll","background-type":"","background-media":"","overlay-type":"","overlay-color":"","overlay-opacity":"","overlay-gradient":""},"tablet":{"background-color":"","background-image":"","background-repeat":"repeat","background-position":"center center","background-size":"auto","background-attachment":"scroll","background-type":"","background-media":"","overlay-type":"","overlay-color":"","overlay-opacity":"","overlay-gradient":""},"mobile":{"background-color":"","background-image":"","background-repeat":"repeat","background-position":"center center","background-size":"auto","background-attachment":"scroll","background-type":"","background-media":"","overlay-type":"","overlay-color":"","overlay-opacity":"","overlay-gradient":""}},"ast-content-background-meta":{"desktop":{"background-color":"var(--ast-global-color-5)","background-image":"","background-repeat":"repeat","background-position":"center center","background-size":"auto","background-attachment":"scroll","background-type":"","background-media":"","overlay-type":"","overlay-color":"","overlay-opacity":"","overlay-gradient":""},"tablet":{"background-color":"var(--ast-global-color-5)","background-image":"","background-repeat":"repeat","background-position":"center center","background-size":"auto","background-attachment":"scroll","background-type":"","background-media":"","overlay-type":"","overlay-color":"","overlay-opacity":"","overlay-gradient":""},"mobile":{"background-color":"var(--ast-global-color-5)","background-image":"","background-repeat":"repeat","background-position":"center center","background-size":"auto","background-attachment":"scroll","background-type":"","background-media":"","overlay-type":"","overlay-color":"","overlay-opacity":"","overlay-gradient":""}}},"product_brand":[],"product_cat":[431,428,403],"product_tag":[],"class_list":{"0":"post-4879","1":"product","2":"type-product","3":"status-publish","4":"has-post-thumbnail","6":"product_cat-fabric-for-commuting-clothing","7":"product_cat-fabric-for-outdoor-sports","8":"product_cat-polyester-fabrics","9":"pa_available_colors-911052-spc","10":"desktop-align-left","11":"tablet-align-left","12":"mobile-align-left","13":"ast-product-gallery-layout-vertical-slider","14":"ast-product-tabs-layout-horizontal","16":"first","17":"instock","18":"shipping-taxable","19":"product-type-simple"},"uagb_featured_image_src":{"full":["https:\/\/www.sikortex.com\/wp-content\/uploads\/2023\/06\/IMG_5382-scaled.jpg",2560,1707,false],"thumbnail":["https:\/\/www.sikortex.com\/wp-content\/uploads\/2023\/06\/IMG_5382-150x150.jpg",150,150,true],"medium":["https:\/\/www.sikortex.com\/wp-content\/uploads\/2023\/06\/IMG_5382-300x200.jpg",300,200,true],"medium_large":["https:\/\/www.sikortex.com\/wp-content\/uploads\/2023\/06\/IMG_5382-768x512.jpg",768,512,true],"large":["https:\/\/www.sikortex.com\/wp-content\/uploads\/2023\/06\/IMG_5382-1024x683.jpg",1024,683,true],"1536x1536":["https:\/\/www.sikortex.com\/wp-content\/uploads\/2023\/06\/IMG_5382-1536x1024.jpg",1536,1024,true],"2048x2048":["https:\/\/www.sikortex.com\/wp-content\/uploads\/2023\/06\/IMG_5382-2048x1365.jpg",2048,1365,true],"trp-custom-language-flag":["https:\/\/www.sikortex.com\/wp-content\/uploads\/2023\/06\/IMG_5382-scaled.jpg",18,12,false],"woocommerce_thumbnail":["https:\/\/www.sikortex.com\/wp-content\/uploads\/2023\/06\/IMG_5382-300x300.jpg",300,300,true],"woocommerce_single":["https:\/\/www.sikortex.com\/wp-content\/uploads\/2023\/06\/IMG_5382-600x400.jpg",600,400,true],"woocommerce_gallery_thumbnail":["https:\/\/www.sikortex.com\/wp-content\/uploads\/2023\/06\/IMG_5382-100x100.jpg",100,100,true]},"uagb_author_info":{"display_name":"Perry","author_link":"https:\/\/www.sikortex.com\/vi\/author\/"},"uagb_comment_info":0,"uagb_excerpt":"600 Meters(Min.Order)","_links":{"self":[{"href":"https:\/\/www.sikortex.com\/vi\/wp-json\/wp\/v2\/product\/4879","targetHints":{"allow":["GET"]}}],"collection":[{"href":"https:\/\/www.sikortex.com\/vi\/wp-json\/wp\/v2\/product"}],"about":[{"href":"https:\/\/www.sikortex.com\/vi\/wp-json\/wp\/v2\/types\/product"}],"replies":[{"embeddable":true,"href":"https:\/\/www.sikortex.com\/vi\/wp-json\/wp\/v2\/comments?post=4879"}],"wp:featuredmedia":[{"embeddable":true,"href":"https:\/\/www.sikortex.com\/vi\/wp-json\/wp\/v2\/media\/4660"}],"wp:attachment":[{"href":"https:\/\/www.sikortex.com\/vi\/wp-json\/wp\/v2\/media?parent=4879"}],"wp:term":[{"taxonomy":"product_brand","embeddable":true,"href":"https:\/\/www.sikortex.com\/vi\/wp-json\/wp\/v2\/product_brand?post=4879"},{"taxonomy":"product_cat","embeddable":true,"href":"https:\/\/www.sikortex.com\/vi\/wp-json\/wp\/v2\/product_cat?post=4879"},{"taxonomy":"product_tag","embeddable":true,"href":"https:\/\/www.sikortex.com\/vi\/wp-json\/wp\/v2\/product_tag?post=4879"}],"curies":[{"name":"wp","href":"https:\/\/api.w.org\/{rel}","templated":true}]}}