{"id":4873,"date":"2023-06-29T11:00:32","date_gmt":"2023-06-29T03:00:32","guid":{"rendered":"http:\/\/shihan.vihsu.com\/?post_type=product&#038;p=4873"},"modified":"2023-09-24T13:15:28","modified_gmt":"2023-09-24T05:15:28","slug":"vai-3-lop-chong-tham-nuoc-va-thoang-khi","status":"publish","type":"product","link":"https:\/\/www.sikortex.com\/vi\/san-pham\/vai-3-lop-chong-tham-nuoc-va-thoang-khi\/","title":{"rendered":"Polyester\/Cotton nhi\u1ec1u l\u1edbp TPU 3 l\u1edbp v\u1ea3i kh\u00f4ng th\u1ea5m n\u01b0\u1edbc v\u00e0 tho\u00e1ng kh\u00ed"},"content":{"rendered":"<h6>Mua v\u1ea3i gore-tex \u1edf \u0111\u00e2u? V\u1ea3i ch\u1ed1ng th\u1ea5m v\u00e0 tho\u00e1ng kh\u00ed ti\u1ebft ki\u1ec7m chi ph\u00ed nh\u1ea5t<\/h6>\n<p>SIKOR-TEX TPU nhi\u1ec1u l\u1edbp Polyester\/B\u00f4ng <a href=\"https:\/\/www.sikortex.com\/vi\/tap-chi\/functional-fabric\/vai-chong-thoi-tiet-xau\/\">3 l\u1edbp<\/a> V\u1ea3i kh\u00f4ng th\u1ea5m n\u01b0\u1edbc v\u00e0 tho\u00e1ng kh\u00ed - s\u1ef1 l\u1ef1a ch\u1ecdn ho\u00e0n h\u1ea3o cho nh\u1eefng ai y\u00eau c\u1ea7u qu\u1ea7n \u00e1o v\u1eeba tho\u1ea3i m\u00e1i v\u1eeba b\u1ec1n b\u1ec9. V\u1edbi l\u1edbp ho\u00e0n thi\u1ec7n \u0111\u1ed9c \u0111\u00e1o b\u1eb1ng m\u00e0ng TPU v\u00e0 c\u00e1n v\u1ea3i d\u1ec7t kim, lo\u1ea1i v\u1ea3i n\u00e0y ho\u00e0n h\u1ea3o \u0111\u1ec3 t\u1ea1o ra \u00e1o kho\u00e1c, qu\u1ea7n d\u00e0i, y\u1ebfm, d\u00e2y treo v\u00e0 qu\u1ea7n y\u1ebfm v\u1eeba c\u1ee9ng c\u00e1p v\u1eeba phong c\u00e1ch.<br \/>\nS\u1ef1 k\u1ebft h\u1ee3p gi\u1eefa \u0111\u1ed9 b\u1ec1n, kh\u1ea3 n\u0103ng ch\u1ed1ng th\u1ea5m n\u01b0\u1edbc v\u00e0 \u0111\u1ed9 tho\u00e1ng kh\u00ed c\u1ee7a v\u1ea3i \u0111\u1ea3m b\u1ea3o b\u1ea1n lu\u00f4n kh\u00f4 r\u00e1o v\u00e0 tho\u1ea3i m\u00e1i trong m\u1ecdi \u0111i\u1ec1u ki\u1ec7n th\u1eddi ti\u1ebft. Kh\u1ea3 n\u0103ng tho\u00e1ng kh\u00ed tuy\u1ec7t v\u1eddi c\u1ee7a n\u00f3 c\u00f3 ngh\u0129a l\u00e0 b\u1ea1n c\u00f3 th\u1ec3 m\u1eb7c n\u00f3 \u1edf nhi\u1ec7t \u0111\u1ed9 cao m\u00e0 kh\u00f4ng c\u1ea3m th\u1ea5y ng\u1ed9t ng\u1ea1t ho\u1eb7c kh\u00f3 ch\u1ecbu. V\u1ea3i c\u0169ng d\u1ec5 ch\u0103m s\u00f3c, \u0111\u1ea3m b\u1ea3o v\u1ea3i s\u1ebd v\u1eabn \u1edf t\u00ecnh tr\u1ea1ng tuy\u1ec7t v\u1eddi ngay c\u1ea3 sau nhi\u1ec1u l\u1ea7n s\u1eed d\u1ee5ng.<\/p>","protected":false},"excerpt":{"rendered":"<p>600 m\u00e9t (\u0110\u01a1n h\u00e0ng t\u1ed1i thi\u1ec3u)<\/p>","protected":false},"featured_media":4673,"comment_status":"closed","ping_status":"closed","template":"","meta":{"_uag_custom_page_level_css":"","site-sidebar-layout":"default","site-content-layout":"default","ast-site-content-layout":"","site-content-style":"default","site-sidebar-style":"default","ast-global-header-display":"","ast-banner-title-visibility":"","ast-main-header-display":"","ast-hfb-above-header-display":"","ast-hfb-below-header-display":"","ast-hfb-mobile-header-display":"","site-post-title":"","ast-breadcrumbs-content":"","ast-featured-img":"","footer-sml-layout":"","theme-transparent-header-meta":"default","adv-header-id-meta":"","stick-header-meta":"default","header-above-stick-meta":"","header-main-stick-meta":"","header-below-stick-meta":"","astra-migrate-meta-layouts":"default","ast-page-background-enabled":"default","ast-page-background-meta":{"desktop":{"background-color":"","background-image":"","background-repeat":"repeat","background-position":"center center","background-size":"auto","background-attachment":"scroll","background-type":"","background-media":"","overlay-type":"","overlay-color":"","overlay-opacity":"","overlay-gradient":""},"tablet":{"background-color":"","background-image":"","background-repeat":"repeat","background-position":"center center","background-size":"auto","background-attachment":"scroll","background-type":"","background-media":"","overlay-type":"","overlay-color":"","overlay-opacity":"","overlay-gradient":""},"mobile":{"background-color":"","background-image":"","background-repeat":"repeat","background-position":"center center","background-size":"auto","background-attachment":"scroll","background-type":"","background-media":"","overlay-type":"","overlay-color":"","overlay-opacity":"","overlay-gradient":""}},"ast-content-background-meta":{"desktop":{"background-color":"var(--ast-global-color-5)","background-image":"","background-repeat":"repeat","background-position":"center center","background-size":"auto","background-attachment":"scroll","background-type":"","background-media":"","overlay-type":"","overlay-color":"","overlay-opacity":"","overlay-gradient":""},"tablet":{"background-color":"var(--ast-global-color-5)","background-image":"","background-repeat":"repeat","background-position":"center center","background-size":"auto","background-attachment":"scroll","background-type":"","background-media":"","overlay-type":"","overlay-color":"","overlay-opacity":"","overlay-gradient":""},"mobile":{"background-color":"var(--ast-global-color-5)","background-image":"","background-repeat":"repeat","background-position":"center center","background-size":"auto","background-attachment":"scroll","background-type":"","background-media":"","overlay-type":"","overlay-color":"","overlay-opacity":"","overlay-gradient":""}}},"product_brand":[],"product_cat":[426,431,428,421,405,425,414],"product_tag":[],"class_list":{"0":"post-4873","1":"product","2":"type-product","3":"status-publish","4":"has-post-thumbnail","6":"product_cat-constructionmining","7":"product_cat-fabric-for-commuting-clothing","8":"product_cat-fabric-for-outdoor-sports","9":"product_cat-foul-weather-fabrics","10":"product_cat-polyester-cotton","11":"product_cat-security-emergencies-road-services","12":"product_cat-waterproof-fabrics","13":"pa_available_colors-911052-spc","14":"desktop-align-left","15":"tablet-align-left","16":"mobile-align-left","17":"ast-product-gallery-layout-vertical-slider","18":"ast-product-tabs-layout-horizontal","20":"first","21":"instock","22":"shipping-taxable","23":"product-type-simple"},"uagb_featured_image_src":{"full":["https:\/\/www.sikortex.com\/wp-content\/uploads\/2023\/06\/IMG_5535.jpg",4752,3168,false],"thumbnail":["https:\/\/www.sikortex.com\/wp-content\/uploads\/2023\/06\/IMG_5535-scaled-e1693107267325-150x150.jpg",150,150,true],"medium":["https:\/\/www.sikortex.com\/wp-content\/uploads\/2023\/06\/IMG_5535-scaled-e1693107267325-300x200.jpg",300,200,true],"medium_large":["https:\/\/www.sikortex.com\/wp-content\/uploads\/2023\/06\/IMG_5535-scaled-e1693107267325-768x512.jpg",768,512,true],"large":["https:\/\/www.sikortex.com\/wp-content\/uploads\/2023\/06\/IMG_5535-scaled-e1693107267325-1024x683.jpg",1024,683,true],"1536x1536":["https:\/\/www.sikortex.com\/wp-content\/uploads\/2023\/06\/IMG_5535-1536x1024.jpg",1536,1024,true],"2048x2048":["https:\/\/www.sikortex.com\/wp-content\/uploads\/2023\/06\/IMG_5535-2048x1365.jpg",2048,1365,true],"trp-custom-language-flag":["https:\/\/www.sikortex.com\/wp-content\/uploads\/2023\/06\/IMG_5535-scaled-e1693107267325-18x12.jpg",18,12,true],"woocommerce_thumbnail":["https:\/\/www.sikortex.com\/wp-content\/uploads\/2023\/06\/IMG_5535-scaled-e1693107267325-300x300.jpg",300,300,true],"woocommerce_single":["https:\/\/www.sikortex.com\/wp-content\/uploads\/2023\/06\/IMG_5535-scaled-e1693107267325-600x400.jpg",600,400,true],"woocommerce_gallery_thumbnail":["https:\/\/www.sikortex.com\/wp-content\/uploads\/2023\/06\/IMG_5535-scaled-e1693107267325-100x100.jpg",100,100,true]},"uagb_author_info":{"display_name":"Perry","author_link":"https:\/\/www.sikortex.com\/vi\/author\/"},"uagb_comment_info":0,"uagb_excerpt":"600 Meters(Min.Order)","_links":{"self":[{"href":"https:\/\/www.sikortex.com\/vi\/wp-json\/wp\/v2\/product\/4873","targetHints":{"allow":["GET"]}}],"collection":[{"href":"https:\/\/www.sikortex.com\/vi\/wp-json\/wp\/v2\/product"}],"about":[{"href":"https:\/\/www.sikortex.com\/vi\/wp-json\/wp\/v2\/types\/product"}],"replies":[{"embeddable":true,"href":"https:\/\/www.sikortex.com\/vi\/wp-json\/wp\/v2\/comments?post=4873"}],"wp:featuredmedia":[{"embeddable":true,"href":"https:\/\/www.sikortex.com\/vi\/wp-json\/wp\/v2\/media\/4673"}],"wp:attachment":[{"href":"https:\/\/www.sikortex.com\/vi\/wp-json\/wp\/v2\/media?parent=4873"}],"wp:term":[{"taxonomy":"product_brand","embeddable":true,"href":"https:\/\/www.sikortex.com\/vi\/wp-json\/wp\/v2\/product_brand?post=4873"},{"taxonomy":"product_cat","embeddable":true,"href":"https:\/\/www.sikortex.com\/vi\/wp-json\/wp\/v2\/product_cat?post=4873"},{"taxonomy":"product_tag","embeddable":true,"href":"https:\/\/www.sikortex.com\/vi\/wp-json\/wp\/v2\/product_tag?post=4873"}],"curies":[{"name":"wp","href":"https:\/\/api.w.org\/{rel}","templated":true}]}}