{"id":4766,"date":"2023-06-28T16:43:35","date_gmt":"2023-06-28T08:43:35","guid":{"rendered":"http:\/\/shihan.vihsu.com\/?post_type=product&#038;p=4766"},"modified":"2025-01-08T12:38:58","modified_gmt":"2025-01-08T04:38:58","slug":"300d-huynh-quang-mau-oxford","status":"publish","type":"product","link":"https:\/\/www.sikortex.com\/vi\/san-pham\/300d-huynh-quang-mau-oxford\/","title":{"rendered":"L\u1edbp ph\u1ee7 ch\u1ed1ng t\u0129nh \u0111i\u1ec7n 300D M\u00e0u hu\u1ef3nh quang Oxford"},"content":{"rendered":"<h5>Nh\u00e0 s\u1ea3n xu\u1ea5t v\u1ea3i SIKOR-TEX Hi Vis<\/h5>\n<p>L\u1edbp ph\u1ee7 ch\u1ed1ng t\u0129nh \u0111i\u1ec7n 300D Oxford m\u00e0u hu\u1ef3nh quang, m\u1ed9t <a href=\"https:\/\/www.sikortex.com\/vi\/tap-chi\/functional-fabric\/vai-co-kha-nang-hien-thi-cao-2\/\">v\u1ea3i c\u00f3 kh\u1ea3 n\u0103ng hi\u1ec3n th\u1ecb cao<\/a> \u0111\u01b0\u1ee3c thi\u1ebft k\u1ebf \u0111\u1ec3 \u0111\u1ea1t hi\u1ec7u su\u1ea5t t\u1ed1i \u01b0u trong nhi\u1ec1u m\u00f4i tr\u01b0\u1eddng l\u00e0m vi\u1ec7c kh\u00e1c nhau. S\u1ee3i carbon nh\u00fang trong v\u1ea3i c\u00f3 t\u00e1c d\u1ee5ng ti\u00eau t\u00e1n t\u0129nh \u0111i\u1ec7n m\u1ed9t c\u00e1ch hi\u1ec7u qu\u1ea3; lo\u1ea1i v\u1ea3i n\u00e0y k\u1ebft h\u1ee3p ch\u1ee9c n\u0103ng, \u0111\u1ed9 b\u1ec1n v\u00e0 kh\u1ea3 n\u0103ng hi\u1ec3n th\u1ecb \u0111\u1ec3 gi\u1eef an to\u00e0n cho ng\u01b0\u1eddi lao \u0111\u1ed9ng trong c\u00e1c \u0111i\u1ec1u ki\u1ec7n kh\u1eaft khe.<\/p>\n<p>M\u00e0u hu\u1ef3nh quang t\u0103ng c\u01b0\u1eddng kh\u1ea3 n\u0103ng hi\u1ec3n th\u1ecb v\u00e0 l\u00fd t\u01b0\u1edfng \u0111\u1ec3 s\u1eed d\u1ee5ng cho nh\u00e2n vi\u00ean d\u1ecbch v\u1ee5 \u0111\u01b0\u1eddng b\u1ed9, \u0111i\u1ec7n, h\u00f3a d\u1ea7u, kh\u00ed \u0111\u1ed1t, n\u0103ng l\u01b0\u1ee3ng v\u00e0 c\u00f4ng nh\u00e2n ngo\u00e0i tr\u1eddi. <a href=\"https:\/\/www.sikortex.com\/vi\/2025\/01\/03\/nha-san-xuat-vai-trang\/\"><span style=\"color: #3366ff;\">l\u1edbp ph\u1ee7 PU<\/span><\/a> l\u00e0 <a href=\"\/vi\/ve-khong-tham-nuoc-oxford-vai\/\"><span style=\"color: #3366ff;\">ch\u1ed1ng th\u1ea5m n\u01b0\u1edbc<\/span><\/a> \u0111\u1ec3 b\u1ea3o v\u1ec7 b\u1ea1n kh\u1ecfi m\u01b0a v\u00e0 gi\u1eef cho b\u1ea1n kh\u00f4 r\u00e1o. Ngo\u00e0i ra, c\u00f4ng ngh\u1ec7 c\u1ea3i ti\u1ebfn c\u1ee7a <a href=\"https:\/\/www.sikortex.com\/vi\/2025\/01\/03\/nha-san-xuat-vai-trang\/\"><span style=\"color: #3366ff;\">l\u1edbp ph\u1ee7 PU<\/span><\/a> v\u00e0 kh\u1ea3 n\u0103ng tho\u00e1ng kh\u00ed cao c\u00f3 th\u1ec3 th\u1ea5m m\u1ed3 h\u00f4i hi\u1ec7u qu\u1ea3, \u0111\u1ea3m b\u1ea3o s\u1ef1 tho\u1ea3i m\u00e1i cho b\u1ea1n ngay c\u1ea3 trong \u0111i\u1ec1u ki\u1ec7n th\u1eddi ti\u1ebft b\u1ea5t l\u1ee3i.<\/p>","protected":false},"excerpt":{"rendered":"<p>600 m\u00e9t (\u0110\u01a1n h\u00e0ng t\u1ed1i thi\u1ec3u)<\/p>","protected":false},"featured_media":4414,"comment_status":"closed","ping_status":"closed","template":"","meta":{"_uag_custom_page_level_css":"","site-sidebar-layout":"default","site-content-layout":"default","ast-site-content-layout":"","site-content-style":"default","site-sidebar-style":"default","ast-global-header-display":"","ast-banner-title-visibility":"","ast-main-header-display":"","ast-hfb-above-header-display":"","ast-hfb-below-header-display":"","ast-hfb-mobile-header-display":"","site-post-title":"","ast-breadcrumbs-content":"","ast-featured-img":"","footer-sml-layout":"","theme-transparent-header-meta":"default","adv-header-id-meta":"","stick-header-meta":"default","header-above-stick-meta":"","header-main-stick-meta":"","header-below-stick-meta":"","astra-migrate-meta-layouts":"default","ast-page-background-enabled":"default","ast-page-background-meta":{"desktop":{"background-color":"","background-image":"","background-repeat":"repeat","background-position":"center center","background-size":"auto","background-attachment":"scroll","background-type":"","background-media":"","overlay-type":"","overlay-color":"","overlay-opacity":"","overlay-gradient":""},"tablet":{"background-color":"","background-image":"","background-repeat":"repeat","background-position":"center center","background-size":"auto","background-attachment":"scroll","background-type":"","background-media":"","overlay-type":"","overlay-color":"","overlay-opacity":"","overlay-gradient":""},"mobile":{"background-color":"","background-image":"","background-repeat":"repeat","background-position":"center center","background-size":"auto","background-attachment":"scroll","background-type":"","background-media":"","overlay-type":"","overlay-color":"","overlay-opacity":"","overlay-gradient":""}},"ast-content-background-meta":{"desktop":{"background-color":"var(--ast-global-color-5)","background-image":"","background-repeat":"repeat","background-position":"center center","background-size":"auto","background-attachment":"scroll","background-type":"","background-media":"","overlay-type":"","overlay-color":"","overlay-opacity":"","overlay-gradient":""},"tablet":{"background-color":"var(--ast-global-color-5)","background-image":"","background-repeat":"repeat","background-position":"center center","background-size":"auto","background-attachment":"scroll","background-type":"","background-media":"","overlay-type":"","overlay-color":"","overlay-opacity":"","overlay-gradient":""},"mobile":{"background-color":"var(--ast-global-color-5)","background-image":"","background-repeat":"repeat","background-position":"center center","background-size":"auto","background-attachment":"scroll","background-type":"","background-media":"","overlay-type":"","overlay-color":"","overlay-opacity":"","overlay-gradient":""}}},"product_brand":[],"product_cat":[413,426,423,1184,427,403,425],"product_tag":[],"class_list":{"0":"post-4766","1":"product","2":"type-product","3":"status-publish","4":"has-post-thumbnail","6":"product_cat-antistatic-fabrics","7":"product_cat-constructionmining","8":"product_cat-fabric-for-military-police","9":"product_cat-oxford-fabric","10":"product_cat-petroleum-and-petrochemical","11":"product_cat-polyester-fabrics","12":"product_cat-security-emergencies-road-services","13":"pa_available_colors-911052-spc","14":"desktop-align-left","15":"tablet-align-left","16":"mobile-align-left","17":"ast-product-gallery-layout-vertical-slider","18":"ast-product-tabs-layout-horizontal","20":"first","21":"instock","22":"shipping-taxable","23":"product-type-simple"},"uagb_featured_image_src":{"full":["https:\/\/www.sikortex.com\/wp-content\/uploads\/2023\/06\/11838128510_742988091.jpg",680,680,false],"thumbnail":["https:\/\/www.sikortex.com\/wp-content\/uploads\/2023\/06\/11838128510_742988091-150x150.jpg",150,150,true],"medium":["https:\/\/www.sikortex.com\/wp-content\/uploads\/2023\/06\/11838128510_742988091-300x300.jpg",300,300,true],"medium_large":["https:\/\/www.sikortex.com\/wp-content\/uploads\/2023\/06\/11838128510_742988091.jpg",680,680,false],"large":["https:\/\/www.sikortex.com\/wp-content\/uploads\/2023\/06\/11838128510_742988091.jpg",680,680,false],"1536x1536":["https:\/\/www.sikortex.com\/wp-content\/uploads\/2023\/06\/11838128510_742988091.jpg",680,680,false],"2048x2048":["https:\/\/www.sikortex.com\/wp-content\/uploads\/2023\/06\/11838128510_742988091.jpg",680,680,false],"trp-custom-language-flag":["https:\/\/www.sikortex.com\/wp-content\/uploads\/2023\/06\/11838128510_742988091.jpg",12,12,false],"woocommerce_thumbnail":["https:\/\/www.sikortex.com\/wp-content\/uploads\/2023\/06\/11838128510_742988091-300x300.jpg",300,300,true],"woocommerce_single":["https:\/\/www.sikortex.com\/wp-content\/uploads\/2023\/06\/11838128510_742988091-600x600.jpg",600,600,true],"woocommerce_gallery_thumbnail":["https:\/\/www.sikortex.com\/wp-content\/uploads\/2023\/06\/11838128510_742988091-100x100.jpg",100,100,true]},"uagb_author_info":{"display_name":"Perry","author_link":"https:\/\/www.sikortex.com\/vi\/author\/"},"uagb_comment_info":0,"uagb_excerpt":"600 Meters(Min.Order)","_links":{"self":[{"href":"https:\/\/www.sikortex.com\/vi\/wp-json\/wp\/v2\/product\/4766","targetHints":{"allow":["GET"]}}],"collection":[{"href":"https:\/\/www.sikortex.com\/vi\/wp-json\/wp\/v2\/product"}],"about":[{"href":"https:\/\/www.sikortex.com\/vi\/wp-json\/wp\/v2\/types\/product"}],"replies":[{"embeddable":true,"href":"https:\/\/www.sikortex.com\/vi\/wp-json\/wp\/v2\/comments?post=4766"}],"wp:featuredmedia":[{"embeddable":true,"href":"https:\/\/www.sikortex.com\/vi\/wp-json\/wp\/v2\/media\/4414"}],"wp:attachment":[{"href":"https:\/\/www.sikortex.com\/vi\/wp-json\/wp\/v2\/media?parent=4766"}],"wp:term":[{"taxonomy":"product_brand","embeddable":true,"href":"https:\/\/www.sikortex.com\/vi\/wp-json\/wp\/v2\/product_brand?post=4766"},{"taxonomy":"product_cat","embeddable":true,"href":"https:\/\/www.sikortex.com\/vi\/wp-json\/wp\/v2\/product_cat?post=4766"},{"taxonomy":"product_tag","embeddable":true,"href":"https:\/\/www.sikortex.com\/vi\/wp-json\/wp\/v2\/product_tag?post=4766"}],"curies":[{"name":"wp","href":"https:\/\/api.w.org\/{rel}","templated":true}]}}