{"id":4764,"date":"2023-06-28T16:30:46","date_gmt":"2023-06-28T08:30:46","guid":{"rendered":"http:\/\/shihan.vihsu.com\/?post_type=product&#038;p=4764"},"modified":"2025-02-17T17:43:19","modified_gmt":"2025-02-17T09:43:19","slug":"500d-cordura-oxford-nylon-66-vai","status":"publish","type":"product","link":"https:\/\/www.sikortex.com\/vi\/san-pham\/500d-cordura-oxford-nylon-66-vai\/","title":{"rendered":"V\u1ea3i Oxford 500D Nylon 66 Tessuto Cordura"},"content":{"rendered":"<p>Gi\u1edbi thi\u1ec7u V\u1ea3i Oxford 500D Nylon 66 Tessuto Cordura c\u1ee7a ch\u00fang t\u00f4i, m\u1ed9t s\u1ef1 l\u1ef1a ch\u1ecdn \u01b0u vi\u1ec7t cho c\u00e1c \u1ee9ng d\u1ee5ng \u0111\u00f2i h\u1ecfi \u0111\u1ed9 b\u1ec1n v\u00e0 s\u1ee9c m\u1ea1nh. \u0110\u01b0\u1ee3c d\u1ec7t t\u1eeb s\u1ee3i k\u1ebft c\u1ea5u kh\u00f4ng kh\u00ed 500 Denier Nylon 66, lo\u1ea1i v\u1ea3i n\u00e0y mang l\u1ea1i v\u1ebb ngo\u00e0i v\u00e0 c\u1ea3m gi\u00e1c nh\u01b0 s\u1ee3i b\u00f4ng \u0111\u1ed3ng th\u1eddi mang l\u1ea1i \u0111\u1ed9 b\u1ec1n \u0111\u1eb7c bi\u1ec7t.<\/p>\n<p>C\u00e1c s\u1ee3i trong lo\u1ea1i v\u1ea3i n\u00e0y \u0111\u01b0\u1ee3c li\u00ean k\u1ebft v\u1edbi nhau, \u0111\u1ea3m b\u1ea3o t\u0103ng c\u01b0\u1eddng kh\u1ea3 n\u0103ng ch\u1ed1ng ma s\u00e1t b\u00ean ngo\u00e0i v\u00e0 t\u0103ng \u0111\u1ed9 b\u1ec1n t\u1ed5ng th\u1ec3 c\u1ee7a v\u1ea3i. Nylon 66, \u0111\u01b0\u1ee3c bi\u1ebft \u0111\u1ebfn v\u1edbi \u0111\u1eb7c t\u00ednh \u0111\u1ed9 b\u1ec1n cao, mang l\u1ea1i \u0111\u1ed9 b\u1ec1n g\u1ea5p ba l\u1ea7n polyester v\u00e0 g\u1ea5p \u0111\u00f4i \u0111\u1ed9 b\u1ec1n c\u1ee7a nylon 6, khi\u1ebfn n\u00f3 tr\u1edf th\u00e0nh l\u1ef1a ch\u1ecdn tuy\u1ec7t v\u1eddi cho c\u00e1c \u1ee9ng d\u1ee5ng ch\u1eafc ch\u1eafn.<\/p>\n<p>Ngo\u00e0i ra, ch\u00fang t\u00f4i t\u1ef1 h\u00e0o cung c\u1ea5p <span style=\"color: #3366ff;\"><a style=\"color: #3366ff;\" href=\"https:\/\/www.cordura.com\/\" target=\"_blank\" rel=\"noopener\">d\u00e2y th\u1eebng<\/a><\/span> s\u1ee3i s\u1eed d\u1ee5ng c\u00f4ng ngh\u1ec7 INVISTA, \u0111\u01b0\u1ee3c ph\u00e1t tri\u1ec3n b\u1edfi DuPont, n\u1ed5i ti\u1ebfng v\u1ec1 hi\u1ec7u su\u1ea5t v\u00e0 ch\u1ea5t l\u01b0\u1ee3ng. C\u00e1c lo\u1ea1i v\u1ea3i c\u1ee7a ch\u00fang t\u00f4i c\u00f3 th\u1ec3 \u0111i k\u00e8m v\u1edbi th\u1ebb treo Cordura, \u0111\u1ea3m b\u1ea3o th\u00eam v\u1ec1 \u0111\u1ed9 b\u1ec1n v\u00e0 \u0111\u1ed9 tin c\u1eady c\u1ee7a ch\u00fang.<\/p>\n<p>V\u1ea3i Oxford 500D Nylon 66 \u0111\u01b0\u1ee3c s\u1eed d\u1ee5ng r\u1ed9ng r\u00e3i trong s\u1ea3n xu\u1ea5t \u00e1o kho\u00e1c chi\u1ebfn thu\u1eadt, \u0111\u1ed3ng ph\u1ee5c qu\u00e2n \u0111\u1ed9i, v\u1ecf khi\u00ean v\u00e0 qu\u1ea7n \u00e1o lao \u0111\u1ed9ng ch\u1ecbu m\u00e0i m\u00f2n trong ng\u00e0nh c\u00f4ng nghi\u1ec7p n\u1eb7ng. H\u00e3y ch\u1ecdn lo\u1ea1i v\u1ea3i c\u1ee7a ch\u00fang t\u00f4i v\u00ec \u0111\u1ed9 b\u1ec1n, tu\u1ed5i th\u1ecd v\u00e0 \u0111\u1ed9 tin c\u1eady \u0111\u1eb7c bi\u1ec7t c\u1ee7a n\u00f3 trong c\u00e1c m\u00f4i tr\u01b0\u1eddng \u0111\u00f2i h\u1ecfi kh\u1eaft khe.<\/p>\n<p><span style=\"color: #3366ff;\"><a style=\"color: #3366ff;\" href=\"https:\/\/www.sikortex.com\/vi\/military-police-and-protective\/\">V\u1ea3i cho c\u1ea3nh s\u00e1t qu\u00e2n s\u1ef1 v\u00e0 thi\u1ebft b\u1ecb b\u1ea3o v\u1ec7<\/a><\/span><\/p>","protected":false},"excerpt":{"rendered":"<p>600 m\u00e9t (\u0110\u01a1n h\u00e0ng t\u1ed1i thi\u1ec3u)<\/p>","protected":false},"featured_media":3807,"comment_status":"closed","ping_status":"closed","template":"","meta":{"_uag_custom_page_level_css":"","site-sidebar-layout":"default","site-content-layout":"default","ast-site-content-layout":"","site-content-style":"default","site-sidebar-style":"default","ast-global-header-display":"","ast-banner-title-visibility":"","ast-main-header-display":"","ast-hfb-above-header-display":"","ast-hfb-below-header-display":"","ast-hfb-mobile-header-display":"","site-post-title":"","ast-breadcrumbs-content":"","ast-featured-img":"","footer-sml-layout":"","theme-transparent-header-meta":"default","adv-header-id-meta":"","stick-header-meta":"default","header-above-stick-meta":"","header-main-stick-meta":"","header-below-stick-meta":"","astra-migrate-meta-layouts":"default","ast-page-background-enabled":"default","ast-page-background-meta":{"desktop":{"background-color":"","background-image":"","background-repeat":"repeat","background-position":"center center","background-size":"auto","background-attachment":"scroll","background-type":"","background-media":"","overlay-type":"","overlay-color":"","overlay-opacity":"","overlay-gradient":""},"tablet":{"background-color":"","background-image":"","background-repeat":"repeat","background-position":"center center","background-size":"auto","background-attachment":"scroll","background-type":"","background-media":"","overlay-type":"","overlay-color":"","overlay-opacity":"","overlay-gradient":""},"mobile":{"background-color":"","background-image":"","background-repeat":"repeat","background-position":"center center","background-size":"auto","background-attachment":"scroll","background-type":"","background-media":"","overlay-type":"","overlay-color":"","overlay-opacity":"","overlay-gradient":""}},"ast-content-background-meta":{"desktop":{"background-color":"var(--ast-global-color-5)","background-image":"","background-repeat":"repeat","background-position":"center center","background-size":"auto","background-attachment":"scroll","background-type":"","background-media":"","overlay-type":"","overlay-color":"","overlay-opacity":"","overlay-gradient":""},"tablet":{"background-color":"var(--ast-global-color-5)","background-image":"","background-repeat":"repeat","background-position":"center center","background-size":"auto","background-attachment":"scroll","background-type":"","background-media":"","overlay-type":"","overlay-color":"","overlay-opacity":"","overlay-gradient":""},"mobile":{"background-color":"var(--ast-global-color-5)","background-image":"","background-repeat":"repeat","background-position":"center center","background-size":"auto","background-attachment":"scroll","background-type":"","background-media":"","overlay-type":"","overlay-color":"","overlay-opacity":"","overlay-gradient":""}}},"product_brand":[],"product_cat":[426,1206,423,432,404,1184,433],"product_tag":[],"class_list":{"0":"post-4764","1":"product","2":"type-product","3":"status-publish","4":"has-post-thumbnail","6":"product_cat-constructionmining","7":"product_cat-fabric-for-bag","8":"product_cat-fabric-for-military-police","9":"product_cat-fabric-for-tent","10":"product_cat-nylon-fabrics","11":"product_cat-oxford-fabric","12":"product_cat-textile-for-industrial","13":"pa_available_colors-911052-spc","14":"desktop-align-left","15":"tablet-align-left","16":"mobile-align-left","17":"ast-product-gallery-layout-vertical-slider","18":"ast-product-tabs-layout-horizontal","20":"first","21":"instock","22":"shipping-taxable","23":"product-type-simple"},"uagb_featured_image_src":{"full":["https:\/\/www.sikortex.com\/wp-content\/uploads\/2023\/06\/15064610600_1956646661.jpg",1024,1024,false],"thumbnail":["https:\/\/www.sikortex.com\/wp-content\/uploads\/2023\/06\/15064610600_1956646661-150x150.jpg",150,150,true],"medium":["https:\/\/www.sikortex.com\/wp-content\/uploads\/2023\/06\/15064610600_1956646661-300x300.jpg",300,300,true],"medium_large":["https:\/\/www.sikortex.com\/wp-content\/uploads\/2023\/06\/15064610600_1956646661-768x768.jpg",768,768,true],"large":["https:\/\/www.sikortex.com\/wp-content\/uploads\/2023\/06\/15064610600_1956646661.jpg",1024,1024,false],"1536x1536":["https:\/\/www.sikortex.com\/wp-content\/uploads\/2023\/06\/15064610600_1956646661.jpg",1024,1024,false],"2048x2048":["https:\/\/www.sikortex.com\/wp-content\/uploads\/2023\/06\/15064610600_1956646661.jpg",1024,1024,false],"trp-custom-language-flag":["https:\/\/www.sikortex.com\/wp-content\/uploads\/2023\/06\/15064610600_1956646661.jpg",12,12,false],"woocommerce_thumbnail":["https:\/\/www.sikortex.com\/wp-content\/uploads\/2023\/06\/15064610600_1956646661-300x300.jpg",300,300,true],"woocommerce_single":["https:\/\/www.sikortex.com\/wp-content\/uploads\/2023\/06\/15064610600_1956646661-600x600.jpg",600,600,true],"woocommerce_gallery_thumbnail":["https:\/\/www.sikortex.com\/wp-content\/uploads\/2023\/06\/15064610600_1956646661-100x100.jpg",100,100,true]},"uagb_author_info":{"display_name":"Perry","author_link":"https:\/\/www.sikortex.com\/vi\/author\/"},"uagb_comment_info":0,"uagb_excerpt":"600 Meters(Min.Order)","_links":{"self":[{"href":"https:\/\/www.sikortex.com\/vi\/wp-json\/wp\/v2\/product\/4764","targetHints":{"allow":["GET"]}}],"collection":[{"href":"https:\/\/www.sikortex.com\/vi\/wp-json\/wp\/v2\/product"}],"about":[{"href":"https:\/\/www.sikortex.com\/vi\/wp-json\/wp\/v2\/types\/product"}],"replies":[{"embeddable":true,"href":"https:\/\/www.sikortex.com\/vi\/wp-json\/wp\/v2\/comments?post=4764"}],"wp:featuredmedia":[{"embeddable":true,"href":"https:\/\/www.sikortex.com\/vi\/wp-json\/wp\/v2\/media\/3807"}],"wp:attachment":[{"href":"https:\/\/www.sikortex.com\/vi\/wp-json\/wp\/v2\/media?parent=4764"}],"wp:term":[{"taxonomy":"product_brand","embeddable":true,"href":"https:\/\/www.sikortex.com\/vi\/wp-json\/wp\/v2\/product_brand?post=4764"},{"taxonomy":"product_cat","embeddable":true,"href":"https:\/\/www.sikortex.com\/vi\/wp-json\/wp\/v2\/product_cat?post=4764"},{"taxonomy":"product_tag","embeddable":true,"href":"https:\/\/www.sikortex.com\/vi\/wp-json\/wp\/v2\/product_tag?post=4764"}],"curies":[{"name":"wp","href":"https:\/\/api.w.org\/{rel}","templated":true}]}}