{"id":4758,"date":"2023-06-28T16:09:41","date_gmt":"2023-06-28T08:09:41","guid":{"rendered":"http:\/\/shihan.vihsu.com\/?post_type=product&#038;p=4758"},"modified":"2025-02-17T17:43:37","modified_gmt":"2025-02-17T09:43:37","slug":"600d-dty-oxford-khang-khuan-vai","status":"publish","type":"product","link":"https:\/\/www.sikortex.com\/vi\/san-pham\/600d-dty-oxford-khang-khuan-vai\/","title":{"rendered":"V\u1ea3i c\u00f4ng nghi\u1ec7p Polyester 1200D Heavy Weight"},"content":{"rendered":"<p>V\u1ea3i polyester 1200D c\u00f3 c\u00f4ng d\u1ee5ng trong c\u00f4ng nghi\u1ec7p. C\u00f3 th\u1ec3 tr\u00e1ng ph\u1ee7 \u0111\u1ec3 ch\u1ed1ng th\u1ea5m n\u01b0\u1edbc v\u00e0 tho\u00e1ng kh\u00ed, ho\u1eb7c c\u00f3 th\u1ec3 l\u00e0m th\u00e0nh v\u1ea3i ch\u1ed1ng ch\u00e1y.<br \/>\nL\u00e0 m\u1ed9t lo\u1ea1i v\u1ea3i c\u00f4ng nghi\u1ec7p, n\u00f3 c\u00f3 nhi\u1ec1u \u1ee9ng d\u1ee5ng trong b\u1ea3o v\u1ec7 c\u00f4ng nghi\u1ec7p.<\/p>\n<p>B\u1ea1t c\u00f4ng nghi\u1ec7p:<br \/>\nTrong c\u00e1c l\u0129nh v\u1ef1c c\u00f4ng nghi\u1ec7p nh\u01b0 x\u00e2y d\u1ef1ng v\u00e0 v\u1eadn chuy\u1ec3n h\u00e0ng h\u00f3a, v\u1ea3i polyester 1200D c\u00f3 th\u1ec3 \u0111\u01b0\u1ee3c l\u00e0m th\u00e0nh b\u1ea1t c\u00f4ng nghi\u1ec7p sau khi \u0111\u01b0\u1ee3c ph\u1ee7 c\u00e1c \u0111\u1eb7c t\u00ednh ch\u1ed1ng th\u1ea5m n\u01b0\u1edbc v\u00e0 tho\u00e1ng kh\u00ed. \u0110\u1ed1i v\u1edbi v\u1eadt li\u1ec7u x\u00e2y d\u1ef1ng, n\u00f3 c\u00f3 th\u1ec3 ng\u0103n m\u01b0a l\u00e0m h\u1ecfng v\u1eadt li\u1ec7u m\u1ed9t c\u00e1ch hi\u1ec7u qu\u1ea3 v\u00e0 kh\u1ea3 n\u0103ng tho\u00e1ng kh\u00ed gi\u00fap ng\u0103n v\u1eadt li\u1ec7u b\u00ean d\u01b0\u1edbi b\u1ea1t b\u1ecb m\u1ed1c. Trong v\u1eadn chuy\u1ec3n h\u00e0ng h\u00f3a, n\u00f3 c\u00f3 th\u1ec3 b\u1ea3o v\u1ec7 h\u00e0ng h\u00f3a kh\u1ecfi th\u1eddi ti\u1ebft m\u1ed9t c\u00e1ch \u0111\u00e1ng tin c\u1eady v\u00e0 kh\u1ea3 n\u0103ng tho\u00e1ng kh\u00ed c\u00f3 th\u1ec3 ng\u0103n h\u00e0ng h\u00f3a b\u1ecb h\u01b0 h\u1ecfng do b\u1ecb ni\u00eam phong l\u00e2u d\u00e0i.<\/p>\n<p>V\u1ecf b\u1ea3o v\u1ec7 thi\u1ebft b\u1ecb:<br \/>\n\u0110\u01b0\u1ee3c s\u1eed d\u1ee5ng \u0111\u1ec3 che ph\u1ee7 v\u00e0 b\u1ea3o v\u1ec7 nhi\u1ec1u lo\u1ea1i m\u00e1y m\u00f3c v\u00e0 thi\u1ebft b\u1ecb c\u00f4ng nghi\u1ec7p, ch\u1eb3ng h\u1ea1n nh\u01b0 m\u00e1y c\u00f4ng c\u1ee5 l\u1edbn, \u0111\u1ed9ng c\u01a1, m\u00e1y n\u00e9n, v.v. Hi\u1ec7u su\u1ea5t ch\u1ed1ng th\u1ea5m n\u01b0\u1edbc c\u00f3 th\u1ec3 ng\u0103n m\u01b0a v\u00e0 \u0111\u1ed9 \u1ea9m l\u00e0m x\u00f3i m\u00f2n c\u00e1c th\u00e0nh ph\u1ea7n ch\u00ednh c\u1ee7a thi\u1ebft b\u1ecb v\u00e0 kh\u1ea3 n\u0103ng tho\u00e1ng kh\u00ed c\u00f3 th\u1ec3 ng\u0103n b\u1ec1 m\u1eb7t ho\u1eb7c kim lo\u1ea1i b\u00ean trong c\u1ee7a thi\u1ebft b\u1ecb b\u1ecb r\u1ec9 s\u00e9t v\u00e0 \u0103n m\u00f2n do thi\u1ebfu kh\u00f4ng kh\u00ed l\u01b0u th\u00f4ng trong l\u1edbp che ph\u1ee7, k\u00e9o d\u00e0i tu\u1ed5i th\u1ecd c\u1ee7a thi\u1ebft b\u1ecb v\u00e0 \u0111\u1ea3m b\u1ea3o thi\u1ebft b\u1ecb ho\u1ea1t \u0111\u1ed9ng \u1ed5n \u0111\u1ecbnh.<\/p>\n<p>Ti\u1ec7n nghi ngo\u00e0i tr\u1eddi<br \/>\nM\u00e1i hi\u00ean ngo\u00e0i tr\u1eddi v\u00e0 m\u00e1i hi\u00ean che m\u01b0a: c\u00f3 th\u1ec3 \u0111\u01b0\u1ee3c s\u1eed d\u1ee5ng \u0111\u1ec3 s\u1ea3n xu\u1ea5t c\u00e1c ti\u1ec7n nghi ngo\u00e0i tr\u1eddi nh\u01b0 m\u00e1i hi\u00ean b\u00ean ngo\u00e0i t\u00f2a nh\u00e0 v\u00e0 m\u00e1i hi\u00ean che m\u01b0a \u1edf b\u00e3i \u0111\u1ed7 xe ngo\u00e0i tr\u1eddi. Kh\u1ea3 n\u0103ng ch\u1ed1ng th\u1ea5m n\u01b0\u1edbc c\u1ee7a n\u00f3 c\u00f3 th\u1ec3 ng\u0103n ch\u1eb7n hi\u1ec7u qu\u1ea3 s\u1ef1 x\u00e2m nh\u1eadp c\u1ee7a n\u01b0\u1edbc m\u01b0a v\u00e0 cung c\u1ea5p kh\u00f4ng gian kh\u00f4 r\u00e1o cho khu v\u1ef1c b\u00ean d\u01b0\u1edbi v\u00e0o m\u00f9a m\u01b0a; ch\u1ee9c n\u0103ng tho\u00e1ng kh\u00ed c\u00f3 th\u1ec3 l\u00e0m gi\u1ea3m c\u00e1c v\u1ea5n \u0111\u1ec1 ng\u01b0ng t\u1ee5 v\u00e0 n\u1ea5m m\u1ed1c c\u00f3 th\u1ec3 x\u1ea3y ra trong m\u00f4i tr\u01b0\u1eddng kh\u00e9p k\u00edn l\u00e2u d\u00e0i, duy tr\u00ec t\u00ednh \u1ed5n \u0111\u1ecbnh c\u1ee7a hi\u1ec7u su\u1ea5t ri\u00eang c\u1ee7a b\u1ea1t v\u00e0 cung c\u1ea5p cho m\u1ecdi ng\u01b0\u1eddi n\u01a1i tr\u00fa \u1ea9n ngo\u00e0i tr\u1eddi tho\u1ea3i m\u00e1i trong th\u1eddi gian d\u00e0i.<\/p>\n<p>L\u01b0u tr\u1eef v\u00e0 \u0111\u00f3ng g\u00f3i<br \/>\nV\u1eadt li\u1ec7u \u0111\u00f3ng g\u00f3i h\u00e0ng h\u00f3a l\u1edbn: Trong qu\u00e1 tr\u00ecnh l\u01b0u tr\u1eef v\u00e0 v\u1eadn chuy\u1ec3n m\u1ed9t s\u1ed1 s\u1ea3n ph\u1ea9m c\u00f4ng nghi\u1ec7p l\u1edbn ho\u1eb7c nguy\u00ean li\u1ec7u th\u00f4 c\u00f3 y\u00eau c\u1ea7u cao v\u1ec1 kh\u1ea3 n\u0103ng ch\u1ed1ng \u1ea9m, lo\u1ea1i v\u1ea3i polyester 1200D ch\u1ed1ng th\u1ea5m n\u01b0\u1edbc v\u00e0 tho\u00e1ng kh\u00ed n\u00e0y c\u00f3 th\u1ec3 \u0111\u01b0\u1ee3c s\u1eed d\u1ee5ng l\u00e0m v\u1eadt li\u1ec7u \u0111\u00f3ng g\u00f3i. N\u00f3 c\u00f3 th\u1ec3 ng\u0103n h\u01a1i \u1ea9m b\u00ean ngo\u00e0i x\u00e2m nh\u1eadp v\u00e0o bao b\u00ec v\u00e0 g\u00e2y h\u01b0 h\u1ecfng cho h\u00e0ng h\u00f3a, \u0111\u1ed3ng th\u1eddi c\u00f3 th\u1ec3 \u0111\u1ea3m b\u1ea3o m\u1ed9t m\u1ee9c \u0111\u1ed9 l\u01b0u th\u00f4ng kh\u00f4ng kh\u00ed nh\u1ea5t \u0111\u1ecbnh trong bao b\u00ec, tr\u00e1nh t\u00edch t\u1ee5 h\u01a1i n\u01b0\u1edbc v\u00e0 h\u01b0 h\u1ecfng h\u00e0ng h\u00f3a do b\u1ecbt k\u00edn ho\u00e0n to\u00e0n, \u0111\u1ed3ng th\u1eddi \u0111\u1ea3m b\u1ea3o ch\u1ea5t l\u01b0\u1ee3ng v\u00e0 an to\u00e0n c\u1ee7a h\u00e0ng h\u00f3a trong qu\u00e1 tr\u00ecnh l\u01b0u tr\u1eef v\u00e0 v\u1eadn chuy\u1ec3n.<br \/>\nS\u1eed d\u1ee5ng ch\u1ee9c n\u0103ng ch\u1ed1ng ch\u00e1y<\/p>\n<p>Ph\u00f2ng ch\u00e1y ch\u1eefa ch\u00e1y v\u00e0 c\u1ee9u h\u1ed9 kh\u1ea9n c\u1ea5p<br \/>\nV\u1eadt li\u1ec7u ph\u1ee5 tr\u1ee3 thi\u1ebft b\u1ecb ch\u1eefa ch\u00e1y: nh\u01b0 v\u1ecf b\u1ea3o v\u1ec7 thi\u1ebft b\u1ecb ch\u1eefa ch\u00e1y l\u1edbn t\u1ea1i hi\u1ec7n tr\u01b0\u1eddng c\u1ee9u h\u1ecfa, v\u1eadt li\u1ec7u b\u1ea3o v\u1ec7 b\u00ean ngo\u00e0i c\u1ee7a v\u00f2i ch\u1eefa ch\u00e1y. Trong m\u00f4i tr\u01b0\u1eddng ph\u1ee9c t\u1ea1p v\u00e0 nguy hi\u1ec3m c\u1ee7a hi\u1ec7n tr\u01b0\u1eddng h\u1ecfa ho\u1ea1n, v\u1ea3i polyester 1200D ch\u1ed1ng ch\u00e1y c\u00f3 th\u1ec3 ch\u1ed1ng l\u1ea1i hi\u1ec7u qu\u1ea3 s\u1ef1 x\u00e2m nh\u1eadp c\u1ee7a ng\u1ecdn l\u1eeda, ng\u0103n ng\u1eeba thi\u1ebft b\u1ecb b\u1ecb h\u01b0 h\u1ecfng do ng\u1ecdn l\u1eeda lan r\u1ed9ng, \u0111\u1ea3m b\u1ea3o s\u1eed d\u1ee5ng b\u00ecnh th\u01b0\u1eddng thi\u1ebft b\u1ecb ch\u1eefa ch\u00e1y v\u00e0o nh\u1eefng th\u1eddi \u0111i\u1ec3m quan tr\u1ecdng v\u00e0 h\u1ed7 tr\u1ee3 m\u1ea1nh m\u1ebd cho ti\u1ebfn tr\u00ecnh ch\u1eefa ch\u00e1y v\u00e0 c\u1ee9u h\u1ed9 di\u1ec5n ra su\u00f4n s\u1ebb.<\/p>\n<p>C\u01a1 s\u1edf t\u1ea1m th\u1eddi \u0111\u1ec3 c\u1ee9u h\u1ed9 kh\u1ea9n c\u1ea5p:<br \/>\nT\u1ea1i hi\u1ec7n tr\u01b0\u1eddng h\u1ecfa ho\u1ea1n ho\u1eb7c c\u00e1c hi\u1ec7n tr\u01b0\u1eddng c\u1ee9u h\u1ed9 thi\u00ean tai kh\u00e1c, c\u00e1c c\u01a1 s\u1edf t\u1ea1m th\u1eddi nh\u01b0 l\u1ec1u trung t\u00e2m ch\u1ec9 huy t\u1ea1m th\u1eddi v\u00e0 l\u1ec1u l\u01b0u tr\u1eef v\u1eadt li\u1ec7u c\u1ee9u h\u1ed9 \u0111\u01b0\u1ee3c l\u00e0m b\u1eb1ng v\u1ea3i polyester 1200D ch\u1ed1ng ch\u00e1y. N\u00f3 c\u00f3 th\u1ec3 ng\u0103n ch\u1eb7n l\u1ec1u b\u1ecb b\u1eaft l\u1eeda b\u1edfi ng\u1ecdn l\u1eeda xung quanh, \u0111\u1ea3m b\u1ea3o s\u1ef1 ph\u00e1t tri\u1ec3n an to\u00e0n c\u1ee7a c\u00f4ng t\u00e1c c\u1ee9u h\u1ed9, cung c\u1ea5p kh\u00f4ng gian t\u01b0\u01a1ng \u0111\u1ed1i an to\u00e0n cho l\u1ef1c l\u01b0\u1ee3ng c\u1ee9u h\u1ed9 v\u00e0 n\u1ea1n nh\u00e2n thi\u00ean tai, v\u00e0 \u0111\u1ea3m b\u1ea3o ti\u1ebfn h\u00e0nh c\u00e1c ho\u1ea1t \u0111\u1ed9ng c\u1ee9u h\u1ed9 c\u00f3 tr\u1eadt t\u1ef1.<\/p>\n<p>V\u1eadn t\u1ea3i<br \/>\nB\u1ea3o v\u1ec7 n\u1ed9i th\u1ea5t xe: S\u1eed d\u1ee5ng v\u1ea3i ch\u1ed1ng ch\u00e1y n\u1eb7ng \u1edf c\u00e1c b\u1ed9 ph\u1eadn b\u00ean trong c\u1ee7a c\u00e1c ph\u01b0\u01a1ng ti\u1ec7n l\u1edbn nh\u01b0 t\u00e0u th\u1ee7y v\u00e0 t\u00e0u h\u1ecfa, ch\u1eb3ng h\u1ea1n nh\u01b0 v\u1ecf b\u1ecdc gh\u1ebf v\u00e0 v\u1eadt li\u1ec7u b\u1ecdc t\u1ea5m \u1ed1p n\u1ed9i th\u1ea5t, c\u00f3 th\u1ec3 c\u1ea3i thi\u1ec7n s\u1ef1 an to\u00e0n t\u1ed5ng th\u1ec3 c\u1ee7a xe. Trong tr\u01b0\u1eddng h\u1ee3p kh\u1ea9n c\u1ea5p nh\u01b0 h\u1ecfa ho\u1ea1n, v\u1ea3i ch\u1ed1ng ch\u00e1y c\u00f3 th\u1ec3 l\u00e0m ch\u1eadm s\u1ef1 lan r\u1ed9ng c\u1ee7a \u0111\u00e1m ch\u00e1y, k\u00e9o d\u00e0i th\u1eddi gian s\u01a1 t\u00e1n cho h\u00e0nh kh\u00e1ch v\u00e0 gi\u1ea3m th\u01b0\u01a1ng vong v\u00e0 thi\u1ec7t h\u1ea1i t\u00e0i s\u1ea3n do h\u1ecfa ho\u1ea1n g\u00e2y ra.<\/p>\n<p>An to\u00e0n c\u00f4ng nghi\u1ec7p<br \/>\nC\u01a1 s\u1edf b\u1ea3o v\u1ec7 t\u1ea1i c\u00e1c khu v\u1ef1c c\u00f3 nguy c\u01a1 cao: C\u01a1 s\u1edf b\u1ea3o v\u1ec7 t\u1ea1i m\u1ed9t s\u1ed1 khu c\u00f4ng nghi\u1ec7p c\u00f3 nguy c\u01a1 ch\u00e1y n\u1ed5 c\u1ef1c cao, ch\u1eb3ng h\u1ea1n nh\u01b0 khu v\u1ef1c ho\u1ea1t \u0111\u1ed9ng \u1edf nhi\u1ec7t \u0111\u1ed9 cao v\u00e0 khu v\u1ef1c l\u01b0u tr\u1eef d\u1ec5 ch\u00e1y n\u1ed5 trong c\u00e1c ng\u00e0nh c\u00f4ng nghi\u1ec7p nh\u01b0 h\u00f3a d\u1ea7u v\u00e0 luy\u1ec7n kim. V\u00ed d\u1ee5, r\u00e8m c\u00e1ch ly, v\u1eadt li\u1ec7u che t\u01b0\u1eddng ch\u1ed1ng ch\u00e1y, v.v. Khi nh\u00e2n vi\u00ean l\u00e0m vi\u1ec7c t\u1ea1i c\u00e1c khu v\u1ef1c n\u00e0y, c\u00e1c c\u01a1 s\u1edf b\u1ea3o v\u1ec7 \u0111\u01b0\u1ee3c l\u00e0m b\u1eb1ng v\u1ea3i c\u00f4ng nghi\u1ec7p polyester 1200D ch\u1ed1ng ch\u00e1y n\u00e0y c\u00f3 th\u1ec3 gi\u1ea3m hi\u1ec7u qu\u1ea3 nguy c\u01a1 ch\u00e1y lan do h\u1ecfa ho\u1ea1n, \u0111\u1ea3m b\u1ea3o an to\u00e0n cho nh\u00e2n vi\u00ean v\u00e0 v\u1eadn h\u00e0nh \u1ed5n \u0111\u1ecbnh c\u00e1c c\u01a1 s\u1edf s\u1ea3n xu\u1ea5t, \u0111\u1ed3ng th\u1eddi gi\u1ea3m thi\u1ec3u t\u1ed5n th\u1ea5t tr\u00ean di\u1ec7n r\u1ed9ng do tai n\u1ea1n h\u1ecfa ho\u1ea1n g\u00e2y ra.<\/p>\n<p>Ng\u00e0nh c\u00f4ng nghi\u1ec7p \u0111i\u1ec7n<br \/>\nV\u1ecf b\u1ea3o v\u1ec7 cho thi\u1ebft b\u1ecb \u0111i\u1ec7n: V\u1ecf b\u1ea3o v\u1ec7 l\u00e0m b\u1eb1ng v\u1ea3i ch\u1ecbu l\u1eeda ch\u1ecbu tr\u1ecdng l\u01b0\u1ee3ng n\u1eb7ng c\u00f3 th\u1ec3 \u0111\u01b0\u1ee3c s\u1eed d\u1ee5ng cho thi\u1ebft b\u1ecb \u0111i\u1ec7n, ch\u1eb3ng h\u1ea1n nh\u01b0 m\u00e1y bi\u1ebfn \u00e1p l\u1edbn v\u00e0 t\u1ee7 ph\u00e2n ph\u1ed1i trong tr\u1ea1m bi\u1ebfn \u00e1p. Khi h\u1ecfa ho\u1ea1n x\u1ea3y ra do h\u1ecfng thi\u1ebft b\u1ecb \u0111i\u1ec7n, v\u1ecf b\u1ea3o v\u1ec7 c\u00f3 th\u1ec3 ng\u0103n ch\u1eb7n s\u1ef1 lan r\u1ed9ng c\u1ee7a \u0111\u00e1m ch\u00e1y, b\u1ea3o v\u1ec7 c\u00e1c thi\u1ebft b\u1ecb v\u00e0 c\u01a1 s\u1edf xung quanh, gi\u1ea3m t\u1ed5n th\u1ea5t do h\u1ecfa ho\u1ea1n g\u00e2y ra, tr\u00e1nh ph\u1ea3n \u1ee9ng d\u00e2y chuy\u1ec1n do h\u1ecfa ho\u1ea1n \u1edf m\u1ed9t thi\u1ebft b\u1ecb v\u00e0 l\u00e0m t\u00ea li\u1ec7t to\u00e0n b\u1ed9 h\u1ec7 th\u1ed1ng \u0111i\u1ec7n, \u0111\u1ea3m b\u1ea3o s\u1ef1 \u1ed5n \u0111\u1ecbnh v\u00e0 an to\u00e0n c\u1ee7a ngu\u1ed3n cung c\u1ea5p \u0111i\u1ec7n.<\/p>","protected":false},"excerpt":{"rendered":"<p>1000 m\u00e9t (\u0110\u01a1n h\u00e0ng t\u1ed1i thi\u1ec3u)<\/p>","protected":false},"featured_media":4901,"comment_status":"closed","ping_status":"closed","template":"","meta":{"_uag_custom_page_level_css":"","site-sidebar-layout":"default","site-content-layout":"default","ast-site-content-layout":"","site-content-style":"default","site-sidebar-style":"default","ast-global-header-display":"","ast-banner-title-visibility":"","ast-main-header-display":"","ast-hfb-above-header-display":"","ast-hfb-below-header-display":"","ast-hfb-mobile-header-display":"","site-post-title":"","ast-breadcrumbs-content":"","ast-featured-img":"","footer-sml-layout":"","theme-transparent-header-meta":"default","adv-header-id-meta":"","stick-header-meta":"default","header-above-stick-meta":"","header-main-stick-meta":"","header-below-stick-meta":"","astra-migrate-meta-layouts":"default","ast-page-background-enabled":"default","ast-page-background-meta":{"desktop":{"background-color":"","background-image":"","background-repeat":"repeat","background-position":"center center","background-size":"auto","background-attachment":"scroll","background-type":"","background-media":"","overlay-type":"","overlay-color":"","overlay-opacity":"","overlay-gradient":""},"tablet":{"background-color":"","background-image":"","background-repeat":"repeat","background-position":"center center","background-size":"auto","background-attachment":"scroll","background-type":"","background-media":"","overlay-type":"","overlay-color":"","overlay-opacity":"","overlay-gradient":""},"mobile":{"background-color":"","background-image":"","background-repeat":"repeat","background-position":"center center","background-size":"auto","background-attachment":"scroll","background-type":"","background-media":"","overlay-type":"","overlay-color":"","overlay-opacity":"","overlay-gradient":""}},"ast-content-background-meta":{"desktop":{"background-color":"var(--ast-global-color-5)","background-image":"","background-repeat":"repeat","background-position":"center center","background-size":"auto","background-attachment":"scroll","background-type":"","background-media":"","overlay-type":"","overlay-color":"","overlay-opacity":"","overlay-gradient":""},"tablet":{"background-color":"var(--ast-global-color-5)","background-image":"","background-repeat":"repeat","background-position":"center center","background-size":"auto","background-attachment":"scroll","background-type":"","background-media":"","overlay-type":"","overlay-color":"","overlay-opacity":"","overlay-gradient":""},"mobile":{"background-color":"var(--ast-global-color-5)","background-image":"","background-repeat":"repeat","background-position":"center center","background-size":"auto","background-attachment":"scroll","background-type":"","background-media":"","overlay-type":"","overlay-color":"","overlay-opacity":"","overlay-gradient":""}}},"product_brand":[],"product_cat":[417,1206,1183,432,1184,403,433,414],"product_tag":[],"class_list":{"0":"post-4758","1":"product","2":"type-product","3":"status-publish","4":"has-post-thumbnail","6":"product_cat-anti-bacterial-fabrics","7":"product_cat-fabric-for-bag","8":"product_cat-fabric-for-horse-blankets","9":"product_cat-fabric-for-tent","10":"product_cat-oxford-fabric","11":"product_cat-polyester-fabrics","12":"product_cat-textile-for-industrial","13":"product_cat-waterproof-fabrics","14":"pa_available_colors-911052-spc","15":"desktop-align-left","16":"tablet-align-left","17":"mobile-align-left","18":"ast-product-gallery-layout-vertical-slider","19":"ast-product-tabs-layout-horizontal","21":"first","22":"instock","23":"shipping-taxable","24":"product-type-simple"},"uagb_featured_image_src":{"full":["https:\/\/www.sikortex.com\/wp-content\/uploads\/2023\/06\/1-18.jpg",800,800,false],"thumbnail":["https:\/\/www.sikortex.com\/wp-content\/uploads\/2023\/06\/1-18-150x150.jpg",150,150,true],"medium":["https:\/\/www.sikortex.com\/wp-content\/uploads\/2023\/06\/1-18-300x300.jpg",300,300,true],"medium_large":["https:\/\/www.sikortex.com\/wp-content\/uploads\/2023\/06\/1-18-768x768.jpg",768,768,true],"large":["https:\/\/www.sikortex.com\/wp-content\/uploads\/2023\/06\/1-18.jpg",800,800,false],"1536x1536":["https:\/\/www.sikortex.com\/wp-content\/uploads\/2023\/06\/1-18.jpg",800,800,false],"2048x2048":["https:\/\/www.sikortex.com\/wp-content\/uploads\/2023\/06\/1-18.jpg",800,800,false],"trp-custom-language-flag":["https:\/\/www.sikortex.com\/wp-content\/uploads\/2023\/06\/1-18.jpg",12,12,false],"woocommerce_thumbnail":["https:\/\/www.sikortex.com\/wp-content\/uploads\/2023\/06\/1-18-300x300.jpg",300,300,true],"woocommerce_single":["https:\/\/www.sikortex.com\/wp-content\/uploads\/2023\/06\/1-18-600x600.jpg",600,600,true],"woocommerce_gallery_thumbnail":["https:\/\/www.sikortex.com\/wp-content\/uploads\/2023\/06\/1-18-100x100.jpg",100,100,true]},"uagb_author_info":{"display_name":"Perry","author_link":"https:\/\/www.sikortex.com\/vi\/author\/"},"uagb_comment_info":0,"uagb_excerpt":"1000 Meters(Min.Order)","_links":{"self":[{"href":"https:\/\/www.sikortex.com\/vi\/wp-json\/wp\/v2\/product\/4758","targetHints":{"allow":["GET"]}}],"collection":[{"href":"https:\/\/www.sikortex.com\/vi\/wp-json\/wp\/v2\/product"}],"about":[{"href":"https:\/\/www.sikortex.com\/vi\/wp-json\/wp\/v2\/types\/product"}],"replies":[{"embeddable":true,"href":"https:\/\/www.sikortex.com\/vi\/wp-json\/wp\/v2\/comments?post=4758"}],"wp:featuredmedia":[{"embeddable":true,"href":"https:\/\/www.sikortex.com\/vi\/wp-json\/wp\/v2\/media\/4901"}],"wp:attachment":[{"href":"https:\/\/www.sikortex.com\/vi\/wp-json\/wp\/v2\/media?parent=4758"}],"wp:term":[{"taxonomy":"product_brand","embeddable":true,"href":"https:\/\/www.sikortex.com\/vi\/wp-json\/wp\/v2\/product_brand?post=4758"},{"taxonomy":"product_cat","embeddable":true,"href":"https:\/\/www.sikortex.com\/vi\/wp-json\/wp\/v2\/product_cat?post=4758"},{"taxonomy":"product_tag","embeddable":true,"href":"https:\/\/www.sikortex.com\/vi\/wp-json\/wp\/v2\/product_tag?post=4758"}],"curies":[{"name":"wp","href":"https:\/\/api.w.org\/{rel}","templated":true}]}}