{"id":4753,"date":"2023-06-28T15:54:47","date_gmt":"2023-06-28T07:54:47","guid":{"rendered":"http:\/\/shihan.vihsu.com\/?post_type=product&#038;p=4753"},"modified":"2023-09-24T13:59:36","modified_gmt":"2023-09-24T05:59:36","slug":"vai-cheo-nylon-va-bong-dan-xen","status":"publish","type":"product","link":"https:\/\/www.sikortex.com\/vi\/san-pham\/vai-cheo-nylon-va-bong-dan-xen\/","title":{"rendered":"V\u1ea3i Twill \u0111an xen gi\u1eefa nylon v\u00e0 b\u00f4ng"},"content":{"rendered":"<p>SIKOR-TEX <a href=\"https:\/\/www.sikortex.com\/vi\/bong-nylon\/\">b\u00f4ng nylon<\/a> V\u1ea3i twill h\u1ed7n h\u1ee3p l\u00e0 ch\u1ea5t li\u1ec7u canvas cao c\u1ea5p, \u0111\u01b0\u1ee3c l\u00e0m t\u1eeb s\u1ee3i d\u1ecdc nylon 200D v\u00e0 s\u1ee3i ngang cotton 10S. B\u1eb1ng c\u00e1ch nhu\u1ed9m ch\u00e9o, thu \u0111\u01b0\u1ee3c hai m\u00e0u c\u1ee7a v\u1ea3i s\u1ee3i. Lo\u1ea1i v\u1ea3i n\u00e0y l\u00fd t\u01b0\u1edfng cho \u00e1o kho\u00e1c, \u00e1o kho\u00e1c d\u00e0i, \u00e1o kho\u00e1c ngo\u00e0i, qu\u1ea7n d\u00e0i v\u00e0 y\u1ebfm, \u0111\u1ed3ng th\u1eddi ho\u00e0n h\u1ea3o cho c\u00e1c ho\u1ea1t \u0111\u1ed9ng ngo\u00e0i tr\u1eddi, qu\u1ea7n \u00e1o \u0111i l\u00e0m v\u00e0 \u0111i l\u00e0m trong th\u00e0nh ph\u1ed1.<\/p>\n<p>M\u1ed9t trong nh\u1eefng \u0111\u1eb7c \u0111i\u1ec3m ch\u00ednh c\u1ee7a lo\u1ea1i v\u1ea3i n\u00e0y l\u00e0 \u0111\u1ed9 b\u1ec1n v\u00e0 kh\u1ea3 n\u0103ng ch\u1ed1ng m\u00e0i m\u00f2n, khi\u1ebfn n\u00f3 tr\u1edf n\u00ean l\u00fd t\u01b0\u1edfng \u0111\u1ec3 s\u1eed d\u1ee5ng trong m\u00f4i tr\u01b0\u1eddng kh\u1eafc nghi\u1ec7t. Vi\u1ec7c \u0111an xen c\u00e1c s\u1ee3i nylon v\u00e0 cotton c\u00f2n mang l\u1ea1i kh\u1ea3 n\u0103ng tho\u00e1ng kh\u00ed t\u1ed1t, gi\u00fap ng\u01b0\u1eddi m\u1eb7c lu\u00f4n m\u00e1t m\u1ebb v\u00e0 tho\u1ea3i m\u00e1i.<\/p>\n<p>Ngo\u00e0i c\u00e1c \u0111\u1eb7c t\u00ednh ch\u1ee9c n\u0103ng, v\u1ea3i \u0111an xen nylon v\u00e0 cotton c\u00f2n c\u00f3 v\u1ebb ngo\u00e0i th\u1eddi trang v\u00e0 linh ho\u1ea1t n\u00ean ph\u00f9 h\u1ee3p v\u1edbi nhi\u1ec1u \u1ee9ng d\u1ee5ng. B\u1ea3ng m\u00e0u t\u1ef1 nhi\u00ean v\u00e0 trung t\u00ednh c\u1ee7a n\u00f3 c\u0169ng cho ph\u00e9p d\u1ec5 d\u00e0ng ph\u1ed1i h\u1ee3p v\u1edbi c\u00e1c lo\u1ea1i v\u1ea3i v\u00e0 v\u1eadt li\u1ec7u kh\u00e1c.<\/p>","protected":false},"excerpt":{"rendered":"<p>600 m\u00e9t (\u0110\u01a1n h\u00e0ng t\u1ed1i thi\u1ec3u)<\/p>","protected":false},"featured_media":4421,"comment_status":"closed","ping_status":"closed","template":"","meta":{"_uag_custom_page_level_css":"","site-sidebar-layout":"default","site-content-layout":"default","ast-site-content-layout":"","site-content-style":"default","site-sidebar-style":"default","ast-global-header-display":"","ast-banner-title-visibility":"","ast-main-header-display":"","ast-hfb-above-header-display":"","ast-hfb-below-header-display":"","ast-hfb-mobile-header-display":"","site-post-title":"","ast-breadcrumbs-content":"","ast-featured-img":"","footer-sml-layout":"","theme-transparent-header-meta":"default","adv-header-id-meta":"","stick-header-meta":"default","header-above-stick-meta":"","header-main-stick-meta":"","header-below-stick-meta":"","astra-migrate-meta-layouts":"default","ast-page-background-enabled":"default","ast-page-background-meta":{"desktop":{"background-color":"","background-image":"","background-repeat":"repeat","background-position":"center center","background-size":"auto","background-attachment":"scroll","background-type":"","background-media":"","overlay-type":"","overlay-color":"","overlay-opacity":"","overlay-gradient":""},"tablet":{"background-color":"","background-image":"","background-repeat":"repeat","background-position":"center center","background-size":"auto","background-attachment":"scroll","background-type":"","background-media":"","overlay-type":"","overlay-color":"","overlay-opacity":"","overlay-gradient":""},"mobile":{"background-color":"","background-image":"","background-repeat":"repeat","background-position":"center center","background-size":"auto","background-attachment":"scroll","background-type":"","background-media":"","overlay-type":"","overlay-color":"","overlay-opacity":"","overlay-gradient":""}},"ast-content-background-meta":{"desktop":{"background-color":"var(--ast-global-color-5)","background-image":"","background-repeat":"repeat","background-position":"center center","background-size":"auto","background-attachment":"scroll","background-type":"","background-media":"","overlay-type":"","overlay-color":"","overlay-opacity":"","overlay-gradient":""},"tablet":{"background-color":"var(--ast-global-color-5)","background-image":"","background-repeat":"repeat","background-position":"center center","background-size":"auto","background-attachment":"scroll","background-type":"","background-media":"","overlay-type":"","overlay-color":"","overlay-opacity":"","overlay-gradient":""},"mobile":{"background-color":"var(--ast-global-color-5)","background-image":"","background-repeat":"repeat","background-position":"center center","background-size":"auto","background-attachment":"scroll","background-type":"","background-media":"","overlay-type":"","overlay-color":"","overlay-opacity":"","overlay-gradient":""}}},"product_brand":[],"product_cat":[426,431,423,406,425],"product_tag":[],"class_list":{"0":"post-4753","1":"product","2":"type-product","3":"status-publish","4":"has-post-thumbnail","6":"product_cat-constructionmining","7":"product_cat-fabric-for-commuting-clothing","8":"product_cat-fabric-for-military-police","9":"product_cat-nylon-cotton","10":"product_cat-security-emergencies-road-services","11":"pa_available_colors-h-black","12":"desktop-align-left","13":"tablet-align-left","14":"mobile-align-left","15":"ast-product-gallery-layout-vertical-slider","16":"ast-product-tabs-layout-horizontal","18":"first","19":"instock","20":"shipping-taxable","21":"product-type-simple"},"uagb_featured_image_src":{"full":["https:\/\/www.sikortex.com\/wp-content\/uploads\/2023\/06\/21240900464_1128202291.jpg",1024,1024,false],"thumbnail":["https:\/\/www.sikortex.com\/wp-content\/uploads\/2023\/06\/21240900464_1128202291-150x150.jpg",150,150,true],"medium":["https:\/\/www.sikortex.com\/wp-content\/uploads\/2023\/06\/21240900464_1128202291-300x300.jpg",300,300,true],"medium_large":["https:\/\/www.sikortex.com\/wp-content\/uploads\/2023\/06\/21240900464_1128202291-768x768.jpg",768,768,true],"large":["https:\/\/www.sikortex.com\/wp-content\/uploads\/2023\/06\/21240900464_1128202291.jpg",1024,1024,false],"1536x1536":["https:\/\/www.sikortex.com\/wp-content\/uploads\/2023\/06\/21240900464_1128202291.jpg",1024,1024,false],"2048x2048":["https:\/\/www.sikortex.com\/wp-content\/uploads\/2023\/06\/21240900464_1128202291.jpg",1024,1024,false],"trp-custom-language-flag":["https:\/\/www.sikortex.com\/wp-content\/uploads\/2023\/06\/21240900464_1128202291.jpg",12,12,false],"woocommerce_thumbnail":["https:\/\/www.sikortex.com\/wp-content\/uploads\/2023\/06\/21240900464_1128202291-300x300.jpg",300,300,true],"woocommerce_single":["https:\/\/www.sikortex.com\/wp-content\/uploads\/2023\/06\/21240900464_1128202291-600x600.jpg",600,600,true],"woocommerce_gallery_thumbnail":["https:\/\/www.sikortex.com\/wp-content\/uploads\/2023\/06\/21240900464_1128202291-100x100.jpg",100,100,true]},"uagb_author_info":{"display_name":"Perry","author_link":"https:\/\/www.sikortex.com\/vi\/author\/"},"uagb_comment_info":0,"uagb_excerpt":"600 Meters(Min.Order)","_links":{"self":[{"href":"https:\/\/www.sikortex.com\/vi\/wp-json\/wp\/v2\/product\/4753","targetHints":{"allow":["GET"]}}],"collection":[{"href":"https:\/\/www.sikortex.com\/vi\/wp-json\/wp\/v2\/product"}],"about":[{"href":"https:\/\/www.sikortex.com\/vi\/wp-json\/wp\/v2\/types\/product"}],"replies":[{"embeddable":true,"href":"https:\/\/www.sikortex.com\/vi\/wp-json\/wp\/v2\/comments?post=4753"}],"wp:featuredmedia":[{"embeddable":true,"href":"https:\/\/www.sikortex.com\/vi\/wp-json\/wp\/v2\/media\/4421"}],"wp:attachment":[{"href":"https:\/\/www.sikortex.com\/vi\/wp-json\/wp\/v2\/media?parent=4753"}],"wp:term":[{"taxonomy":"product_brand","embeddable":true,"href":"https:\/\/www.sikortex.com\/vi\/wp-json\/wp\/v2\/product_brand?post=4753"},{"taxonomy":"product_cat","embeddable":true,"href":"https:\/\/www.sikortex.com\/vi\/wp-json\/wp\/v2\/product_cat?post=4753"},{"taxonomy":"product_tag","embeddable":true,"href":"https:\/\/www.sikortex.com\/vi\/wp-json\/wp\/v2\/product_tag?post=4753"}],"curies":[{"name":"wp","href":"https:\/\/api.w.org\/{rel}","templated":true}]}}