{"id":4696,"date":"2023-06-28T11:41:22","date_gmt":"2023-06-28T03:41:22","guid":{"rendered":"http:\/\/shihan.vihsu.com\/?post_type=product&#038;p=4696"},"modified":"2024-03-24T20:30:28","modified_gmt":"2024-03-24T12:30:28","slug":"nylon-spandex-vai-co-gian-4-chieu-2","status":"publish","type":"product","link":"https:\/\/www.sikortex.com\/vi\/san-pham\/nylon-spandex-vai-co-gian-4-chieu-2\/","title":{"rendered":"V\u1ea3i d\u1ec7t thoi nylon spandex co d\u00e3n 4 chi\u1ec1u V\u1ea3i ph\u1ee7 nano"},"content":{"rendered":"<p>bong b\u00f3ng nano<\/p>\n<p>d\u1ec7t <a href=\"https:\/\/www.sikortex.com\/vi\/vai-nylon-2\/\">Nylon<\/a> v\u1ea3i co gi\u00e3n 4 chi\u1ec1u<\/p>\n<p>Ai b\u1ea3o \u00e1o l\u00f4ng v\u0169 m\u00f9a \u0111\u00f4ng ch\u1ec9 c\u1ea7n gi\u1eef \u1ea5m ch\u1ee9 kh\u00f4ng c\u1ea7n tho\u00e1ng kh\u00ed? B\u1ea1n \u0111\u00e3 bao gi\u1edd ngh\u0129 \u0111\u1ebfn m\u1ed9t chi\u1ebfc \u00e1o kho\u00e1c gi\u1eef \u1ea5m th\u00f4ng gi\u00f3 ho\u00e0n to\u00e0n ch\u01b0a? V\u1ea3i th\u1edf qua da c\u00f3 th\u1ec3 gi\u00fap b\u1ea1n n\u00f3i l\u1eddi t\u1ea1m bi\u1ec7t v\u1edbi s\u1ef1 ng\u1ed9t ng\u1ea1t.<\/p>\n<p>M\u1ee5c \u0111\u00edch c\u1ee7a s\u00e1ng ch\u1ebf l\u00e0 cung c\u1ea5p quy tr\u00ecnh \u0111\u01a1n gi\u1ea3n, chi ph\u00ed s\u1ea3n xu\u1ea5t th\u1ea5p v\u00e0 c\u00f3 t\u00ednh \u0111\u1ebfn ch\u1ee9c n\u0103ng th\u1ea5m \u1ea9m. kh\u00f4ng th\u1ea5m n\u01b0\u1edbc, v\u00e0 tho\u00e1ng kh\u00ed. V\u1ea3i thu \u0111\u01b0\u1ee3c th\u00f4ng qua m\u1ed9t lo\u1ea1t quy tr\u00ecnh ph\u1ee7 v\u00e0 ph\u01b0\u01a1ng ph\u00e1p x\u1eed l\u00fd c\u0169ng nh\u01b0 c\u00e1ch s\u1eed d\u1ee5ng ch\u00fang.<\/p>\n<p>\u0110i\u1ec3m \u0111au gi\u1ea3i quy\u1ebft<\/p>\n<p>V\u1ea3i composite co d\u00e3n 4 chi\u1ec1u c\u00f3 th\u1ec3 \u0111\u1ed3ng th\u1eddi c\u00f3 c\u00e1c ch\u1ee9c n\u0103ng ch\u1ed1ng n\u01b0\u1edbc, th\u1ea5m \u1ea9m, c\u1ea3n gi\u00f3 v\u00e0 gi\u1eef \u1ea5m.<\/p>\n<p>Th\u01b0\u1eddng \u0111\u01b0\u1ee3c s\u1eed d\u1ee5ng trong qu\u1ea7n t\u1ea5n c\u00f4ng th\u1ec3 thao ngo\u00e0i tr\u1eddi, qu\u1ea7n \u00e1o m\u00f9a \u0111\u00f4ng, v.v. Trong nh\u1eefng n\u0103m g\u1ea7n \u0111\u00e2y, n\u00f3 \u0111\u00e3 d\u1ea7n \u0111\u01b0\u1ee3c \u00e1p d\u1ee5ng cho qu\u1ea7n \u00e1o th\u1ec3 thao v\u00e0 gi\u1ea3i tr\u00ed \u1edf th\u00e0nh th\u1ecb. Nh\u01b0ng n\u00f3 th\u01b0\u1eddng mang \u0111\u1ebfn cho ng\u01b0\u1eddi ta c\u1ea3m gi\u00e1c oi b\u1ee9c.<\/p>","protected":false},"excerpt":{"rendered":"<p>1000 m\u00e9t (\u0110\u01a1n h\u00e0ng t\u1ed1i thi\u1ec3u)<\/p>","protected":false},"featured_media":4697,"comment_status":"closed","ping_status":"closed","template":"","meta":{"_uag_custom_page_level_css":"","site-sidebar-layout":"default","site-content-layout":"default","ast-site-content-layout":"","site-content-style":"default","site-sidebar-style":"default","ast-global-header-display":"","ast-banner-title-visibility":"","ast-main-header-display":"","ast-hfb-above-header-display":"","ast-hfb-below-header-display":"","ast-hfb-mobile-header-display":"","site-post-title":"","ast-breadcrumbs-content":"","ast-featured-img":"","footer-sml-layout":"","theme-transparent-header-meta":"default","adv-header-id-meta":"","stick-header-meta":"default","header-above-stick-meta":"","header-main-stick-meta":"","header-below-stick-meta":"","astra-migrate-meta-layouts":"default","ast-page-background-enabled":"default","ast-page-background-meta":{"desktop":{"background-color":"","background-image":"","background-repeat":"repeat","background-position":"center center","background-size":"auto","background-attachment":"scroll","background-type":"","background-media":"","overlay-type":"","overlay-color":"","overlay-opacity":"","overlay-gradient":""},"tablet":{"background-color":"","background-image":"","background-repeat":"repeat","background-position":"center center","background-size":"auto","background-attachment":"scroll","background-type":"","background-media":"","overlay-type":"","overlay-color":"","overlay-opacity":"","overlay-gradient":""},"mobile":{"background-color":"","background-image":"","background-repeat":"repeat","background-position":"center center","background-size":"auto","background-attachment":"scroll","background-type":"","background-media":"","overlay-type":"","overlay-color":"","overlay-opacity":"","overlay-gradient":""}},"ast-content-background-meta":{"desktop":{"background-color":"var(--ast-global-color-5)","background-image":"","background-repeat":"repeat","background-position":"center center","background-size":"auto","background-attachment":"scroll","background-type":"","background-media":"","overlay-type":"","overlay-color":"","overlay-opacity":"","overlay-gradient":""},"tablet":{"background-color":"var(--ast-global-color-5)","background-image":"","background-repeat":"repeat","background-position":"center center","background-size":"auto","background-attachment":"scroll","background-type":"","background-media":"","overlay-type":"","overlay-color":"","overlay-opacity":"","overlay-gradient":""},"mobile":{"background-color":"var(--ast-global-color-5)","background-image":"","background-repeat":"repeat","background-position":"center center","background-size":"auto","background-attachment":"scroll","background-type":"","background-media":"","overlay-type":"","overlay-color":"","overlay-opacity":"","overlay-gradient":""}}},"product_brand":[],"product_cat":[431,428,421,1153,404,420,414],"product_tag":[],"class_list":{"0":"post-4696","1":"product","2":"type-product","3":"status-publish","4":"has-post-thumbnail","6":"product_cat-fabric-for-commuting-clothing","7":"product_cat-fabric-for-outdoor-sports","8":"product_cat-foul-weather-fabrics","9":"product_cat-nano-breathable-fabric","10":"product_cat-nylon-fabrics","11":"product_cat-stretch-fabrics","12":"product_cat-waterproof-fabrics","13":"pa_available_colors-911052-spc","14":"desktop-align-left","15":"tablet-align-left","16":"mobile-align-left","17":"ast-product-gallery-layout-vertical-slider","18":"ast-product-tabs-layout-horizontal","20":"first","21":"instock","22":"shipping-taxable","23":"product-type-simple"},"uagb_featured_image_src":{"full":["https:\/\/www.sikortex.com\/wp-content\/uploads\/2023\/06\/IMG_5544-e1693107083425.jpg",800,800,false],"thumbnail":["https:\/\/www.sikortex.com\/wp-content\/uploads\/2023\/06\/IMG_5544-e1693107083425-150x150.jpg",150,150,true],"medium":["https:\/\/www.sikortex.com\/wp-content\/uploads\/2023\/06\/IMG_5544-e1693107083425-300x300.jpg",300,300,true],"medium_large":["https:\/\/www.sikortex.com\/wp-content\/uploads\/2023\/06\/IMG_5544-e1693107083425-768x768.jpg",768,768,true],"large":["https:\/\/www.sikortex.com\/wp-content\/uploads\/2023\/06\/IMG_5544-e1693107083425.jpg",800,800,false],"1536x1536":["https:\/\/www.sikortex.com\/wp-content\/uploads\/2023\/06\/IMG_5544-e1693107083425.jpg",800,800,false],"2048x2048":["https:\/\/www.sikortex.com\/wp-content\/uploads\/2023\/06\/IMG_5544-e1693107083425.jpg",800,800,false],"trp-custom-language-flag":["https:\/\/www.sikortex.com\/wp-content\/uploads\/2023\/06\/IMG_5544-e1693107083425-12x12.jpg",12,12,true],"woocommerce_thumbnail":["https:\/\/www.sikortex.com\/wp-content\/uploads\/2023\/06\/IMG_5544-e1693107083425-300x300.jpg",300,300,true],"woocommerce_single":["https:\/\/www.sikortex.com\/wp-content\/uploads\/2023\/06\/IMG_5544-e1693107083425-600x600.jpg",600,600,true],"woocommerce_gallery_thumbnail":["https:\/\/www.sikortex.com\/wp-content\/uploads\/2023\/06\/IMG_5544-e1693107083425-100x100.jpg",100,100,true]},"uagb_author_info":{"display_name":"Perry","author_link":"https:\/\/www.sikortex.com\/vi\/author\/"},"uagb_comment_info":0,"uagb_excerpt":"1000 Meters(Min.Order)","_links":{"self":[{"href":"https:\/\/www.sikortex.com\/vi\/wp-json\/wp\/v2\/product\/4696","targetHints":{"allow":["GET"]}}],"collection":[{"href":"https:\/\/www.sikortex.com\/vi\/wp-json\/wp\/v2\/product"}],"about":[{"href":"https:\/\/www.sikortex.com\/vi\/wp-json\/wp\/v2\/types\/product"}],"replies":[{"embeddable":true,"href":"https:\/\/www.sikortex.com\/vi\/wp-json\/wp\/v2\/comments?post=4696"}],"wp:featuredmedia":[{"embeddable":true,"href":"https:\/\/www.sikortex.com\/vi\/wp-json\/wp\/v2\/media\/4697"}],"wp:attachment":[{"href":"https:\/\/www.sikortex.com\/vi\/wp-json\/wp\/v2\/media?parent=4696"}],"wp:term":[{"taxonomy":"product_brand","embeddable":true,"href":"https:\/\/www.sikortex.com\/vi\/wp-json\/wp\/v2\/product_brand?post=4696"},{"taxonomy":"product_cat","embeddable":true,"href":"https:\/\/www.sikortex.com\/vi\/wp-json\/wp\/v2\/product_cat?post=4696"},{"taxonomy":"product_tag","embeddable":true,"href":"https:\/\/www.sikortex.com\/vi\/wp-json\/wp\/v2\/product_tag?post=4696"}],"curies":[{"name":"wp","href":"https:\/\/api.w.org\/{rel}","templated":true}]}}