{"id":4687,"date":"2023-06-28T11:33:49","date_gmt":"2023-06-28T03:33:49","guid":{"rendered":"http:\/\/shihan.vihsu.com\/?post_type=product&#038;p=4687"},"modified":"2023-10-20T13:30:53","modified_gmt":"2023-10-20T05:30:53","slug":"graphene-50d-da-chuc-nang-vai-2","status":"publish","type":"product","link":"https:\/\/www.sikortex.com\/vi\/san-pham\/graphene-50d-da-chuc-nang-vai-2\/","title":{"rendered":"V\u1ea3i Graphene \u0111a ch\u1ee9c n\u0103ng 50D"},"content":{"rendered":"<p>V\u1ea3i Graphene \u0111a ch\u1ee9c n\u0103ng SIKOR-TEX 50D - s\u1ef1 l\u1ef1a ch\u1ecdn ho\u00e0n h\u1ea3o cho b\u1ea5t k\u1ef3 ai y\u00eau c\u1ea7u c\u1ea3 ch\u1ee9c n\u0103ng v\u00e0 ki\u1ec3u d\u00e1ng tr\u00ean qu\u1ea7n \u00e1o c\u1ee7a m\u00ecnh. Lo\u1ea1i v\u1ea3i n\u00e0y \u0111\u01b0\u1ee3c l\u00e0m t\u1eeb s\u1ee3i polyester 55% v\u00e0 s\u1ee3i graphene 45%, t\u1ea1o ra s\u1ef1 k\u1ebft h\u1ee3p \u0111\u1ed9c \u0111\u00e1o mang l\u1ea1i nhi\u1ec1u l\u1ee3i \u00edch cho ng\u01b0\u1eddi m\u1eb7c.<br \/>\nV\u1ea3i Graphene kh\u00f4ng ch\u1ec9 c\u00f3 v\u1ebb ngo\u00e0i. N\u00f3 c\u0169ng c\u1ef1c k\u1ef3 b\u1ec1n b\u1ec9 v\u00e0 c\u00f3 th\u1ec3 ch\u1ecbu \u0111\u01b0\u1ee3c c\u1ea3 nh\u1eefng \u0111i\u1ec1u ki\u1ec7n kh\u1eafc nghi\u1ec7t nh\u1ea5t. Thi\u1ebft k\u1ebf v\u1ecf c\u1ee9ng gi\u00fap n\u00f3 ph\u00f9 h\u1ee3p v\u1edbi nhi\u1ec1u ho\u1ea1t \u0111\u1ed9ng ngo\u00e0i tr\u1eddi, t\u1eeb trang ph\u1ee5c th\u01b0\u1eddng ng\u00e0y \u0111\u1ebfn trang ph\u1ee5c th\u1ec3 thao hi\u1ec7u su\u1ea5t cao. Ch\u1ea5t li\u1ec7u v\u1ea3i kh\u00f4ng th\u1ea5m n\u01b0\u1edbc v\u00e0 tho\u00e1ng kh\u00ed, \u0111\u1ea3m b\u1ea3o b\u1ea1n lu\u00f4n kh\u00f4 r\u00e1o v\u00e0 tho\u1ea3i m\u00e1i trong m\u1ecdi th\u1eddi ti\u1ebft. Kh\u1ea3 n\u0103ng tho\u00e1ng kh\u00ed tuy\u1ec7t v\u1eddi c\u1ee7a n\u00f3 c\u00f3 ngh\u0129a l\u00e0 b\u1ea1n c\u00f3 th\u1ec3 m\u1eb7c n\u00f3 \u1edf nhi\u1ec7t \u0111\u1ed9 cao m\u00e0 kh\u00f4ng c\u1ea3m th\u1ea5y ng\u1ed9t ng\u1ea1t ho\u1eb7c kh\u00f3 ch\u1ecbu.<br \/>\nNgo\u00e0i nh\u1eefng t\u00ednh n\u0103ng thi\u1ebft th\u1ef1c, V\u1ea3i Graphene c\u00f2n mang l\u1ea1i nhi\u1ec1u l\u1ee3i \u00edch cho s\u1ee9c kh\u1ecfe. N\u00f3 c\u00f3 t\u00ednh kh\u00e1ng khu\u1ea9n v\u00e0 kh\u00e1ng vi-r\u00fat, ng\u0103n ch\u1eb7n s\u1ef1 ph\u00e1t tri\u1ec3n c\u1ee7a vi khu\u1ea9n v\u00e0 vi-r\u00fat c\u00f3 h\u1ea1i. \u0110\u1eb7c t\u00ednh gi\u1ea3i ph\u00f3ng b\u1ee9c x\u1ea1 h\u1ed3ng ngo\u1ea1i xa v\u00e0 ion \u00e2m c\u1ee7a n\u00f3 th\u00fac \u0111\u1ea9y l\u01b0u th\u00f4ng m\u00e1u t\u1ed1t h\u01a1n v\u00e0 s\u1ee9c kh\u1ecfe t\u1ed5ng th\u1ec3. \u0110\u1eb7c t\u00ednh ch\u1ed1ng t\u0129nh \u0111i\u1ec7n v\u00e0 ch\u1ed1ng tia c\u1ef1c t\u00edm c\u1ee7a n\u00f3 b\u1ea3o v\u1ec7 ng\u01b0\u1eddi \u0111eo kh\u1ecfi b\u1ee9c x\u1ea1 c\u00f3 h\u1ea1i v\u00e0 ph\u00f3ng t\u0129nh \u0111i\u1ec7n.<br \/>\nLo\u1ea1i v\u1ea3i n\u00e0y l\u00e0 ho\u00e0n h\u1ea3o \u0111\u1ec3 t\u1ea1o ra \u00e1o kho\u00e1c c\u1ee9ng, qu\u1ea7n \u00e1o \u0111i ch\u01a1i, qu\u1ea7n \u00e1o cotton v\u00e0 \u00e1o kho\u00e1c l\u00f4ng v\u0169 v\u1eeba phong c\u00e1ch v\u1eeba thi\u1ebft th\u1ef1c. \u0110\u1eb7c t\u00ednh \u0111\u1ed9c \u0111\u00e1o v\u00e0 thi\u1ebft k\u1ebf b\u1ec1n b\u1ec9 c\u1ee7a n\u00f3 l\u00e0m cho n\u00f3 n\u1ed5i b\u1eadt so v\u1edbi c\u00e1c lo\u1ea1i v\u1ea3i kh\u00e1c th\u01b0\u1eddng \u0111\u01b0\u1ee3c s\u1eed d\u1ee5ng trong qu\u1ea7n \u00e1o ngo\u00e0i tr\u1eddi.<\/p>","protected":false},"excerpt":{"rendered":"<p>600 m\u00e9t (\u0110\u01a1n h\u00e0ng t\u1ed1i thi\u1ec3u)<\/p>","protected":false},"featured_media":4623,"comment_status":"closed","ping_status":"closed","template":"","meta":{"_uag_custom_page_level_css":"","site-sidebar-layout":"default","site-content-layout":"default","ast-site-content-layout":"","site-content-style":"default","site-sidebar-style":"default","ast-global-header-display":"","ast-banner-title-visibility":"","ast-main-header-display":"","ast-hfb-above-header-display":"","ast-hfb-below-header-display":"","ast-hfb-mobile-header-display":"","site-post-title":"","ast-breadcrumbs-content":"","ast-featured-img":"","footer-sml-layout":"","theme-transparent-header-meta":"default","adv-header-id-meta":"","stick-header-meta":"default","header-above-stick-meta":"","header-main-stick-meta":"","header-below-stick-meta":"","astra-migrate-meta-layouts":"default","ast-page-background-enabled":"default","ast-page-background-meta":{"desktop":{"background-color":"","background-image":"","background-repeat":"repeat","background-position":"center center","background-size":"auto","background-attachment":"scroll","background-type":"","background-media":"","overlay-type":"","overlay-color":"","overlay-opacity":"","overlay-gradient":""},"tablet":{"background-color":"","background-image":"","background-repeat":"repeat","background-position":"center center","background-size":"auto","background-attachment":"scroll","background-type":"","background-media":"","overlay-type":"","overlay-color":"","overlay-opacity":"","overlay-gradient":""},"mobile":{"background-color":"","background-image":"","background-repeat":"repeat","background-position":"center center","background-size":"auto","background-attachment":"scroll","background-type":"","background-media":"","overlay-type":"","overlay-color":"","overlay-opacity":"","overlay-gradient":""}},"ast-content-background-meta":{"desktop":{"background-color":"var(--ast-global-color-5)","background-image":"","background-repeat":"repeat","background-position":"center center","background-size":"auto","background-attachment":"scroll","background-type":"","background-media":"","overlay-type":"","overlay-color":"","overlay-opacity":"","overlay-gradient":""},"tablet":{"background-color":"var(--ast-global-color-5)","background-image":"","background-repeat":"repeat","background-position":"center center","background-size":"auto","background-attachment":"scroll","background-type":"","background-media":"","overlay-type":"","overlay-color":"","overlay-opacity":"","overlay-gradient":""},"mobile":{"background-color":"var(--ast-global-color-5)","background-image":"","background-repeat":"repeat","background-position":"center center","background-size":"auto","background-attachment":"scroll","background-type":"","background-media":"","overlay-type":"","overlay-color":"","overlay-opacity":"","overlay-gradient":""}}},"product_brand":[],"product_cat":[431,428,1145,424,403],"product_tag":[],"class_list":{"0":"post-4687","1":"product","2":"type-product","3":"status-publish","4":"has-post-thumbnail","6":"product_cat-fabric-for-commuting-clothing","7":"product_cat-fabric-for-outdoor-sports","8":"product_cat-lightweight-fabric","9":"product_cat-medical-protection-product","10":"product_cat-polyester-fabrics","11":"pa_available_colors-911052-spc","12":"desktop-align-left","13":"tablet-align-left","14":"mobile-align-left","15":"ast-product-gallery-layout-vertical-slider","16":"ast-product-tabs-layout-horizontal","18":"first","19":"instock","20":"shipping-taxable","21":"product-type-simple"},"uagb_featured_image_src":{"full":["https:\/\/www.sikortex.com\/wp-content\/uploads\/2023\/06\/O1CN01Fj9Gsu1fGQmZMBIRP_2215713353979-0-cib.jpg",800,800,false],"thumbnail":["https:\/\/www.sikortex.com\/wp-content\/uploads\/2023\/06\/O1CN01Fj9Gsu1fGQmZMBIRP_2215713353979-0-cib-150x150.jpg",150,150,true],"medium":["https:\/\/www.sikortex.com\/wp-content\/uploads\/2023\/06\/O1CN01Fj9Gsu1fGQmZMBIRP_2215713353979-0-cib-300x300.jpg",300,300,true],"medium_large":["https:\/\/www.sikortex.com\/wp-content\/uploads\/2023\/06\/O1CN01Fj9Gsu1fGQmZMBIRP_2215713353979-0-cib-768x768.jpg",768,768,true],"large":["https:\/\/www.sikortex.com\/wp-content\/uploads\/2023\/06\/O1CN01Fj9Gsu1fGQmZMBIRP_2215713353979-0-cib.jpg",800,800,false],"1536x1536":["https:\/\/www.sikortex.com\/wp-content\/uploads\/2023\/06\/O1CN01Fj9Gsu1fGQmZMBIRP_2215713353979-0-cib.jpg",800,800,false],"2048x2048":["https:\/\/www.sikortex.com\/wp-content\/uploads\/2023\/06\/O1CN01Fj9Gsu1fGQmZMBIRP_2215713353979-0-cib.jpg",800,800,false],"trp-custom-language-flag":["https:\/\/www.sikortex.com\/wp-content\/uploads\/2023\/06\/O1CN01Fj9Gsu1fGQmZMBIRP_2215713353979-0-cib.jpg",12,12,false],"woocommerce_thumbnail":["https:\/\/www.sikortex.com\/wp-content\/uploads\/2023\/06\/O1CN01Fj9Gsu1fGQmZMBIRP_2215713353979-0-cib-300x300.jpg",300,300,true],"woocommerce_single":["https:\/\/www.sikortex.com\/wp-content\/uploads\/2023\/06\/O1CN01Fj9Gsu1fGQmZMBIRP_2215713353979-0-cib-600x600.jpg",600,600,true],"woocommerce_gallery_thumbnail":["https:\/\/www.sikortex.com\/wp-content\/uploads\/2023\/06\/O1CN01Fj9Gsu1fGQmZMBIRP_2215713353979-0-cib-100x100.jpg",100,100,true]},"uagb_author_info":{"display_name":"Perry","author_link":"https:\/\/www.sikortex.com\/vi\/author\/"},"uagb_comment_info":0,"uagb_excerpt":"600 Meters(Min.Order)","_links":{"self":[{"href":"https:\/\/www.sikortex.com\/vi\/wp-json\/wp\/v2\/product\/4687","targetHints":{"allow":["GET"]}}],"collection":[{"href":"https:\/\/www.sikortex.com\/vi\/wp-json\/wp\/v2\/product"}],"about":[{"href":"https:\/\/www.sikortex.com\/vi\/wp-json\/wp\/v2\/types\/product"}],"replies":[{"embeddable":true,"href":"https:\/\/www.sikortex.com\/vi\/wp-json\/wp\/v2\/comments?post=4687"}],"wp:featuredmedia":[{"embeddable":true,"href":"https:\/\/www.sikortex.com\/vi\/wp-json\/wp\/v2\/media\/4623"}],"wp:attachment":[{"href":"https:\/\/www.sikortex.com\/vi\/wp-json\/wp\/v2\/media?parent=4687"}],"wp:term":[{"taxonomy":"product_brand","embeddable":true,"href":"https:\/\/www.sikortex.com\/vi\/wp-json\/wp\/v2\/product_brand?post=4687"},{"taxonomy":"product_cat","embeddable":true,"href":"https:\/\/www.sikortex.com\/vi\/wp-json\/wp\/v2\/product_cat?post=4687"},{"taxonomy":"product_tag","embeddable":true,"href":"https:\/\/www.sikortex.com\/vi\/wp-json\/wp\/v2\/product_tag?post=4687"}],"curies":[{"name":"wp","href":"https:\/\/api.w.org\/{rel}","templated":true}]}}