{"id":4676,"date":"2023-06-27T16:57:22","date_gmt":"2023-06-27T08:57:22","guid":{"rendered":"http:\/\/shihan.vihsu.com\/?post_type=product&#038;p=4676"},"modified":"2023-10-17T13:56:48","modified_gmt":"2023-10-17T05:56:48","slug":"vai-nylon-polyester-dan-dan-hoi-leo-vai","status":"publish","type":"product","link":"https:\/\/www.sikortex.com\/vi\/san-pham\/vai-nylon-polyester-dan-dan-hoi-leo-vai\/","title":{"rendered":"V\u1ea3i leo n\u00fai \u0111\u00e0n h\u1ed3i \u0111an xen nylon Polyester"},"content":{"rendered":"<p>SIKOR-TEX V\u1ea3i leo n\u00fai \u0111\u00e0n h\u1ed3i \u0111an xen b\u1eb1ng nylon Polyester - lo\u1ea1i v\u1ea3i ho\u00e0n h\u1ea3o cho nh\u1eefng ai y\u00eau c\u1ea7u c\u1ea3 ki\u1ec3u d\u00e1ng v\u00e0 ch\u1ee9c n\u0103ng trong trang ph\u1ee5c ngo\u00e0i tr\u1eddi c\u1ee7a h\u1ecd. Lo\u1ea1i v\u1ea3i n\u00e0y \u0111\u01b0\u1ee3c t\u1ea1o ra b\u1eb1ng c\u00e1ch \u0111an xen hai ch\u1ea5t li\u1ec7u, m\u1ed7i ch\u1ea5t li\u1ec7u \u0111\u01b0\u1ee3c nhu\u1ed9m b\u1eb1ng m\u1ed9t lo\u1ea1i thu\u1ed1c nhu\u1ed9m kh\u00e1c nhau \u0111\u1ec3 t\u1ea1o ra hi\u1ec7u \u1ee9ng hai t\u00f4ng m\u00e0u \u0111\u1ed9c \u0111\u00e1o. \u0110\u1eb7c t\u00ednh co nhi\u1ec7t kh\u00e1c nhau c\u1ee7a hai ch\u1ea5t li\u1ec7u n\u00e0y t\u1ea1o ra hi\u1ec7u \u1ee9ng nh\u0103n theo h\u01b0\u1edbng gi\u00fap t\u0103ng th\u00eam k\u1ebft c\u1ea5u v\u00e0 k\u00edch th\u01b0\u1edbc cho v\u1ea3i.<\/p>\n<p>V\u1ea3i leo n\u00fai \u0111\u00e0n h\u1ed3i \u0111an xen b\u1eb1ng nylon Polyester ho\u00e0n h\u1ea3o cho nhi\u1ec1u ho\u1ea1t \u0111\u1ed9ng ngo\u00e0i tr\u1eddi, t\u1eeb \u0111i b\u1ed9 \u0111\u01b0\u1eddng d\u00e0i v\u00e0 leo n\u00fai \u0111\u1ebfn c\u00e1c m\u00f4n th\u1ec3 thao m\u00f4 t\u00f4 v\u00e0 qu\u1ea7n \u00e1o b\u1ea3o h\u1ed9 lao \u0111\u1ed9ng. N\u00f3 v\u1eeba \u0111\u00e0n h\u1ed3i v\u1eeba b\u1ec1n, l\u00fd t\u01b0\u1edfng cho c\u00e1c ho\u1ea1t \u0111\u1ed9ng ngo\u00e0i tr\u1eddi kh\u1eafc nghi\u1ec7t. Ch\u1ea5t li\u1ec7u v\u1ea3i c\u00f2n tho\u00e1ng kh\u00ed, gi\u00fap b\u1ea1n tho\u1ea3i m\u00e1i \u1edf nhi\u1ec7t \u0111\u1ed9 cao.<\/p>\n<p>Lo\u1ea1i v\u1ea3i Nylon Polyester n\u00e0y ho\u00e0n h\u1ea3o \u0111\u1ec3 t\u1ea1o ra \u00e1o kho\u00e1c, qu\u1ea7n d\u00e0i\/y\u1ebfm v\u00e0 qu\u1ea7n y\u1ebfm\/qu\u1ea7n y\u1ebfm v\u1eeba phong c\u00e1ch v\u1eeba thi\u1ebft th\u1ef1c. N\u00f3 m\u1ec1m khi ch\u1ea1m v\u00e0o v\u00e0 d\u1ec5 ch\u0103m s\u00f3c, \u0111\u1ea3m b\u1ea3o r\u1eb1ng n\u00f3 s\u1ebd v\u1eabn \u1edf t\u00ecnh tr\u1ea1ng tuy\u1ec7t v\u1eddi ngay c\u1ea3 sau nhi\u1ec1u l\u1ea7n gi\u1eb7t.<\/p>","protected":false},"excerpt":{"rendered":"<p>1200 m\u00e9t (\u0110\u01a1n h\u00e0ng t\u1ed1i thi\u1ec3u)<\/p>","protected":false},"featured_media":4677,"comment_status":"closed","ping_status":"closed","template":"","meta":{"_uag_custom_page_level_css":"","site-sidebar-layout":"default","site-content-layout":"default","ast-site-content-layout":"","site-content-style":"default","site-sidebar-style":"default","ast-global-header-display":"","ast-banner-title-visibility":"","ast-main-header-display":"","ast-hfb-above-header-display":"","ast-hfb-below-header-display":"","ast-hfb-mobile-header-display":"","site-post-title":"","ast-breadcrumbs-content":"","ast-featured-img":"","footer-sml-layout":"","theme-transparent-header-meta":"default","adv-header-id-meta":"","stick-header-meta":"default","header-above-stick-meta":"","header-main-stick-meta":"","header-below-stick-meta":"","astra-migrate-meta-layouts":"default","ast-page-background-enabled":"default","ast-page-background-meta":{"desktop":{"background-color":"","background-image":"","background-repeat":"repeat","background-position":"center center","background-size":"auto","background-attachment":"scroll","background-type":"","background-media":"","overlay-type":"","overlay-color":"","overlay-opacity":"","overlay-gradient":""},"tablet":{"background-color":"","background-image":"","background-repeat":"repeat","background-position":"center center","background-size":"auto","background-attachment":"scroll","background-type":"","background-media":"","overlay-type":"","overlay-color":"","overlay-opacity":"","overlay-gradient":""},"mobile":{"background-color":"","background-image":"","background-repeat":"repeat","background-position":"center center","background-size":"auto","background-attachment":"scroll","background-type":"","background-media":"","overlay-type":"","overlay-color":"","overlay-opacity":"","overlay-gradient":""}},"ast-content-background-meta":{"desktop":{"background-color":"var(--ast-global-color-5)","background-image":"","background-repeat":"repeat","background-position":"center center","background-size":"auto","background-attachment":"scroll","background-type":"","background-media":"","overlay-type":"","overlay-color":"","overlay-opacity":"","overlay-gradient":""},"tablet":{"background-color":"var(--ast-global-color-5)","background-image":"","background-repeat":"repeat","background-position":"center center","background-size":"auto","background-attachment":"scroll","background-type":"","background-media":"","overlay-type":"","overlay-color":"","overlay-opacity":"","overlay-gradient":""},"mobile":{"background-color":"var(--ast-global-color-5)","background-image":"","background-repeat":"repeat","background-position":"center center","background-size":"auto","background-attachment":"scroll","background-type":"","background-media":"","overlay-type":"","overlay-color":"","overlay-opacity":"","overlay-gradient":""}}},"product_brand":[],"product_cat":[431,428,429,1041,420],"product_tag":[],"class_list":{"0":"post-4676","1":"product","2":"type-product","3":"status-publish","4":"has-post-thumbnail","6":"product_cat-fabric-for-commuting-clothing","7":"product_cat-fabric-for-outdoor-sports","8":"product_cat-fabric-for-sportswear","9":"product_cat-polyester-nylon","10":"product_cat-stretch-fabrics","11":"pa_available_colors-h-black","12":"desktop-align-left","13":"tablet-align-left","14":"mobile-align-left","15":"ast-product-gallery-layout-vertical-slider","16":"ast-product-tabs-layout-horizontal","18":"first","19":"instock","20":"shipping-taxable","21":"product-type-simple"},"uagb_featured_image_src":{"full":["https:\/\/www.sikortex.com\/wp-content\/uploads\/2023\/06\/IMG_5364-e1693107198302.jpg",800,800,false],"thumbnail":["https:\/\/www.sikortex.com\/wp-content\/uploads\/2023\/06\/IMG_5364-e1693107198302-150x150.jpg",150,150,true],"medium":["https:\/\/www.sikortex.com\/wp-content\/uploads\/2023\/06\/IMG_5364-e1693107198302-300x300.jpg",300,300,true],"medium_large":["https:\/\/www.sikortex.com\/wp-content\/uploads\/2023\/06\/IMG_5364-e1693107198302-768x768.jpg",768,768,true],"large":["https:\/\/www.sikortex.com\/wp-content\/uploads\/2023\/06\/IMG_5364-e1693107198302.jpg",800,800,false],"1536x1536":["https:\/\/www.sikortex.com\/wp-content\/uploads\/2023\/06\/IMG_5364-e1693107198302.jpg",800,800,false],"2048x2048":["https:\/\/www.sikortex.com\/wp-content\/uploads\/2023\/06\/IMG_5364-e1693107198302.jpg",800,800,false],"trp-custom-language-flag":["https:\/\/www.sikortex.com\/wp-content\/uploads\/2023\/06\/IMG_5364-e1693107198302-12x12.jpg",12,12,true],"woocommerce_thumbnail":["https:\/\/www.sikortex.com\/wp-content\/uploads\/2023\/06\/IMG_5364-e1693107198302-300x300.jpg",300,300,true],"woocommerce_single":["https:\/\/www.sikortex.com\/wp-content\/uploads\/2023\/06\/IMG_5364-e1693107198302-600x600.jpg",600,600,true],"woocommerce_gallery_thumbnail":["https:\/\/www.sikortex.com\/wp-content\/uploads\/2023\/06\/IMG_5364-e1693107198302-100x100.jpg",100,100,true]},"uagb_author_info":{"display_name":"Perry","author_link":"https:\/\/www.sikortex.com\/vi\/author\/"},"uagb_comment_info":0,"uagb_excerpt":"1200 Meters(Min.Order)","_links":{"self":[{"href":"https:\/\/www.sikortex.com\/vi\/wp-json\/wp\/v2\/product\/4676","targetHints":{"allow":["GET"]}}],"collection":[{"href":"https:\/\/www.sikortex.com\/vi\/wp-json\/wp\/v2\/product"}],"about":[{"href":"https:\/\/www.sikortex.com\/vi\/wp-json\/wp\/v2\/types\/product"}],"replies":[{"embeddable":true,"href":"https:\/\/www.sikortex.com\/vi\/wp-json\/wp\/v2\/comments?post=4676"}],"wp:featuredmedia":[{"embeddable":true,"href":"https:\/\/www.sikortex.com\/vi\/wp-json\/wp\/v2\/media\/4677"}],"wp:attachment":[{"href":"https:\/\/www.sikortex.com\/vi\/wp-json\/wp\/v2\/media?parent=4676"}],"wp:term":[{"taxonomy":"product_brand","embeddable":true,"href":"https:\/\/www.sikortex.com\/vi\/wp-json\/wp\/v2\/product_brand?post=4676"},{"taxonomy":"product_cat","embeddable":true,"href":"https:\/\/www.sikortex.com\/vi\/wp-json\/wp\/v2\/product_cat?post=4676"},{"taxonomy":"product_tag","embeddable":true,"href":"https:\/\/www.sikortex.com\/vi\/wp-json\/wp\/v2\/product_tag?post=4676"}],"curies":[{"name":"wp","href":"https:\/\/api.w.org\/{rel}","templated":true}]}}