{"id":4656,"date":"2023-06-27T16:46:36","date_gmt":"2023-06-27T08:46:36","guid":{"rendered":"http:\/\/shihan.vihsu.com\/?post_type=product&#038;p=4656"},"modified":"2023-11-07T10:04:58","modified_gmt":"2023-11-07T02:04:58","slug":"nylon-polyester-composite-soi-vai-co-gian-bon-chieu","status":"publish","type":"product","link":"https:\/\/www.sikortex.com\/vi\/san-pham\/nylon-polyester-composite-soi-vai-co-gian-bon-chieu\/","title":{"rendered":"V\u1ea3i co gi\u00e3n ch\u1ed1ng th\u1ea5m s\u1ee3i t\u1ed5ng h\u1ee3p nylon pha tr\u1ed9n"},"content":{"rendered":"<p>V\u1ea3i co gi\u00e3n ch\u1ed1ng th\u1ea5m SIKOR-TEX c\u1ee7a v\u1ea3i co gi\u00e3n d\u1ec7t s\u1ee3i t\u1ed5ng h\u1ee3p Nylon Blended Polyester \u2013 S\u1ef1 l\u1ef1a ch\u1ecdn ho\u00e0n h\u1ea3o cho b\u1ea5t c\u1ee9 ai \u0111ang t\u00ecm ki\u1ebfm c\u1ea3 ki\u1ec3u d\u00e1ng v\u00e0 ch\u1ee9c n\u0103ng trong trang ph\u1ee5c ngo\u00e0i tr\u1eddi. Lo\u1ea1i v\u1ea3i n\u00e0y l\u00e0 lo\u1ea1i v\u1ea3i c\u00f3 \u0111\u1ed9 \u0111\u00e0n h\u1ed3i cao \u0111\u01b0\u1ee3c l\u00e0m b\u1eb1ng c\u00e1ch tr\u1ed9n s\u1ee3i nylon v\u00e0 s\u1ee3i polyester, sau \u0111\u00f3 b\u1ecdc v\u1ea3i thun b\u00ean trong, r\u1ea5t th\u00edch h\u1ee3p cho c\u00e1c ho\u1ea1t \u0111\u1ed9ng ngo\u00e0i tr\u1eddi kh\u00e1c nhau. Hi\u1ec7u \u1ee9ng hai t\u00f4ng m\u00e0u \u0111\u1ed9c \u0111\u00e1o c\u1ee7a v\u1ea3i \u0111\u1ea1t \u0111\u01b0\u1ee3c b\u1eb1ng c\u00e1ch s\u1eed d\u1ee5ng c\u1ea3 thu\u1ed1c nhu\u1ed9m ph\u00e2n t\u00e1n v\u00e0 thu\u1ed1c nhu\u1ed9m axit, t\u1ea1o ra k\u1ebft c\u1ea5u \u0111\u1eb9p v\u00e0 \u0111\u1ed9c \u0111\u00e1o, khi\u1ebfn v\u1ea3i tr\u1edf n\u00ean kh\u00e1c bi\u1ec7t so v\u1edbi c\u00e1c lo\u1ea1i v\u1ea3i kh\u00e1c th\u01b0\u1eddng \u0111\u01b0\u1ee3c s\u1eed d\u1ee5ng trong trang ph\u1ee5c ngo\u00e0i tr\u1eddi.<\/p>\n<p>Lo\u1ea1i v\u1ea3i co gi\u00e3n kh\u00f4ng th\u1ea5m n\u01b0\u1edbc n\u00e0y l\u00fd t\u01b0\u1edfng \u0111\u1ec3 may \u00e1o kho\u00e1c softshell, qu\u1ea7n \u00e1o m\u1eb7c trong nh\u00e0 v\u00e0 qu\u1ea7n \u00e1o b\u1ea3o h\u1ed9 lao \u0111\u1ed9ng v\u1eeba phong c\u00e1ch v\u1eeba ti\u1ec7n d\u1ee5ng. N\u00f3 m\u1ec1m khi ch\u1ea1m v\u00e0o v\u00e0 d\u1ec5 ch\u0103m s\u00f3c, \u0111\u1ea3m b\u1ea3o n\u00f3 lu\u00f4n \u1edf t\u00ecnh tr\u1ea1ng t\u1ed1t ngay c\u1ea3 sau nhi\u1ec1u l\u1ea7n gi\u1eb7t.<br \/>\nCho d\u00f9 b\u1ea1n \u0111ang kh\u00e1m ph\u00e1 nh\u1eefng ho\u1ea1t \u0111\u1ed9ng ngo\u00e0i tr\u1eddi tuy\u1ec7t v\u1eddi hay l\u00e0m vi\u1ec7c trong nh\u1eefng m\u00f4i tr\u01b0\u1eddng kh\u1eafc nghi\u1ec7t, th\u00ec lo\u1ea1i v\u1ea3i co gi\u00e3n b\u1ed1n chi\u1ec1u t\u1eeb s\u1ee3i t\u1ed5ng h\u1ee3p nylon-polyester \u0111\u1ec1u c\u00f3 th\u1ec3 b\u1ea3o v\u1ec7 b\u1ea1n.<\/p>\n<p>Duy\u1ec7t th\u00eam <a href=\"https:\/\/www.sikortex.com\/vi\/vai-khong-tham-nuoc-2\/\">v\u1ea3i kh\u00f4ng th\u1ea5m n\u01b0\u1edbc<\/a><\/p>\n<p>&nbsp;<\/p>","protected":false},"excerpt":{"rendered":"<p>1200 m\u00e9t (\u0110\u01a1n h\u00e0ng t\u1ed1i thi\u1ec3u)<\/p>","protected":false},"featured_media":4657,"comment_status":"closed","ping_status":"closed","template":"","meta":{"_uag_custom_page_level_css":"","site-sidebar-layout":"default","site-content-layout":"default","ast-site-content-layout":"","site-content-style":"default","site-sidebar-style":"default","ast-global-header-display":"","ast-banner-title-visibility":"","ast-main-header-display":"","ast-hfb-above-header-display":"","ast-hfb-below-header-display":"","ast-hfb-mobile-header-display":"","site-post-title":"","ast-breadcrumbs-content":"","ast-featured-img":"","footer-sml-layout":"","theme-transparent-header-meta":"default","adv-header-id-meta":"","stick-header-meta":"default","header-above-stick-meta":"","header-main-stick-meta":"","header-below-stick-meta":"","astra-migrate-meta-layouts":"default","ast-page-background-enabled":"default","ast-page-background-meta":{"desktop":{"background-color":"","background-image":"","background-repeat":"repeat","background-position":"center center","background-size":"auto","background-attachment":"scroll","background-type":"","background-media":"","overlay-type":"","overlay-color":"","overlay-opacity":"","overlay-gradient":""},"tablet":{"background-color":"","background-image":"","background-repeat":"repeat","background-position":"center center","background-size":"auto","background-attachment":"scroll","background-type":"","background-media":"","overlay-type":"","overlay-color":"","overlay-opacity":"","overlay-gradient":""},"mobile":{"background-color":"","background-image":"","background-repeat":"repeat","background-position":"center center","background-size":"auto","background-attachment":"scroll","background-type":"","background-media":"","overlay-type":"","overlay-color":"","overlay-opacity":"","overlay-gradient":""}},"ast-content-background-meta":{"desktop":{"background-color":"var(--ast-global-color-5)","background-image":"","background-repeat":"repeat","background-position":"center center","background-size":"auto","background-attachment":"scroll","background-type":"","background-media":"","overlay-type":"","overlay-color":"","overlay-opacity":"","overlay-gradient":""},"tablet":{"background-color":"var(--ast-global-color-5)","background-image":"","background-repeat":"repeat","background-position":"center center","background-size":"auto","background-attachment":"scroll","background-type":"","background-media":"","overlay-type":"","overlay-color":"","overlay-opacity":"","overlay-gradient":""},"mobile":{"background-color":"var(--ast-global-color-5)","background-image":"","background-repeat":"repeat","background-position":"center center","background-size":"auto","background-attachment":"scroll","background-type":"","background-media":"","overlay-type":"","overlay-color":"","overlay-opacity":"","overlay-gradient":""}}},"product_brand":[],"product_cat":[431,428,1041,420],"product_tag":[],"class_list":{"0":"post-4656","1":"product","2":"type-product","3":"status-publish","4":"has-post-thumbnail","6":"product_cat-fabric-for-commuting-clothing","7":"product_cat-fabric-for-outdoor-sports","8":"product_cat-polyester-nylon","9":"product_cat-stretch-fabrics","10":"pa_available_colors-911052-spc","11":"desktop-align-left","12":"tablet-align-left","13":"mobile-align-left","14":"ast-product-gallery-layout-vertical-slider","15":"ast-product-tabs-layout-horizontal","17":"first","18":"instock","19":"shipping-taxable","20":"product-type-simple"},"uagb_featured_image_src":{"full":["https:\/\/www.sikortex.com\/wp-content\/uploads\/2023\/06\/IMG_5383.jpg",1024,1024,false],"thumbnail":["https:\/\/www.sikortex.com\/wp-content\/uploads\/2023\/06\/IMG_5383-150x150.jpg",150,150,true],"medium":["https:\/\/www.sikortex.com\/wp-content\/uploads\/2023\/06\/IMG_5383-300x300.jpg",300,300,true],"medium_large":["https:\/\/www.sikortex.com\/wp-content\/uploads\/2023\/06\/IMG_5383-768x768.jpg",768,768,true],"large":["https:\/\/www.sikortex.com\/wp-content\/uploads\/2023\/06\/IMG_5383.jpg",1024,1024,false],"1536x1536":["https:\/\/www.sikortex.com\/wp-content\/uploads\/2023\/06\/IMG_5383.jpg",1024,1024,false],"2048x2048":["https:\/\/www.sikortex.com\/wp-content\/uploads\/2023\/06\/IMG_5383.jpg",1024,1024,false],"trp-custom-language-flag":["https:\/\/www.sikortex.com\/wp-content\/uploads\/2023\/06\/IMG_5383.jpg",12,12,false],"woocommerce_thumbnail":["https:\/\/www.sikortex.com\/wp-content\/uploads\/2023\/06\/IMG_5383-300x300.jpg",300,300,true],"woocommerce_single":["https:\/\/www.sikortex.com\/wp-content\/uploads\/2023\/06\/IMG_5383-600x600.jpg",600,600,true],"woocommerce_gallery_thumbnail":["https:\/\/www.sikortex.com\/wp-content\/uploads\/2023\/06\/IMG_5383-100x100.jpg",100,100,true]},"uagb_author_info":{"display_name":"Perry","author_link":"https:\/\/www.sikortex.com\/vi\/author\/"},"uagb_comment_info":0,"uagb_excerpt":"1200 Meters(Min.Order)","_links":{"self":[{"href":"https:\/\/www.sikortex.com\/vi\/wp-json\/wp\/v2\/product\/4656","targetHints":{"allow":["GET"]}}],"collection":[{"href":"https:\/\/www.sikortex.com\/vi\/wp-json\/wp\/v2\/product"}],"about":[{"href":"https:\/\/www.sikortex.com\/vi\/wp-json\/wp\/v2\/types\/product"}],"replies":[{"embeddable":true,"href":"https:\/\/www.sikortex.com\/vi\/wp-json\/wp\/v2\/comments?post=4656"}],"wp:featuredmedia":[{"embeddable":true,"href":"https:\/\/www.sikortex.com\/vi\/wp-json\/wp\/v2\/media\/4657"}],"wp:attachment":[{"href":"https:\/\/www.sikortex.com\/vi\/wp-json\/wp\/v2\/media?parent=4656"}],"wp:term":[{"taxonomy":"product_brand","embeddable":true,"href":"https:\/\/www.sikortex.com\/vi\/wp-json\/wp\/v2\/product_brand?post=4656"},{"taxonomy":"product_cat","embeddable":true,"href":"https:\/\/www.sikortex.com\/vi\/wp-json\/wp\/v2\/product_cat?post=4656"},{"taxonomy":"product_tag","embeddable":true,"href":"https:\/\/www.sikortex.com\/vi\/wp-json\/wp\/v2\/product_tag?post=4656"}],"curies":[{"name":"wp","href":"https:\/\/api.w.org\/{rel}","templated":true}]}}