{"id":4652,"date":"2023-06-27T16:45:56","date_gmt":"2023-06-27T08:45:56","guid":{"rendered":"http:\/\/shihan.vihsu.com\/?post_type=product&#038;p=4652"},"modified":"2023-10-17T14:15:22","modified_gmt":"2023-10-17T06:15:22","slug":"vai-nylon-hai-lop-co-dan-4-chieu","status":"publish","type":"product","link":"https:\/\/www.sikortex.com\/vi\/san-pham\/vai-nylon-hai-lop-co-dan-4-chieu\/","title":{"rendered":"V\u1ea3i Co Gi\u00e3n 4 Chi\u1ec1u Nylon 2 L\u1edbp"},"content":{"rendered":"<p>V\u1ea3i co gi\u00e3n 4 chi\u1ec1u nylon hai l\u1edbp SIKOR-TEX, lo\u1ea1i v\u1ea3i ho\u00e0n h\u1ea3o cho nh\u1eefng ai y\u00eau c\u1ea7u qu\u1ea7n \u00e1o v\u1eeba tho\u1ea3i m\u00e1i v\u1eeba b\u1ec1n b\u1ec9. Lo\u1ea1i v\u1ea3i n\u00e0y c\u00f3 \u0111\u1ed9 \u0111\u00e0n h\u1ed3i tuy\u1ec7t v\u1eddi, ch\u1ed1ng m\u00e0i m\u00f2n, m\u1ec1m m\u1ea1i v\u00e0 tho\u00e1ng kh\u00ed, khi\u1ebfn n\u00f3 tr\u1edf n\u00ean ho\u00e0n h\u1ea3o cho nhi\u1ec1u ho\u1ea1t \u0111\u1ed9ng, t\u1eeb \u0111i b\u1ed9 \u0111\u01b0\u1eddng d\u00e0i v\u00e0 c\u1eafm tr\u1ea1i \u0111\u1ebfn qu\u1ea7n \u00e1o \u0111i ch\u01a1i v\u00e0 qu\u1ea7n \u00e1o b\u1ea3o h\u1ed9 lao \u0111\u1ed9ng.<br \/>\nV\u1ea3i co gi\u00e3n b\u1ed1n chi\u1ec1u nylon hai l\u1edbp \u0111\u01b0\u1ee3c l\u00e0m t\u1eeb nylon ch\u1ea5t l\u01b0\u1ee3ng cao v\u00e0 \u0111\u01b0\u1ee3c ho\u00e0n thi\u1ec7n b\u1eb1ng ph\u01b0\u01a1ng ph\u00e1p x\u1eed l\u00fd ch\u1ed1ng t\u0129nh \u0111i\u1ec7n, \u0111\u1ea3m b\u1ea3o v\u1ea3i v\u1eabn \u1edf t\u00ecnh tr\u1ea1ng tuy\u1ec7t v\u1eddi ngay c\u1ea3 sau nhi\u1ec1u l\u1ea7n gi\u1eb7t. N\u00f3 ho\u00e0n h\u1ea3o \u0111\u1ec3 t\u1ea1o ra \u00e1o kho\u00e1c, qu\u1ea7n d\u00e0i, y\u1ebfm, d\u00e2y treo, qu\u1ea7n y\u1ebfm, v.v.<br \/>\n\u0110\u1ed9 \u0111\u00e0n h\u1ed3i c\u1ee7a V\u1ea3i co gi\u00e3n 4 chi\u1ec1u n\u00e0y \u0111\u1ea3m b\u1ea3o b\u1ea1n c\u1ea3m th\u1ea5y tho\u1ea3i m\u00e1i khi m\u1eb7c v\u00e0 di chuy\u1ec3n theo c\u01a1 th\u1ec3, khi\u1ebfn n\u00f3 tr\u1edf n\u00ean l\u00fd t\u01b0\u1edfng cho nhi\u1ec1u ho\u1ea1t \u0111\u1ed9ng. Kh\u1ea3 n\u0103ng ch\u1ed1ng m\u00e0i m\u00f2n c\u1ee7a n\u00f3 c\u00f3 ngh\u0129a l\u00e0 n\u00f3 c\u00f3 th\u1ec3 ch\u1ecbu \u0111\u01b0\u1ee3c c\u01b0\u1eddng \u0111\u1ed9 s\u1eed d\u1ee5ng cao, khi\u1ebfn n\u00f3 tr\u1edf n\u00ean ho\u00e0n h\u1ea3o khi l\u00e0m qu\u1ea7n \u00e1o b\u1ea3o h\u1ed9 lao \u0111\u1ed9ng ho\u1eb7c c\u00e1c ho\u1ea1t \u0111\u1ed9ng ngo\u00e0i tr\u1eddi. S\u1ef1 m\u1ec1m m\u1ea1i c\u1ee7a n\u00f3 \u0111\u1ea3m b\u1ea3o mang l\u1ea1i s\u1ef1 tho\u1ea3i m\u00e1i cho da, \u0111\u1ed3ng th\u1eddi kh\u1ea3 n\u0103ng tho\u00e1ng kh\u00ed gi\u00fap b\u1ea1n m\u00e1t m\u1ebb v\u00e0 kh\u00f4 r\u00e1o trong m\u1ecdi \u0111i\u1ec1u ki\u1ec7n th\u1eddi ti\u1ebft.<\/p>","protected":false},"excerpt":{"rendered":"<p>1000 m\u00e9t (\u0110\u01a1n h\u00e0ng t\u1ed1i thi\u1ec3u)<\/p>","protected":false},"featured_media":4662,"comment_status":"closed","ping_status":"closed","template":"","meta":{"_uag_custom_page_level_css":"","site-sidebar-layout":"default","site-content-layout":"default","ast-site-content-layout":"","site-content-style":"default","site-sidebar-style":"default","ast-global-header-display":"","ast-banner-title-visibility":"","ast-main-header-display":"","ast-hfb-above-header-display":"","ast-hfb-below-header-display":"","ast-hfb-mobile-header-display":"","site-post-title":"","ast-breadcrumbs-content":"","ast-featured-img":"","footer-sml-layout":"","theme-transparent-header-meta":"default","adv-header-id-meta":"","stick-header-meta":"default","header-above-stick-meta":"","header-main-stick-meta":"","header-below-stick-meta":"","astra-migrate-meta-layouts":"default","ast-page-background-enabled":"default","ast-page-background-meta":{"desktop":{"background-color":"","background-image":"","background-repeat":"repeat","background-position":"center center","background-size":"auto","background-attachment":"scroll","background-type":"","background-media":"","overlay-type":"","overlay-color":"","overlay-opacity":"","overlay-gradient":""},"tablet":{"background-color":"","background-image":"","background-repeat":"repeat","background-position":"center center","background-size":"auto","background-attachment":"scroll","background-type":"","background-media":"","overlay-type":"","overlay-color":"","overlay-opacity":"","overlay-gradient":""},"mobile":{"background-color":"","background-image":"","background-repeat":"repeat","background-position":"center center","background-size":"auto","background-attachment":"scroll","background-type":"","background-media":"","overlay-type":"","overlay-color":"","overlay-opacity":"","overlay-gradient":""}},"ast-content-background-meta":{"desktop":{"background-color":"var(--ast-global-color-5)","background-image":"","background-repeat":"repeat","background-position":"center center","background-size":"auto","background-attachment":"scroll","background-type":"","background-media":"","overlay-type":"","overlay-color":"","overlay-opacity":"","overlay-gradient":""},"tablet":{"background-color":"var(--ast-global-color-5)","background-image":"","background-repeat":"repeat","background-position":"center center","background-size":"auto","background-attachment":"scroll","background-type":"","background-media":"","overlay-type":"","overlay-color":"","overlay-opacity":"","overlay-gradient":""},"mobile":{"background-color":"var(--ast-global-color-5)","background-image":"","background-repeat":"repeat","background-position":"center center","background-size":"auto","background-attachment":"scroll","background-type":"","background-media":"","overlay-type":"","overlay-color":"","overlay-opacity":"","overlay-gradient":""}}},"product_brand":[],"product_cat":[431,428,420],"product_tag":[],"class_list":{"0":"post-4652","1":"product","2":"type-product","3":"status-publish","4":"has-post-thumbnail","6":"product_cat-fabric-for-commuting-clothing","7":"product_cat-fabric-for-outdoor-sports","8":"product_cat-stretch-fabrics","9":"pa_available_colors-911052-spc","10":"desktop-align-left","11":"tablet-align-left","12":"mobile-align-left","13":"ast-product-gallery-layout-vertical-slider","14":"ast-product-tabs-layout-horizontal","16":"first","17":"instock","18":"shipping-taxable","19":"product-type-simple"},"uagb_featured_image_src":{"full":["https:\/\/www.sikortex.com\/wp-content\/uploads\/2023\/06\/IMG_5427-1.jpg",1024,1024,false],"thumbnail":["https:\/\/www.sikortex.com\/wp-content\/uploads\/2023\/06\/IMG_5427-1-150x150.jpg",150,150,true],"medium":["https:\/\/www.sikortex.com\/wp-content\/uploads\/2023\/06\/IMG_5427-1-300x300.jpg",300,300,true],"medium_large":["https:\/\/www.sikortex.com\/wp-content\/uploads\/2023\/06\/IMG_5427-1-768x768.jpg",768,768,true],"large":["https:\/\/www.sikortex.com\/wp-content\/uploads\/2023\/06\/IMG_5427-1.jpg",1024,1024,false],"1536x1536":["https:\/\/www.sikortex.com\/wp-content\/uploads\/2023\/06\/IMG_5427-1.jpg",1024,1024,false],"2048x2048":["https:\/\/www.sikortex.com\/wp-content\/uploads\/2023\/06\/IMG_5427-1.jpg",1024,1024,false],"trp-custom-language-flag":["https:\/\/www.sikortex.com\/wp-content\/uploads\/2023\/06\/IMG_5427-1.jpg",12,12,false],"woocommerce_thumbnail":["https:\/\/www.sikortex.com\/wp-content\/uploads\/2023\/06\/IMG_5427-1-300x300.jpg",300,300,true],"woocommerce_single":["https:\/\/www.sikortex.com\/wp-content\/uploads\/2023\/06\/IMG_5427-1-600x600.jpg",600,600,true],"woocommerce_gallery_thumbnail":["https:\/\/www.sikortex.com\/wp-content\/uploads\/2023\/06\/IMG_5427-1-100x100.jpg",100,100,true]},"uagb_author_info":{"display_name":"Perry","author_link":"https:\/\/www.sikortex.com\/vi\/author\/"},"uagb_comment_info":0,"uagb_excerpt":"1000 Meters(Min.Order)","_links":{"self":[{"href":"https:\/\/www.sikortex.com\/vi\/wp-json\/wp\/v2\/product\/4652","targetHints":{"allow":["GET"]}}],"collection":[{"href":"https:\/\/www.sikortex.com\/vi\/wp-json\/wp\/v2\/product"}],"about":[{"href":"https:\/\/www.sikortex.com\/vi\/wp-json\/wp\/v2\/types\/product"}],"replies":[{"embeddable":true,"href":"https:\/\/www.sikortex.com\/vi\/wp-json\/wp\/v2\/comments?post=4652"}],"wp:featuredmedia":[{"embeddable":true,"href":"https:\/\/www.sikortex.com\/vi\/wp-json\/wp\/v2\/media\/4662"}],"wp:attachment":[{"href":"https:\/\/www.sikortex.com\/vi\/wp-json\/wp\/v2\/media?parent=4652"}],"wp:term":[{"taxonomy":"product_brand","embeddable":true,"href":"https:\/\/www.sikortex.com\/vi\/wp-json\/wp\/v2\/product_brand?post=4652"},{"taxonomy":"product_cat","embeddable":true,"href":"https:\/\/www.sikortex.com\/vi\/wp-json\/wp\/v2\/product_cat?post=4652"},{"taxonomy":"product_tag","embeddable":true,"href":"https:\/\/www.sikortex.com\/vi\/wp-json\/wp\/v2\/product_tag?post=4652"}],"curies":[{"name":"wp","href":"https:\/\/api.w.org\/{rel}","templated":true}]}}