{"id":4642,"date":"2023-06-27T16:40:08","date_gmt":"2023-06-27T08:40:08","guid":{"rendered":"http:\/\/shihan.vihsu.com\/?post_type=product&#038;p=4642"},"modified":"2023-11-07T12:36:05","modified_gmt":"2023-11-07T04:36:05","slug":"nylon-taslan-twill-2-2-vai-2","status":"publish","type":"product","link":"https:\/\/www.sikortex.com\/vi\/san-pham\/nylon-taslan-twill-2-2-vai-2\/","title":{"rendered":"V\u1ea3i Twill 2\/2 nylon Taslan cho \u00e1o kho\u00e1c"},"content":{"rendered":"<p>SIKOR-TEX Nylon Twill 2\/2 V\u1ea3i Cho \u00c1o Kho\u00e1c l\u00e0 lo\u1ea1i v\u1ea3i ch\u1ea5t l\u01b0\u1ee3ng cao s\u1eed d\u1ee5ng m\u00e0ng TPU v\u00e0 c\u00f4ng ngh\u1ec7 c\u00e1n l\u00f4ng c\u1eebu c\u1ef1c. Lo\u1ea1i v\u1ea3i n\u00e0y c\u00f3 nhi\u1ec1u \u0111\u1eb7c t\u00ednh tuy\u1ec7t v\u1eddi v\u00e0 r\u1ea5t ph\u00f9 h\u1ee3p cho nhi\u1ec1u m\u1ee5c \u0111\u00edch s\u1eed d\u1ee5ng nh\u01b0 ho\u1ea1t \u0111\u1ed9ng ngo\u00e0i tr\u1eddi, qu\u1ea7n \u00e1o l\u00e0m vi\u1ec7c trong n\u00f4ng nghi\u1ec7p v\u00e0 khai th\u00e1c m\u1ecf.<br \/>\nLo\u1ea1i v\u1ea3i n\u00e0y c\u00f3 kh\u1ea3 n\u0103ng ch\u1ed1ng m\u00e0i m\u00f2n tuy\u1ec7t v\u1eddi v\u00e0 ki\u1ec3u d\u1ec7t ch\u00e9o t\u0103ng c\u01b0\u1eddng kh\u1ea3 n\u0103ng ch\u1ed1ng r\u00e1ch, do \u0111\u00f3, n\u00f3 c\u00f3 th\u1ec3 ch\u1ecbu \u0111\u01b0\u1ee3c th\u1eed nghi\u1ec7m trong nhi\u1ec1u m\u00f4i tr\u01b0\u1eddng v\u00e0 ho\u1ea1t \u0111\u1ed9ng kh\u00e1c nhau. \u0110\u1ed3ng th\u1eddi, n\u00f3 c\u00f2n c\u00f3 ch\u1ee9c n\u0103ng ch\u1ed1ng th\u1ea5m n\u01b0\u1edbc v\u00e0 tho\u00e1ng kh\u00ed, c\u00f3 th\u1ec3 ng\u0103n h\u01a1i \u1ea9m x\u00e2m nh\u1eadp hi\u1ec7u qu\u1ea3, \u0111\u1ed3ng th\u1eddi gi\u00fap c\u01a1 th\u1ec3 h\u00f4 h\u1ea5p t\u1ef1 nhi\u00ean, tr\u00e1nh t\u00ecnh tr\u1ea1ng ng\u1ed9t ng\u1ea1t. Lo\u1ea1i v\u1ea3i n\u00e0y c\u0169ng r\u1ea5t s\u1eafc n\u00e9t, c\u00f3 th\u1ec3 mang l\u1ea1i tr\u1ea3i nghi\u1ec7m m\u1eb7c tuy\u1ec7t v\u1eddi cho ng\u01b0\u1eddi m\u1eb7c.<br \/>\nV\u1ea3i nylon Taslan Twill 2\/2 l\u00fd t\u01b0\u1edfng cho nhi\u1ec1u m\u1ee5c \u0111\u00edch s\u1eed d\u1ee5ng bao g\u1ed3m qu\u1ea7n \u00e1o c\u1ee9ng, trang ph\u1ee5c th\u01b0\u1eddng ng\u00e0y, ho\u1ea1t \u0111\u1ed9ng ngo\u00e0i tr\u1eddi, qu\u1ea7n \u00e1o b\u1ea3o h\u1ed9 lao \u0111\u1ed9ng cho n\u00f4ng nghi\u1ec7p v\u00e0 khai th\u00e1c m\u1ecf. N\u00f3 c\u00f3 th\u1ec3 mang \u0111\u1ebfn cho ng\u01b0\u1eddi m\u1eb7c s\u1ef1 b\u1ea3o v\u1ec7 v\u00e0 s\u1ef1 tho\u1ea3i m\u00e1i tuy\u1ec7t v\u1eddi, gi\u00fap b\u1ea1n c\u1ea3m th\u1ea5y tho\u1ea3i m\u00e1i v\u00e0 d\u1ec5 ch\u1ecbu h\u01a1n khi l\u00e0m vi\u1ec7c ho\u1eb7c tham gia c\u00e1c ho\u1ea1t \u0111\u1ed9ng ngo\u00e0i tr\u1eddi.<\/p>\n<p><a href=\"https:\/\/www.sikortex.com\/vi\/nguoi-tim-vai-2\/\">C\u00f4ng c\u1ee5 t\u00ecm v\u1ea3i<\/a><\/p>","protected":false},"excerpt":{"rendered":"<p>600 m\u00e9t (\u0110\u01a1n h\u00e0ng t\u1ed1i thi\u1ec3u)<\/p>","protected":false},"featured_media":4650,"comment_status":"closed","ping_status":"closed","template":"","meta":{"_uag_custom_page_level_css":"","site-sidebar-layout":"default","site-content-layout":"default","ast-site-content-layout":"","site-content-style":"default","site-sidebar-style":"default","ast-global-header-display":"","ast-banner-title-visibility":"","ast-main-header-display":"","ast-hfb-above-header-display":"","ast-hfb-below-header-display":"","ast-hfb-mobile-header-display":"","site-post-title":"","ast-breadcrumbs-content":"","ast-featured-img":"","footer-sml-layout":"","theme-transparent-header-meta":"default","adv-header-id-meta":"","stick-header-meta":"default","header-above-stick-meta":"","header-main-stick-meta":"","header-below-stick-meta":"","astra-migrate-meta-layouts":"default","ast-page-background-enabled":"default","ast-page-background-meta":{"desktop":{"background-color":"","background-image":"","background-repeat":"repeat","background-position":"center center","background-size":"auto","background-attachment":"scroll","background-type":"","background-media":"","overlay-type":"","overlay-color":"","overlay-opacity":"","overlay-gradient":""},"tablet":{"background-color":"","background-image":"","background-repeat":"repeat","background-position":"center center","background-size":"auto","background-attachment":"scroll","background-type":"","background-media":"","overlay-type":"","overlay-color":"","overlay-opacity":"","overlay-gradient":""},"mobile":{"background-color":"","background-image":"","background-repeat":"repeat","background-position":"center center","background-size":"auto","background-attachment":"scroll","background-type":"","background-media":"","overlay-type":"","overlay-color":"","overlay-opacity":"","overlay-gradient":""}},"ast-content-background-meta":{"desktop":{"background-color":"var(--ast-global-color-5)","background-image":"","background-repeat":"repeat","background-position":"center center","background-size":"auto","background-attachment":"scroll","background-type":"","background-media":"","overlay-type":"","overlay-color":"","overlay-opacity":"","overlay-gradient":""},"tablet":{"background-color":"var(--ast-global-color-5)","background-image":"","background-repeat":"repeat","background-position":"center center","background-size":"auto","background-attachment":"scroll","background-type":"","background-media":"","overlay-type":"","overlay-color":"","overlay-opacity":"","overlay-gradient":""},"mobile":{"background-color":"var(--ast-global-color-5)","background-image":"","background-repeat":"repeat","background-position":"center center","background-size":"auto","background-attachment":"scroll","background-type":"","background-media":"","overlay-type":"","overlay-color":"","overlay-opacity":"","overlay-gradient":""}}},"product_brand":[],"product_cat":[431,428,404],"product_tag":[],"class_list":{"0":"post-4642","1":"product","2":"type-product","3":"status-publish","4":"has-post-thumbnail","6":"product_cat-fabric-for-commuting-clothing","7":"product_cat-fabric-for-outdoor-sports","8":"product_cat-nylon-fabrics","9":"pa_available_colors-911052-spc","10":"desktop-align-left","11":"tablet-align-left","12":"mobile-align-left","13":"ast-product-gallery-layout-vertical-slider","14":"ast-product-tabs-layout-horizontal","16":"first","17":"instock","18":"shipping-taxable","19":"product-type-simple"},"uagb_featured_image_src":{"full":["https:\/\/www.sikortex.com\/wp-content\/uploads\/2023\/06\/DSC00383.jpg",1024,1024,false],"thumbnail":["https:\/\/www.sikortex.com\/wp-content\/uploads\/2023\/06\/DSC00383-150x150.jpg",150,150,true],"medium":["https:\/\/www.sikortex.com\/wp-content\/uploads\/2023\/06\/DSC00383-300x300.jpg",300,300,true],"medium_large":["https:\/\/www.sikortex.com\/wp-content\/uploads\/2023\/06\/DSC00383-768x768.jpg",768,768,true],"large":["https:\/\/www.sikortex.com\/wp-content\/uploads\/2023\/06\/DSC00383.jpg",1024,1024,false],"1536x1536":["https:\/\/www.sikortex.com\/wp-content\/uploads\/2023\/06\/DSC00383.jpg",1024,1024,false],"2048x2048":["https:\/\/www.sikortex.com\/wp-content\/uploads\/2023\/06\/DSC00383.jpg",1024,1024,false],"trp-custom-language-flag":["https:\/\/www.sikortex.com\/wp-content\/uploads\/2023\/06\/DSC00383.jpg",12,12,false],"woocommerce_thumbnail":["https:\/\/www.sikortex.com\/wp-content\/uploads\/2023\/06\/DSC00383-300x300.jpg",300,300,true],"woocommerce_single":["https:\/\/www.sikortex.com\/wp-content\/uploads\/2023\/06\/DSC00383-600x600.jpg",600,600,true],"woocommerce_gallery_thumbnail":["https:\/\/www.sikortex.com\/wp-content\/uploads\/2023\/06\/DSC00383-100x100.jpg",100,100,true]},"uagb_author_info":{"display_name":"Perry","author_link":"https:\/\/www.sikortex.com\/vi\/author\/"},"uagb_comment_info":0,"uagb_excerpt":"600 Meters(Min.Order)","_links":{"self":[{"href":"https:\/\/www.sikortex.com\/vi\/wp-json\/wp\/v2\/product\/4642","targetHints":{"allow":["GET"]}}],"collection":[{"href":"https:\/\/www.sikortex.com\/vi\/wp-json\/wp\/v2\/product"}],"about":[{"href":"https:\/\/www.sikortex.com\/vi\/wp-json\/wp\/v2\/types\/product"}],"replies":[{"embeddable":true,"href":"https:\/\/www.sikortex.com\/vi\/wp-json\/wp\/v2\/comments?post=4642"}],"wp:featuredmedia":[{"embeddable":true,"href":"https:\/\/www.sikortex.com\/vi\/wp-json\/wp\/v2\/media\/4650"}],"wp:attachment":[{"href":"https:\/\/www.sikortex.com\/vi\/wp-json\/wp\/v2\/media?parent=4642"}],"wp:term":[{"taxonomy":"product_brand","embeddable":true,"href":"https:\/\/www.sikortex.com\/vi\/wp-json\/wp\/v2\/product_brand?post=4642"},{"taxonomy":"product_cat","embeddable":true,"href":"https:\/\/www.sikortex.com\/vi\/wp-json\/wp\/v2\/product_cat?post=4642"},{"taxonomy":"product_tag","embeddable":true,"href":"https:\/\/www.sikortex.com\/vi\/wp-json\/wp\/v2\/product_tag?post=4642"}],"curies":[{"name":"wp","href":"https:\/\/api.w.org\/{rel}","templated":true}]}}