{"id":4641,"date":"2023-06-27T16:36:33","date_gmt":"2023-06-27T08:36:33","guid":{"rendered":"http:\/\/shihan.vihsu.com\/?post_type=product&#038;p=4641"},"modified":"2023-11-21T17:32:51","modified_gmt":"2023-11-21T09:32:51","slug":"nylon-jacquard-taslan","status":"publish","type":"product","link":"https:\/\/www.sikortex.com\/vi\/san-pham\/nylon-jacquard-taslan\/","title":{"rendered":"V\u1ea3i Jacquard Nylon Taslan cho \u00e1o kho\u00e1c"},"content":{"rendered":"<p>SIKOR-TEX Jacquard Nylon Taslan Fabric For Jackets t\u1ef1 h\u00e0o c\u00f3 v\u1ebb ngo\u00e0i \u0111\u1ed9c \u0111\u00e1o v\u00e0 c\u1ea3m gi\u00e1c gi\u1ed1ng nh\u01b0 b\u00f4ng, khi\u1ebfn n\u00f3 v\u1eeba mang t\u00ednh th\u1ea9m m\u1ef9 v\u1eeba tho\u1ea3i m\u00e1i khi m\u1eb7c. Ki\u1ec3u d\u1ec7t jacquard \u0111\u1eb7c bi\u1ec7t c\u1ee7a n\u00f3 b\u1ed5 sung th\u00eam k\u1ebft c\u1ea5u v\u00e0 k\u00edch th\u01b0\u1edbc cho v\u1ea3i, khi\u1ebfn v\u1ea3i tr\u1edf n\u00ean kh\u00e1c bi\u1ec7t so v\u1edbi c\u00e1c ch\u1ea5t li\u1ec7u kh\u00e1c th\u01b0\u1eddng \u0111\u01b0\u1ee3c s\u1eed d\u1ee5ng trong qu\u1ea7n \u00e1o ngo\u00e0i tr\u1eddi.<br \/>\nTuy nhi\u00ean, v\u1ea3i Nylon Jacquard Taslan kh\u00f4ng ch\u1ec9 ch\u00fa tr\u1ecdng \u0111\u1ebfn h\u00ecnh th\u1ee9c. N\u00f3 c\u0169ng c\u1ef1c k\u1ef3 b\u1ec1n b\u1ec9 v\u00e0 c\u00f3 th\u1ec3 ch\u1ecbu \u0111\u01b0\u1ee3c c\u1ea3 nh\u1eefng \u0111i\u1ec1u ki\u1ec7n kh\u1eafc nghi\u1ec7t nh\u1ea5t. Thi\u1ebft k\u1ebf v\u1ecf c\u1ee9ng gi\u00fap n\u00f3 ph\u00f9 h\u1ee3p v\u1edbi nhi\u1ec1u ho\u1ea1t \u0111\u1ed9ng ngo\u00e0i tr\u1eddi, t\u1eeb trang ph\u1ee5c th\u01b0\u1eddng ng\u00e0y \u0111\u1ebfn trang ph\u1ee5c b\u1ea3o h\u1ed9 lao \u0111\u1ed9ng n\u00f4ng nghi\u1ec7p. Ch\u1ea5t li\u1ec7u v\u1ea3i kh\u00f4ng th\u1ea5m n\u01b0\u1edbc v\u00e0 tho\u00e1ng kh\u00ed, gi\u00fap b\u1ea1n lu\u00f4n kh\u00f4 r\u00e1o v\u00e0 tho\u1ea3i m\u00e1i trong m\u1ecdi th\u1eddi ti\u1ebft. Kh\u1ea3 n\u0103ng tho\u00e1ng kh\u00ed tuy\u1ec7t v\u1eddi c\u1ee7a n\u00f3 c\u00f3 ngh\u0129a l\u00e0 b\u1ea1n c\u00f3 th\u1ec3 m\u1eb7c n\u00f3 \u1edf nhi\u1ec7t \u0111\u1ed9 cao m\u00e0 kh\u00f4ng c\u1ea3m th\u1ea5y ng\u1ed9t ng\u1ea1t ho\u1eb7c kh\u00f3 ch\u1ecbu.<br \/>\n\u0110\u01b0\u1ee3c thi\u1ebft k\u1ebf \u0111\u1ec3 ch\u1eafc ch\u1eafn v\u00e0 b\u1ec1n l\u00e2u, Nylon Jacquard Taslan l\u00e0 s\u1ef1 l\u1ef1a ch\u1ecdn ho\u00e0n h\u1ea3o cho nh\u1eefng ai c\u1ea7n qu\u1ea7n \u00e1o c\u1ee7a m\u00ecnh c\u00f3 th\u1ec3 ch\u1ecbu \u0111\u01b0\u1ee3c c\u01b0\u1eddng \u0111\u1ed9 s\u1eed d\u1ee5ng nhi\u1ec1u. N\u00f3 c\u00f3 kh\u1ea3 n\u0103ng ch\u1ed1ng m\u00e0i m\u00f2n \u0111\u1eb7c bi\u1ec7t, l\u00fd t\u01b0\u1edfng cho c\u00e1c ho\u1ea1t \u0111\u1ed9ng ngo\u00e0i tr\u1eddi kh\u1eafc nghi\u1ec7t. Lo\u1ea1i v\u1ea3i n\u00e0y c\u0169ng d\u1ec5 ch\u0103m s\u00f3c, \u0111\u1ea3m b\u1ea3o v\u1ea3i s\u1ebd v\u1eabn \u1edf t\u00ecnh tr\u1ea1ng tuy\u1ec7t v\u1eddi ngay c\u1ea3 sau nhi\u1ec1u l\u1ea7n gi\u1eb7t.<\/p>\n<p><a href=\"https:\/\/www.sikortex.com\/vi\/nguoi-tim-vai-2\/\">C\u00f4ng c\u1ee5 t\u00ecm v\u1ea3i<\/a><\/p>","protected":false},"excerpt":{"rendered":"<p>1000 m\u00e9t (\u0110\u01a1n h\u00e0ng t\u1ed1i thi\u1ec3u)<\/p>","protected":false},"featured_media":4643,"comment_status":"closed","ping_status":"closed","template":"","meta":{"_uag_custom_page_level_css":"","site-sidebar-layout":"default","site-content-layout":"default","ast-site-content-layout":"","site-content-style":"default","site-sidebar-style":"default","ast-global-header-display":"","ast-banner-title-visibility":"","ast-main-header-display":"","ast-hfb-above-header-display":"","ast-hfb-below-header-display":"","ast-hfb-mobile-header-display":"","site-post-title":"","ast-breadcrumbs-content":"","ast-featured-img":"","footer-sml-layout":"","theme-transparent-header-meta":"default","adv-header-id-meta":"","stick-header-meta":"default","header-above-stick-meta":"","header-main-stick-meta":"","header-below-stick-meta":"","astra-migrate-meta-layouts":"default","ast-page-background-enabled":"default","ast-page-background-meta":{"desktop":{"background-color":"","background-image":"","background-repeat":"repeat","background-position":"center center","background-size":"auto","background-attachment":"scroll","background-type":"","background-media":"","overlay-type":"","overlay-color":"","overlay-opacity":"","overlay-gradient":""},"tablet":{"background-color":"","background-image":"","background-repeat":"repeat","background-position":"center center","background-size":"auto","background-attachment":"scroll","background-type":"","background-media":"","overlay-type":"","overlay-color":"","overlay-opacity":"","overlay-gradient":""},"mobile":{"background-color":"","background-image":"","background-repeat":"repeat","background-position":"center center","background-size":"auto","background-attachment":"scroll","background-type":"","background-media":"","overlay-type":"","overlay-color":"","overlay-opacity":"","overlay-gradient":""}},"ast-content-background-meta":{"desktop":{"background-color":"var(--ast-global-color-5)","background-image":"","background-repeat":"repeat","background-position":"center center","background-size":"auto","background-attachment":"scroll","background-type":"","background-media":"","overlay-type":"","overlay-color":"","overlay-opacity":"","overlay-gradient":""},"tablet":{"background-color":"var(--ast-global-color-5)","background-image":"","background-repeat":"repeat","background-position":"center center","background-size":"auto","background-attachment":"scroll","background-type":"","background-media":"","overlay-type":"","overlay-color":"","overlay-opacity":"","overlay-gradient":""},"mobile":{"background-color":"var(--ast-global-color-5)","background-image":"","background-repeat":"repeat","background-position":"center center","background-size":"auto","background-attachment":"scroll","background-type":"","background-media":"","overlay-type":"","overlay-color":"","overlay-opacity":"","overlay-gradient":""}}},"product_brand":[],"product_cat":[431,428,404],"product_tag":[],"class_list":{"0":"post-4641","1":"product","2":"type-product","3":"status-publish","4":"has-post-thumbnail","6":"product_cat-fabric-for-commuting-clothing","7":"product_cat-fabric-for-outdoor-sports","8":"product_cat-nylon-fabrics","9":"pa_available_colors-h-black","10":"desktop-align-left","11":"tablet-align-left","12":"mobile-align-left","13":"ast-product-gallery-layout-vertical-slider","14":"ast-product-tabs-layout-horizontal","16":"first","17":"instock","18":"shipping-taxable","19":"product-type-simple"},"uagb_featured_image_src":{"full":["https:\/\/www.sikortex.com\/wp-content\/uploads\/2023\/06\/DSC00375.jpg",1024,1024,false],"thumbnail":["https:\/\/www.sikortex.com\/wp-content\/uploads\/2023\/06\/DSC00375-150x150.jpg",150,150,true],"medium":["https:\/\/www.sikortex.com\/wp-content\/uploads\/2023\/06\/DSC00375-300x300.jpg",300,300,true],"medium_large":["https:\/\/www.sikortex.com\/wp-content\/uploads\/2023\/06\/DSC00375-768x768.jpg",768,768,true],"large":["https:\/\/www.sikortex.com\/wp-content\/uploads\/2023\/06\/DSC00375.jpg",1024,1024,false],"1536x1536":["https:\/\/www.sikortex.com\/wp-content\/uploads\/2023\/06\/DSC00375.jpg",1024,1024,false],"2048x2048":["https:\/\/www.sikortex.com\/wp-content\/uploads\/2023\/06\/DSC00375.jpg",1024,1024,false],"trp-custom-language-flag":["https:\/\/www.sikortex.com\/wp-content\/uploads\/2023\/06\/DSC00375.jpg",12,12,false],"woocommerce_thumbnail":["https:\/\/www.sikortex.com\/wp-content\/uploads\/2023\/06\/DSC00375-300x300.jpg",300,300,true],"woocommerce_single":["https:\/\/www.sikortex.com\/wp-content\/uploads\/2023\/06\/DSC00375-600x600.jpg",600,600,true],"woocommerce_gallery_thumbnail":["https:\/\/www.sikortex.com\/wp-content\/uploads\/2023\/06\/DSC00375-100x100.jpg",100,100,true]},"uagb_author_info":{"display_name":"Perry","author_link":"https:\/\/www.sikortex.com\/vi\/author\/"},"uagb_comment_info":0,"uagb_excerpt":"1000 Meters(Min.Order)","_links":{"self":[{"href":"https:\/\/www.sikortex.com\/vi\/wp-json\/wp\/v2\/product\/4641","targetHints":{"allow":["GET"]}}],"collection":[{"href":"https:\/\/www.sikortex.com\/vi\/wp-json\/wp\/v2\/product"}],"about":[{"href":"https:\/\/www.sikortex.com\/vi\/wp-json\/wp\/v2\/types\/product"}],"replies":[{"embeddable":true,"href":"https:\/\/www.sikortex.com\/vi\/wp-json\/wp\/v2\/comments?post=4641"}],"wp:featuredmedia":[{"embeddable":true,"href":"https:\/\/www.sikortex.com\/vi\/wp-json\/wp\/v2\/media\/4643"}],"wp:attachment":[{"href":"https:\/\/www.sikortex.com\/vi\/wp-json\/wp\/v2\/media?parent=4641"}],"wp:term":[{"taxonomy":"product_brand","embeddable":true,"href":"https:\/\/www.sikortex.com\/vi\/wp-json\/wp\/v2\/product_brand?post=4641"},{"taxonomy":"product_cat","embeddable":true,"href":"https:\/\/www.sikortex.com\/vi\/wp-json\/wp\/v2\/product_cat?post=4641"},{"taxonomy":"product_tag","embeddable":true,"href":"https:\/\/www.sikortex.com\/vi\/wp-json\/wp\/v2\/product_tag?post=4641"}],"curies":[{"name":"wp","href":"https:\/\/api.w.org\/{rel}","templated":true}]}}