{"id":4630,"date":"2023-06-27T16:33:30","date_gmt":"2023-06-27T08:33:30","guid":{"rendered":"http:\/\/shihan.vihsu.com\/?post_type=product&#038;p=4630"},"modified":"2024-12-17T10:30:32","modified_gmt":"2024-12-17T02:30:32","slug":"nylon-polyester-composite-soi-0-1cm-luoi-dan-hoi-vai","status":"publish","type":"product","link":"https:\/\/www.sikortex.com\/vi\/san-pham\/nylon-polyester-composite-soi-0-1cm-luoi-dan-hoi-vai\/","title":{"rendered":"S\u1ee3i t\u1ed5ng h\u1ee3p nylon pha tr\u1ed9n 0,1cm V\u1ea3i thun l\u01b0\u1edbi"},"content":{"rendered":"<p>V\u1ea3i thun Polyester pha nylon SIKOR-TEX - s\u1ef1 l\u1ef1a ch\u1ecdn ho\u00e0n h\u1ea3o cho b\u1ea5t k\u1ef3 ai y\u00eau c\u1ea7u c\u1ea3 ki\u1ec3u d\u00e1ng v\u00e0 ch\u1ee9c n\u0103ng trong trang ph\u1ee5c ngo\u00e0i tr\u1eddi c\u1ee7a m\u00ecnh. Lo\u1ea1i v\u1ea3i n\u00e0y \u0111\u01b0\u1ee3c t\u1ea1o ra b\u1eb1ng c\u00e1ch \u0111an xen c\u00e1c s\u1ee3i nylon v\u00e0 polyester v\u1edbi nhau r\u1ed3i nhu\u1ed9m ch\u00fang theo hi\u1ec7u \u1ee9ng hai t\u00f4ng m\u00e0u \u0111\u1ed9c \u0111\u00e1o gi\u00fap v\u1ea3i c\u00f3 v\u1ebb ngo\u00e0i kh\u00e1c bi\u1ec7t. H\u1ecda ti\u1ebft d\u1ea1ng l\u01b0\u1edbi gi\u00fap t\u0103ng th\u00eam k\u1ebft c\u1ea5u v\u00e0 t\u0103ng kh\u1ea3 n\u0103ng ch\u1ed1ng r\u00e1ch c\u1ee7a v\u1ea3i, khi\u1ebfn v\u1ea3i tr\u1edf n\u00ean l\u00fd t\u01b0\u1edfng cho c\u00e1c ho\u1ea1t \u0111\u1ed9ng ngo\u00e0i tr\u1eddi kh\u1eafc nghi\u1ec7t.<br \/>\nV\u1ea3i thun l\u01b0\u1edbi t\u1ed5ng h\u1ee3p s\u1ee3i nylon Polyester 0,1cm v\u1eeba co gi\u00e3n v\u1eeba b\u1ec1n, l\u00fd t\u01b0\u1edfng cho nhi\u1ec1u ho\u1ea1t \u0111\u1ed9ng ngo\u00e0i tr\u1eddi, t\u1eeb trang ph\u1ee5c th\u01b0\u1eddng ng\u00e0y \u0111\u1ebfn trang ph\u1ee5c th\u1ec3 thao m\u00f4 t\u00f4. Ch\u1ea5t li\u1ec7u v\u1ea3i c\u00f2n c\u00f3 kh\u1ea3 n\u0103ng ch\u1ed1ng th\u1ea5m n\u01b0\u1edbc, \u0111\u1ea3m b\u1ea3o b\u1ea1n lu\u00f4n kh\u00f4 r\u00e1o v\u00e0 tho\u1ea3i m\u00e1i trong m\u1ecdi \u0111i\u1ec1u ki\u1ec7n th\u1eddi ti\u1ebft. Kh\u1ea3 n\u0103ng tho\u00e1ng kh\u00ed tuy\u1ec7t v\u1eddi c\u1ee7a n\u00f3 c\u00f3 ngh\u0129a l\u00e0 b\u1ea1n c\u00f3 th\u1ec3 m\u1eb7c n\u00f3 \u1edf nhi\u1ec7t \u0111\u1ed9 cao m\u00e0 kh\u00f4ng c\u1ea3m th\u1ea5y ng\u1ed9t ng\u1ea1t ho\u1eb7c kh\u00f3 ch\u1ecbu.<br \/>\nLo\u1ea1i v\u1ea3i n\u00e0y ho\u00e0n h\u1ea3o \u0111\u1ec3 t\u1ea1o ra qu\u1ea7n \u00e1o gi\u1ea3i tr\u00ed, qu\u1ea7n \u00e1o ngo\u00e0i tr\u1eddi trong th\u1eddi ti\u1ebft l\u1ea1nh v\u00e0 qu\u1ea7n \u00e1o th\u1ec3 thao m\u00f4 t\u00f4 v\u1eeba phong c\u00e1ch v\u1eeba thi\u1ebft th\u1ef1c. V\u1ebb ngo\u00e0i \u0111\u1ed9c \u0111\u00e1o v\u00e0 thi\u1ebft k\u1ebf b\u1ec1n b\u1ec9 c\u1ee7a n\u00f3 l\u00e0m cho n\u00f3 n\u1ed5i b\u1eadt so v\u1edbi c\u00e1c lo\u1ea1i v\u1ea3i kh\u00e1c th\u01b0\u1eddng \u0111\u01b0\u1ee3c s\u1eed d\u1ee5ng l\u00e0m qu\u1ea7n \u00e1o ngo\u00e0i tr\u1eddi.<\/p>\n<p><span style=\"color: #3366ff;\"><a style=\"color: #3366ff;\" href=\"https:\/\/www.sikortex.com\/vi\/nguoi-tim-vai-2\/\">M\u00c1Y T\u00ccM V\u1ea2I<\/a><\/span> V\u1ea3i co gi\u00e3n<\/p>","protected":false},"excerpt":{"rendered":"<p>1200 m\u00e9t (\u0110\u01a1n h\u00e0ng t\u1ed1i thi\u1ec3u)<\/p>","protected":false},"featured_media":4635,"comment_status":"closed","ping_status":"closed","template":"","meta":{"_uag_custom_page_level_css":"","site-sidebar-layout":"default","site-content-layout":"default","ast-site-content-layout":"","site-content-style":"default","site-sidebar-style":"default","ast-global-header-display":"","ast-banner-title-visibility":"","ast-main-header-display":"","ast-hfb-above-header-display":"","ast-hfb-below-header-display":"","ast-hfb-mobile-header-display":"","site-post-title":"","ast-breadcrumbs-content":"","ast-featured-img":"","footer-sml-layout":"","theme-transparent-header-meta":"default","adv-header-id-meta":"","stick-header-meta":"default","header-above-stick-meta":"","header-main-stick-meta":"","header-below-stick-meta":"","astra-migrate-meta-layouts":"default","ast-page-background-enabled":"default","ast-page-background-meta":{"desktop":{"background-color":"","background-image":"","background-repeat":"repeat","background-position":"center center","background-size":"auto","background-attachment":"scroll","background-type":"","background-media":"","overlay-type":"","overlay-color":"","overlay-opacity":"","overlay-gradient":""},"tablet":{"background-color":"","background-image":"","background-repeat":"repeat","background-position":"center center","background-size":"auto","background-attachment":"scroll","background-type":"","background-media":"","overlay-type":"","overlay-color":"","overlay-opacity":"","overlay-gradient":""},"mobile":{"background-color":"","background-image":"","background-repeat":"repeat","background-position":"center center","background-size":"auto","background-attachment":"scroll","background-type":"","background-media":"","overlay-type":"","overlay-color":"","overlay-opacity":"","overlay-gradient":""}},"ast-content-background-meta":{"desktop":{"background-color":"var(--ast-global-color-5)","background-image":"","background-repeat":"repeat","background-position":"center center","background-size":"auto","background-attachment":"scroll","background-type":"","background-media":"","overlay-type":"","overlay-color":"","overlay-opacity":"","overlay-gradient":""},"tablet":{"background-color":"var(--ast-global-color-5)","background-image":"","background-repeat":"repeat","background-position":"center center","background-size":"auto","background-attachment":"scroll","background-type":"","background-media":"","overlay-type":"","overlay-color":"","overlay-opacity":"","overlay-gradient":""},"mobile":{"background-color":"var(--ast-global-color-5)","background-image":"","background-repeat":"repeat","background-position":"center center","background-size":"auto","background-attachment":"scroll","background-type":"","background-media":"","overlay-type":"","overlay-color":"","overlay-opacity":"","overlay-gradient":""}}},"product_brand":[],"product_cat":[431,428,432,1041,433],"product_tag":[],"class_list":{"0":"post-4630","1":"product","2":"type-product","3":"status-publish","4":"has-post-thumbnail","6":"product_cat-fabric-for-commuting-clothing","7":"product_cat-fabric-for-outdoor-sports","8":"product_cat-fabric-for-tent","9":"product_cat-polyester-nylon","10":"product_cat-textile-for-industrial","11":"pa_available_colors-h-black","12":"desktop-align-left","13":"tablet-align-left","14":"mobile-align-left","15":"ast-product-gallery-layout-vertical-slider","16":"ast-product-tabs-layout-horizontal","18":"first","19":"instock","20":"shipping-taxable","21":"product-type-simple"},"uagb_featured_image_src":{"full":["https:\/\/www.sikortex.com\/wp-content\/uploads\/2023\/06\/DSC00379.jpg",1024,1024,false],"thumbnail":["https:\/\/www.sikortex.com\/wp-content\/uploads\/2023\/06\/DSC00379-150x150.jpg",150,150,true],"medium":["https:\/\/www.sikortex.com\/wp-content\/uploads\/2023\/06\/DSC00379-300x300.jpg",300,300,true],"medium_large":["https:\/\/www.sikortex.com\/wp-content\/uploads\/2023\/06\/DSC00379-768x768.jpg",768,768,true],"large":["https:\/\/www.sikortex.com\/wp-content\/uploads\/2023\/06\/DSC00379.jpg",1024,1024,false],"1536x1536":["https:\/\/www.sikortex.com\/wp-content\/uploads\/2023\/06\/DSC00379.jpg",1024,1024,false],"2048x2048":["https:\/\/www.sikortex.com\/wp-content\/uploads\/2023\/06\/DSC00379.jpg",1024,1024,false],"trp-custom-language-flag":["https:\/\/www.sikortex.com\/wp-content\/uploads\/2023\/06\/DSC00379.jpg",12,12,false],"woocommerce_thumbnail":["https:\/\/www.sikortex.com\/wp-content\/uploads\/2023\/06\/DSC00379-300x300.jpg",300,300,true],"woocommerce_single":["https:\/\/www.sikortex.com\/wp-content\/uploads\/2023\/06\/DSC00379-600x600.jpg",600,600,true],"woocommerce_gallery_thumbnail":["https:\/\/www.sikortex.com\/wp-content\/uploads\/2023\/06\/DSC00379-100x100.jpg",100,100,true]},"uagb_author_info":{"display_name":"Perry","author_link":"https:\/\/www.sikortex.com\/vi\/author\/"},"uagb_comment_info":0,"uagb_excerpt":"1200 Meters(Min.Order)","_links":{"self":[{"href":"https:\/\/www.sikortex.com\/vi\/wp-json\/wp\/v2\/product\/4630","targetHints":{"allow":["GET"]}}],"collection":[{"href":"https:\/\/www.sikortex.com\/vi\/wp-json\/wp\/v2\/product"}],"about":[{"href":"https:\/\/www.sikortex.com\/vi\/wp-json\/wp\/v2\/types\/product"}],"replies":[{"embeddable":true,"href":"https:\/\/www.sikortex.com\/vi\/wp-json\/wp\/v2\/comments?post=4630"}],"wp:featuredmedia":[{"embeddable":true,"href":"https:\/\/www.sikortex.com\/vi\/wp-json\/wp\/v2\/media\/4635"}],"wp:attachment":[{"href":"https:\/\/www.sikortex.com\/vi\/wp-json\/wp\/v2\/media?parent=4630"}],"wp:term":[{"taxonomy":"product_brand","embeddable":true,"href":"https:\/\/www.sikortex.com\/vi\/wp-json\/wp\/v2\/product_brand?post=4630"},{"taxonomy":"product_cat","embeddable":true,"href":"https:\/\/www.sikortex.com\/vi\/wp-json\/wp\/v2\/product_cat?post=4630"},{"taxonomy":"product_tag","embeddable":true,"href":"https:\/\/www.sikortex.com\/vi\/wp-json\/wp\/v2\/product_tag?post=4630"}],"curies":[{"name":"wp","href":"https:\/\/api.w.org\/{rel}","templated":true}]}}