{"id":4629,"date":"2023-06-27T16:30:41","date_gmt":"2023-06-27T08:30:41","guid":{"rendered":"http:\/\/shihan.vihsu.com\/?post_type=product&#038;p=4629"},"modified":"2023-07-30T09:09:31","modified_gmt":"2023-07-30T01:09:31","slug":"polyester-cation-vai-2","status":"publish","type":"product","link":"https:\/\/www.sikortex.com\/vi\/san-pham\/polyester-cation-vai-2\/","title":{"rendered":"V\u1ea3i Cation Polyester"},"content":{"rendered":"<p>V\u1ea3i v\u1ea3i cation polyester SIKOR-TEX \u0111\u01b0\u1ee3c thi\u1ebft k\u1ebf \u0111\u1eb7c bi\u1ec7t \u0111\u1ec3 b\u1ec1n, kh\u00f4ng th\u1ea5m n\u01b0\u1edbc v\u00e0 tho\u00e1ng kh\u00ed, l\u00fd t\u01b0\u1edfng \u0111\u1ec3 s\u1eed d\u1ee5ng trong nhi\u1ec1u m\u00f4i tr\u01b0\u1eddng v\u00e0 \u0111i\u1ec1u ki\u1ec7n th\u1eddi ti\u1ebft kh\u00e1c nhau.<br \/>\nM\u1ed9t trong nh\u1eefng t\u00ednh n\u0103ng ch\u00ednh c\u1ee7a V\u1ea3i Polyester Cationic l\u00e0 k\u1ebft c\u1ea5u \u0111\u1eb7c bi\u1ec7t c\u1ee7a n\u00f3, mang l\u1ea1i c\u1ea3m gi\u00e1c ch\u1eafc ch\u1eafn v\u00e0 h\u1ed7 tr\u1ee3, \u0111\u1ed3ng th\u1eddi cho ph\u00e9p tho\u00e1ng kh\u00ed. K\u1ebft c\u1ea5u n\u00e0y c\u0169ng l\u00e0m t\u0103ng th\u00eam s\u1ef1 th\u00fa v\u1ecb v\u1ec1 m\u1eb7t h\u00ecnh \u1ea3nh cho v\u1ea3i, l\u00e0m cho v\u1ea3i tr\u1edf n\u00ean ho\u00e0n h\u1ea3o \u0111\u1ec3 t\u1ea1o ra c\u00e1c m\u1eb7t h\u00e0ng qu\u1ea7n \u00e1o th\u1eddi trang v\u00e0 \u0111\u1ed9c \u0111\u00e1o.<br \/>\nV\u1ea3i c\u0169ng \u0111\u01b0\u1ee3c thi\u1ebft k\u1ebf \u0111\u1ec3 ch\u1ed1ng th\u1ea5m n\u01b0\u1edbc, \u0111\u1ea3m b\u1ea3o b\u1ea1n lu\u00f4n kh\u00f4 r\u00e1o v\u00e0 tho\u1ea3i m\u00e1i ngay c\u1ea3 trong \u0111i\u1ec1u ki\u1ec7n \u1ea9m \u01b0\u1edbt. \u0110i\u1ec1u n\u00e0y l\u00e0m cho n\u00f3 tr\u1edf th\u00e0nh m\u1ed9t l\u1ef1a ch\u1ecdn l\u00fd t\u01b0\u1edfng \u0111\u1ec3 t\u1ea1o ra c\u00e1c m\u1eb7t h\u00e0ng \u00e1o kho\u00e1c ngo\u00e0i, ch\u1eb3ng h\u1ea1n nh\u01b0 \u00e1o kho\u00e1c v\u00e0 \u00e1o m\u01b0a, c\u0169ng nh\u01b0 c\u00e1c m\u1eb7t h\u00e0ng b\u1ea3o h\u1ed9 lao \u0111\u1ed9ng c\u1ea7n c\u00f3 kh\u1ea3 n\u0103ng ch\u1ecbu \u0111\u01b0\u1ee3c c\u00e1c y\u1ebfu t\u1ed1.<br \/>\nCu\u1ed1i c\u00f9ng, V\u1ea3i Polyester Cation c\u0169ng r\u1ea5t ph\u00f9 h\u1ee3p \u0111\u1ec3 t\u1ea1o ra nh\u1eefng m\u00f3n \u0111\u1ed3 m\u1eb7c th\u01b0\u1eddng ng\u00e0y, ch\u1eb3ng h\u1ea1n nh\u01b0 \u00e1o hoodie v\u00e0 \u00e1o n\u1ec9, v\u1eeba tho\u1ea3i m\u00e1i v\u1eeba phong c\u00e1ch. K\u1ebft c\u1ea5u \u0111\u1ed9c \u0111\u00e1o v\u00e0 nhi\u1ec1u m\u00e0u s\u1eafc gi\u00fap b\u1ea1n d\u1ec5 d\u00e0ng t\u1ea1o ra nh\u1eefng m\u00f3n \u0111\u1ed3 qu\u1ea7n \u00e1o v\u1eeba ti\u1ec7n d\u1ee5ng v\u1eeba th\u1eddi trang.<\/p>\n<p><a href=\"https:\/\/www.sikortex.com\/vi\/nguoi-tim-vai-2\/\">M\u00c1Y T\u00ccM V\u1ea2I<\/a><\/p>","protected":false},"excerpt":{"rendered":"<p>600 m\u00e9t (\u0110\u01a1n h\u00e0ng t\u1ed1i thi\u1ec3u)<\/p>","protected":false},"featured_media":4631,"comment_status":"closed","ping_status":"closed","template":"","meta":{"_uag_custom_page_level_css":"","site-sidebar-layout":"default","site-content-layout":"default","ast-site-content-layout":"","site-content-style":"default","site-sidebar-style":"default","ast-global-header-display":"","ast-banner-title-visibility":"","ast-main-header-display":"","ast-hfb-above-header-display":"","ast-hfb-below-header-display":"","ast-hfb-mobile-header-display":"","site-post-title":"","ast-breadcrumbs-content":"","ast-featured-img":"","footer-sml-layout":"","theme-transparent-header-meta":"default","adv-header-id-meta":"","stick-header-meta":"default","header-above-stick-meta":"","header-main-stick-meta":"","header-below-stick-meta":"","astra-migrate-meta-layouts":"default","ast-page-background-enabled":"default","ast-page-background-meta":{"desktop":{"background-color":"","background-image":"","background-repeat":"repeat","background-position":"center center","background-size":"auto","background-attachment":"scroll","background-type":"","background-media":"","overlay-type":"","overlay-color":"","overlay-opacity":"","overlay-gradient":""},"tablet":{"background-color":"","background-image":"","background-repeat":"repeat","background-position":"center center","background-size":"auto","background-attachment":"scroll","background-type":"","background-media":"","overlay-type":"","overlay-color":"","overlay-opacity":"","overlay-gradient":""},"mobile":{"background-color":"","background-image":"","background-repeat":"repeat","background-position":"center center","background-size":"auto","background-attachment":"scroll","background-type":"","background-media":"","overlay-type":"","overlay-color":"","overlay-opacity":"","overlay-gradient":""}},"ast-content-background-meta":{"desktop":{"background-color":"var(--ast-global-color-5)","background-image":"","background-repeat":"repeat","background-position":"center center","background-size":"auto","background-attachment":"scroll","background-type":"","background-media":"","overlay-type":"","overlay-color":"","overlay-opacity":"","overlay-gradient":""},"tablet":{"background-color":"var(--ast-global-color-5)","background-image":"","background-repeat":"repeat","background-position":"center center","background-size":"auto","background-attachment":"scroll","background-type":"","background-media":"","overlay-type":"","overlay-color":"","overlay-opacity":"","overlay-gradient":""},"mobile":{"background-color":"var(--ast-global-color-5)","background-image":"","background-repeat":"repeat","background-position":"center center","background-size":"auto","background-attachment":"scroll","background-type":"","background-media":"","overlay-type":"","overlay-color":"","overlay-opacity":"","overlay-gradient":""}}},"product_brand":[],"product_cat":[431,428,403],"product_tag":[],"class_list":{"0":"post-4629","1":"product","2":"type-product","3":"status-publish","4":"has-post-thumbnail","6":"product_cat-fabric-for-commuting-clothing","7":"product_cat-fabric-for-outdoor-sports","8":"product_cat-polyester-fabrics","9":"pa_available_colors-h-black","10":"desktop-align-left","11":"tablet-align-left","12":"mobile-align-left","13":"ast-product-gallery-layout-vertical-slider","14":"ast-product-tabs-layout-horizontal","16":"first","17":"instock","18":"shipping-taxable","19":"product-type-simple"},"uagb_featured_image_src":{"full":["https:\/\/www.sikortex.com\/wp-content\/uploads\/2023\/06\/DSC00370.jpg",1024,1024,false],"thumbnail":["https:\/\/www.sikortex.com\/wp-content\/uploads\/2023\/06\/DSC00370-150x150.jpg",150,150,true],"medium":["https:\/\/www.sikortex.com\/wp-content\/uploads\/2023\/06\/DSC00370-300x300.jpg",300,300,true],"medium_large":["https:\/\/www.sikortex.com\/wp-content\/uploads\/2023\/06\/DSC00370-768x768.jpg",768,768,true],"large":["https:\/\/www.sikortex.com\/wp-content\/uploads\/2023\/06\/DSC00370.jpg",1024,1024,false],"1536x1536":["https:\/\/www.sikortex.com\/wp-content\/uploads\/2023\/06\/DSC00370.jpg",1024,1024,false],"2048x2048":["https:\/\/www.sikortex.com\/wp-content\/uploads\/2023\/06\/DSC00370.jpg",1024,1024,false],"trp-custom-language-flag":["https:\/\/www.sikortex.com\/wp-content\/uploads\/2023\/06\/DSC00370.jpg",12,12,false],"woocommerce_thumbnail":["https:\/\/www.sikortex.com\/wp-content\/uploads\/2023\/06\/DSC00370-300x300.jpg",300,300,true],"woocommerce_single":["https:\/\/www.sikortex.com\/wp-content\/uploads\/2023\/06\/DSC00370-600x600.jpg",600,600,true],"woocommerce_gallery_thumbnail":["https:\/\/www.sikortex.com\/wp-content\/uploads\/2023\/06\/DSC00370-100x100.jpg",100,100,true]},"uagb_author_info":{"display_name":"Perry","author_link":"https:\/\/www.sikortex.com\/vi\/author\/"},"uagb_comment_info":0,"uagb_excerpt":"600 Meters(Min.Order)","_links":{"self":[{"href":"https:\/\/www.sikortex.com\/vi\/wp-json\/wp\/v2\/product\/4629","targetHints":{"allow":["GET"]}}],"collection":[{"href":"https:\/\/www.sikortex.com\/vi\/wp-json\/wp\/v2\/product"}],"about":[{"href":"https:\/\/www.sikortex.com\/vi\/wp-json\/wp\/v2\/types\/product"}],"replies":[{"embeddable":true,"href":"https:\/\/www.sikortex.com\/vi\/wp-json\/wp\/v2\/comments?post=4629"}],"wp:featuredmedia":[{"embeddable":true,"href":"https:\/\/www.sikortex.com\/vi\/wp-json\/wp\/v2\/media\/4631"}],"wp:attachment":[{"href":"https:\/\/www.sikortex.com\/vi\/wp-json\/wp\/v2\/media?parent=4629"}],"wp:term":[{"taxonomy":"product_brand","embeddable":true,"href":"https:\/\/www.sikortex.com\/vi\/wp-json\/wp\/v2\/product_brand?post=4629"},{"taxonomy":"product_cat","embeddable":true,"href":"https:\/\/www.sikortex.com\/vi\/wp-json\/wp\/v2\/product_cat?post=4629"},{"taxonomy":"product_tag","embeddable":true,"href":"https:\/\/www.sikortex.com\/vi\/wp-json\/wp\/v2\/product_tag?post=4629"}],"curies":[{"name":"wp","href":"https:\/\/api.w.org\/{rel}","templated":true}]}}